{"id":6364,"date":"2025-05-22T10:32:13","date_gmt":"2025-05-22T10:32:13","guid":{"rendered":"https:\/\/trippywizard.nl\/?post_type=product&#038;p=6364"},"modified":"2026-01-17T19:58:02","modified_gmt":"2026-01-17T19:58:02","slug":"o-proszek-dsmt","status":"publish","type":"product","link":"https:\/\/trippywizard.nl\/pl\/product\/o-proszek-dsmt\/","title":{"rendered":"O-DSMT Powder"},"content":{"rendered":"<h2>Kup proszek O-DSMT online - wysokiej jako\u015bci zwi\u0105zek klasy badawczej<\/h2>\n<p>Patrz\u0105c na <strong>kupi\u0107 proszek O-DSMT online<\/strong>? Nasza premia <strong>Proszek O-DSMT<\/strong> zosta\u0142 zaprojektowany specjalnie dla <strong>zaawansowane badania naukowe<\/strong>. Znany ze swoich silnych w\u0142a\u015bciwo\u015bci farmakologicznych, O-DSMT (O-desmetylotramadol) jest <strong>syntetyczny opioid<\/strong> i podstawowy <strong>aktywny metabolit<\/strong> tramadolu. Dzi\u0119ki wyj\u0105tkowej czysto\u015bci i precyzji <strong>Wysokiej jako\u015bci chemikalia badawcze<\/strong> jest idealny do badania interakcji receptor\u00f3w opioidowych, \u015bcie\u017cek b\u00f3lu i efekt\u00f3w neurochemicznych. Zam\u00f3w teraz, aby wzbogaci\u0107 swoje badania o <strong>niezawodny, sprawdzony pod wzgl\u0119dem jako\u015bci proszek O-DSMT<\/strong>.<\/p>\n<h2>Wprowadzenie do proszku O-DSMT<\/h2>\n<p><strong>O-DSMT<\/strong>lub <strong>O-desmetylotramadol<\/strong>jest <strong>syntetyczny opioid<\/strong> zwi\u0105zek i g\u0142\u00f3wny aktywny metabolit tramadolu. Jako <strong>Agonista receptora opioidowego \u03bc<\/strong>O-DSMT wykazuje znacz\u0105ce w\u0142a\u015bciwo\u015bci przeciwb\u00f3lowe (u\u015bmierzaj\u0105ce b\u00f3l), co czyni go istotnym zwi\u0105zkiem dla <strong>badania farmakologiczne<\/strong>. O-DSMT jest u\u017cywany g\u0142\u00f3wnie w <strong>s<a href=\"https:\/\/3mmckopen.com\/reddit-research-chemicals\/\">badania naukowe<\/a><\/strong> aby zbada\u0107 jego wp\u0142yw na uk\u0142ad opioidowy, jego potencjalne zastosowania terapeutyczne oraz jego rol\u0119 w zrozumieniu tolerancji i uzale\u017cnienia od opioid\u00f3w. W tym artykule zag\u0142\u0119biamy si\u0119 w <a href=\"https:\/\/3mmckopen.com\/s-alanine\/\">chemiczny<\/a> w\u0142a\u015bciwo\u015bci, mechanizmy dzia\u0142ania i zastosowania badawcze <strong>Proszek O-DSMT<\/strong>zaprojektowane tak, aby spe\u0142nia\u0142y najwy\u017csze standardy czysto\u015bci i jako\u015bci.<\/p>\n<h2>Opis produktu<\/h2>\n<h3>Wysokiej jako\u015bci proszek O-DSMT do bada\u0144 naukowych<\/h3>\n<ul>\n<li><strong>Formularz<\/strong>: Proszek<\/li>\n<li><strong>Czysto\u015b\u0107<\/strong>: Wysokiej jako\u015bci, standard laboratoryjny<\/li>\n<li><strong>Wz\u00f3r cz\u0105steczkowy<\/strong>: C15H23NO2<\/li>\n<li><strong>Masa cz\u0105steczkowa<\/strong>249,35 g\/mol<\/li>\n<li><strong>Opakowanie<\/strong>: Dost\u0119pne w r\u00f3\u017cnych ilo\u015bciach, aby zaspokoi\u0107 r\u00f3\u017cne potrzeby badawcze<\/li>\n<\/ul>\n<p>Nasz <strong>Proszek O-DSMT<\/strong> jest syntetyzowany w rygorystycznych warunkach laboratoryjnych, zapewniaj\u0105c <strong>wysokiej jako\u015bci<\/strong> produkt spe\u0142niaj\u0105cy wymagania <strong>najwy\u017csze standardy badawcze<\/strong>. Ka\u017cda partia jest rygorystycznie testowana przez <strong>laboratoria zewn\u0119trzne<\/strong> aby potwierdzi\u0107 jego <a href=\"https:\/\/3mmckopen.com\/product\/buy-2c-b-fly-pellets-online-10mg\/\"><strong>czysto\u015b\u0107<\/strong><\/a> i zagwarantowa\u0107 brak zanieczyszcze\u0144.<\/p>\n<h3>Kluczowe cechy proszku O-DSMT<\/h3>\n<ul>\n<li><strong>Wyj\u0105tkowa czysto\u015b\u0107<\/strong>: Nasz proszek O-DSMT jest <strong>testowane laboratoryjnie<\/strong> pod k\u0105tem czysto\u015bci i sp\u00f3jno\u015bci, zapewniaj\u0105c, \u017ce naukowcy otrzymuj\u0105 zwi\u0105zek wolny od zanieczyszcze\u0144, co ma kluczowe znaczenie dla powtarzalnych i wiarygodnych wynik\u00f3w.<\/li>\n<li><strong>Precyzja i wszechstronno\u015b\u0107<\/strong>: The <strong>posta\u0107 proszku<\/strong> pozwala na precyzyjne <strong>pomiar<\/strong> i \u0142atwa integracja z szerok\u0105 gam\u0105 <strong>protoko\u0142y bada\u0144<\/strong>. Ta wszechstronno\u015b\u0107 sprawia, \u017ce jest to idealny wyb\u00f3r dla badaczy pracuj\u0105cych w <strong>farmakologia<\/strong>, <strong>neurochemia<\/strong>oraz <strong>badania nad b\u00f3lem<\/strong>.<\/li>\n<\/ul>\n<h2>Zastosowania w badaniach<\/h2>\n<h3>Badania farmakologiczne<\/h3>\n<p><strong>Proszek O-DSMT<\/strong> odgrywa kluczow\u0105 rol\u0119 w <strong>badania farmakologiczne<\/strong> i jest wykorzystywany w badaniach koncentruj\u0105cych si\u0119 na <strong>system opioidowy<\/strong>. Kluczowe obszary badawcze obejmuj\u0105:<\/p>\n<h4>Powinowactwo wi\u0105zania receptora<\/h4>\n<p>Naukowcy badaj\u0105, w jaki spos\u00f3b O-DSMT oddzia\u0142uje z <strong>Receptory \u03bc-opioidowe<\/strong>g\u0142\u00f3wne cele opioidowych lek\u00f3w przeciwb\u00f3lowych. Badania te pomagaj\u0105 zrozumie\u0107 zwi\u0105zek <strong>moc<\/strong>, <strong>powinowactwo<\/strong>oraz <strong>skuteczno\u015b\u0107<\/strong> na poziomie receptora.<\/p>\n<h4>Mechanizm dzia\u0142ania<\/h4>\n<p>Mechanizm dzia\u0142ania O-DSMT polega g\u0142\u00f3wnie na <strong>Agonizm receptora \u03bc-opioidowego<\/strong>co prowadzi do <strong>modulacja b\u00f3lu<\/strong> oraz <strong>dzia\u0142anie przeciwb\u00f3lowe<\/strong>. Badanie, w jaki spos\u00f3b wchodzi w interakcj\u0119 z <strong>opioid<\/strong><strong>\u00a0receptory<\/strong> zapewnia wgl\u0105d w jego <strong>potencja\u0142 terapeutyczny<\/strong> i mo\u017cliwe skutki uboczne.<\/p>\n<h4>Potencja\u0142 terapeutyczny<\/h4>\n<p>O-DSMT jest r\u00f3wnie\u017c badany pod k\u0105tem jego potencja\u0142u jako <strong>nowy \u015brodek przeciwb\u00f3lowy<\/strong>. Naukowcy badaj\u0105 jego zdolno\u015b\u0107 do wspomagania rozwoju <strong>nowe leczenie b\u00f3lu<\/strong> strategie, szczeg\u00f3lnie w terapiach opartych na opioidach, jednocze\u015bnie badaj\u0105c jego rol\u0119 w <strong>tolerancja na opioidy<\/strong> oraz <strong>zale\u017cno\u015b\u0107<\/strong>.<\/p>\n<h3>Badania neurochemiczne<\/h3>\n<p>Rola O-DSMT w <strong>badania neurochemiczne<\/strong> jest istotna ze wzgl\u0119du na jej silne dzia\u0142anie przeciwb\u00f3lowe i interakcj\u0119 z r\u00f3\u017cnymi uk\u0142adami neuroprzeka\u017anik\u00f3w. Naukowcy badaj\u0105 jej wp\u0142yw na <strong>uwalnianie neuroprzeka\u017anik\u00f3w<\/strong>, szczeg\u00f3lnie zwi\u0105zane ze szlakami sygnalizacji b\u00f3lu w m\u00f3zgu.<\/p>\n<p>Badaj\u0105c, w jaki spos\u00f3b <strong>O-DSMT<\/strong> wp\u0142ywy <strong>chemia m\u00f3zgu<\/strong>badacze mog\u0105 lepiej zrozumie\u0107 <strong>neurochemiczny<\/strong> mechanizm\u00f3w le\u017c\u0105cych u podstaw percepcji b\u00f3lu, uzale\u017cnienia od opioid\u00f3w i rozwoju <strong>uzale\u017cnienie od opioid\u00f3w<\/strong>.<\/p>\n<h2>Bezpiecze\u0144stwo i obs\u0142uga<\/h2>\n<h3>Przestrzeganie protoko\u0142\u00f3w bezpiecze\u0144stwa laboratorium<\/h3>\n<p>Podczas obchodzenia si\u0119 z proszkiem O-DSMT nale\u017cy przestrzega\u0107 nast\u0119puj\u0105cych zasad <strong>rygorystyczne laboratoryjne protoko\u0142y bezpiecze\u0144stwa<\/strong>:<\/p>\n<ul>\n<li><strong>Przechowywanie<\/strong>: Przechowywa\u0107 proszek w <strong>ch\u0142odne, suche miejsce<\/strong> i z dala od <strong>bezpo\u015brednie \u015bwiat\u0142o s\u0142oneczne<\/strong> aby utrzyma\u0107 stabilno\u015b\u0107.<\/li>\n<li><strong>Obs\u0142uga<\/strong>: Zawsze nosi\u0107 <strong>\u015brodki ochrony indywidualnej (PPE)<\/strong>, w tym r\u0119kawice i okulary ochronne, aby zapewni\u0107 bezpieczne obchodzenie si\u0119 z mieszanin\u0105.<\/li>\n<li><strong>Ograniczenia u\u017cytkowania<\/strong>: Proszek O-DSMT jest <strong>wy\u0142\u0105cznie do cel\u00f3w badawczych<\/strong> tylko. Jest to <strong>nieprzeznaczone do spo\u017cycia przez ludzi<\/strong> lub jakiekolwiek u\u017cycie poza warunkami laboratoryjnymi.<\/li>\n<\/ul>\n<h3>Rozwa\u017cania prawne<\/h3>\n<p>Badacze powinni by\u0107 zawsze \u015bwiadomi <strong>status prawny<\/strong> O-DSMT w ich regionie. Podobnie jak w przypadku wielu <strong>chemikalia badawcze<\/strong>O-DSMT podlega regulacji ze wzgl\u0119du na jego silne dzia\u0142anie farmakologiczne. Zapewnienie zgodno\u015bci z <strong>przepisy lokalne<\/strong> i wymogi prawne przed zakupem lub przeprowadzeniem bada\u0144 z u\u017cyciem tego zwi\u0105zku.<\/p>\n<h2>Wnioski<\/h2>\n<p><strong>Proszek O-DSMT<\/strong> jest wszechstronnym zwi\u0105zkiem o wysokiej czysto\u015bci, kt\u00f3ry jest niezb\u0119dny dla <strong>badania naukowe<\/strong> do <strong>farmakologia opioid\u00f3w<\/strong>, modulacj\u0119 b\u00f3lu i badania neurochemiczne. Dzi\u0119ki sprawdzonym w\u0142a\u015bciwo\u015bciom <strong>moc<\/strong> oraz <strong>niezawodna jako\u015b\u0107<\/strong>O-DSMT oferuje cenne informacje na temat <strong>system opioidowy<\/strong> i jego rol\u0119 w rozwoju nowych <strong>terapie przeciwb\u00f3lowe<\/strong>. Jego wysoka czysto\u015b\u0107 i \u0142atwo\u015b\u0107 u\u017cycia sprawiaj\u0105, \u017ce jest to idealny wyb\u00f3r dla naukowc\u00f3w pragn\u0105cych zbada\u0107 w\u0142a\u015bciwo\u015bci farmakologiczne tego syntetycznego opioidu.<\/p>\n<h2>Zam\u00f3w teraz<\/h2>\n<p>Zwi\u0119ksz precyzj\u0119 i zakres <strong>badania nad opioidami<\/strong> z nasz\u0105 jako\u015bci\u0105 premium <strong>Proszek O-DSMT<\/strong>. <strong>Zam\u00f3w teraz<\/strong> aby otrzyma\u0107 najwy\u017cszej jako\u015bci, przetestowany laboratoryjnie proszek, kt\u00f3ry zwi\u0119kszy Twoje mo\u017cliwo\u015bci badawcze.<\/p>\n<h2>Cz\u0119sto zadawane pytania (FAQ)<\/h2>\n<h3>Czy mog\u0119 kupi\u0107 proszek O-DSMT do u\u017cytku osobistego?<\/h3>\n<p><strong>Nie.<\/strong> Proszek O-DSMT to <strong>wy\u0142\u0105cznie do bada\u0144 naukowych<\/strong> cel\u00f3w. Nie jest przeznaczony do u\u017cytku osobistego, konsumpcji ani cel\u00f3w rekreacyjnych.<\/p>\n<h3>Jaka jest czysto\u015b\u0107 proszku O-DSMT?<\/h3>\n<p>Nasz <strong>Proszek O-DSMT<\/strong> wynosi <strong>wysoka czysto\u015b\u0107<\/strong>syntetyzowane i testowane w rygorystycznych warunkach, aby zapewni\u0107 <strong>Czysto\u015b\u0107 99%<\/strong> standard. Ka\u017cda partia jest testowana przez stron\u0119 trzeci\u0105, aby zapewni\u0107 sp\u00f3jno\u015b\u0107 i niezawodno\u015b\u0107 do u\u017cytku badawczego.<\/p>\n<h3>Jak nale\u017cy przechowywa\u0107 proszek O-DSMT?<\/h3>\n<p>Sklep <strong>Proszek O-DSMT<\/strong> w a <strong>ch\u0142odne, suche miejsce<\/strong>z dala od <strong>bezpo\u015brednie \u015bwiat\u0142o s\u0142oneczne<\/strong> i wilgo\u0107. Nale\u017cy upewni\u0107 si\u0119, \u017ce pojemnik jest szczelnie zamkni\u0119ty, aby zapobiec zanieczyszczeniu i degradacji zwi\u0105zku.<\/p>\n<h3>Jakie jest zalecane dawkowanie O-DSMT w badaniach?<\/h3>\n<p>The <strong>dawkowanie<\/strong> z <strong>Proszek O-DSMT<\/strong> b\u0119dzie zale\u017ce\u0107 od konkretnego <strong>protok\u00f3\u0142 badawczy<\/strong> kt\u00f3rych przestrzegasz. Badacze powinni odnosi\u0107 si\u0119 do opublikowanych bada\u0144 lub pracowa\u0107 zgodnie z ustalonymi wytycznymi laboratoryjnymi przy okre\u015blaniu odpowiednich dawek.<\/p>\n<h3>Czy O-DSMT mo\u017cna legalnie kupi\u0107 do cel\u00f3w badawczych?<\/h3>\n<p>The <strong>status prawny<\/strong> z <strong>Proszek O-DSMT<\/strong> r\u00f3\u017cni si\u0119 w zale\u017cno\u015bci od regionu. W wielu obszarach jest on regulowany jako <strong>badania chemiczne<\/strong>i konieczne jest przestrzeganie wszystkich lokalnych praw i przepis\u00f3w dotycz\u0105cych zakupu, posiadania i u\u017cytkowania <strong>O-DSMT<\/strong>.<\/p>","protected":false},"excerpt":{"rendered":"<div class=\"elementor-element elementor-element-d1d265a elementor-widget elementor-widget-text-editor is-mac\" data-id=\"d1d265a\" data-element_type=\"widget\" data-widget_type=\"text-editor.default\">\n<div class=\"elementor-widget-container\">\n<p><strong>Kup proszek O-DSMT online<\/strong> dla zaawansowanych <strong>farmakologia opioid\u00f3w<\/strong> oraz <strong>badania neurochemiczne<\/strong>. Nasz <strong>Proszek O-DSMT o wysokiej czysto\u015bci<\/strong> jest idealny do nauki <strong>\u015bcie\u017cki b\u00f3lu<\/strong>interakcje receptor\u00f3w opioidowych i <strong>uzale\u017cnienie od opioid\u00f3w<\/strong>. Bezpieczny, laboratoryjny proszek do u\u017cytku naukowego. Zam\u00f3w teraz!<\/p>\n<\/div>\n<div><strong>Nasze zalety: \ud83c\udf1f\u00a0<\/strong><br \/>\n<strong>Zam\u00f3wione dzisiaj = dostarczone jutro \ud83d\ude90\u00a0<\/strong><br \/>\n<strong>Anonimowa i dyskretna wysy\u0142ka \u2705\u00a0<\/strong><br \/>\n<strong>P\u0142a\u0107 \u0142atwo za pomoc\u0105 kryptowalut \ud83d\udcb5\u00a0<\/strong><\/div>\n<\/div>","protected":false},"featured_media":6394,"comment_status":"open","ping_status":"closed","template":"","meta":[],"product_brand":[],"product_cat":[135,126,15,25],"product_tag":[],"class_list":{"0":"post-6364","1":"product","2":"type-product","3":"status-publish","4":"has-post-thumbnail","6":"product_cat-cyclohexanol","7":"product_cat-dgchemi","8":"product_cat-order-research-chemicals-online","9":"product_cat-research-chemicals","11":"first","12":"instock","13":"shipping-taxable","14":"purchasable","15":"product-type-variable"},"yoast_head":"<!-- This site is optimized with the Yoast SEO Premium plugin v25.1 (Yoast SEO v27.3) - https:\/\/yoast.com\/product\/yoast-seo-premium-wordpress\/ -->\n<title>Buy O-DSMT Powder Online - Trippy Wizard NL<\/title>\n<meta name=\"description\" content=\"Buy O-DSMT powder online for advanced opioid pharmacology and neurochemical research. Our high-purity O-DSMT powder is ideal for studying pain pathways, opioid receptor interactions, and opioid dependence.\" \/>\n<meta name=\"robots\" content=\"index, follow, max-snippet:-1, max-image-preview:large, max-video-preview:-1\" \/>\n<link rel=\"canonical\" href=\"https:\/\/trippywizard.nl\/pl\/product\/o-proszek-dsmt\/\" \/>\n<meta property=\"og:locale\" content=\"pl_PL\" \/>\n<meta property=\"og:type\" content=\"article\" \/>\n<meta property=\"og:title\" content=\"O-DSMT Powder\" \/>\n<meta property=\"og:description\" content=\"Buy O-DSMT powder online for advanced opioid pharmacology and neurochemical research. Our high-purity O-DSMT powder is ideal for studying pain pathways, opioid receptor interactions, and opioid dependence.\" \/>\n<meta property=\"og:url\" content=\"https:\/\/trippywizard.nl\/pl\/product\/o-proszek-dsmt\/\" \/>\n<meta property=\"og:site_name\" content=\"Trippy Wizard NL\" \/>\n<meta property=\"article:modified_time\" content=\"2026-01-17T19:58:02+00:00\" \/>\n<meta property=\"og:image\" content=\"https:\/\/trippywizard.nl\/wp-content\/uploads\/2025\/05\/Untitleddesign_9_copy2.webp\" \/>\n\t<meta property=\"og:image:width\" content=\"1080\" \/>\n\t<meta property=\"og:image:height\" content=\"1080\" \/>\n\t<meta property=\"og:image:type\" content=\"image\/webp\" \/>\n<meta name=\"twitter:card\" content=\"summary_large_image\" \/>\n<meta name=\"twitter:label1\" content=\"Szacowany czas czytania\" \/>\n\t<meta name=\"twitter:data1\" content=\"5 minut\" \/>\n<script type=\"application\/ld+json\" class=\"yoast-schema-graph\">{\"@context\":\"https:\\\/\\\/schema.org\",\"@graph\":[{\"@type\":\"WebPage\",\"@id\":\"https:\\\/\\\/trippywizard.nl\\\/product\\\/o-dsmt-powder\\\/\",\"url\":\"https:\\\/\\\/trippywizard.nl\\\/product\\\/o-dsmt-powder\\\/\",\"name\":\"Buy O-DSMT Powder Online - Trippy Wizard NL\",\"isPartOf\":{\"@id\":\"https:\\\/\\\/trippywizard.nl\\\/#website\"},\"primaryImageOfPage\":{\"@id\":\"https:\\\/\\\/trippywizard.nl\\\/product\\\/o-dsmt-powder\\\/#primaryimage\"},\"image\":{\"@id\":\"https:\\\/\\\/trippywizard.nl\\\/product\\\/o-dsmt-powder\\\/#primaryimage\"},\"thumbnailUrl\":\"https:\\\/\\\/trippywizard.nl\\\/wp-content\\\/uploads\\\/2025\\\/05\\\/Untitleddesign_9_copy2.webp\",\"datePublished\":\"2025-05-22T10:32:13+00:00\",\"dateModified\":\"2026-01-17T19:58:02+00:00\",\"description\":\"Buy O-DSMT powder online for advanced opioid pharmacology and neurochemical research. Our high-purity O-DSMT powder is ideal for studying pain pathways, opioid receptor interactions, and opioid dependence.\",\"breadcrumb\":{\"@id\":\"https:\\\/\\\/trippywizard.nl\\\/product\\\/o-dsmt-powder\\\/#breadcrumb\"},\"inLanguage\":\"pl-PL\",\"potentialAction\":[{\"@type\":\"ReadAction\",\"target\":[\"https:\\\/\\\/trippywizard.nl\\\/product\\\/o-dsmt-powder\\\/\"]}]},{\"@type\":\"ImageObject\",\"inLanguage\":\"pl-PL\",\"@id\":\"https:\\\/\\\/trippywizard.nl\\\/product\\\/o-dsmt-powder\\\/#primaryimage\",\"url\":\"https:\\\/\\\/trippywizard.nl\\\/wp-content\\\/uploads\\\/2025\\\/05\\\/Untitleddesign_9_copy2.webp\",\"contentUrl\":\"https:\\\/\\\/trippywizard.nl\\\/wp-content\\\/uploads\\\/2025\\\/05\\\/Untitleddesign_9_copy2.webp\",\"width\":1080,\"height\":1080},{\"@type\":\"BreadcrumbList\",\"@id\":\"https:\\\/\\\/trippywizard.nl\\\/product\\\/o-dsmt-powder\\\/#breadcrumb\",\"itemListElement\":[{\"@type\":\"ListItem\",\"position\":1,\"name\":\"Home\",\"item\":\"https:\\\/\\\/trippywizard.nl\\\/\"},{\"@type\":\"ListItem\",\"position\":2,\"name\":\"Shop\",\"item\":\"https:\\\/\\\/trippywizard.nl\\\/shop\\\/\"},{\"@type\":\"ListItem\",\"position\":3,\"name\":\"O-DSMT Powder\"}]},{\"@type\":\"WebSite\",\"@id\":\"https:\\\/\\\/trippywizard.nl\\\/#website\",\"url\":\"https:\\\/\\\/trippywizard.nl\\\/\",\"name\":\"trippywizard.nl\",\"description\":\"Your No.1 Research Chemical Shop \u2013 98.99%+ Pure, Lab-Tested Quality Online.\",\"publisher\":{\"@id\":\"https:\\\/\\\/trippywizard.nl\\\/#organization\"},\"potentialAction\":[{\"@type\":\"SearchAction\",\"target\":{\"@type\":\"EntryPoint\",\"urlTemplate\":\"https:\\\/\\\/trippywizard.nl\\\/?s={search_term_string}\"},\"query-input\":{\"@type\":\"PropertyValueSpecification\",\"valueRequired\":true,\"valueName\":\"search_term_string\"}}],\"inLanguage\":\"pl-PL\"},{\"@type\":\"Organization\",\"@id\":\"https:\\\/\\\/trippywizard.nl\\\/#organization\",\"name\":\"trippywizard.nl\",\"url\":\"https:\\\/\\\/trippywizard.nl\\\/\",\"logo\":{\"@type\":\"ImageObject\",\"inLanguage\":\"pl-PL\",\"@id\":\"https:\\\/\\\/trippywizard.nl\\\/#\\\/schema\\\/logo\\\/image\\\/\",\"url\":\"https:\\\/\\\/trippywizard.nl\\\/wp-content\\\/uploads\\\/2020\\\/06\\\/Screenshot_2025-07-15_032323-removebg-preview-e1752575212917.png\",\"contentUrl\":\"https:\\\/\\\/trippywizard.nl\\\/wp-content\\\/uploads\\\/2020\\\/06\\\/Screenshot_2025-07-15_032323-removebg-preview-e1752575212917.png\",\"width\":200,\"height\":49,\"caption\":\"trippywizard.nl\"},\"image\":{\"@id\":\"https:\\\/\\\/trippywizard.nl\\\/#\\\/schema\\\/logo\\\/image\\\/\"}}]}<\/script>\n<!-- \/ Yoast SEO Premium plugin. -->","yoast_head_json":{"title":"Kup proszek O-DSMT online - Trippy Wizard NL","description":"Kup online proszek O-DSMT do zaawansowanej farmakologii opioid\u00f3w i bada\u0144 neurochemicznych. Nasz proszek O-DSMT o wysokiej czysto\u015bci jest idealny do badania \u015bcie\u017cek b\u00f3lu, interakcji receptor\u00f3w opioidowych i uzale\u017cnienia od opioid\u00f3w.","robots":{"index":"index","follow":"follow","max-snippet":"max-snippet:-1","max-image-preview":"max-image-preview:large","max-video-preview":"max-video-preview:-1"},"canonical":"https:\/\/trippywizard.nl\/pl\/product\/o-proszek-dsmt\/","og_locale":"pl_PL","og_type":"article","og_title":"O-DSMT Powder","og_description":"Buy O-DSMT powder online for advanced opioid pharmacology and neurochemical research. Our high-purity O-DSMT powder is ideal for studying pain pathways, opioid receptor interactions, and opioid dependence.","og_url":"https:\/\/trippywizard.nl\/pl\/product\/o-proszek-dsmt\/","og_site_name":"Trippy Wizard NL","article_modified_time":"2026-01-17T19:58:02+00:00","og_image":[{"width":1080,"height":1080,"url":"https:\/\/trippywizard.nl\/wp-content\/uploads\/2025\/05\/Untitleddesign_9_copy2.webp","type":"image\/webp"}],"twitter_card":"summary_large_image","twitter_misc":{"Szacowany czas czytania":"5 minut"},"schema":{"@context":"https:\/\/schema.org","@graph":[{"@type":"WebPage","@id":"https:\/\/trippywizard.nl\/product\/o-dsmt-powder\/","url":"https:\/\/trippywizard.nl\/product\/o-dsmt-powder\/","name":"Kup proszek O-DSMT online - Trippy Wizard NL","isPartOf":{"@id":"https:\/\/trippywizard.nl\/#website"},"primaryImageOfPage":{"@id":"https:\/\/trippywizard.nl\/product\/o-dsmt-powder\/#primaryimage"},"image":{"@id":"https:\/\/trippywizard.nl\/product\/o-dsmt-powder\/#primaryimage"},"thumbnailUrl":"https:\/\/trippywizard.nl\/wp-content\/uploads\/2025\/05\/Untitleddesign_9_copy2.webp","datePublished":"2025-05-22T10:32:13+00:00","dateModified":"2026-01-17T19:58:02+00:00","description":"Kup online proszek O-DSMT do zaawansowanej farmakologii opioid\u00f3w i bada\u0144 neurochemicznych. Nasz proszek O-DSMT o wysokiej czysto\u015bci jest idealny do badania \u015bcie\u017cek b\u00f3lu, interakcji receptor\u00f3w opioidowych i uzale\u017cnienia od opioid\u00f3w.","breadcrumb":{"@id":"https:\/\/trippywizard.nl\/product\/o-dsmt-powder\/#breadcrumb"},"inLanguage":"pl-PL","potentialAction":[{"@type":"ReadAction","target":["https:\/\/trippywizard.nl\/product\/o-dsmt-powder\/"]}]},{"@type":"ImageObject","inLanguage":"pl-PL","@id":"https:\/\/trippywizard.nl\/product\/o-dsmt-powder\/#primaryimage","url":"https:\/\/trippywizard.nl\/wp-content\/uploads\/2025\/05\/Untitleddesign_9_copy2.webp","contentUrl":"https:\/\/trippywizard.nl\/wp-content\/uploads\/2025\/05\/Untitleddesign_9_copy2.webp","width":1080,"height":1080},{"@type":"BreadcrumbList","@id":"https:\/\/trippywizard.nl\/product\/o-dsmt-powder\/#breadcrumb","itemListElement":[{"@type":"ListItem","position":1,"name":"Home","item":"https:\/\/trippywizard.nl\/"},{"@type":"ListItem","position":2,"name":"Shop","item":"https:\/\/trippywizard.nl\/shop\/"},{"@type":"ListItem","position":3,"name":"O-DSMT Powder"}]},{"@type":"WebSite","@id":"https:\/\/trippywizard.nl\/#website","url":"https:\/\/trippywizard.nl\/","name":"trippywizard.nl","description":"Tw\u00f3j sklep chemiczny nr 1 - 98.99%+ Czysta, przetestowana laboratoryjnie jako\u015b\u0107 online.","publisher":{"@id":"https:\/\/trippywizard.nl\/#organization"},"potentialAction":[{"@type":"SearchAction","target":{"@type":"EntryPoint","urlTemplate":"https:\/\/trippywizard.nl\/?s={search_term_string}"},"query-input":{"@type":"PropertyValueSpecification","valueRequired":true,"valueName":"search_term_string"}}],"inLanguage":"pl-PL"},{"@type":"Organization","@id":"https:\/\/trippywizard.nl\/#organization","name":"trippywizard.nl","url":"https:\/\/trippywizard.nl\/","logo":{"@type":"ImageObject","inLanguage":"pl-PL","@id":"https:\/\/trippywizard.nl\/#\/schema\/logo\/image\/","url":"https:\/\/trippywizard.nl\/wp-content\/uploads\/2020\/06\/Screenshot_2025-07-15_032323-removebg-preview-e1752575212917.png","contentUrl":"https:\/\/trippywizard.nl\/wp-content\/uploads\/2020\/06\/Screenshot_2025-07-15_032323-removebg-preview-e1752575212917.png","width":200,"height":49,"caption":"trippywizard.nl"},"image":{"@id":"https:\/\/trippywizard.nl\/#\/schema\/logo\/image\/"}}]}},"jetpack_sharing_enabled":true,"_links":{"self":[{"href":"https:\/\/trippywizard.nl\/pl\/wp-json\/wp\/v2\/product\/6364","targetHints":{"allow":["GET"]}}],"collection":[{"href":"https:\/\/trippywizard.nl\/pl\/wp-json\/wp\/v2\/product"}],"about":[{"href":"https:\/\/trippywizard.nl\/pl\/wp-json\/wp\/v2\/types\/product"}],"replies":[{"embeddable":true,"href":"https:\/\/trippywizard.nl\/pl\/wp-json\/wp\/v2\/comments?post=6364"}],"version-history":[{"count":1,"href":"https:\/\/trippywizard.nl\/pl\/wp-json\/wp\/v2\/product\/6364\/revisions"}],"predecessor-version":[{"id":6395,"href":"https:\/\/trippywizard.nl\/pl\/wp-json\/wp\/v2\/product\/6364\/revisions\/6395"}],"wp:featuredmedia":[{"embeddable":true,"href":"https:\/\/trippywizard.nl\/pl\/wp-json\/wp\/v2\/media\/6394"}],"wp:attachment":[{"href":"https:\/\/trippywizard.nl\/pl\/wp-json\/wp\/v2\/media?parent=6364"}],"wp:term":[{"taxonomy":"product_brand","embeddable":true,"href":"https:\/\/trippywizard.nl\/pl\/wp-json\/wp\/v2\/product_brand?post=6364"},{"taxonomy":"product_cat","embeddable":true,"href":"https:\/\/trippywizard.nl\/pl\/wp-json\/wp\/v2\/product_cat?post=6364"},{"taxonomy":"product_tag","embeddable":true,"href":"https:\/\/trippywizard.nl\/pl\/wp-json\/wp\/v2\/product_tag?post=6364"}],"curies":[{"name":"wp","href":"https:\/\/api.w.org\/{rel}","templated":true}]}}