{"id":307,"date":"2024-06-05T11:13:34","date_gmt":"2024-06-05T11:13:34","guid":{"rendered":"https:\/\/trippywizard.nl\/?post_type=product&#038;p=307"},"modified":"2025-05-22T11:25:42","modified_gmt":"2025-05-22T11:25:42","slug":"heroina-online","status":"publish","type":"product","link":"https:\/\/trippywizard.nl\/pl\/product\/heroina-online\/","title":{"rendered":"Heroina online"},"content":{"rendered":"<h1>Kup heroin\u0119 online<\/h1>\n<p>Kup heroin\u0119 online. Sprzedajemy najlepszej jako\u015bci heroin\u0119 w USA, Afganistanie, Wielkiej Brytanii, Kanadzie, Australii i na ca\u0142ym \u015bwiecie.\u00a0<strong>\u015awiat<\/strong>\u00a0og\u00f3lnie. Odsprzedawcom dajemy mo\u017cliwo\u015b\u0107 hurtowego zamawiania heroiny online. Kup heroin\u0119 online ju\u017c teraz.\u00a0<b>Heroina<\/b>, znany r\u00f3wnie\u017c jako\u00a0<b>diamorfina<\/b>\u00a0w\u015br\u00f3d innych nazw,<sup id=\"cite_ref-Heroin's_rINN_1-1\" class=\"reference\"><\/sup>\u00a0jest\u00a0<a href=\"https:\/\/en.wikipedia.org\/wiki\/Opioid\"><strong><span style=\"color: #00ccff;\">opioid<\/span><\/strong><\/a>\u00a0najcz\u0119\u015bciej u\u017cywany jako narkotyk rekreacyjny ze wzgl\u0119du na swoje euforyczne dzia\u0142anie.<sup id=\"cite_ref-Drugs2014_2-1\" class=\"reference\"><\/sup> Jest on stosowany medycznie w kilku krajach w celu \u0142agodzenia b\u00f3lu lub w opioidowej terapii zast\u0119pczej. Zazwyczaj jest wstrzykiwany, zwykle do \u017cy\u0142y, ale mo\u017ce by\u0107 r\u00f3wnie\u017c palony, wci\u0105gany lub wdychany.<sup id=\"cite_ref-Drugs2014_2-2\" class=\"reference\"><\/sup><sup id=\"cite_ref-NIH2014_11-0\" class=\"reference\"><\/sup><sup id=\"cite_ref-12\" class=\"reference\"><\/sup>\u00a0Pocz\u0105tek dzia\u0142ania jest zwykle szybki i utrzymuje si\u0119 przez kilka godzin.<\/p>\n<h2><a href=\"https:\/\/trippypharma.com\/shop\/\"><em><strong><span style=\"color: #00ccff;\">Kup heroin\u0119 online w USA, Wielkiej Brytanii i na ca\u0142ym \u015bwiecie<\/span><\/strong><\/em><\/a><\/h2>\n<p>Heroina jest lekiem opioidowym, kt\u00f3ry jest syntetyzowany z morfiny, naturalnie wyst\u0119puj\u0105cej substancji i jej ekstraktu ze str\u0105k\u00f3w nasiennych azjatyckiej ro\u015bliny maku opiumowego. Heroina zwykle wyst\u0119puje jako bia\u0142y lub br\u0105zowy proszek lub jako czarna lepka substancja, znana jako \"heroina z czarnej smo\u0142y\".<\/p>\n<p>W 2011 roku 4,2 miliona Amerykan\u00f3w w wieku 12 lat lub starszych (lub 1,6%) za\u017cy\u0142o heroin\u0119 przynajmniej raz w \u017cyciu.<\/p>\n<p>Oko\u0142o 23% os\u00f3b za\u017cywaj\u0105cych heroin\u0119 uzale\u017cnia si\u0119 od niej.<\/p>\n<h3><strong>Kup Heroin\u0119 Online Jak mo\u017cemy u\u017cywa\u0107 Heroiny?<\/strong><\/h3>\n<p>Heroina mo\u017ce by\u0107 wstrzykiwana, wdychana lub spo\u017cywana poprzez wci\u0105ganie, w\u0105chanie lub palenie. Wszystkie trzy drogi podania bardzo szybko dostarczaj\u0105 narkotyk do m\u00f3zgu.<\/p>\n<p>&nbsp;<\/p>\n<h4 class=\"title\"><strong>Jakie s\u0105 metody leczenia uzale\u017cnienia od heroiny?<\/strong><\/h4>\n<p>Dost\u0119pnych jest wiele skutecznych metod leczenia uzale\u017cnienia od heroiny, w tym zar\u00f3wno behawioralne, jak i farmakologiczne (leki). Co wi\u0119cej, oba podej\u015bcia pomagaj\u0105 przywr\u00f3ci\u0107 pewien stopie\u0144 normalno\u015bci w funkcjonowaniu m\u00f3zgu i zachowaniu, co skutkuje zwi\u0119kszonymi wska\u017anikami zatrudnienia i ni\u017cszym ryzykiem zaka\u017cenia wirusem HIV i innymi chorobami oraz zachowaniami przest\u0119pczymi. St\u0105d heroina na sprzeda\u017c.<\/p>\n<h3><span id=\"Medical_uses\" class=\"mw-headline\">Zastosowania medyczne<\/span><\/h3>\n<p>Pod og\u00f3ln\u0105 nazw\u0105 diamorfina, heroina jest przepisywana jako silny \u015brodek odurzaj\u0105cy.\u00a0<a title=\"\u015arodek przeciwb\u00f3lowy\" href=\"https:\/\/en.wikipedia.org\/wiki\/Analgesic\">leki przeciwb\u00f3lowe<\/a>\u00a0w Wielkiej Brytanii, gdzie jest zarz\u0105dzany za po\u015brednictwem\u00a0<a title=\"Tabletka (apteka)\" href=\"https:\/\/en.wikipedia.org\/wiki\/Tablet_(pharmacy)\">ustny<\/a>Lek mo\u017ce by\u0107 podawany podsk\u00f3rnie, domi\u0119\u015bniowo, dokana\u0142owo, donosowo lub do\u017cylnie. Mo\u017ce by\u0107 przepisywany w celu leczenia ostrego b\u00f3lu, takiego jak w przypadku ci\u0119\u017ckiego urazu fizycznego, zawa\u0142u mi\u0119\u015bnia sercowego, b\u00f3lu pooperacyjnego oraz\u00a0<a title=\"Przewlek\u0142y b\u00f3l\" href=\"https:\/\/en.wikipedia.org\/wiki\/Chronic_pain\">przewlek\u0142y b\u00f3l<\/a>w tym w schy\u0142kowym stadium chor\u00f3b terminalnych. W innych krajach w takich sytuacjach cz\u0119\u015bciej stosuje si\u0119 morfin\u0119 lub inne silne opioidy. W 2004 roku National Institute for Health and Clinical Excellence opracowa\u0142 wytyczne dotycz\u0105ce post\u0119powania w przypadku cesarskiego ci\u0119cia, w kt\u00f3rych zalecono stosowanie dooponowego lub zewn\u0105trzoponowego podawania diamorfiny w okresie pooperacyjnym.\u00a0<a class=\"mw-redirect\" title=\"U\u015bmierzanie b\u00f3lu\" href=\"https:\/\/en.wikipedia.org\/wiki\/Pain_relief\">ulga w b\u00f3lu<\/a>.<\/p>\n<h3>Heroina na sprzeda\u017c. Bezpiecznie<\/h3>\n<p>W przypadku kobiet, kt\u00f3rym podawano opioidy dooponowo, nale\u017cy co najmniej raz na godzin\u0119 obserwowa\u0107 cz\u0119sto\u015b\u0107 oddech\u00f3w.<\/p>\n<p>Ocena sedacji i b\u00f3lu przez co najmniej 12 godzin w przypadku diamorfiny i 24 godziny w przypadku morfiny.<\/p>\n<p>Diamorfina zewn\u0105trzoponowa (2,5-5 mg) jest odpowiedni\u0105 alternatyw\u0105. Kup heroin\u0119 online<\/p>","protected":false},"excerpt":{"rendered":"<p>Heroina jest narkotykiem opioidowym najcz\u0119\u015bciej stosowanym jako lek rekreacyjny ze wzgl\u0119du na swoje euforyczne dzia\u0142anie. Z medycznego punktu widzenia jest stosowana w kilku krajach w celu \u0142agodzenia b\u00f3lu lub w opioidowej terapii zast\u0119pczej.<\/p>\n<p>Wz\u00f3r cz\u0105steczkowy: C21H23NO5<br \/>\n\u015arednia masa: 369,411 Da<br \/>\nMasa cz\u0105steczkowa: 369,4 g\/mol<br \/>\nMasa monoizotopowa: 369,157623 Da<br \/>\nChemSpider ID: 4575379<\/p>","protected":false},"featured_media":341,"comment_status":"open","ping_status":"closed","template":"","meta":[],"product_brand":[],"product_cat":[25],"product_tag":[],"class_list":{"0":"post-307","1":"product","2":"type-product","3":"status-publish","4":"has-post-thumbnail","6":"product_cat-research-chemicals","8":"first","9":"instock","10":"shipping-taxable","11":"purchasable","12":"product-type-variable"},"yoast_head":"<!-- This site is optimized with the Yoast SEO Premium plugin v25.1 (Yoast SEO v27.3) - https:\/\/yoast.com\/product\/yoast-seo-premium-wordpress\/ -->\n<title>Buy Heroin Online | Where to buy Heroin Dark web | Buy Heroin USA<\/title>\n<meta name=\"description\" content=\"Buy Heroin Online is an opioid drug used as a medication for its euphoric effects. Medically it is used to relieve pain or in opioid replacement therapy.\" \/>\n<meta name=\"robots\" content=\"index, follow, max-snippet:-1, max-image-preview:large, max-video-preview:-1\" \/>\n<link rel=\"canonical\" href=\"https:\/\/trippywizard.nl\/pl\/product\/heroina-online\/\" \/>\n<meta property=\"og:locale\" content=\"pl_PL\" \/>\n<meta property=\"og:type\" content=\"article\" \/>\n<meta property=\"og:title\" content=\"Heroin Online\" \/>\n<meta property=\"og:description\" content=\"Buy Heroin Online is an opioid drug used as a medication for its euphoric effects. Medically it is used to relieve pain or in opioid replacement therapy.\" \/>\n<meta property=\"og:url\" content=\"https:\/\/trippywizard.nl\/pl\/product\/heroina-online\/\" \/>\n<meta property=\"og:site_name\" content=\"Trippy Wizard NL\" \/>\n<meta property=\"article:modified_time\" content=\"2025-05-22T11:25:42+00:00\" \/>\n<meta property=\"og:image\" content=\"https:\/\/trippywizard.nl\/wp-content\/uploads\/2024\/06\/fentaaaaaaaa-e1615883985437.png\" \/>\n\t<meta property=\"og:image:width\" content=\"220\" \/>\n\t<meta property=\"og:image:height\" content=\"220\" \/>\n\t<meta property=\"og:image:type\" content=\"image\/png\" \/>\n<meta name=\"twitter:card\" content=\"summary_large_image\" \/>\n<meta name=\"twitter:label1\" content=\"Szacowany czas czytania\" \/>\n\t<meta name=\"twitter:data1\" content=\"2 minuty\" \/>\n<script type=\"application\/ld+json\" class=\"yoast-schema-graph\">{\"@context\":\"https:\\\/\\\/schema.org\",\"@graph\":[{\"@type\":\"WebPage\",\"@id\":\"https:\\\/\\\/trippywizard.nl\\\/product\\\/heroin-online\\\/\",\"url\":\"https:\\\/\\\/trippywizard.nl\\\/product\\\/heroin-online\\\/\",\"name\":\"Buy Heroin Online | Where to buy Heroin Dark web | Buy Heroin USA\",\"isPartOf\":{\"@id\":\"https:\\\/\\\/trippywizard.nl\\\/#website\"},\"primaryImageOfPage\":{\"@id\":\"https:\\\/\\\/trippywizard.nl\\\/product\\\/heroin-online\\\/#primaryimage\"},\"image\":{\"@id\":\"https:\\\/\\\/trippywizard.nl\\\/product\\\/heroin-online\\\/#primaryimage\"},\"thumbnailUrl\":\"https:\\\/\\\/trippywizard.nl\\\/wp-content\\\/uploads\\\/2024\\\/06\\\/fentaaaaaaaa-e1615883985437.png\",\"datePublished\":\"2024-06-05T11:13:34+00:00\",\"dateModified\":\"2025-05-22T11:25:42+00:00\",\"description\":\"Buy Heroin Online is an opioid drug used as a medication for its euphoric effects. Medically it is used to relieve pain or in opioid replacement therapy.\",\"breadcrumb\":{\"@id\":\"https:\\\/\\\/trippywizard.nl\\\/product\\\/heroin-online\\\/#breadcrumb\"},\"inLanguage\":\"pl-PL\",\"potentialAction\":[{\"@type\":\"ReadAction\",\"target\":[\"https:\\\/\\\/trippywizard.nl\\\/product\\\/heroin-online\\\/\"]}]},{\"@type\":\"ImageObject\",\"inLanguage\":\"pl-PL\",\"@id\":\"https:\\\/\\\/trippywizard.nl\\\/product\\\/heroin-online\\\/#primaryimage\",\"url\":\"https:\\\/\\\/trippywizard.nl\\\/wp-content\\\/uploads\\\/2024\\\/06\\\/fentaaaaaaaa-e1615883985437.png\",\"contentUrl\":\"https:\\\/\\\/trippywizard.nl\\\/wp-content\\\/uploads\\\/2024\\\/06\\\/fentaaaaaaaa-e1615883985437.png\",\"width\":220,\"height\":220,\"caption\":\"Buy amphetamine online\"},{\"@type\":\"BreadcrumbList\",\"@id\":\"https:\\\/\\\/trippywizard.nl\\\/product\\\/heroin-online\\\/#breadcrumb\",\"itemListElement\":[{\"@type\":\"ListItem\",\"position\":1,\"name\":\"Home\",\"item\":\"https:\\\/\\\/trippywizard.nl\\\/\"},{\"@type\":\"ListItem\",\"position\":2,\"name\":\"Shop\",\"item\":\"https:\\\/\\\/trippywizard.nl\\\/shop\\\/\"},{\"@type\":\"ListItem\",\"position\":3,\"name\":\"Heroin Online\"}]},{\"@type\":\"WebSite\",\"@id\":\"https:\\\/\\\/trippywizard.nl\\\/#website\",\"url\":\"https:\\\/\\\/trippywizard.nl\\\/\",\"name\":\"trippywizard.nl\",\"description\":\"Your No.1 Research Chemical Shop \u2013 98.99%+ Pure, Lab-Tested Quality Online.\",\"publisher\":{\"@id\":\"https:\\\/\\\/trippywizard.nl\\\/#organization\"},\"potentialAction\":[{\"@type\":\"SearchAction\",\"target\":{\"@type\":\"EntryPoint\",\"urlTemplate\":\"https:\\\/\\\/trippywizard.nl\\\/?s={search_term_string}\"},\"query-input\":{\"@type\":\"PropertyValueSpecification\",\"valueRequired\":true,\"valueName\":\"search_term_string\"}}],\"inLanguage\":\"pl-PL\"},{\"@type\":\"Organization\",\"@id\":\"https:\\\/\\\/trippywizard.nl\\\/#organization\",\"name\":\"trippywizard.nl\",\"url\":\"https:\\\/\\\/trippywizard.nl\\\/\",\"logo\":{\"@type\":\"ImageObject\",\"inLanguage\":\"pl-PL\",\"@id\":\"https:\\\/\\\/trippywizard.nl\\\/#\\\/schema\\\/logo\\\/image\\\/\",\"url\":\"https:\\\/\\\/trippywizard.nl\\\/wp-content\\\/uploads\\\/2020\\\/06\\\/Screenshot_2025-07-15_032323-removebg-preview-e1752575212917.png\",\"contentUrl\":\"https:\\\/\\\/trippywizard.nl\\\/wp-content\\\/uploads\\\/2020\\\/06\\\/Screenshot_2025-07-15_032323-removebg-preview-e1752575212917.png\",\"width\":200,\"height\":49,\"caption\":\"trippywizard.nl\"},\"image\":{\"@id\":\"https:\\\/\\\/trippywizard.nl\\\/#\\\/schema\\\/logo\\\/image\\\/\"}}]}<\/script>\n<!-- \/ Yoast SEO Premium plugin. -->","yoast_head_json":{"title":"Kup heroin\u0119 online | Gdzie kupi\u0107 heroin\u0119 w ciemnej sieci | Kup heroin\u0119 w USA","description":"Kup Heroin\u0119 Online to lek opioidowy stosowany jako lek ze wzgl\u0119du na jego euforyczne dzia\u0142anie. Z medycznego punktu widzenia jest stosowany w celu \u0142agodzenia b\u00f3lu lub w opioidowej terapii zast\u0119pczej.","robots":{"index":"index","follow":"follow","max-snippet":"max-snippet:-1","max-image-preview":"max-image-preview:large","max-video-preview":"max-video-preview:-1"},"canonical":"https:\/\/trippywizard.nl\/pl\/product\/heroina-online\/","og_locale":"pl_PL","og_type":"article","og_title":"Heroin Online","og_description":"Buy Heroin Online is an opioid drug used as a medication for its euphoric effects. Medically it is used to relieve pain or in opioid replacement therapy.","og_url":"https:\/\/trippywizard.nl\/pl\/product\/heroina-online\/","og_site_name":"Trippy Wizard NL","article_modified_time":"2025-05-22T11:25:42+00:00","og_image":[{"width":220,"height":220,"url":"https:\/\/trippywizard.nl\/wp-content\/uploads\/2024\/06\/fentaaaaaaaa-e1615883985437.png","type":"image\/png"}],"twitter_card":"summary_large_image","twitter_misc":{"Szacowany czas czytania":"2 minuty"},"schema":{"@context":"https:\/\/schema.org","@graph":[{"@type":"WebPage","@id":"https:\/\/trippywizard.nl\/product\/heroin-online\/","url":"https:\/\/trippywizard.nl\/product\/heroin-online\/","name":"Kup heroin\u0119 online | Gdzie kupi\u0107 heroin\u0119 w ciemnej sieci | Kup heroin\u0119 w USA","isPartOf":{"@id":"https:\/\/trippywizard.nl\/#website"},"primaryImageOfPage":{"@id":"https:\/\/trippywizard.nl\/product\/heroin-online\/#primaryimage"},"image":{"@id":"https:\/\/trippywizard.nl\/product\/heroin-online\/#primaryimage"},"thumbnailUrl":"https:\/\/trippywizard.nl\/wp-content\/uploads\/2024\/06\/fentaaaaaaaa-e1615883985437.png","datePublished":"2024-06-05T11:13:34+00:00","dateModified":"2025-05-22T11:25:42+00:00","description":"Kup Heroin\u0119 Online to lek opioidowy stosowany jako lek ze wzgl\u0119du na jego euforyczne dzia\u0142anie. Z medycznego punktu widzenia jest stosowany w celu \u0142agodzenia b\u00f3lu lub w opioidowej terapii zast\u0119pczej.","breadcrumb":{"@id":"https:\/\/trippywizard.nl\/product\/heroin-online\/#breadcrumb"},"inLanguage":"pl-PL","potentialAction":[{"@type":"ReadAction","target":["https:\/\/trippywizard.nl\/product\/heroin-online\/"]}]},{"@type":"ImageObject","inLanguage":"pl-PL","@id":"https:\/\/trippywizard.nl\/product\/heroin-online\/#primaryimage","url":"https:\/\/trippywizard.nl\/wp-content\/uploads\/2024\/06\/fentaaaaaaaa-e1615883985437.png","contentUrl":"https:\/\/trippywizard.nl\/wp-content\/uploads\/2024\/06\/fentaaaaaaaa-e1615883985437.png","width":220,"height":220,"caption":"Buy amphetamine online"},{"@type":"BreadcrumbList","@id":"https:\/\/trippywizard.nl\/product\/heroin-online\/#breadcrumb","itemListElement":[{"@type":"ListItem","position":1,"name":"Home","item":"https:\/\/trippywizard.nl\/"},{"@type":"ListItem","position":2,"name":"Shop","item":"https:\/\/trippywizard.nl\/shop\/"},{"@type":"ListItem","position":3,"name":"Heroin Online"}]},{"@type":"WebSite","@id":"https:\/\/trippywizard.nl\/#website","url":"https:\/\/trippywizard.nl\/","name":"trippywizard.nl","description":"Tw\u00f3j sklep chemiczny nr 1 - 98.99%+ Czysta, przetestowana laboratoryjnie jako\u015b\u0107 online.","publisher":{"@id":"https:\/\/trippywizard.nl\/#organization"},"potentialAction":[{"@type":"SearchAction","target":{"@type":"EntryPoint","urlTemplate":"https:\/\/trippywizard.nl\/?s={search_term_string}"},"query-input":{"@type":"PropertyValueSpecification","valueRequired":true,"valueName":"search_term_string"}}],"inLanguage":"pl-PL"},{"@type":"Organization","@id":"https:\/\/trippywizard.nl\/#organization","name":"trippywizard.nl","url":"https:\/\/trippywizard.nl\/","logo":{"@type":"ImageObject","inLanguage":"pl-PL","@id":"https:\/\/trippywizard.nl\/#\/schema\/logo\/image\/","url":"https:\/\/trippywizard.nl\/wp-content\/uploads\/2020\/06\/Screenshot_2025-07-15_032323-removebg-preview-e1752575212917.png","contentUrl":"https:\/\/trippywizard.nl\/wp-content\/uploads\/2020\/06\/Screenshot_2025-07-15_032323-removebg-preview-e1752575212917.png","width":200,"height":49,"caption":"trippywizard.nl"},"image":{"@id":"https:\/\/trippywizard.nl\/#\/schema\/logo\/image\/"}}]}},"jetpack_sharing_enabled":true,"_links":{"self":[{"href":"https:\/\/trippywizard.nl\/pl\/wp-json\/wp\/v2\/product\/307","targetHints":{"allow":["GET"]}}],"collection":[{"href":"https:\/\/trippywizard.nl\/pl\/wp-json\/wp\/v2\/product"}],"about":[{"href":"https:\/\/trippywizard.nl\/pl\/wp-json\/wp\/v2\/types\/product"}],"replies":[{"embeddable":true,"href":"https:\/\/trippywizard.nl\/pl\/wp-json\/wp\/v2\/comments?post=307"}],"version-history":[{"count":1,"href":"https:\/\/trippywizard.nl\/pl\/wp-json\/wp\/v2\/product\/307\/revisions"}],"predecessor-version":[{"id":6903,"href":"https:\/\/trippywizard.nl\/pl\/wp-json\/wp\/v2\/product\/307\/revisions\/6903"}],"wp:featuredmedia":[{"embeddable":true,"href":"https:\/\/trippywizard.nl\/pl\/wp-json\/wp\/v2\/media\/341"}],"wp:attachment":[{"href":"https:\/\/trippywizard.nl\/pl\/wp-json\/wp\/v2\/media?parent=307"}],"wp:term":[{"taxonomy":"product_brand","embeddable":true,"href":"https:\/\/trippywizard.nl\/pl\/wp-json\/wp\/v2\/product_brand?post=307"},{"taxonomy":"product_cat","embeddable":true,"href":"https:\/\/trippywizard.nl\/pl\/wp-json\/wp\/v2\/product_cat?post=307"},{"taxonomy":"product_tag","embeddable":true,"href":"https:\/\/trippywizard.nl\/pl\/wp-json\/wp\/v2\/product_tag?post=307"}],"curies":[{"name":"wp","href":"https:\/\/api.w.org\/{rel}","templated":true}]}}