{"id":1190,"date":"2024-07-01T03:35:17","date_gmt":"2024-07-01T03:35:17","guid":{"rendered":"https:\/\/trippywizard.nl\/?post_type=product&#038;p=1190"},"modified":"2025-06-06T06:35:42","modified_gmt":"2025-06-06T06:35:42","slug":"kupic-2-mmc-online","status":"publish","type":"product","link":"https:\/\/trippywizard.nl\/pl\/product\/kupic-2-mmc-online\/","title":{"rendered":"Kup 2 proszki MMC"},"content":{"rendered":"<h2><span style=\"font-size: 1.25rem;\">Kup 2 MMC online: Przewodnik po zakupie 2-metylometkatynonu<\/span><\/h2>\n<div id=\"rank-math-rich-snippet-wrapper\">\n<div class=\"rank-math-review-data\">\n<p>Je\u015bli rozwa\u017casz zakup 2 MMC (2-metylometkatynonu) online, prawdopodobnie masz kilka pyta\u0144 dotycz\u0105cych procesu, cen i wiarygodnych \u017ar\u00f3de\u0142. Niniejszy przewodnik zawiera odpowiedzi na najcz\u0119\u015bciej zadawane pytania i szczeg\u00f3\u0142owe informacje na temat tego, gdzie kupi\u0107 2 MMC online w r\u00f3\u017cnych krajach.<\/p>\n<h2><strong>Kupi\u0107 2 MMC w proszku online?<\/strong><\/h2>\n<p>Proszek 2MMC jest zamiennikiem zakazanego proszku <a href=\"https:\/\/trippywizard.nl\/where-to-buy-3-mmc-online-in-france\/\">3MMC<\/a>. 2 MMC nie jest jeszcze zakazany, wi\u0119c mo\u017cna go legalnie zam\u00f3wi\u0107. Ten produkt nadaje si\u0119 wy\u0142\u0105cznie do cel\u00f3w badawczych, a nie do spo\u017cycia przez ludzi. Zam\u00f3wienia z\u0142o\u017cone przed 16:30 s\u0105 dostarczane nast\u0119pnego dnia. Oferujemy r\u00f3wnie\u017c kryszta\u0142y i kapsu\u0142ki 2 MMC.<\/p>\n<div id=\"rank-math-rich-snippet-wrapper\">\n<h3 class=\"rank-math-title\">Kupi\u0107 proszek 2-MMC?<\/h3>\n<div class=\"rank-math-review-data\">\n<p>Kup proszek 2-MMC \u0142atwo i szybko na ABCParty. Zam\u00f3wienia z\u0142o\u017cone przed 17:00 zostan\u0105 dostarczone nast\u0119pnego dnia. Oferujemy r\u00f3wnie\u017c kryszta\u0142y i kapsu\u0142ki 2 MMC.<\/p>\n<\/div>\n<\/div>\n<h2>Co to jest 2 MMC?<\/h2>\n<p><strong>MMC<\/strong> jest syntetycznym stymulantem i pochodn\u0105 <a href=\"https:\/\/trippywizard.nl\/where-to-buy-2-mmc-crystal\/\">metkatynon<\/a>\u00a0znany ze swoich stymuluj\u0105cych i euforycznych efekt\u00f3w. Jest cz\u0119sto wykorzystywana w badaniach i do cel\u00f3w eksperymentalnych.<\/p>\n<h2>Czy zakup 2 MMC online jest legalny?<\/h2>\n<p>Legalno\u015b\u0107 zakupu 2 MMC online zale\u017cy od przepis\u00f3w obowi\u0105zuj\u0105cych w danym kraju. W wielu miejscach chemikalia badawcze, takie jak MMC, nie s\u0105 specjalnie kontrolowane, ale mog\u0105 podlega\u0107 szerszym przepisom. Zawsze sprawdzaj lokalne przepisy, aby zapewni\u0107 zgodno\u015b\u0107.<\/p>\n<h2>Jak mog\u0119 si\u0119 upewni\u0107, \u017ce kupuj\u0119 z renomowanego \u017ar\u00f3d\u0142a?<\/h2>\n<p>Aby upewni\u0107 si\u0119, \u017ce dokonujesz zakupu z renomowanego \u017ar\u00f3d\u0142a, sprawd\u017a:<\/p>\n<ul>\n<li><strong>Recenzje sprzedawc\u00f3w<\/strong>: Sprawd\u017a opinie i oceny klient\u00f3w.<\/li>\n<li><strong>Jako\u015b\u0107 produktu<\/strong>: Upewnij si\u0119, \u017ce sprzedawca zapewnia szczeg\u00f3\u0142owe informacje o produkcie.<\/li>\n<li><strong>Bezpieczna p\u0142atno\u015b\u0107<\/strong>: Korzystaj z us\u0142ug dostawc\u00f3w oferuj\u0105cych bezpieczne opcje p\u0142atno\u015bci.<\/li>\n<li><strong>Obs\u0142uga klienta<\/strong>: Wybieraj dostawc\u00f3w z responsywn\u0105 obs\u0142ug\u0105 klienta.<\/li>\n<\/ul>\n<h2>Jaki jest przedzia\u0142 cenowy dla 2 MMC?<\/h2>\n<p>Cena 2 MMC mo\u017ce si\u0119 r\u00f3\u017cni\u0107 w zale\u017cno\u015bci od dostawcy i zakupionej ilo\u015bci. Oto og\u00f3lny zakres cen:<\/p>\n<table>\n<thead>\n<tr>\n<th>Sprzedawca<\/th>\n<th>Cena (za gram)<\/th>\n<\/tr>\n<\/thead>\n<tbody>\n<tr>\n<td>Chemikalia badawcze na sprzeda\u017c<\/td>\n<td>$50<\/td>\n<\/tr>\n<tr>\n<td>RC Emporium<\/td>\n<td>$55<\/td>\n<\/tr>\n<tr>\n<td>Magazyn chemiczny<\/td>\n<td>$45<\/td>\n<\/tr>\n<tr>\n<td>Pure Chem<\/td>\n<td>$60<\/td>\n<\/tr>\n<\/tbody>\n<\/table>\n<h2>Gdzie kupi\u0107 2 MMC online?<\/h2>\n<h2>Kup 2 MMC online w Wielkiej Brytanii<\/h2>\n<ul>\n<li><strong>Jaskinia Goblin\u00f3w<\/strong>: Goblins Den to zaufane \u017ar\u00f3d\u0142o zakupu 2 MMC w Wielkiej Brytanii.<\/li>\n<li><strong>Chemikalia badawcze na sprzeda\u017c<\/strong>: <a href=\"https:\/\/trippywizard.nl\" target=\"_new\" rel=\"noopener\">Chemikalia badawcze na sprzeda\u017c<\/a> oferuje dwa MMC z r\u00f3\u017cnymi opcjami i niezawodn\u0105 obs\u0142ug\u0105.<\/li>\n<li><strong>RC Emporium<\/strong>: RC Emporium jest znane z wysokiej jako\u015bci produkt\u00f3w i opcji wysy\u0142ki w Wielkiej Brytanii.<\/li>\n<\/ul>\n<h2>Gdzie mog\u0119 kupi\u0107 2 MMC online w USA?<\/h2>\n<ul>\n<li><strong>Jaskinia Goblin\u00f3w<\/strong>: Goblins Den zapewnia 2-MMC bezpieczne opcje wysy\u0142ki w ca\u0142ych Stanach Zjednoczonych.<\/li>\n<li><strong>Chemikalia badawcze na sprzeda\u017c<\/strong>: <a href=\"https:\/\/trippywizard.nl\" target=\"_new\" rel=\"noopener\">Chemikalia badawcze na sprzeda\u017c<\/a>\u00a0Oferuje szerok\u0105 gam\u0119 chemikali\u00f3w badawczych, w tym 2 MMC.<\/li>\n<li><strong>Pure Chem<\/strong>: Pure Chem oferuje wysokiej jako\u015bci 2-MMC dost\u0119pne dla klient\u00f3w z USA.<\/li>\n<\/ul>\n<h2>Kup 2 MMC online w Kanadzie<\/h2>\n<ul>\n<li><strong>Jaskinia Goblin\u00f3w<\/strong>: Goblins Den jest dost\u0119pny dla klient\u00f3w z Kanady poszukuj\u0105cych 2 MMC.<\/li>\n<li><strong>Magazyn chemiczny<\/strong>: Chemical Warehouse to niezawodne \u017ar\u00f3d\u0142o 2 MMC z opcj\u0105 wysy\u0142ki do Kanady.<\/li>\n<li><strong>RC Emporium<\/strong>: RC Emporium oferuje 2 MMC z dostaw\u0105 do Kanady.<\/li>\n<\/ul>\n<h2>Kup 2 MMC online w Niemczech<\/h2>\n<ul>\n<li><strong>Jaskinia Goblin\u00f3w<\/strong>: Goblins Den to dobra opcja na zakup 2 MMC w Niemczech.<\/li>\n<li><strong>Chemikalia badawcze na sprzeda\u017c<\/strong>: <a href=\"https:\/\/trippywizard.nl\" target=\"_new\" rel=\"noopener\">Chemikalia badawcze na sprzeda\u017c<\/a> zapewnia dost\u0119p do 2 MMC dla niemieckich nabywc\u00f3w.<\/li>\n<li><strong>Pure Chem<\/strong>: Pure Chem oferuje 2 MMC z niezawodn\u0105 wysy\u0142k\u0105 do Niemiec.<\/li>\n<\/ul>\n<h2>Gdzie mo\u017cna kupi\u0107 2 MMC online w Belgii?<\/h2>\n<ul>\n<li><strong>Jaskinia Goblin\u00f3w<\/strong>: Goblins Den sprzedaje 2 MMC klientom w Belgii.<\/li>\n<li><strong>RC Emporium<\/strong>: RC Emporium posiada 2-MMC z opcjami dla Belgii.<\/li>\n<li><strong>Magazyn chemiczny<\/strong>: Magazyn chemikali\u00f3w jest dost\u0119pny dla belgijskich nabywc\u00f3w.<\/li>\n<\/ul>\n<h2>Gdzie mog\u0119 kupi\u0107 2 MMC online we Francji?<\/h2>\n<ul>\n<li><strong>Jaskinia Goblin\u00f3w<\/strong>: Goblins Den dostarcza dwa MMC dla klient\u00f3w we Francji.<\/li>\n<li><strong>Chemikalia badawcze na sprzeda\u017c<\/strong>: <a href=\"https:\/\/trippywizard.nl\" target=\"_new\" rel=\"noopener\">Chemikalia badawcze na sprzeda\u017c<\/a>: Dost\u0119pne dla francuskich klient\u00f3w poszukuj\u0105cych 2 MMC.<\/li>\n<li><strong>Pure Chem<\/strong>: Pure Chem oferuje 2-MMC z wysy\u0142k\u0105 do Francji.<\/li>\n<\/ul>\n<h2>Kup <strong>2-metylometkatynon<\/strong> Online we W\u0142oszech<\/h2>\n<ul>\n<li><strong>Jaskinia Goblin\u00f3w<\/strong>: Goblins Den oferuje 2 MMC dost\u0119pne dla w\u0142oskich klient\u00f3w.<\/li>\n<li><strong>Magazyn chemiczny<\/strong>: Chemical Warehouse jest zaufanym \u017ar\u00f3d\u0142em 2 MMC we W\u0142oszech.<\/li>\n<li><strong>RC Emporium<\/strong>: RC Emporium oferuje dwa MMC z opcj\u0105 dostawy do W\u0142och.<\/li>\n<\/ul>\n<h2>Gdzie mog\u0119 kupi\u0107 2 MMC online w Hiszpanii?<\/h2>\n<ul>\n<li><strong>Jaskinia Goblin\u00f3w<\/strong>: Goblins Den oferuje dwa MMC dla hiszpa\u0144skich klient\u00f3w.<\/li>\n<li><strong>Chemikalia badawcze na sprzeda\u017c<\/strong>: <a href=\"https:\/\/trippywizard.nl\" target=\"_new\" rel=\"noopener\">Chemikalia badawcze na sprzeda\u017c<\/a>: Dost\u0119pne dla os\u00f3b przebywaj\u0105cych w Hiszpanii.<\/li>\n<li><strong>Pure Chem<\/strong>: <a href=\"https:\/\/purechem.com\" target=\"_new\" rel=\"noopener\">Pure Chem<\/a> Funkcje 2-MMC z wysy\u0142k\u0105 do Hiszpanii.<\/li>\n<\/ul>\n<h2>Kup 2 MMC online w Australii<\/h2>\n<ul>\n<li><strong>Jaskinia Goblin\u00f3w<\/strong>: Goblins Den sprzedaje 2-MMC australijskim klientom.<\/li>\n<li><strong>RC Emporium<\/strong>: RC Emporium oferuje dwa MMC z opcj\u0105 wysy\u0142ki do Australii.<\/li>\n<li><strong>Magazyn chemiczny<\/strong>: Chemical Warehouse oferuje 2-MMC z dostaw\u0105 do Australii.<br \/>\n<h2>Kup 2 MMC online: Dostawa tego samego dnia i dyskretne opakowanie<\/h2>\n<p>Je\u015bli potrzebujesz <strong>2 MMC (2-metylometkatynon)<\/strong> szybko i dyskretnie, wielu sprzedawc\u00f3w online oferuje dostaw\u0119 tego samego dnia i opcje dyskretnego pakowania. Oto, co powiniene\u015b wiedzie\u0107:<\/p>\n<h3>Dostawa tego samego dnia<\/h3>\n<p><strong>Dostawa tego samego dnia<\/strong> zapewnia, \u017ce zam\u00f3wienie zostanie dostarczone tak szybko, jak to mo\u017cliwe, cz\u0119sto w ci\u0105gu kilku godzin od zakupu. Us\u0142uga ta jest idealna w przypadku pilnych potrzeb i jest dost\u0119pna u wybranych dostawc\u00f3w. Upewnij si\u0119, \u017ce wybrany sprzedawca oferuje t\u0119 opcj\u0119 i sprawd\u017a jego szczeg\u00f3\u0142owe zasady dostawy oraz godziny graniczne dla przetwarzania tego samego dnia.<\/p>\n<h3>Dyskretne opakowanie<\/h3>\n<p><strong>Dyskretne opakowanie<\/strong> oznacza, \u017ce zam\u00f3wienie zostanie wys\u0142ane w zwyk\u0142ym, nieoznakowanym opakowaniu, aby zapewni\u0107 prywatno\u015b\u0107 i bezpiecze\u0144stwo. Jest to wa\u017cne, je\u015bli wolisz zachowa\u0107 poufno\u015b\u0107 zakupu lub masz obawy dotycz\u0105ce prywatno\u015bci.<\/li>\n<\/ul>\n<hr \/>\n<p>Kupuj\u0105c 2 MMC online, zawsze upewnij si\u0119, \u017ce kupujesz z renomowanego \u017ar\u00f3d\u0142a, przestrzegasz lokalnych przepis\u00f3w i priorytetowo traktujesz bezpiecze\u0144stwo transakcji.<\/p>\n<p class=\"gt-block\">\n<\/div>\n<\/div>","protected":false},"excerpt":{"rendered":"<div class=\"elementor-element elementor-element-d1d265a elementor-widget elementor-widget-text-editor is-mac\" data-id=\"d1d265a\" data-element_type=\"widget\" data-widget_type=\"text-editor.default\">\n<div class=\"elementor-widget-container\"><strong>Kup 2 MMC online<br \/>\nMarka produktu:\u00a0<\/strong>2MMC<br \/>\n<strong>Produkt w magazynie: w magazynie<\/strong><span style=\"font-size: 1rem;\">Darmowa wysy\u0142ka powy\u017cej $50\u00a0<\/span><\/p>\n<\/div>\n<\/div>","protected":false},"featured_media":1194,"comment_status":"open","ping_status":"closed","template":"","meta":[],"product_brand":[],"product_cat":[15],"product_tag":[],"class_list":{"0":"post-1190","1":"product","2":"type-product","3":"status-publish","4":"has-post-thumbnail","6":"product_cat-order-research-chemicals-online","8":"first","9":"instock","10":"shipping-taxable","11":"purchasable","12":"product-type-variable"},"yoast_head":"<!-- This site is optimized with the Yoast SEO Premium plugin v25.1 (Yoast SEO v27.3) - https:\/\/yoast.com\/product\/yoast-seo-premium-wordpress\/ -->\n<title>Buy 2 MMC Powder - Trippy Wizard NL<\/title>\n<meta name=\"description\" content=\"Buy 2-MMC HCl (2-Methylmethcathinone Hydrochloride). available in Powder, Crystal, and Pellets forms at Research Chemicals For Sale\" \/>\n<meta name=\"robots\" content=\"index, follow, max-snippet:-1, max-image-preview:large, max-video-preview:-1\" \/>\n<link rel=\"canonical\" href=\"https:\/\/trippywizard.nl\/pl\/product\/kupic-2-mmc-online\/\" \/>\n<meta property=\"og:locale\" content=\"pl_PL\" \/>\n<meta property=\"og:type\" content=\"article\" \/>\n<meta property=\"og:title\" content=\"Buy 2 MMC Powder\" \/>\n<meta property=\"og:description\" content=\"Buy 2-MMC HCl (2-Methylmethcathinone Hydrochloride). available in Powder, Crystal, and Pellets forms at Research Chemicals For Sale\" \/>\n<meta property=\"og:url\" content=\"https:\/\/trippywizard.nl\/pl\/product\/kupic-2-mmc-online\/\" \/>\n<meta property=\"og:site_name\" content=\"Trippy Wizard NL\" \/>\n<meta property=\"article:modified_time\" content=\"2025-06-06T06:35:42+00:00\" \/>\n<meta property=\"og:image\" content=\"https:\/\/trippywizard.nl\/wp-content\/uploads\/2024\/07\/2-mmc-poeder.jpg\" \/>\n\t<meta property=\"og:image:width\" content=\"590\" \/>\n\t<meta property=\"og:image:height\" content=\"600\" \/>\n\t<meta property=\"og:image:type\" content=\"image\/jpeg\" \/>\n<meta name=\"twitter:card\" content=\"summary_large_image\" \/>\n<meta name=\"twitter:label1\" content=\"Szacowany czas czytania\" \/>\n\t<meta name=\"twitter:data1\" content=\"4 minuty\" \/>\n<script type=\"application\/ld+json\" class=\"yoast-schema-graph\">{\"@context\":\"https:\\\/\\\/schema.org\",\"@graph\":[{\"@type\":\"WebPage\",\"@id\":\"https:\\\/\\\/trippywizard.nl\\\/product\\\/buy-2-mmc-online\\\/\",\"url\":\"https:\\\/\\\/trippywizard.nl\\\/product\\\/buy-2-mmc-online\\\/\",\"name\":\"Buy 2 MMC Powder - Trippy Wizard NL\",\"isPartOf\":{\"@id\":\"https:\\\/\\\/trippywizard.nl\\\/#website\"},\"primaryImageOfPage\":{\"@id\":\"https:\\\/\\\/trippywizard.nl\\\/product\\\/buy-2-mmc-online\\\/#primaryimage\"},\"image\":{\"@id\":\"https:\\\/\\\/trippywizard.nl\\\/product\\\/buy-2-mmc-online\\\/#primaryimage\"},\"thumbnailUrl\":\"https:\\\/\\\/trippywizard.nl\\\/wp-content\\\/uploads\\\/2024\\\/07\\\/2-mmc-poeder.jpg\",\"datePublished\":\"2024-07-01T03:35:17+00:00\",\"dateModified\":\"2025-06-06T06:35:42+00:00\",\"description\":\"Buy 2-MMC HCl (2-Methylmethcathinone Hydrochloride). available in Powder, Crystal, and Pellets forms at Research Chemicals For Sale\",\"breadcrumb\":{\"@id\":\"https:\\\/\\\/trippywizard.nl\\\/product\\\/buy-2-mmc-online\\\/#breadcrumb\"},\"inLanguage\":\"pl-PL\",\"potentialAction\":[{\"@type\":\"ReadAction\",\"target\":[\"https:\\\/\\\/trippywizard.nl\\\/product\\\/buy-2-mmc-online\\\/\"]}]},{\"@type\":\"ImageObject\",\"inLanguage\":\"pl-PL\",\"@id\":\"https:\\\/\\\/trippywizard.nl\\\/product\\\/buy-2-mmc-online\\\/#primaryimage\",\"url\":\"https:\\\/\\\/trippywizard.nl\\\/wp-content\\\/uploads\\\/2024\\\/07\\\/2-mmc-poeder.jpg\",\"contentUrl\":\"https:\\\/\\\/trippywizard.nl\\\/wp-content\\\/uploads\\\/2024\\\/07\\\/2-mmc-poeder.jpg\",\"width\":590,\"height\":600,\"caption\":\"buy 2 mmc online, 2MMC for Sale\"},{\"@type\":\"BreadcrumbList\",\"@id\":\"https:\\\/\\\/trippywizard.nl\\\/product\\\/buy-2-mmc-online\\\/#breadcrumb\",\"itemListElement\":[{\"@type\":\"ListItem\",\"position\":1,\"name\":\"Home\",\"item\":\"https:\\\/\\\/trippywizard.nl\\\/\"},{\"@type\":\"ListItem\",\"position\":2,\"name\":\"Shop\",\"item\":\"https:\\\/\\\/trippywizard.nl\\\/shop\\\/\"},{\"@type\":\"ListItem\",\"position\":3,\"name\":\"Buy 2 MMC Powder\"}]},{\"@type\":\"WebSite\",\"@id\":\"https:\\\/\\\/trippywizard.nl\\\/#website\",\"url\":\"https:\\\/\\\/trippywizard.nl\\\/\",\"name\":\"trippywizard.nl\",\"description\":\"Your No.1 Research Chemical Shop \u2013 98.99%+ Pure, Lab-Tested Quality Online.\",\"publisher\":{\"@id\":\"https:\\\/\\\/trippywizard.nl\\\/#organization\"},\"potentialAction\":[{\"@type\":\"SearchAction\",\"target\":{\"@type\":\"EntryPoint\",\"urlTemplate\":\"https:\\\/\\\/trippywizard.nl\\\/?s={search_term_string}\"},\"query-input\":{\"@type\":\"PropertyValueSpecification\",\"valueRequired\":true,\"valueName\":\"search_term_string\"}}],\"inLanguage\":\"pl-PL\"},{\"@type\":\"Organization\",\"@id\":\"https:\\\/\\\/trippywizard.nl\\\/#organization\",\"name\":\"trippywizard.nl\",\"url\":\"https:\\\/\\\/trippywizard.nl\\\/\",\"logo\":{\"@type\":\"ImageObject\",\"inLanguage\":\"pl-PL\",\"@id\":\"https:\\\/\\\/trippywizard.nl\\\/#\\\/schema\\\/logo\\\/image\\\/\",\"url\":\"https:\\\/\\\/trippywizard.nl\\\/wp-content\\\/uploads\\\/2020\\\/06\\\/Screenshot_2025-07-15_032323-removebg-preview-e1752575212917.png\",\"contentUrl\":\"https:\\\/\\\/trippywizard.nl\\\/wp-content\\\/uploads\\\/2020\\\/06\\\/Screenshot_2025-07-15_032323-removebg-preview-e1752575212917.png\",\"width\":200,\"height\":49,\"caption\":\"trippywizard.nl\"},\"image\":{\"@id\":\"https:\\\/\\\/trippywizard.nl\\\/#\\\/schema\\\/logo\\\/image\\\/\"}}]}<\/script>\n<!-- \/ Yoast SEO Premium plugin. -->","yoast_head_json":{"title":"Kup 2 proszki MMC - Trippy Wizard NL","description":"Kup 2-MMC HCl (chlorowodorek 2-metylometkatynonu). dost\u0119pny w postaci proszku, kryszta\u0142u i granulatu w Research Chemicals na sprzeda\u017c.","robots":{"index":"index","follow":"follow","max-snippet":"max-snippet:-1","max-image-preview":"max-image-preview:large","max-video-preview":"max-video-preview:-1"},"canonical":"https:\/\/trippywizard.nl\/pl\/product\/kupic-2-mmc-online\/","og_locale":"pl_PL","og_type":"article","og_title":"Buy 2 MMC Powder","og_description":"Buy 2-MMC HCl (2-Methylmethcathinone Hydrochloride). available in Powder, Crystal, and Pellets forms at Research Chemicals For Sale","og_url":"https:\/\/trippywizard.nl\/pl\/product\/kupic-2-mmc-online\/","og_site_name":"Trippy Wizard NL","article_modified_time":"2025-06-06T06:35:42+00:00","og_image":[{"width":590,"height":600,"url":"https:\/\/trippywizard.nl\/wp-content\/uploads\/2024\/07\/2-mmc-poeder.jpg","type":"image\/jpeg"}],"twitter_card":"summary_large_image","twitter_misc":{"Szacowany czas czytania":"4 minuty"},"schema":{"@context":"https:\/\/schema.org","@graph":[{"@type":"WebPage","@id":"https:\/\/trippywizard.nl\/product\/buy-2-mmc-online\/","url":"https:\/\/trippywizard.nl\/product\/buy-2-mmc-online\/","name":"Kup 2 proszki MMC - Trippy Wizard NL","isPartOf":{"@id":"https:\/\/trippywizard.nl\/#website"},"primaryImageOfPage":{"@id":"https:\/\/trippywizard.nl\/product\/buy-2-mmc-online\/#primaryimage"},"image":{"@id":"https:\/\/trippywizard.nl\/product\/buy-2-mmc-online\/#primaryimage"},"thumbnailUrl":"https:\/\/trippywizard.nl\/wp-content\/uploads\/2024\/07\/2-mmc-poeder.jpg","datePublished":"2024-07-01T03:35:17+00:00","dateModified":"2025-06-06T06:35:42+00:00","description":"Kup 2-MMC HCl (chlorowodorek 2-metylometkatynonu). dost\u0119pny w postaci proszku, kryszta\u0142u i granulatu w Research Chemicals na sprzeda\u017c.","breadcrumb":{"@id":"https:\/\/trippywizard.nl\/product\/buy-2-mmc-online\/#breadcrumb"},"inLanguage":"pl-PL","potentialAction":[{"@type":"ReadAction","target":["https:\/\/trippywizard.nl\/product\/buy-2-mmc-online\/"]}]},{"@type":"ImageObject","inLanguage":"pl-PL","@id":"https:\/\/trippywizard.nl\/product\/buy-2-mmc-online\/#primaryimage","url":"https:\/\/trippywizard.nl\/wp-content\/uploads\/2024\/07\/2-mmc-poeder.jpg","contentUrl":"https:\/\/trippywizard.nl\/wp-content\/uploads\/2024\/07\/2-mmc-poeder.jpg","width":590,"height":600,"caption":"buy 2 mmc online, 2MMC for Sale"},{"@type":"BreadcrumbList","@id":"https:\/\/trippywizard.nl\/product\/buy-2-mmc-online\/#breadcrumb","itemListElement":[{"@type":"ListItem","position":1,"name":"Home","item":"https:\/\/trippywizard.nl\/"},{"@type":"ListItem","position":2,"name":"Shop","item":"https:\/\/trippywizard.nl\/shop\/"},{"@type":"ListItem","position":3,"name":"Buy 2 MMC Powder"}]},{"@type":"WebSite","@id":"https:\/\/trippywizard.nl\/#website","url":"https:\/\/trippywizard.nl\/","name":"trippywizard.nl","description":"Tw\u00f3j sklep chemiczny nr 1 - 98.99%+ Czysta, przetestowana laboratoryjnie jako\u015b\u0107 online.","publisher":{"@id":"https:\/\/trippywizard.nl\/#organization"},"potentialAction":[{"@type":"SearchAction","target":{"@type":"EntryPoint","urlTemplate":"https:\/\/trippywizard.nl\/?s={search_term_string}"},"query-input":{"@type":"PropertyValueSpecification","valueRequired":true,"valueName":"search_term_string"}}],"inLanguage":"pl-PL"},{"@type":"Organization","@id":"https:\/\/trippywizard.nl\/#organization","name":"trippywizard.nl","url":"https:\/\/trippywizard.nl\/","logo":{"@type":"ImageObject","inLanguage":"pl-PL","@id":"https:\/\/trippywizard.nl\/#\/schema\/logo\/image\/","url":"https:\/\/trippywizard.nl\/wp-content\/uploads\/2020\/06\/Screenshot_2025-07-15_032323-removebg-preview-e1752575212917.png","contentUrl":"https:\/\/trippywizard.nl\/wp-content\/uploads\/2020\/06\/Screenshot_2025-07-15_032323-removebg-preview-e1752575212917.png","width":200,"height":49,"caption":"trippywizard.nl"},"image":{"@id":"https:\/\/trippywizard.nl\/#\/schema\/logo\/image\/"}}]}},"jetpack_sharing_enabled":true,"_links":{"self":[{"href":"https:\/\/trippywizard.nl\/pl\/wp-json\/wp\/v2\/product\/1190","targetHints":{"allow":["GET"]}}],"collection":[{"href":"https:\/\/trippywizard.nl\/pl\/wp-json\/wp\/v2\/product"}],"about":[{"href":"https:\/\/trippywizard.nl\/pl\/wp-json\/wp\/v2\/types\/product"}],"replies":[{"embeddable":true,"href":"https:\/\/trippywizard.nl\/pl\/wp-json\/wp\/v2\/comments?post=1190"}],"version-history":[{"count":1,"href":"https:\/\/trippywizard.nl\/pl\/wp-json\/wp\/v2\/product\/1190\/revisions"}],"predecessor-version":[{"id":1271,"href":"https:\/\/trippywizard.nl\/pl\/wp-json\/wp\/v2\/product\/1190\/revisions\/1271"}],"wp:featuredmedia":[{"embeddable":true,"href":"https:\/\/trippywizard.nl\/pl\/wp-json\/wp\/v2\/media\/1194"}],"wp:attachment":[{"href":"https:\/\/trippywizard.nl\/pl\/wp-json\/wp\/v2\/media?parent=1190"}],"wp:term":[{"taxonomy":"product_brand","embeddable":true,"href":"https:\/\/trippywizard.nl\/pl\/wp-json\/wp\/v2\/product_brand?post=1190"},{"taxonomy":"product_cat","embeddable":true,"href":"https:\/\/trippywizard.nl\/pl\/wp-json\/wp\/v2\/product_cat?post=1190"},{"taxonomy":"product_tag","embeddable":true,"href":"https:\/\/trippywizard.nl\/pl\/wp-json\/wp\/v2\/product_tag?post=1190"}],"curies":[{"name":"wp","href":"https:\/\/api.w.org\/{rel}","templated":true}]}}