{"id":321,"date":"2024-06-05T11:13:34","date_gmt":"2024-06-05T11:13:34","guid":{"rendered":"https:\/\/trippywizard.nl\/?post_type=product&#038;p=321"},"modified":"2024-06-05T11:14:59","modified_gmt":"2024-06-05T11:14:59","slug":"ibogaine-te-koop","status":"publish","type":"product","link":"https:\/\/trippywizard.nl\/nl\/product\/ibogaine-te-koop\/","title":{"rendered":"Iboga\u00efne te koop"},"content":{"rendered":"<h1 style=\"text-align: center;\">Iboga\u00efne te koop<\/h1>\n<p>Ibogaine te koop, Iboga (Tabernanthe iboga) is een struik die in sommige Afrikaanse culturen gebruikt wordt voor rituele en ceremoni\u00eble doeleinden. Het heeft hallucinogene effecten.<\/p>\n<p>Iboga bevat chemische stoffen die het volgende kunnen veroorzaken\u00a0<a href=\"https:\/\/trippypharma.com\/product\/buy-mushroom-gummies\/\">hersenen<\/a>\u00a0stimulatie. De wortelschors van de plant bevat een chemische stof die iboga\u00efne heet. Iboga\u00efne is illegaal in de VS vanwege de grote kans op misbruik.<\/p>\n<p>Even belangrijk is dat mensen iboga gebruiken om af te kicken van <a href=\"https:\/\/trippypharma.com\/product\/buy-heroin-online\/\">hero\u00efne<\/a>,\u00a0<a href=\"https:\/\/trippypharma.com\/product\/fentanyl-powder\/\">morfine<\/a>en andere\u00a0<a href=\"https:\/\/trippypharma.com\/product\/u-47700\/\">opio\u00efden<\/a>Maar er is geen goed wetenschappelijk bewijs dat het gebruik ondersteunt. Het gebruik van iboga kan ook onveilig zijn.<\/p>\n<div class=\"css-1u22pos\">\n<h2 class=\"h2\" style=\"text-align: center;\"><strong>Wat is een behandeling met iboga\u00efne?<\/strong><\/h2>\n<p>Iboga\u00efne is een psychedelische stof die voorkomt in iboga, een West-Afrikaanse struik. Het wordt van oudsher gebruikt in genezingsceremonies en initiatierituelen in de Bwiti religie in West-Afrika.<\/p>\n<p><img fetchpriority=\"high\" decoding=\"async\" class=\"alignnone size-medium wp-image-1179 aligncenter\" src=\"https:\/\/trippypharma.com\/wp-content\/uploads\/2022\/01\/iboga-300x225.jpeg\" alt=\"Iboga\u00efne Te Koop\" width=\"300\" height=\"225\" \/><\/p>\n<p>Bovendien beweren sommige mensen tegenwoordig dat het gebruikt kan worden als behandeling voor opiaatverslaving. Het is niet goedgekeurd door de Food and Drug Administration (FDA) voor een verslavende stoornis en het is geclassificeerd als een drug van lijst I in de Verenigde Staten. Schedule I drugs zijn stoffen met een hoog misbruikpotentieel.<\/p>\n<\/div>\n<div class=\"css-0\">\n<div><strong>Behandeling<\/strong><\/div>\n<p>Specifiek werkt Iboga\u00efne in kleine doses als een mild stimulerend middel. In grote doses kan het iemand in een ernstige psychedelische toestand brengen. Sommige mensen hebben ontdekt dat grote doses de ontwenningsverschijnselen van opiaten verminderen en helpen bij hunkering naar drugs.<\/p>\n<p>Over het algemeen hebben mensen met een verslaving aan middelen ontdekt dat grote doses de ontwenning van opiaten kunnen verminderen en hen kunnen helpen om van hun verslaving aan middelen af te komen. In veel gevallen zijn de effecten echter van korte duur. De veiligheid van deze behandeling staat ook ter discussie. De meeste onderzoeken zijn bij dieren uitgevoerd. Bij mensen zijn er ernstige bijwerkingen geweest, waaronder onverklaarbare sterfgevallen die in verband kunnen worden gebracht met de behandeling.<\/p>\n<h3 style=\"text-align: center;\"><span style=\"background-color: #d5d5d5;\">Wa<\/span>t wordt Iboga\u00efne gebruikt?<\/h3>\n<div>\n<p><strong>GEBRUIK VAN Iboga\u00efne<\/strong><\/p>\n<\/div>\n<ul>\n<li><b>Om te beginnen, Drugsmisbruik<\/b>. Er zijn aanwijzingen dat iboga\u00efne, een chemische stof in iboga, kan helpen om onthouding te bevorderen en ontwenningsverschijnselen te verlichten bij mensen die drugs zoals hero\u00efne en code\u00efne gebruiken,\u00a0<a href=\"https:\/\/en.wikipedia.org\/wiki\/Cocaine\" rel=\"rx-desc\">coca\u00efne<\/a>\u00a0en andere stoffen zoals alcohol, tabak en marihuana. Het bestaande onderzoek is echter gebrekkig en onbetrouwbaar.<\/li>\n<li>Verslavingen.<\/li>\n<li>Koorts.<\/li>\n<li>Griep.<\/li>\n<li>HIV\/AIDS.<\/li>\n<li>Hoge bloeddruk.<\/li>\n<li>Ook zenuwaandoeningen.<\/li>\n<li>Vermoeidheid en slaperigheid voorkomen.<\/li>\n<li>Tot slot Andere voorwaarden.<\/li>\n<\/ul>\n<h4 style=\"text-align: center;\"><strong>\u00a0EFFECTEN van Iboga\u00efne<\/strong><\/h4>\n<p>Ten eerste: stemming:<\/p>\n<ul>\n<li>gevoel van welzijn<\/li>\n<li>euforie<\/li>\n<\/ul>\n<p>Fysiek:<\/p>\n<ul>\n<li>pijnverlichting<\/li>\n<li>Opnieuw duizeligheid<\/li>\n<li>slaperigheid<\/li>\n<li>misselijkheid<\/li>\n<\/ul>\n<\/div>","protected":false},"excerpt":{"rendered":"<p>Puur\u00a0<em>Iboga\u00efne<\/em>\u00a0HCl ge\u00ebxtraheerd uit Tabernanthe\u00a0<em>iboga<\/em>\u00a0wortelschors. Onze\u00a0<em>Iboga\u00efne<\/em>\u00a0HCl voor\u00a0<em>verkoop<\/em>\u00a0kosten<\/p>","protected":false},"featured_media":375,"comment_status":"open","ping_status":"closed","template":"","meta":[],"product_brand":[],"product_cat":[25],"product_tag":[],"class_list":{"0":"post-321","1":"product","2":"type-product","3":"status-publish","4":"has-post-thumbnail","6":"product_cat-research-chemicals","8":"first","9":"instock","10":"shipping-taxable","11":"purchasable","12":"product-type-variable"},"yoast_head":"<!-- This site is optimized with the Yoast SEO Premium plugin v25.1 (Yoast SEO v27.3) - https:\/\/yoast.com\/product\/yoast-seo-premium-wordpress\/ -->\n<title>Ibogaine For Sale - Buy Ibogaine Online | Where Can You Buy Ibogaine ?<\/title>\n<meta name=\"description\" content=\"Ibogaine For Sale, Buy Ibogaine Online, Buy Ibogaine in Greece , ibogaine for sale in us, ibogaine for sale in Canada, buy Ibogaine In Romania\" \/>\n<meta name=\"robots\" content=\"index, follow, max-snippet:-1, max-image-preview:large, max-video-preview:-1\" \/>\n<link rel=\"canonical\" href=\"https:\/\/trippywizard.nl\/nl\/product\/ibogaine-te-koop\/\" \/>\n<meta property=\"og:locale\" content=\"nl_NL\" \/>\n<meta property=\"og:type\" content=\"article\" \/>\n<meta property=\"og:title\" content=\"Ibogaine for sale\" \/>\n<meta property=\"og:description\" content=\"Ibogaine For Sale, Buy Ibogaine Online, Buy Ibogaine in Greece , ibogaine for sale in us, ibogaine for sale in Canada, buy Ibogaine In Romania\" \/>\n<meta property=\"og:url\" content=\"https:\/\/trippywizard.nl\/nl\/product\/ibogaine-te-koop\/\" \/>\n<meta property=\"og:site_name\" content=\"Trippy Wizard NL\" \/>\n<meta property=\"article:modified_time\" content=\"2024-06-05T11:14:59+00:00\" \/>\n<meta property=\"og:image\" content=\"https:\/\/trippywizard.nl\/wp-content\/uploads\/2024\/06\/download-1-min.jpg\" \/>\n\t<meta property=\"og:image:width\" content=\"474\" \/>\n\t<meta property=\"og:image:height\" content=\"348\" \/>\n\t<meta property=\"og:image:type\" content=\"image\/jpeg\" \/>\n<meta name=\"twitter:card\" content=\"summary_large_image\" \/>\n<meta name=\"twitter:label1\" content=\"Geschatte leestijd\" \/>\n\t<meta name=\"twitter:data1\" content=\"2 minuten\" \/>\n<script type=\"application\/ld+json\" class=\"yoast-schema-graph\">{\"@context\":\"https:\\\/\\\/schema.org\",\"@graph\":[{\"@type\":\"WebPage\",\"@id\":\"https:\\\/\\\/trippywizard.nl\\\/product\\\/ibogaine-for-sale\\\/\",\"url\":\"https:\\\/\\\/trippywizard.nl\\\/product\\\/ibogaine-for-sale\\\/\",\"name\":\"Ibogaine For Sale - Buy Ibogaine Online | Where Can You Buy Ibogaine ?\",\"isPartOf\":{\"@id\":\"https:\\\/\\\/trippywizard.nl\\\/#website\"},\"primaryImageOfPage\":{\"@id\":\"https:\\\/\\\/trippywizard.nl\\\/product\\\/ibogaine-for-sale\\\/#primaryimage\"},\"image\":{\"@id\":\"https:\\\/\\\/trippywizard.nl\\\/product\\\/ibogaine-for-sale\\\/#primaryimage\"},\"thumbnailUrl\":\"https:\\\/\\\/trippywizard.nl\\\/wp-content\\\/uploads\\\/2024\\\/06\\\/download-1-min.jpg\",\"datePublished\":\"2024-06-05T11:13:34+00:00\",\"dateModified\":\"2024-06-05T11:14:59+00:00\",\"description\":\"Ibogaine For Sale, Buy Ibogaine Online, Buy Ibogaine in Greece , ibogaine for sale in us, ibogaine for sale in Canada, buy Ibogaine In Romania\",\"breadcrumb\":{\"@id\":\"https:\\\/\\\/trippywizard.nl\\\/product\\\/ibogaine-for-sale\\\/#breadcrumb\"},\"inLanguage\":\"nl-NL\",\"potentialAction\":[{\"@type\":\"ReadAction\",\"target\":[\"https:\\\/\\\/trippywizard.nl\\\/product\\\/ibogaine-for-sale\\\/\"]}]},{\"@type\":\"ImageObject\",\"inLanguage\":\"nl-NL\",\"@id\":\"https:\\\/\\\/trippywizard.nl\\\/product\\\/ibogaine-for-sale\\\/#primaryimage\",\"url\":\"https:\\\/\\\/trippywizard.nl\\\/wp-content\\\/uploads\\\/2024\\\/06\\\/download-1-min.jpg\",\"contentUrl\":\"https:\\\/\\\/trippywizard.nl\\\/wp-content\\\/uploads\\\/2024\\\/06\\\/download-1-min.jpg\",\"width\":474,\"height\":348},{\"@type\":\"BreadcrumbList\",\"@id\":\"https:\\\/\\\/trippywizard.nl\\\/product\\\/ibogaine-for-sale\\\/#breadcrumb\",\"itemListElement\":[{\"@type\":\"ListItem\",\"position\":1,\"name\":\"Home\",\"item\":\"https:\\\/\\\/trippywizard.nl\\\/\"},{\"@type\":\"ListItem\",\"position\":2,\"name\":\"Shop\",\"item\":\"https:\\\/\\\/trippywizard.nl\\\/shop\\\/\"},{\"@type\":\"ListItem\",\"position\":3,\"name\":\"Ibogaine for sale\"}]},{\"@type\":\"WebSite\",\"@id\":\"https:\\\/\\\/trippywizard.nl\\\/#website\",\"url\":\"https:\\\/\\\/trippywizard.nl\\\/\",\"name\":\"trippywizard.nl\",\"description\":\"Your No.1 Research Chemical Shop \u2013 98.99%+ Pure, Lab-Tested Quality Online.\",\"publisher\":{\"@id\":\"https:\\\/\\\/trippywizard.nl\\\/#organization\"},\"potentialAction\":[{\"@type\":\"SearchAction\",\"target\":{\"@type\":\"EntryPoint\",\"urlTemplate\":\"https:\\\/\\\/trippywizard.nl\\\/?s={search_term_string}\"},\"query-input\":{\"@type\":\"PropertyValueSpecification\",\"valueRequired\":true,\"valueName\":\"search_term_string\"}}],\"inLanguage\":\"nl-NL\"},{\"@type\":\"Organization\",\"@id\":\"https:\\\/\\\/trippywizard.nl\\\/#organization\",\"name\":\"trippywizard.nl\",\"url\":\"https:\\\/\\\/trippywizard.nl\\\/\",\"logo\":{\"@type\":\"ImageObject\",\"inLanguage\":\"nl-NL\",\"@id\":\"https:\\\/\\\/trippywizard.nl\\\/#\\\/schema\\\/logo\\\/image\\\/\",\"url\":\"https:\\\/\\\/trippywizard.nl\\\/wp-content\\\/uploads\\\/2020\\\/06\\\/Screenshot_2025-07-15_032323-removebg-preview-e1752575212917.png\",\"contentUrl\":\"https:\\\/\\\/trippywizard.nl\\\/wp-content\\\/uploads\\\/2020\\\/06\\\/Screenshot_2025-07-15_032323-removebg-preview-e1752575212917.png\",\"width\":200,\"height\":49,\"caption\":\"trippywizard.nl\"},\"image\":{\"@id\":\"https:\\\/\\\/trippywizard.nl\\\/#\\\/schema\\\/logo\\\/image\\\/\"}}]}<\/script>\n<!-- \/ Yoast SEO Premium plugin. -->","yoast_head_json":{"title":"Iboga\u00efne Te Koop - Iboga\u00efne Online Kopen | Waar Kun Je Iboga\u00efne Kopen?","description":"Iboga\u00efne Te koop, Iboga\u00efne online kopen, Iboga\u00efne kopen in Griekenland , iboga\u00efne te koop in Nederland, iboga\u00efne te koop in Canada, Iboga\u00efne kopen in Roemeni\u00eb","robots":{"index":"index","follow":"follow","max-snippet":"max-snippet:-1","max-image-preview":"max-image-preview:large","max-video-preview":"max-video-preview:-1"},"canonical":"https:\/\/trippywizard.nl\/nl\/product\/ibogaine-te-koop\/","og_locale":"nl_NL","og_type":"article","og_title":"Ibogaine for sale","og_description":"Ibogaine For Sale, Buy Ibogaine Online, Buy Ibogaine in Greece , ibogaine for sale in us, ibogaine for sale in Canada, buy Ibogaine In Romania","og_url":"https:\/\/trippywizard.nl\/nl\/product\/ibogaine-te-koop\/","og_site_name":"Trippy Wizard NL","article_modified_time":"2024-06-05T11:14:59+00:00","og_image":[{"width":474,"height":348,"url":"https:\/\/trippywizard.nl\/wp-content\/uploads\/2024\/06\/download-1-min.jpg","type":"image\/jpeg"}],"twitter_card":"summary_large_image","twitter_misc":{"Geschatte leestijd":"2 minuten"},"schema":{"@context":"https:\/\/schema.org","@graph":[{"@type":"WebPage","@id":"https:\/\/trippywizard.nl\/product\/ibogaine-for-sale\/","url":"https:\/\/trippywizard.nl\/product\/ibogaine-for-sale\/","name":"Iboga\u00efne Te Koop - Iboga\u00efne Online Kopen | Waar Kun Je Iboga\u00efne Kopen?","isPartOf":{"@id":"https:\/\/trippywizard.nl\/#website"},"primaryImageOfPage":{"@id":"https:\/\/trippywizard.nl\/product\/ibogaine-for-sale\/#primaryimage"},"image":{"@id":"https:\/\/trippywizard.nl\/product\/ibogaine-for-sale\/#primaryimage"},"thumbnailUrl":"https:\/\/trippywizard.nl\/wp-content\/uploads\/2024\/06\/download-1-min.jpg","datePublished":"2024-06-05T11:13:34+00:00","dateModified":"2024-06-05T11:14:59+00:00","description":"Iboga\u00efne Te koop, Iboga\u00efne online kopen, Iboga\u00efne kopen in Griekenland , iboga\u00efne te koop in Nederland, iboga\u00efne te koop in Canada, Iboga\u00efne kopen in Roemeni\u00eb","breadcrumb":{"@id":"https:\/\/trippywizard.nl\/product\/ibogaine-for-sale\/#breadcrumb"},"inLanguage":"nl-NL","potentialAction":[{"@type":"ReadAction","target":["https:\/\/trippywizard.nl\/product\/ibogaine-for-sale\/"]}]},{"@type":"ImageObject","inLanguage":"nl-NL","@id":"https:\/\/trippywizard.nl\/product\/ibogaine-for-sale\/#primaryimage","url":"https:\/\/trippywizard.nl\/wp-content\/uploads\/2024\/06\/download-1-min.jpg","contentUrl":"https:\/\/trippywizard.nl\/wp-content\/uploads\/2024\/06\/download-1-min.jpg","width":474,"height":348},{"@type":"BreadcrumbList","@id":"https:\/\/trippywizard.nl\/product\/ibogaine-for-sale\/#breadcrumb","itemListElement":[{"@type":"ListItem","position":1,"name":"Home","item":"https:\/\/trippywizard.nl\/"},{"@type":"ListItem","position":2,"name":"Shop","item":"https:\/\/trippywizard.nl\/shop\/"},{"@type":"ListItem","position":3,"name":"Ibogaine for sale"}]},{"@type":"WebSite","@id":"https:\/\/trippywizard.nl\/#website","url":"https:\/\/trippywizard.nl\/","name":"trippywizard.nl","description":"Uw Nr.1 Chemicali\u00ebnwinkel voor onderzoek - 98,99%+ pure, laboratoriumgeteste kwaliteit online.","publisher":{"@id":"https:\/\/trippywizard.nl\/#organization"},"potentialAction":[{"@type":"SearchAction","target":{"@type":"EntryPoint","urlTemplate":"https:\/\/trippywizard.nl\/?s={search_term_string}"},"query-input":{"@type":"PropertyValueSpecification","valueRequired":true,"valueName":"search_term_string"}}],"inLanguage":"nl-NL"},{"@type":"Organization","@id":"https:\/\/trippywizard.nl\/#organization","name":"trippywizard.nl","url":"https:\/\/trippywizard.nl\/","logo":{"@type":"ImageObject","inLanguage":"nl-NL","@id":"https:\/\/trippywizard.nl\/#\/schema\/logo\/image\/","url":"https:\/\/trippywizard.nl\/wp-content\/uploads\/2020\/06\/Screenshot_2025-07-15_032323-removebg-preview-e1752575212917.png","contentUrl":"https:\/\/trippywizard.nl\/wp-content\/uploads\/2020\/06\/Screenshot_2025-07-15_032323-removebg-preview-e1752575212917.png","width":200,"height":49,"caption":"trippywizard.nl"},"image":{"@id":"https:\/\/trippywizard.nl\/#\/schema\/logo\/image\/"}}]}},"jetpack_sharing_enabled":true,"_links":{"self":[{"href":"https:\/\/trippywizard.nl\/nl\/wp-json\/wp\/v2\/product\/321","targetHints":{"allow":["GET"]}}],"collection":[{"href":"https:\/\/trippywizard.nl\/nl\/wp-json\/wp\/v2\/product"}],"about":[{"href":"https:\/\/trippywizard.nl\/nl\/wp-json\/wp\/v2\/types\/product"}],"replies":[{"embeddable":true,"href":"https:\/\/trippywizard.nl\/nl\/wp-json\/wp\/v2\/comments?post=321"}],"version-history":[{"count":0,"href":"https:\/\/trippywizard.nl\/nl\/wp-json\/wp\/v2\/product\/321\/revisions"}],"wp:featuredmedia":[{"embeddable":true,"href":"https:\/\/trippywizard.nl\/nl\/wp-json\/wp\/v2\/media\/375"}],"wp:attachment":[{"href":"https:\/\/trippywizard.nl\/nl\/wp-json\/wp\/v2\/media?parent=321"}],"wp:term":[{"taxonomy":"product_brand","embeddable":true,"href":"https:\/\/trippywizard.nl\/nl\/wp-json\/wp\/v2\/product_brand?post=321"},{"taxonomy":"product_cat","embeddable":true,"href":"https:\/\/trippywizard.nl\/nl\/wp-json\/wp\/v2\/product_cat?post=321"},{"taxonomy":"product_tag","embeddable":true,"href":"https:\/\/trippywizard.nl\/nl\/wp-json\/wp\/v2\/product_tag?post=321"}],"curies":[{"name":"wp","href":"https:\/\/api.w.org\/{rel}","templated":true}]}}