{"id":307,"date":"2024-06-05T11:13:34","date_gmt":"2024-06-05T11:13:34","guid":{"rendered":"https:\/\/trippywizard.nl\/?post_type=product&#038;p=307"},"modified":"2025-05-22T11:25:42","modified_gmt":"2025-05-22T11:25:42","slug":"heroine-online","status":"publish","type":"product","link":"https:\/\/trippywizard.nl\/nl\/product\/heroine-online\/","title":{"rendered":"Hero\u00efne online"},"content":{"rendered":"<h1>Online hero\u00efne kopen<\/h1>\n<p>Online hero\u00efne kopen. Wij verkopen de beste kwaliteit hero\u00efne in de Verenigde Staten, Afghanistan, Groot-Brittanni\u00eb, Canada en Australi\u00eb.\u00a0<strong>Wereld<\/strong>\u00a0in het algemeen. Voor wederverkopers bieden we de mogelijkheid om online hero\u00efne groothandel te bestellen. Koop nu online hero\u00efne.\u00a0<b>Hero\u00efne<\/b>ook bekend als\u00a0<b>diamorfine<\/b>\u00a0onder andere namen,<sup id=\"cite_ref-Heroin's_rINN_1-1\" class=\"reference\"><\/sup>\u00a0is een\u00a0<a href=\"https:\/\/en.wikipedia.org\/wiki\/Opioid\"><strong><span style=\"color: #00ccff;\">opio\u00efde<\/span><\/strong><\/a>\u00a0Het meest gebruikt als recreatieve drug vanwege de euforische effecten.<sup id=\"cite_ref-Drugs2014_2-1\" class=\"reference\"><\/sup> Het wordt in verschillende landen medisch gebruikt om pijn te verlichten of bij opio\u00efdenvervangingstherapie. Het is meestal injecteerbaar, meestal in een ader, maar het kan ook gerookt, gesnoven of ge\u00efnhaleerd worden.<sup id=\"cite_ref-Drugs2014_2-2\" class=\"reference\"><\/sup><sup id=\"cite_ref-NIH2014_11-0\" class=\"reference\"><\/sup><sup id=\"cite_ref-12\" class=\"reference\"><\/sup>\u00a0De effecten treden meestal snel op en duren een paar uur.<\/p>\n<h2><a href=\"https:\/\/trippypharma.com\/shop\/\"><em><strong><span style=\"color: #00ccff;\">Online hero\u00efne kopen in de VS, Groot-Brittanni\u00eb en de rest van de wereld<\/span><\/strong><\/em><\/a><\/h2>\n<p>Hero\u00efne is een opio\u00efde drug die wordt gesynthetiseerd uit morfine, een natuurlijk voorkomende stof en een extract uit de zaadpeul van de Aziatische papaverplant. Hero\u00efne verschijnt meestal als een wit of bruin poeder of als een zwarte kleverige substantie, bekend als \"zwarte teer hero\u00efne\".<\/p>\n<p>In 2011 hadden 4,2 miljoen Amerikanen van 12 jaar of ouder (of 1,6 procent) minstens \u00e9\u00e9n keer in hun leven hero\u00efne gebruikt.<\/p>\n<p>Ongeveer 23 procent van de mensen die hero\u00efne gebruiken, raakt eraan verslaafd.<\/p>\n<h3><strong>Hero\u00efne online kopen Hoe kunnen we hero\u00efne gebruiken?<\/strong><\/h3>\n<p>Hero\u00efne kan worden ge\u00efnjecteerd, ge\u00efnhaleerd of geconsumeerd door snuiven, snuiven of roken. Bij alle drie de toedieningswijzen komt de drug zeer snel in de hersenen terecht.<\/p>\n<p>&nbsp;<\/p>\n<h4 class=\"title\"><strong>Wat zijn de behandelingen voor hero\u00efneverslaving?<\/strong><\/h4>\n<p>Er zijn verschillende effectieve behandelingen beschikbaar voor hero\u00efneverslaving, waaronder gedragsbehandelingen en farmacologische behandelingen (medicijnen). Bovendien helpen beide benaderingen om de hersenfunctie en het gedrag weer enigszins te normaliseren, wat resulteert in een hogere arbeidsparticipatie en een lager risico op hiv en andere ziekten en crimineel gedrag. Vandaar dat Hero\u00efne te koop is.<\/p>\n<h3><span id=\"Medical_uses\" class=\"mw-headline\">Medisch gebruik<\/span><\/h3>\n<p>Onder de generieke naam diamorfine wordt hero\u00efne voorgeschreven als een sterk\u00a0<a title=\"Pijnstillend\" href=\"https:\/\/en.wikipedia.org\/wiki\/Analgesic\">pijnmedicatie<\/a>\u00a0in het Verenigd Koninkrijk, waar het wordt beheerd via\u00a0<a title=\"Tablet (apotheek)\" href=\"https:\/\/en.wikipedia.org\/wiki\/Tablet_(pharmacy)\">oraal<\/a>Onderhuids, intramusculair, intrathecaal, intranasaal of intraveneus. Het kan worden voorgeschreven voor de behandeling van acute pijn, zoals bij ernstig lichamelijk trauma, myocardinfarct, postoperatieve pijn en pijn na een operatie.\u00a0<a title=\"Chronische pijn\" href=\"https:\/\/en.wikipedia.org\/wiki\/Chronic_pain\">chronische pijn<\/a>waaronder terminale ziekten in het eindstadium. In andere landen is het gebruikelijker om morfine of andere sterke opio\u00efden te gebruiken in deze situaties. In 2004 produceerde het National Institute for Health and Clinical Excellence richtlijnen voor de behandeling van een keizersnede, waarin het gebruik van intrathecale of epidurale diamorfine voor postoperatieve ingrepen werd aanbevolen.\u00a0<a class=\"mw-redirect\" title=\"Verlichting van pijn\" href=\"https:\/\/en.wikipedia.org\/wiki\/Pain_relief\">pijnverlichting<\/a>.<\/p>\n<h3>Hero\u00efne te koop. Veilig en betrouwbaar<\/h3>\n<p>Bij vrouwen die intrathecale opio\u00efden hebben gehad, moet de ademfrequentie minimaal elk uur worden geobserveerd.<\/p>\n<p>Sedatie- en pijnscores gedurende ten minste 12 uur voor diamorfine en 24 uur voor morfine.<\/p>\n<p>Epidurale diamorfine (2,5-5 mg) is een geschikt alternatief. Hero\u00efne online kopen<\/p>","protected":false},"excerpt":{"rendered":"<p>Hero\u00efne is een opio\u00efde drug die meestal wordt gebruikt als recreatief medicijn vanwege de euforische effecten. Medisch gezien wordt het in verschillende landen gebruikt om pijn te verlichten of bij een opio\u00efdenvervangingstherapie.<\/p>\n<p>Moleculaire formule: C21H23NO5<br \/>\nGemiddelde massa: 369,411 Da<br \/>\nMolecuulgewicht: 369,4 g\/mol<br \/>\nMonoisotopische massa: 369,157623 Da<br \/>\nChemSpider ID: 4575379<\/p>","protected":false},"featured_media":341,"comment_status":"open","ping_status":"closed","template":"","meta":[],"product_brand":[],"product_cat":[25],"product_tag":[],"class_list":{"0":"post-307","1":"product","2":"type-product","3":"status-publish","4":"has-post-thumbnail","6":"product_cat-research-chemicals","8":"first","9":"instock","10":"shipping-taxable","11":"purchasable","12":"product-type-variable"},"yoast_head":"<!-- This site is optimized with the Yoast SEO Premium plugin v25.1 (Yoast SEO v27.3) - https:\/\/yoast.com\/product\/yoast-seo-premium-wordpress\/ -->\n<title>Buy Heroin Online | Where to buy Heroin Dark web | Buy Heroin USA<\/title>\n<meta name=\"description\" content=\"Buy Heroin Online is an opioid drug used as a medication for its euphoric effects. Medically it is used to relieve pain or in opioid replacement therapy.\" \/>\n<meta name=\"robots\" content=\"index, follow, max-snippet:-1, max-image-preview:large, max-video-preview:-1\" \/>\n<link rel=\"canonical\" href=\"https:\/\/trippywizard.nl\/nl\/product\/heroine-online\/\" \/>\n<meta property=\"og:locale\" content=\"nl_NL\" \/>\n<meta property=\"og:type\" content=\"article\" \/>\n<meta property=\"og:title\" content=\"Heroin Online\" \/>\n<meta property=\"og:description\" content=\"Buy Heroin Online is an opioid drug used as a medication for its euphoric effects. Medically it is used to relieve pain or in opioid replacement therapy.\" \/>\n<meta property=\"og:url\" content=\"https:\/\/trippywizard.nl\/nl\/product\/heroine-online\/\" \/>\n<meta property=\"og:site_name\" content=\"Trippy Wizard NL\" \/>\n<meta property=\"article:modified_time\" content=\"2025-05-22T11:25:42+00:00\" \/>\n<meta property=\"og:image\" content=\"https:\/\/trippywizard.nl\/wp-content\/uploads\/2024\/06\/fentaaaaaaaa-e1615883985437.png\" \/>\n\t<meta property=\"og:image:width\" content=\"220\" \/>\n\t<meta property=\"og:image:height\" content=\"220\" \/>\n\t<meta property=\"og:image:type\" content=\"image\/png\" \/>\n<meta name=\"twitter:card\" content=\"summary_large_image\" \/>\n<meta name=\"twitter:label1\" content=\"Geschatte leestijd\" \/>\n\t<meta name=\"twitter:data1\" content=\"2 minuten\" \/>\n<script type=\"application\/ld+json\" class=\"yoast-schema-graph\">{\"@context\":\"https:\\\/\\\/schema.org\",\"@graph\":[{\"@type\":\"WebPage\",\"@id\":\"https:\\\/\\\/trippywizard.nl\\\/product\\\/heroin-online\\\/\",\"url\":\"https:\\\/\\\/trippywizard.nl\\\/product\\\/heroin-online\\\/\",\"name\":\"Buy Heroin Online | Where to buy Heroin Dark web | Buy Heroin USA\",\"isPartOf\":{\"@id\":\"https:\\\/\\\/trippywizard.nl\\\/#website\"},\"primaryImageOfPage\":{\"@id\":\"https:\\\/\\\/trippywizard.nl\\\/product\\\/heroin-online\\\/#primaryimage\"},\"image\":{\"@id\":\"https:\\\/\\\/trippywizard.nl\\\/product\\\/heroin-online\\\/#primaryimage\"},\"thumbnailUrl\":\"https:\\\/\\\/trippywizard.nl\\\/wp-content\\\/uploads\\\/2024\\\/06\\\/fentaaaaaaaa-e1615883985437.png\",\"datePublished\":\"2024-06-05T11:13:34+00:00\",\"dateModified\":\"2025-05-22T11:25:42+00:00\",\"description\":\"Buy Heroin Online is an opioid drug used as a medication for its euphoric effects. Medically it is used to relieve pain or in opioid replacement therapy.\",\"breadcrumb\":{\"@id\":\"https:\\\/\\\/trippywizard.nl\\\/product\\\/heroin-online\\\/#breadcrumb\"},\"inLanguage\":\"nl-NL\",\"potentialAction\":[{\"@type\":\"ReadAction\",\"target\":[\"https:\\\/\\\/trippywizard.nl\\\/product\\\/heroin-online\\\/\"]}]},{\"@type\":\"ImageObject\",\"inLanguage\":\"nl-NL\",\"@id\":\"https:\\\/\\\/trippywizard.nl\\\/product\\\/heroin-online\\\/#primaryimage\",\"url\":\"https:\\\/\\\/trippywizard.nl\\\/wp-content\\\/uploads\\\/2024\\\/06\\\/fentaaaaaaaa-e1615883985437.png\",\"contentUrl\":\"https:\\\/\\\/trippywizard.nl\\\/wp-content\\\/uploads\\\/2024\\\/06\\\/fentaaaaaaaa-e1615883985437.png\",\"width\":220,\"height\":220,\"caption\":\"Buy amphetamine online\"},{\"@type\":\"BreadcrumbList\",\"@id\":\"https:\\\/\\\/trippywizard.nl\\\/product\\\/heroin-online\\\/#breadcrumb\",\"itemListElement\":[{\"@type\":\"ListItem\",\"position\":1,\"name\":\"Home\",\"item\":\"https:\\\/\\\/trippywizard.nl\\\/\"},{\"@type\":\"ListItem\",\"position\":2,\"name\":\"Shop\",\"item\":\"https:\\\/\\\/trippywizard.nl\\\/shop\\\/\"},{\"@type\":\"ListItem\",\"position\":3,\"name\":\"Heroin Online\"}]},{\"@type\":\"WebSite\",\"@id\":\"https:\\\/\\\/trippywizard.nl\\\/#website\",\"url\":\"https:\\\/\\\/trippywizard.nl\\\/\",\"name\":\"trippywizard.nl\",\"description\":\"Your No.1 Research Chemical Shop \u2013 98.99%+ Pure, Lab-Tested Quality Online.\",\"publisher\":{\"@id\":\"https:\\\/\\\/trippywizard.nl\\\/#organization\"},\"potentialAction\":[{\"@type\":\"SearchAction\",\"target\":{\"@type\":\"EntryPoint\",\"urlTemplate\":\"https:\\\/\\\/trippywizard.nl\\\/?s={search_term_string}\"},\"query-input\":{\"@type\":\"PropertyValueSpecification\",\"valueRequired\":true,\"valueName\":\"search_term_string\"}}],\"inLanguage\":\"nl-NL\"},{\"@type\":\"Organization\",\"@id\":\"https:\\\/\\\/trippywizard.nl\\\/#organization\",\"name\":\"trippywizard.nl\",\"url\":\"https:\\\/\\\/trippywizard.nl\\\/\",\"logo\":{\"@type\":\"ImageObject\",\"inLanguage\":\"nl-NL\",\"@id\":\"https:\\\/\\\/trippywizard.nl\\\/#\\\/schema\\\/logo\\\/image\\\/\",\"url\":\"https:\\\/\\\/trippywizard.nl\\\/wp-content\\\/uploads\\\/2020\\\/06\\\/Screenshot_2025-07-15_032323-removebg-preview-e1752575212917.png\",\"contentUrl\":\"https:\\\/\\\/trippywizard.nl\\\/wp-content\\\/uploads\\\/2020\\\/06\\\/Screenshot_2025-07-15_032323-removebg-preview-e1752575212917.png\",\"width\":200,\"height\":49,\"caption\":\"trippywizard.nl\"},\"image\":{\"@id\":\"https:\\\/\\\/trippywizard.nl\\\/#\\\/schema\\\/logo\\\/image\\\/\"}}]}<\/script>\n<!-- \/ Yoast SEO Premium plugin. -->","yoast_head_json":{"title":"Hero\u00efne online kopen | Waar te Hero\u00efne kopen Dark web | Hero\u00efne kopen USA","description":"Hero\u00efne online kopen is een opio\u00efde drug die wordt gebruikt als medicijn voor zijn euforische effecten. Medisch gezien wordt het gebruikt om pijn te verlichten of in opio\u00efde vervangingstherapie.","robots":{"index":"index","follow":"follow","max-snippet":"max-snippet:-1","max-image-preview":"max-image-preview:large","max-video-preview":"max-video-preview:-1"},"canonical":"https:\/\/trippywizard.nl\/nl\/product\/heroine-online\/","og_locale":"nl_NL","og_type":"article","og_title":"Heroin Online","og_description":"Buy Heroin Online is an opioid drug used as a medication for its euphoric effects. Medically it is used to relieve pain or in opioid replacement therapy.","og_url":"https:\/\/trippywizard.nl\/nl\/product\/heroine-online\/","og_site_name":"Trippy Wizard NL","article_modified_time":"2025-05-22T11:25:42+00:00","og_image":[{"width":220,"height":220,"url":"https:\/\/trippywizard.nl\/wp-content\/uploads\/2024\/06\/fentaaaaaaaa-e1615883985437.png","type":"image\/png"}],"twitter_card":"summary_large_image","twitter_misc":{"Geschatte leestijd":"2 minuten"},"schema":{"@context":"https:\/\/schema.org","@graph":[{"@type":"WebPage","@id":"https:\/\/trippywizard.nl\/product\/heroin-online\/","url":"https:\/\/trippywizard.nl\/product\/heroin-online\/","name":"Hero\u00efne online kopen | Waar te Hero\u00efne kopen Dark web | Hero\u00efne kopen USA","isPartOf":{"@id":"https:\/\/trippywizard.nl\/#website"},"primaryImageOfPage":{"@id":"https:\/\/trippywizard.nl\/product\/heroin-online\/#primaryimage"},"image":{"@id":"https:\/\/trippywizard.nl\/product\/heroin-online\/#primaryimage"},"thumbnailUrl":"https:\/\/trippywizard.nl\/wp-content\/uploads\/2024\/06\/fentaaaaaaaa-e1615883985437.png","datePublished":"2024-06-05T11:13:34+00:00","dateModified":"2025-05-22T11:25:42+00:00","description":"Hero\u00efne online kopen is een opio\u00efde drug die wordt gebruikt als medicijn voor zijn euforische effecten. Medisch gezien wordt het gebruikt om pijn te verlichten of in opio\u00efde vervangingstherapie.","breadcrumb":{"@id":"https:\/\/trippywizard.nl\/product\/heroin-online\/#breadcrumb"},"inLanguage":"nl-NL","potentialAction":[{"@type":"ReadAction","target":["https:\/\/trippywizard.nl\/product\/heroin-online\/"]}]},{"@type":"ImageObject","inLanguage":"nl-NL","@id":"https:\/\/trippywizard.nl\/product\/heroin-online\/#primaryimage","url":"https:\/\/trippywizard.nl\/wp-content\/uploads\/2024\/06\/fentaaaaaaaa-e1615883985437.png","contentUrl":"https:\/\/trippywizard.nl\/wp-content\/uploads\/2024\/06\/fentaaaaaaaa-e1615883985437.png","width":220,"height":220,"caption":"Buy amphetamine online"},{"@type":"BreadcrumbList","@id":"https:\/\/trippywizard.nl\/product\/heroin-online\/#breadcrumb","itemListElement":[{"@type":"ListItem","position":1,"name":"Home","item":"https:\/\/trippywizard.nl\/"},{"@type":"ListItem","position":2,"name":"Shop","item":"https:\/\/trippywizard.nl\/shop\/"},{"@type":"ListItem","position":3,"name":"Heroin Online"}]},{"@type":"WebSite","@id":"https:\/\/trippywizard.nl\/#website","url":"https:\/\/trippywizard.nl\/","name":"trippywizard.nl","description":"Uw Nr.1 Chemicali\u00ebnwinkel voor onderzoek - 98,99%+ pure, laboratoriumgeteste kwaliteit online.","publisher":{"@id":"https:\/\/trippywizard.nl\/#organization"},"potentialAction":[{"@type":"SearchAction","target":{"@type":"EntryPoint","urlTemplate":"https:\/\/trippywizard.nl\/?s={search_term_string}"},"query-input":{"@type":"PropertyValueSpecification","valueRequired":true,"valueName":"search_term_string"}}],"inLanguage":"nl-NL"},{"@type":"Organization","@id":"https:\/\/trippywizard.nl\/#organization","name":"trippywizard.nl","url":"https:\/\/trippywizard.nl\/","logo":{"@type":"ImageObject","inLanguage":"nl-NL","@id":"https:\/\/trippywizard.nl\/#\/schema\/logo\/image\/","url":"https:\/\/trippywizard.nl\/wp-content\/uploads\/2020\/06\/Screenshot_2025-07-15_032323-removebg-preview-e1752575212917.png","contentUrl":"https:\/\/trippywizard.nl\/wp-content\/uploads\/2020\/06\/Screenshot_2025-07-15_032323-removebg-preview-e1752575212917.png","width":200,"height":49,"caption":"trippywizard.nl"},"image":{"@id":"https:\/\/trippywizard.nl\/#\/schema\/logo\/image\/"}}]}},"jetpack_sharing_enabled":true,"_links":{"self":[{"href":"https:\/\/trippywizard.nl\/nl\/wp-json\/wp\/v2\/product\/307","targetHints":{"allow":["GET"]}}],"collection":[{"href":"https:\/\/trippywizard.nl\/nl\/wp-json\/wp\/v2\/product"}],"about":[{"href":"https:\/\/trippywizard.nl\/nl\/wp-json\/wp\/v2\/types\/product"}],"replies":[{"embeddable":true,"href":"https:\/\/trippywizard.nl\/nl\/wp-json\/wp\/v2\/comments?post=307"}],"version-history":[{"count":1,"href":"https:\/\/trippywizard.nl\/nl\/wp-json\/wp\/v2\/product\/307\/revisions"}],"predecessor-version":[{"id":6903,"href":"https:\/\/trippywizard.nl\/nl\/wp-json\/wp\/v2\/product\/307\/revisions\/6903"}],"wp:featuredmedia":[{"embeddable":true,"href":"https:\/\/trippywizard.nl\/nl\/wp-json\/wp\/v2\/media\/341"}],"wp:attachment":[{"href":"https:\/\/trippywizard.nl\/nl\/wp-json\/wp\/v2\/media?parent=307"}],"wp:term":[{"taxonomy":"product_brand","embeddable":true,"href":"https:\/\/trippywizard.nl\/nl\/wp-json\/wp\/v2\/product_brand?post=307"},{"taxonomy":"product_cat","embeddable":true,"href":"https:\/\/trippywizard.nl\/nl\/wp-json\/wp\/v2\/product_cat?post=307"},{"taxonomy":"product_tag","embeddable":true,"href":"https:\/\/trippywizard.nl\/nl\/wp-json\/wp\/v2\/product_tag?post=307"}],"curies":[{"name":"wp","href":"https:\/\/api.w.org\/{rel}","templated":true}]}}