{"id":6769,"date":"2025-05-22T10:39:22","date_gmt":"2025-05-22T10:39:22","guid":{"rendered":"https:\/\/trippywizard.nl\/?post_type=product&#038;p=6769"},"modified":"2025-05-22T10:39:51","modified_gmt":"2025-05-22T10:39:51","slug":"2c-b-pellet-per-mosche-10mg","status":"publish","type":"product","link":"https:\/\/trippywizard.nl\/it\/prodotto\/2c-b-pellet-per-mosche-10mg\/","title":{"rendered":"2C-B-FLY Pellet - 10 mg"},"content":{"rendered":"<h2>Comprare 2C-B-FLY Pellet Online - 10mg: Composto di ricerca premium per studi avanzati<\/h2>\n<p>Guardando a <strong>acquistare online i pellet 2C-B-FLY<\/strong>? I nostri pellet di alta qualit\u00e0 di 2C-B-FLY sono la scelta perfetta per le applicazioni farmacologiche avanzate e per i <a href=\"https:\/\/3mmckopen.com\/product\/buy-2f-ketamine-spray-25-online-in-belgium\/\">ricerca neurochimica<\/a>. Grazie al dosaggio preciso e all'eccezionale purezza, questi pellet sono ideali per gli scienziati che studiano gli effetti di 2C-B-FLY sui recettori della serotonina e le sue potenziali applicazioni in <a href=\"https:\/\/3mmckopen.com\/product\/buy-metocin-4-ho-met-online\/\">psichedelico<\/a> terapia. Sia che lavoriate in <a href=\"https:\/\/3mmckopen.com\/product\/buy-1cp-lsd-micro-pellets-online\/\">farmacologia<\/a>psichiatria o neurochimica, i nostri pellet 2C-B-FLY forniscono la consistenza e l'accuratezza necessarie per una ricerca di successo.<\/p>\n<h2>Introduzione a 2C-B-FLY<\/h2>\n<p>2C-B-FLY \u00e8 un prodotto sintetico <a href=\"https:\/\/3mmckopen.com\/product\/buy-nb-5-meo-dalt-online\/\">psichedelico<\/a> composto appartenente alla classe delle fenetilamine. \u00c8 strutturalmente correlato a <strong>2C-B<\/strong>ma con l'aggiunta di un ponte metilendiossico, che lo rende un composto pi\u00f9 complesso e potente. I ricercatori utilizzano il 2C-B-FLY principalmente per esplorare le sue propriet\u00e0 farmacologiche e neurochimiche, concentrandosi sulle sue interazioni con i recettori della serotonina, in particolare il recettore 5-HT2A, e sul suo impatto sulla funzione cerebrale.<\/p>\n<p>Grazie alle sue propriet\u00e0 psicoattive, la 2C-B-FLY \u00e8 oggetto di un crescente interesse negli studi scientifici relativi agli psichedelici e al loro potenziale terapeutico. Se state cercando di <strong>acquistare 2C-B-FLY <a href=\"https:\/\/3mmckopen.com\/product\/buy-5-meo-mipt-pellets-online-germany\/\">pellet online<\/a><\/strong>Si tratta di un composto di alta qualit\u00e0, ideale per la ricerca in ambienti di laboratorio controllati.<\/p>\n<h2>Descrizione del prodotto - Pellet 2C-B-FLY<\/h2>\n<h3>Pellet di ricerca di alta qualit\u00e0<\/h3>\n<table>\n<thead>\n<tr>\n<th><strong>Caratteristica<\/strong><\/th>\n<th><strong>Dettagli<\/strong><\/th>\n<\/tr>\n<\/thead>\n<tbody>\n<tr>\n<td><strong>Forma<\/strong><\/td>\n<td>Pellet<\/td>\n<\/tr>\n<tr>\n<td><strong>Dosaggio<\/strong><\/td>\n<td>10 mg per pellet<\/td>\n<\/tr>\n<tr>\n<td><strong>La purezza<\/strong><\/td>\n<td>Di alta qualit\u00e0, <a href=\"https:\/\/3mmckopen.com\/product\/buy-1v-lsd-micro-pellets-online\/\">laboratorio<\/a> standard<\/td>\n<\/tr>\n<tr>\n<td><strong>Formula molecolare<\/strong><\/td>\n<td>C13H14BrNO2<\/td>\n<\/tr>\n<tr>\n<td><strong>Peso molecolare<\/strong><\/td>\n<td>296,16 g\/mol<\/td>\n<\/tr>\n<tr>\n<td><strong>Imballaggio<\/strong><\/td>\n<td>Disponibile in varie quantit\u00e0<\/td>\n<\/tr>\n<\/tbody>\n<\/table>\n<p>I nostri pellet 2C-B-FLY sono sintetizzati in condizioni di laboratorio rigorose per garantire una purezza eccezionale e una qualit\u00e0 costante. Ogni lotto \u00e8 sottoposto a rigorosi test di terze parti per confermare l'integrit\u00e0 del prodotto e verificarne la purezza, garantendo l'assenza di contaminanti. La forma in pellet consente una facile manipolazione e un dosaggio preciso, rendendolo una scelta eccellente per gli esperimenti controllati che richiedono misurazioni accurate.<\/p>\n<h2>Caratteristiche principali del pellet 2C-B-FLY<\/h2>\n<h3>Purezza e qualit\u00e0 eccezionali<\/h3>\n<p>I nostri pellet 2C-B-FLY sono prodotti con i pi\u00f9 alti standard di purezza e qualit\u00e0. Ogni lotto viene rigorosamente testato per garantire che il composto sia privo di contaminanti, garantendo risultati affidabili nelle vostre ricerche. Grazie alla verifica di terzi, potete essere certi che i pellet che acquistate sono della massima qualit\u00e0.<\/p>\n<h3>Precisione e convenienza<\/h3>\n<p>Il formato in pellet consente una facile manipolazione e un dosaggio preciso. Ogni pellet contiene 10 mg di 2C-B-FLY, il che rende pi\u00f9 facile replicare i setup sperimentali e garantire risultati accurati e ripetibili. Che si tratti di studi su piccola scala o di grandi progetti di ricerca, i pellet di 2C-B-FLY offrono convenienza e coerenza.<\/p>\n<h2>Applicazioni nella ricerca<\/h2>\n<h3>Studi farmacologici<\/h3>\n<p>Il 2C-B-FLY \u00e8 un composto prezioso per la ricerca farmacologica. Gli scienziati lo utilizzano per esplorare un'ampia gamma di effetti, tra cui:<\/p>\n<ul>\n<li><strong>Affinit\u00e0 di legame con il recettore:<\/strong> La capacit\u00e0 del 2C-B-FLY di legarsi ai recettori della serotonina, in particolare ai recettori del <strong>5-HT2A<\/strong> viene studiato per comprenderne la potenza e l'efficacia. Questo recettore svolge un ruolo cruciale nella regolazione dell'umore, nella cognizione e nella percezione, e ci\u00f2 lo rende un punto chiave della ricerca sugli psichedelici.<\/li>\n<li><strong>Meccanismo d'azione:<\/strong> I ricercatori studiano come la 2C-B-FLY interagisca con i sistemi neurotrasmettitoriali, in particolare con la serotonina, per esplorare il suo impatto sulla funzione cerebrale e sulla coscienza.<\/li>\n<li><strong>Potenziale terapeutico:<\/strong> A causa dei suoi effetti psicoattivi, la 2C-B-FLY viene esplorata anche per i suoi potenziali usi terapeutici nella terapia psichedelica, offrendo spunti per il trattamento di disturbi mentali come la depressione e il PTSD.<\/li>\n<\/ul>\n<h3>Studi neurochimici<\/h3>\n<p>Il 2C-B-FLY \u00e8 un composto promettente per la ricerca neurochimica. Alcune aree chiave di studio includono:<\/p>\n<ul>\n<li><strong>Rilascio di neurotrasmettitori:<\/strong> L'analisi del modo in cui il 2C-B-FLY influisce sul rilascio dei neurotrasmettitori, in particolare della serotonina, pu\u00f2 fornire indicazioni preziose sul suo potenziale ruolo nell'influenzare l'umore e la funzione cognitiva.<\/li>\n<li><strong>Funzione cerebrale e neuroplasticit\u00e0:<\/strong> Capire come la 2C-B-FLY influisce sulla chimica del cervello e sulla neuroplasticit\u00e0 potrebbe aprire le porte allo sviluppo di nuovi trattamenti per le malattie neurodegenerative e i disturbi mentali.<\/li>\n<\/ul>\n<h2>Sicurezza e manipolazione<\/h2>\n<h3>Adesione ai protocolli di sicurezza del laboratorio<\/h3>\n<ul>\n<li><strong>Stoccaggio:<\/strong> Negozio 2C-B-FLY <a href=\"https:\/\/3mmckopen.com\/product\/buy-1v-lsd-pellets-225mcg-online\/\">pellet<\/a> in un luogo fresco e asciutto, lontano dalla luce solare diretta, per mantenere l'integrit\u00e0 del composto.<\/li>\n<li><strong>Manipolazione:<\/strong> Indossare sempre i dispositivi di protezione individuale (DPI) appropriati quando si maneggiano i pellet 2C-B-FLY. Questo include guanti, occhiali e camici da laboratorio per garantire la vostra sicurezza durante gli esperimenti.<\/li>\n<li><strong>Restrizioni d'uso:<\/strong> I pellet 2C-B-FLY sono destinati esclusivamente alla ricerca. Non sono destinati al consumo umano e devono essere utilizzati solo in ambienti di laboratorio controllati.<\/li>\n<\/ul>\n<h2>Considerazioni legali<\/h2>\n<p>Prima dell'acquisto <strong>Pellet 2C-B-FLY online<\/strong>\u00c8 importante conoscere lo stato legale delle sostanze chimiche per la ricerca nella propria regione. In quanto potente composto con propriet\u00e0 psicoattive, il 2C-B-FLY \u00e8 regolamentato in alcuni Paesi. Assicurarsi che l'uso di questa sostanza sia conforme alle leggi e ai regolamenti locali che disciplinano le sostanze chimiche per la ricerca.<\/p>\n<h2>Come acquistare online i pellet 2C-B-FLY<\/h2>\n<p>Seguire questi passaggi per <strong>acquistare online i pellet 2C-B-FLY<\/strong> per la vostra ricerca:<\/p>\n<ol>\n<li><strong>Scegliere un fornitore affidabile:<\/strong> Cercate fornitori affidabili, specializzati in prodotti chimici per la ricerca di alta qualit\u00e0 e di livello industriale. Assicuratevi che il fornitore fornisca informazioni complete sul prodotto e certificati di analisi (COA) per la verifica.<\/li>\n<li><strong>Verifica della qualit\u00e0 del prodotto:<\/strong> Assicurarsi che il fornitore fornisca COA per confermare la purezza e l'autenticit\u00e0 dei pellet 2C-B-FLY.<\/li>\n<li><strong>Selezionare la quantit\u00e0 giusta:<\/strong> Scegliete la quantit\u00e0 appropriata in base alle vostre esigenze di ricerca. Molti fornitori offrono sconti per ordini pi\u00f9 consistenti.<\/li>\n<li><strong>Assicuratevi l'acquisto:<\/strong> Completate l'acquisto con un metodo di pagamento sicuro. Assicuratevi che il fornitore offra un imballaggio discreto e una spedizione affidabile.<\/li>\n<li><strong>Tracciamento della spedizione:<\/strong> Una volta effettuato l'ordine, tracciate la spedizione per garantire la consegna tempestiva alla vostra struttura di ricerca.<\/li>\n<\/ol>\n<h2>Fornitori affidabili per l'acquisto online di pellet 2C-B-FLY<\/h2>\n<p>Se siete pronti a <strong>acquistare online i pellet 2C-B-FLY<\/strong>, prendete in considerazione questi fornitori di fiducia:<\/p>\n<ul>\n<li><strong>PureResearchChemicals.net:<\/strong> Offre prodotti chimici per la ricerca di elevata purezza con ordini sicuri e consegne rapide.<\/li>\n<li><strong>ChemicalsForLabs.com:<\/strong> Un fornitore affidabile specializzato in pellet 2C-B-FLY da laboratorio con particolare attenzione al controllo di qualit\u00e0.<\/li>\n<li><strong>PharmaChemLabs.org:<\/strong> Una fonte affidabile di prodotti chimici puri per la ricerca, compresi i pellet 2C-B-FLY per gli studi scientifici.<\/li>\n<\/ul>\n<h2>Gamma di prezzi per il pellet 2C-B-FLY online<\/h2>\n<p>Ecco una stima dei prezzi dei pellet 2C-B-FLY di vari fornitori:<\/p>\n<table>\n<thead>\n<tr>\n<th><strong>Fornitore<\/strong><\/th>\n<th><strong>Prezzo per 10 pellet<\/strong><\/th>\n<th><strong>Prezzo per 50 pellet<\/strong><\/th>\n<th><strong>Prezzo per 100 pellet<\/strong><\/th>\n<\/tr>\n<\/thead>\n<tbody>\n<tr>\n<td>PureResearchChemicals.net<\/td>\n<td>\u20ac90 - \u20ac120<\/td>\n<td>\u20ac400 - \u20ac450<\/td>\n<td>\u20ac750 - \u20ac800<\/td>\n<\/tr>\n<tr>\n<td>ChemicalsForLabs.com<\/td>\n<td>\u20ac100 - \u20ac130<\/td>\n<td>\u20ac420 - \u20ac470<\/td>\n<td>\u20ac770 - \u20ac820<\/td>\n<\/tr>\n<tr>\n<td>PharmaChemLabs.org<\/td>\n<td>\u20ac110 - \u20ac140<\/td>\n<td>\u20ac440 - \u20ac500<\/td>\n<td>\u20ac790 - \u20ac850<\/td>\n<\/tr>\n<\/tbody>\n<\/table>\n<h2>Ordina oggi stesso i pellet 2C-B-FLY online<\/h2>\n<p>Migliorate la vostra ricerca con i nostri prodotti premium <strong>Pellet 2C-B-FLY<\/strong> - 10 mg. Effettuate oggi stesso il vostro ordine per supportare il progresso dei vostri studi scientifici, con prodotti chimici per la ricerca affidabili e di alta qualit\u00e0.<\/p>\n<h2>Domande frequenti (FAQ)<\/h2>\n<h3>Dove posso acquistare i pellet 2C-B-FLY online?<\/h3>\n<p>\u00c8 possibile acquistare <strong>Pellet 2C-B-FLY online<\/strong> da fornitori affidabili come PureResearchChemicals.net, ChemicalsForLabs.com e PharmaChemLabs.org.<\/p>\n<h3>Qual \u00e8 il dosaggio di 2C-B-FLY pellet?<\/h3>\n<p>Ogni pellet contiene 10 mg di 2C-B-FLY, per un dosaggio preciso e costante per le vostre esigenze di ricerca.<\/p>\n<h3>I pellet 2C-B-FLY sono sicuri per il consumo umano?<\/h3>\n<p>No, <strong>Pellet 2C-B-FLY<\/strong> sono strettamente destinati a scopi di ricerca e non sono destinati al consumo umano. Devono essere utilizzati solo in ambienti di laboratorio controllati.<\/p>\n<h3>Come conservare i pellet 2C-B-FLY?<\/h3>\n<p>Negozio <strong>Pellet 2C-B-FLY<\/strong> in un luogo fresco e asciutto, lontano dalla luce solare diretta. Conservare in contenitori ermetici per garantire l'integrit\u00e0 del composto.<\/p>\n<hr \/>\n<p>&nbsp;<\/p>","protected":false},"excerpt":{"rendered":"<div class=\"elementor-element elementor-element-d1d265a elementor-widget elementor-widget-text-editor is-mac\" data-id=\"d1d265a\" data-element_type=\"widget\" data-widget_type=\"text-editor.default\">\n<div class=\"elementor-widget-container\">\n<p>Acquistate online i pellet di 2C-B-FLY per la ricerca farmacologica e neurochimica avanzata. I nostri pellet da 10 mg di alta qualit\u00e0 sono perfetti per studiare il legame con i recettori, i meccanismi d'azione e il potenziale terapeutico. Assicuratevi il vostro ordine oggi stesso!<\/p>\n<\/div>\n<div><strong>I nostri vantaggi: \ud83c\udf1f\u00a0<\/strong><br \/>\n<strong>Ordinato oggi = consegnato domani \ud83d\ude90\u00a0<\/strong><br \/>\n<strong>Spedizione anonima e discreta \u2705\u00a0<\/strong><br \/>\n<strong>Pagare facilmente con la criptovaluta \ud83d\udcb5\u00a0<\/strong><\/div>\n<\/div>","protected":false},"featured_media":6794,"comment_status":"open","ping_status":"closed","template":"","meta":[],"product_brand":[],"product_cat":[130,134,25],"product_tag":[],"class_list":{"0":"post-6769","1":"product","2":"type-product","3":"status-publish","4":"has-post-thumbnail","6":"product_cat-pellets","7":"product_cat-phenethylamines","8":"product_cat-research-chemicals","10":"first","11":"instock","12":"shipping-taxable","13":"purchasable","14":"product-type-variable"},"yoast_head":"<!-- This site is optimized with the Yoast SEO Premium plugin v25.1 (Yoast SEO v27.3) - https:\/\/yoast.com\/product\/yoast-seo-premium-wordpress\/ -->\n<title>Buy 2C-B-FLY Pellets Online - Trippy Wizard NL<\/title>\n<meta name=\"description\" content=\"Buy 2C-B-FLY Pellets Online. Our high-quality 10mg pellets are perfect for investigating receptor binding, mechanisms of action, and therapeutic potential. Secure your order today!\" \/>\n<meta name=\"robots\" content=\"index, follow, max-snippet:-1, max-image-preview:large, max-video-preview:-1\" \/>\n<link rel=\"canonical\" href=\"https:\/\/trippywizard.nl\/it\/prodotto\/2c-b-pellet-per-mosche-10mg\/\" \/>\n<meta property=\"og:locale\" content=\"it_IT\" \/>\n<meta property=\"og:type\" content=\"article\" \/>\n<meta property=\"og:title\" content=\"2C-B-FLY Pellets \u2013 10mg\" \/>\n<meta property=\"og:description\" content=\"Buy 2C-B-FLY Pellets Online. Our high-quality 10mg pellets are perfect for investigating receptor binding, mechanisms of action, and therapeutic potential. Secure your order today!\" \/>\n<meta property=\"og:url\" content=\"https:\/\/trippywizard.nl\/it\/prodotto\/2c-b-pellet-per-mosche-10mg\/\" \/>\n<meta property=\"og:site_name\" content=\"Trippy Wizard NL\" \/>\n<meta property=\"article:modified_time\" content=\"2025-05-22T10:39:51+00:00\" \/>\n<meta property=\"og:image\" content=\"https:\/\/trippywizard.nl\/wp-content\/uploads\/2025\/05\/2C-B-FLY-Pellets-10mg.png\" \/>\n\t<meta property=\"og:image:width\" content=\"500\" \/>\n\t<meta property=\"og:image:height\" content=\"500\" \/>\n\t<meta property=\"og:image:type\" content=\"image\/png\" \/>\n<meta name=\"twitter:card\" content=\"summary_large_image\" \/>\n<meta name=\"twitter:label1\" content=\"Tempo di lettura stimato\" \/>\n\t<meta name=\"twitter:data1\" content=\"5 minuti\" \/>\n<script type=\"application\/ld+json\" class=\"yoast-schema-graph\">{\"@context\":\"https:\\\/\\\/schema.org\",\"@graph\":[{\"@type\":\"WebPage\",\"@id\":\"https:\\\/\\\/trippywizard.nl\\\/product\\\/2c-b-fly-pellets-10mg\\\/\",\"url\":\"https:\\\/\\\/trippywizard.nl\\\/product\\\/2c-b-fly-pellets-10mg\\\/\",\"name\":\"Buy 2C-B-FLY Pellets Online - Trippy Wizard NL\",\"isPartOf\":{\"@id\":\"https:\\\/\\\/trippywizard.nl\\\/#website\"},\"primaryImageOfPage\":{\"@id\":\"https:\\\/\\\/trippywizard.nl\\\/product\\\/2c-b-fly-pellets-10mg\\\/#primaryimage\"},\"image\":{\"@id\":\"https:\\\/\\\/trippywizard.nl\\\/product\\\/2c-b-fly-pellets-10mg\\\/#primaryimage\"},\"thumbnailUrl\":\"https:\\\/\\\/trippywizard.nl\\\/wp-content\\\/uploads\\\/2025\\\/05\\\/2C-B-FLY-Pellets-10mg.png\",\"datePublished\":\"2025-05-22T10:39:22+00:00\",\"dateModified\":\"2025-05-22T10:39:51+00:00\",\"description\":\"Buy 2C-B-FLY Pellets Online. Our high-quality 10mg pellets are perfect for investigating receptor binding, mechanisms of action, and therapeutic potential. Secure your order today!\",\"breadcrumb\":{\"@id\":\"https:\\\/\\\/trippywizard.nl\\\/product\\\/2c-b-fly-pellets-10mg\\\/#breadcrumb\"},\"inLanguage\":\"it-IT\",\"potentialAction\":[{\"@type\":\"ReadAction\",\"target\":[\"https:\\\/\\\/trippywizard.nl\\\/product\\\/2c-b-fly-pellets-10mg\\\/\"]}]},{\"@type\":\"ImageObject\",\"inLanguage\":\"it-IT\",\"@id\":\"https:\\\/\\\/trippywizard.nl\\\/product\\\/2c-b-fly-pellets-10mg\\\/#primaryimage\",\"url\":\"https:\\\/\\\/trippywizard.nl\\\/wp-content\\\/uploads\\\/2025\\\/05\\\/2C-B-FLY-Pellets-10mg.png\",\"contentUrl\":\"https:\\\/\\\/trippywizard.nl\\\/wp-content\\\/uploads\\\/2025\\\/05\\\/2C-B-FLY-Pellets-10mg.png\",\"width\":500,\"height\":500},{\"@type\":\"BreadcrumbList\",\"@id\":\"https:\\\/\\\/trippywizard.nl\\\/product\\\/2c-b-fly-pellets-10mg\\\/#breadcrumb\",\"itemListElement\":[{\"@type\":\"ListItem\",\"position\":1,\"name\":\"Home\",\"item\":\"https:\\\/\\\/trippywizard.nl\\\/\"},{\"@type\":\"ListItem\",\"position\":2,\"name\":\"Shop\",\"item\":\"https:\\\/\\\/trippywizard.nl\\\/shop\\\/\"},{\"@type\":\"ListItem\",\"position\":3,\"name\":\"2C-B-FLY Pellets \u2013 10mg\"}]},{\"@type\":\"WebSite\",\"@id\":\"https:\\\/\\\/trippywizard.nl\\\/#website\",\"url\":\"https:\\\/\\\/trippywizard.nl\\\/\",\"name\":\"trippywizard.nl\",\"description\":\"Your No.1 Research Chemical Shop \u2013 98.99%+ Pure, Lab-Tested Quality Online.\",\"publisher\":{\"@id\":\"https:\\\/\\\/trippywizard.nl\\\/#organization\"},\"potentialAction\":[{\"@type\":\"SearchAction\",\"target\":{\"@type\":\"EntryPoint\",\"urlTemplate\":\"https:\\\/\\\/trippywizard.nl\\\/?s={search_term_string}\"},\"query-input\":{\"@type\":\"PropertyValueSpecification\",\"valueRequired\":true,\"valueName\":\"search_term_string\"}}],\"inLanguage\":\"it-IT\"},{\"@type\":\"Organization\",\"@id\":\"https:\\\/\\\/trippywizard.nl\\\/#organization\",\"name\":\"trippywizard.nl\",\"url\":\"https:\\\/\\\/trippywizard.nl\\\/\",\"logo\":{\"@type\":\"ImageObject\",\"inLanguage\":\"it-IT\",\"@id\":\"https:\\\/\\\/trippywizard.nl\\\/#\\\/schema\\\/logo\\\/image\\\/\",\"url\":\"https:\\\/\\\/trippywizard.nl\\\/wp-content\\\/uploads\\\/2020\\\/06\\\/Screenshot_2025-07-15_032323-removebg-preview-e1752575212917.png\",\"contentUrl\":\"https:\\\/\\\/trippywizard.nl\\\/wp-content\\\/uploads\\\/2020\\\/06\\\/Screenshot_2025-07-15_032323-removebg-preview-e1752575212917.png\",\"width\":200,\"height\":49,\"caption\":\"trippywizard.nl\"},\"image\":{\"@id\":\"https:\\\/\\\/trippywizard.nl\\\/#\\\/schema\\\/logo\\\/image\\\/\"}}]}<\/script>\n<!-- \/ Yoast SEO Premium plugin. -->","yoast_head_json":{"title":"Acquista online i pellet 2C-B-FLY - Trippy Wizard NL","description":"Acquistare online i pellet di 2C-B-FLY. I nostri pellet da 10 mg di alta qualit\u00e0 sono perfetti per studiare il legame con i recettori, i meccanismi d'azione e il potenziale terapeutico. Assicuratevi il vostro ordine oggi stesso!","robots":{"index":"index","follow":"follow","max-snippet":"max-snippet:-1","max-image-preview":"max-image-preview:large","max-video-preview":"max-video-preview:-1"},"canonical":"https:\/\/trippywizard.nl\/it\/prodotto\/2c-b-pellet-per-mosche-10mg\/","og_locale":"it_IT","og_type":"article","og_title":"2C-B-FLY Pellets \u2013 10mg","og_description":"Buy 2C-B-FLY Pellets Online. Our high-quality 10mg pellets are perfect for investigating receptor binding, mechanisms of action, and therapeutic potential. Secure your order today!","og_url":"https:\/\/trippywizard.nl\/it\/prodotto\/2c-b-pellet-per-mosche-10mg\/","og_site_name":"Trippy Wizard NL","article_modified_time":"2025-05-22T10:39:51+00:00","og_image":[{"width":500,"height":500,"url":"https:\/\/trippywizard.nl\/wp-content\/uploads\/2025\/05\/2C-B-FLY-Pellets-10mg.png","type":"image\/png"}],"twitter_card":"summary_large_image","twitter_misc":{"Tempo di lettura stimato":"5 minuti"},"schema":{"@context":"https:\/\/schema.org","@graph":[{"@type":"WebPage","@id":"https:\/\/trippywizard.nl\/product\/2c-b-fly-pellets-10mg\/","url":"https:\/\/trippywizard.nl\/product\/2c-b-fly-pellets-10mg\/","name":"Acquista online i pellet 2C-B-FLY - Trippy Wizard NL","isPartOf":{"@id":"https:\/\/trippywizard.nl\/#website"},"primaryImageOfPage":{"@id":"https:\/\/trippywizard.nl\/product\/2c-b-fly-pellets-10mg\/#primaryimage"},"image":{"@id":"https:\/\/trippywizard.nl\/product\/2c-b-fly-pellets-10mg\/#primaryimage"},"thumbnailUrl":"https:\/\/trippywizard.nl\/wp-content\/uploads\/2025\/05\/2C-B-FLY-Pellets-10mg.png","datePublished":"2025-05-22T10:39:22+00:00","dateModified":"2025-05-22T10:39:51+00:00","description":"Acquistare online i pellet di 2C-B-FLY. I nostri pellet da 10 mg di alta qualit\u00e0 sono perfetti per studiare il legame con i recettori, i meccanismi d'azione e il potenziale terapeutico. Assicuratevi il vostro ordine oggi stesso!","breadcrumb":{"@id":"https:\/\/trippywizard.nl\/product\/2c-b-fly-pellets-10mg\/#breadcrumb"},"inLanguage":"it-IT","potentialAction":[{"@type":"ReadAction","target":["https:\/\/trippywizard.nl\/product\/2c-b-fly-pellets-10mg\/"]}]},{"@type":"ImageObject","inLanguage":"it-IT","@id":"https:\/\/trippywizard.nl\/product\/2c-b-fly-pellets-10mg\/#primaryimage","url":"https:\/\/trippywizard.nl\/wp-content\/uploads\/2025\/05\/2C-B-FLY-Pellets-10mg.png","contentUrl":"https:\/\/trippywizard.nl\/wp-content\/uploads\/2025\/05\/2C-B-FLY-Pellets-10mg.png","width":500,"height":500},{"@type":"BreadcrumbList","@id":"https:\/\/trippywizard.nl\/product\/2c-b-fly-pellets-10mg\/#breadcrumb","itemListElement":[{"@type":"ListItem","position":1,"name":"Home","item":"https:\/\/trippywizard.nl\/"},{"@type":"ListItem","position":2,"name":"Shop","item":"https:\/\/trippywizard.nl\/shop\/"},{"@type":"ListItem","position":3,"name":"2C-B-FLY Pellets \u2013 10mg"}]},{"@type":"WebSite","@id":"https:\/\/trippywizard.nl\/#website","url":"https:\/\/trippywizard.nl\/","name":"trippywizard.nl","description":"Il vostro negozio di prodotti chimici per la ricerca numero 1 - 98,99%+ qualit\u00e0 pura e testata in laboratorio online.","publisher":{"@id":"https:\/\/trippywizard.nl\/#organization"},"potentialAction":[{"@type":"SearchAction","target":{"@type":"EntryPoint","urlTemplate":"https:\/\/trippywizard.nl\/?s={search_term_string}"},"query-input":{"@type":"PropertyValueSpecification","valueRequired":true,"valueName":"search_term_string"}}],"inLanguage":"it-IT"},{"@type":"Organization","@id":"https:\/\/trippywizard.nl\/#organization","name":"trippywizard.nl","url":"https:\/\/trippywizard.nl\/","logo":{"@type":"ImageObject","inLanguage":"it-IT","@id":"https:\/\/trippywizard.nl\/#\/schema\/logo\/image\/","url":"https:\/\/trippywizard.nl\/wp-content\/uploads\/2020\/06\/Screenshot_2025-07-15_032323-removebg-preview-e1752575212917.png","contentUrl":"https:\/\/trippywizard.nl\/wp-content\/uploads\/2020\/06\/Screenshot_2025-07-15_032323-removebg-preview-e1752575212917.png","width":200,"height":49,"caption":"trippywizard.nl"},"image":{"@id":"https:\/\/trippywizard.nl\/#\/schema\/logo\/image\/"}}]}},"jetpack_sharing_enabled":true,"_links":{"self":[{"href":"https:\/\/trippywizard.nl\/it\/wp-json\/wp\/v2\/product\/6769","targetHints":{"allow":["GET"]}}],"collection":[{"href":"https:\/\/trippywizard.nl\/it\/wp-json\/wp\/v2\/product"}],"about":[{"href":"https:\/\/trippywizard.nl\/it\/wp-json\/wp\/v2\/types\/product"}],"replies":[{"embeddable":true,"href":"https:\/\/trippywizard.nl\/it\/wp-json\/wp\/v2\/comments?post=6769"}],"version-history":[{"count":1,"href":"https:\/\/trippywizard.nl\/it\/wp-json\/wp\/v2\/product\/6769\/revisions"}],"predecessor-version":[{"id":6795,"href":"https:\/\/trippywizard.nl\/it\/wp-json\/wp\/v2\/product\/6769\/revisions\/6795"}],"wp:featuredmedia":[{"embeddable":true,"href":"https:\/\/trippywizard.nl\/it\/wp-json\/wp\/v2\/media\/6794"}],"wp:attachment":[{"href":"https:\/\/trippywizard.nl\/it\/wp-json\/wp\/v2\/media?parent=6769"}],"wp:term":[{"taxonomy":"product_brand","embeddable":true,"href":"https:\/\/trippywizard.nl\/it\/wp-json\/wp\/v2\/product_brand?post=6769"},{"taxonomy":"product_cat","embeddable":true,"href":"https:\/\/trippywizard.nl\/it\/wp-json\/wp\/v2\/product_cat?post=6769"},{"taxonomy":"product_tag","embeddable":true,"href":"https:\/\/trippywizard.nl\/it\/wp-json\/wp\/v2\/product_tag?post=6769"}],"curies":[{"name":"wp","href":"https:\/\/api.w.org\/{rel}","templated":true}]}}