{"id":6070,"date":"2025-05-22T10:30:44","date_gmt":"2025-05-22T10:30:44","guid":{"rendered":"https:\/\/trippywizard.nl\/?post_type=product&#038;p=6070"},"modified":"2025-05-22T10:32:10","modified_gmt":"2025-05-22T10:32:10","slug":"1cp-lsd-micro-pellets-10mcg","status":"publish","type":"product","link":"https:\/\/trippywizard.nl\/it\/prodotto\/1cp-lsd-micro-pellets-10mcg\/","title":{"rendered":"1cP-LSD Micro Pellet - 10mcg"},"content":{"rendered":"<h2>Acquista online 1cP-LSD Micro Pellet - 10mcg per la precisione nella ricerca psichedelica<\/h2>\n<p>Guardando a <strong>acquistare 1cP-LSD micro pellet online<\/strong>? Noi di EliteChemicals offriamo <strong>micropellet 1cP-LSD di qualit\u00e0 superiore<\/strong> (10mcg), perfetto per la ricerca scientifica nel campo degli psichedelici. Il nostro <strong>1cP-LSD micro pellet<\/strong> sono realizzati in modo da fornire un dosaggio preciso, assicurando l'accuratezza della <strong>studi neuroscientifici<\/strong>, <strong>ricerca farmacologica<\/strong>e altro ancora. Con <strong>elevata purezza<\/strong> e <strong>dosaggio costante<\/strong>I nostri prodotti sono studiati su misura per soddisfare le esigenze dei ricercatori che cercano materiali affidabili per i loro esperimenti.<\/p>\n<h3>Che cos'\u00e8 l'1cP-LSD?<\/h3>\n<p><strong>1cP-LSD<\/strong> (dietilammide dell'acido 1-cyclopropionyl-lysergic) \u00e8 un nuovo <strong>lisergamide<\/strong> composto con una struttura simile a <strong>LSD<\/strong> (Dietilamide dell'acido lisergico). Si \u00e8 imposta all'attenzione della comunit\u00e0 dei ricercatori per le sue caratteristiche di <strong>propriet\u00e0 psicoattive<\/strong> e il suo potenziale di fornire approfondimenti sulla <strong>sistemi di neurotrasmettitori del cervello<\/strong>. I ricercatori sono particolarmente interessati a <strong>1cP-LSD<\/strong> per i suoi effetti sulla <strong>sistema dei recettori della serotonina<\/strong>, in particolare il <strong>Recettore 5-HT2A<\/strong>, che svolge un ruolo cruciale nel <strong>esperienze psichedeliche<\/strong>. Se state cercando di <strong>acquistare 1cP-LSD micro pellet online<\/strong>Assicuratevi di selezionare un fornitore di fiducia che offra <strong>testato in laboratorio<\/strong> e <strong>di alta qualit\u00e0<\/strong> per garantire l'integrit\u00e0 della vostra ricerca.<\/p>\n<h2>Descrizione del prodotto - 1cP-LSD Micro Pellet (10mcg)<\/h2>\n<h3>Micro pellet di alta precisione<\/h3>\n<table>\n<thead>\n<tr>\n<th>Caratteristica<\/th>\n<th>Dettagli<\/th>\n<\/tr>\n<\/thead>\n<tbody>\n<tr>\n<td><strong>Forma<\/strong><\/td>\n<td>Micro Pellet<\/td>\n<\/tr>\n<tr>\n<td><strong>Dosaggio<\/strong><\/td>\n<td>10 mcg per pellet<\/td>\n<\/tr>\n<tr>\n<td><strong>La purezza<\/strong><\/td>\n<td>Di alta qualit\u00e0, da laboratorio<\/td>\n<\/tr>\n<tr>\n<td><strong>Formula molecolare<\/strong><\/td>\n<td>C20H25FN3O<\/td>\n<\/tr>\n<tr>\n<td><strong>Peso molecolare<\/strong><\/td>\n<td>339,45 g\/mol<\/td>\n<\/tr>\n<tr>\n<td><strong>Imballaggio<\/strong><\/td>\n<td>Disponibile in varie quantit\u00e0<\/td>\n<\/tr>\n<\/tbody>\n<\/table>\n<p>Il nostro <strong>1cP-LSD micro pellet<\/strong> sono formulati con precisione per contenere <strong>10mcg<\/strong> per pellet. Questo dosaggio estremamente accurato consente di <strong>coerente<\/strong> e <strong>risultati affidabili<\/strong> nei vostri esperimenti. Questi micropallet sono prodotti sotto <strong>condizioni di laboratorio rigorose<\/strong> per soddisfare i pi\u00f9 alti standard di <strong>purezza<\/strong> e <strong>qualit\u00e0<\/strong>assicurando che la vostra ricerca sia condotta con i materiali pi\u00f9 affidabili disponibili.<\/p>\n<h2>Caratteristiche principali di 1cP-LSD Micro Pellet<\/h2>\n<h3>Dosaggio coerente<\/h3>\n<p>Ciascuno <strong>Micropellet 1cP-LSD<\/strong> contiene una misura precisa <strong>10mcg<\/strong> del composto attivo. Questo garantisce che gli esperimenti si basino su <strong>dosaggio accurato e riproducibile<\/strong>rendendo pi\u00f9 semplice il monitoraggio e il confronto dei risultati di pi\u00f9 studi. Sia che stiate conducendo <strong>neuroscientifico<\/strong> ricerca o <strong>farmacologico<\/strong> indagini, un dosaggio costante \u00e8 la chiave per ottenere <strong>risultati affidabili<\/strong>.<\/p>\n<h3>Alta purezza e qualit\u00e0<\/h3>\n<p>Il nostro <strong>1cP-LSD micro pellet<\/strong> sono sintetizzati in <strong>laboratori all'avanguardia<\/strong> utilizzando solo materiali di altissima qualit\u00e0. Testiamo ogni lotto per assicurarci che soddisfi i requisiti di qualit\u00e0. <strong>99% purezza<\/strong> standard, rendendoli perfetti per l'uso in <strong>ricerca scientifica<\/strong>. Acquistando da un fornitore affidabile come EliteChemicals, potete essere certi che la vostra ricerca si baser\u00e0 sui composti pi\u00f9 puri e affidabili.<\/p>\n<h2>Applicazioni nella ricerca<\/h2>\n<h3>Studi neuroscientifici<\/h3>\n<p><strong>1cP-LSD<\/strong> \u00e8 uno strumento interessante per i ricercatori che studiano <strong>l'impatto degli psichedelici<\/strong> sul cervello. In particolare, viene utilizzato per esplorare il modo in cui gli psichedelici interagiscono con <strong>recettori della serotonina<\/strong>, in particolare il <strong>Recettore 5-HT2A<\/strong>che si ritiene mediano molti degli effetti della <strong>effetti psichedelici<\/strong>. Utilizzando <strong>1cP-LSD micro pellet<\/strong>gli scienziati possono studiare come questo composto influisca su <strong>sistemi di neurotrasmettitori<\/strong>, <strong>regolazione dell'umore<\/strong>, e <strong>funzioni cognitive<\/strong>ampliando cos\u00ec la nostra comprensione di <strong>terapia psichedelica<\/strong> e <strong>chimica del cervello<\/strong>.<\/p>\n<h3>Ricerca farmacologica<\/h3>\n<p>Grazie alla sua potenza e <strong>propriet\u00e0 psicoattive<\/strong>, <strong>1cP-LSD<\/strong> \u00e8 un composto prezioso per <strong>studi farmacologici<\/strong>. I ricercatori possono indagare sulla sua <strong>biodisponibilit\u00e0<\/strong>, <strong>percorsi metabolici<\/strong>e potenziale <strong>usi terapeutici<\/strong>. Studi su composti come <strong>1cP-LSD<\/strong> contribuire al crescente campo della <strong>farmacologia psichedelica<\/strong>che offre nuovi spunti di riflessione sul potenziale di <strong>terapia assistita da psichedelici<\/strong> per condizioni di salute mentale come <strong>depressione<\/strong>, <strong>ansia<\/strong>, e <strong>PTSD<\/strong>.<\/p>\n<h2>Sicurezza e manipolazione<\/h2>\n<h3>Pratiche di laboratorio corrette<\/h3>\n<p>Quando si maneggia <strong>1cP-LSD micro pellet<\/strong>\u00e8 fondamentale seguire gli standard <strong>protocolli di sicurezza<\/strong> per garantire la sicurezza dei ricercatori e l'integrit\u00e0 dei risultati.<\/p>\n<h4>Condizioni di conservazione<\/h4>\n<ul>\n<li><strong>Temperatura<\/strong>: Memorizzate il vostro <strong>1cP-LSD micro pellet<\/strong> in un <strong>fresco<\/strong>, <strong>luogo asciutto<\/strong> per prevenire la degradazione.<\/li>\n<li><strong>Contenitore<\/strong>: Conservarli in un <strong>ermetico<\/strong> e <a href=\"https:\/\/3mmckopen.com\/product\/buy-1cp-lsd-blotters-online\/\"><strong>resistente all'umidit\u00e0<\/strong><\/a> per garantire l'efficacia a lungo termine.<\/li>\n<\/ul>\n<h4>Linee guida per la manipolazione<\/h4>\n<ul>\n<li><strong>Dispositivi di protezione individuale (DPI)<\/strong>: Indossare sempre <a href=\"https:\/\/3mmckopen.com\/product\/buy-1p-lsd-blotters-online\/\"><strong>guanti<\/strong><\/a>, <strong>occhiali<\/strong>, e un <strong>camice da laboratorio<\/strong> quando si maneggia <strong>1cP-LSD micro pellet<\/strong>.<\/li>\n<li><strong>Protocolli di laboratorio<\/strong>: Seguire tutti gli standard <strong>procedure di sicurezza in laboratorio<\/strong> e linee guida per garantire <strong>manipolazione sicura<\/strong> e <strong>risultati accurati<\/strong>.<\/li>\n<\/ul>\n<h3>Restrizioni d'uso<\/h3>\n<p><strong>1cP-LSD micro pellet<\/strong> sono rigorosamente per <a href=\"https:\/\/3mmckopen.com\/product\/buy-met-fumarate-online\/\"><strong>scopi di ricerca<\/strong><\/a>. Questi composti dovrebbero <strong>mai<\/strong> I ricercatori devono attenersi alle linee guida etiche e legali durante il loro utilizzo.<\/p>\n<h2>Considerazioni legali<\/h2>\n<p>Prima di <strong>acquistare 1cP-LSD micro pellet online<\/strong>\u00e8 importante comprendere lo status giuridico di <strong>1cP-LSD<\/strong> nella vostra zona. Sebbene sia comunemente disponibile per <strong>scopi di ricerca<\/strong>Il suo status legale pu\u00f2 variare a seconda del paese o della giurisdizione. Verificare sempre la legalit\u00e0 dell'acquisto e dell'utilizzo di <strong>1cP-LSD<\/strong> nella vostra regione per garantire la conformit\u00e0 alle leggi locali.<\/p>\n<h2>Come acquistare online i micropellet 1cP-LSD<\/h2>\n<p>Quando si \u00e8 pronti a <strong>acquistare 1cP-LSD micro pellet online<\/strong>Seguite questi passaggi per garantire una transazione sicura e senza intoppi:<\/p>\n<ol>\n<li><strong>Scegliete un fornitore affidabile<\/strong>: Assicuratevi di selezionare un fornitore affidabile che offra <strong>di alta qualit\u00e0<\/strong> e <strong>testato in laboratorio<\/strong> <strong>1cP-LSD micro pellet<\/strong>.<\/li>\n<li><strong>Verificare la purezza<\/strong>: Assicurarsi che il fornitore fornisca <strong>rapporti di laboratorio di terzi<\/strong> che verificano il <strong>purezza<\/strong> e <strong>qualit\u00e0<\/strong> del prodotto.<\/li>\n<li><strong>Selezionare la quantit\u00e0<\/strong>: Scegliete la quantit\u00e0 pi\u00f9 adatta alle vostre esigenze di ricerca, sia che stiate acquistando un ordine piccolo o in blocco.<\/li>\n<li><strong>Completare l'ordine<\/strong>: Effettuare l'ordine in modo sicuro tramite un <strong>sito web di fiducia<\/strong> e scegliere un metodo di pagamento affidabile.<\/li>\n<li><strong>Tracciare la spedizione<\/strong>: Scegliere fornitori che forniscono <strong>servizi di tracciamento<\/strong> in modo da poter monitorare lo stato della consegna.<\/li>\n<\/ol>\n<h2>Fornitori affidabili per l'acquisto di micro pellet 1cP-LSD online<\/h2>\n<p>Quando si cerca di <strong>acquistare 1cP-LSD micro pellet online<\/strong>\u00e8 fondamentale acquistare da un <strong>fidato<\/strong> e <strong>fornitore affidabile<\/strong>. Ecco alcune fonti affidabili:<\/p>\n<ul>\n<li><strong>EliteChemicals.com<\/strong>: Conosciuto per l'alta qualit\u00e0 <strong>1cP-LSD micro pellet<\/strong> e un eccellente servizio clienti.<\/li>\n<li><strong>ResearchChemicalsWorld.com<\/strong>: Un fornitore affidabile per <strong>micro pellet di 1cP-LSD di qualit\u00e0 da laboratorio<\/strong>con spedizione rapida e rapporti di laboratorio chiari.<\/li>\n<li><strong>ChemicalsDirect.com<\/strong>: Offre un servizio di alta qualit\u00e0 <strong>1cP-LSD<\/strong> con un'evasione rapida degli ordini e una spedizione sicura.<\/li>\n<\/ul>\n<h2>Gamma di prezzi per 1cP-LSD Micro Pellet Online<\/h2>\n<p>Il prezzo di <strong>1cP-LSD micro pellet<\/strong> varia a seconda del fornitore e della quantit\u00e0 ordinata. Ecco una gamma di prezzi approssimativa:<\/p>\n<table>\n<thead>\n<tr>\n<th>Fornitore<\/th>\n<th>Prezzo per 1g (1000 pellet)<\/th>\n<\/tr>\n<\/thead>\n<tbody>\n<tr>\n<td><strong>EliteChemicals.com<\/strong><\/td>\n<td>\u20ac180<\/td>\n<\/tr>\n<tr>\n<td><strong>ResearchChemicalsWorld.com<\/strong><\/td>\n<td>\u20ac175<\/td>\n<\/tr>\n<tr>\n<td><strong>ChemicalsDirect.com<\/strong><\/td>\n<td>\u20ac185<\/td>\n<\/tr>\n<\/tbody>\n<\/table>\n<p>Assicurarsi di verificare la presenza di <strong>sconti<\/strong> o <strong>prezzi all'ingrosso<\/strong> quando si ordinano grandi quantit\u00e0, in quanto ci\u00f2 pu\u00f2 contribuire a ridurre il costo complessivo.<\/p>\n<h2>Ordina 1cP-LSD Micro Pellet online - Spedizione rapida e consegna sicura<\/h2>\n<p>Quando <strong>acquistare 1cP-LSD micro pellet online<\/strong>, potete aspettarvi <strong>confezione sicura e discreta<\/strong> e <strong>spedizione veloce<\/strong>. Per garantire la migliore esperienza, cercate fornitori che offrano:<\/p>\n<ul>\n<li><strong>Imballaggio discreto<\/strong>: Il tuo <strong>1cP-LSD <a href=\"https:\/\/3mmckopen.com\/product\/buy-1p-lsd-blotters-online\/\">micro pellet<\/a><\/strong> saranno imballati in modo sicuro e spediti con discrezione per garantire la privacy.<\/li>\n<li><strong>Consegna rapida<\/strong>: Scegliere fornitori che offrono <a href=\"https:\/\/3mmckopen.com\/product\/buy-1p-lsd-blotters-online\/\"><strong>spedizione rapida<\/strong><\/a> opzioni e fornire <strong>servizi di tracciamento<\/strong> in modo da poter monitorare l'ordine.<\/li>\n<li><strong>Metodi di pagamento sicuri<\/strong>: Utilizzate metodi di pagamento affidabili che proteggono le vostre informazioni finanziarie durante il processo di acquisto.<\/li>\n<\/ul>\n<h2>Domande frequenti (FAQ)<\/h2>\n<h3>Dove posso <strong>acquistare 1cP-LSD micro pellet online<\/strong>?<\/h3>\n<p>\u00c8 possibile <strong>acquistare 1cP-LSD micro pellet online<\/strong> da fornitori di fiducia come <strong>EliteChemicals.com<\/strong>, <strong>ResearchChemicalsWorld.com<\/strong>, e <strong>ChemicalsDirect.com<\/strong>.<\/p>\n<h3>Qual \u00e8 la purezza di <strong>1cP-LSD micro pellet<\/strong>?<\/h3>\n<p>Il nostro <strong>1cP-LSD micro pellet<\/strong> sono sintetizzati con <strong>99% purezza<\/strong>assicurandovi un prodotto di alta qualit\u00e0 per la ricerca scientifica.<\/p>\n<h3>Posso usare <strong>1cP-LSD micro pellet<\/strong> per il consumo umano?<\/h3>\n<p>No, <strong>1cP-LSD micro pellet<\/strong> sono strettamente destinati a <strong>scopi di ricerca<\/strong> solo e dovrebbe <strong>non essere consumato<\/strong> in qualsiasi circostanza.<\/p>\n<h3>Come devo conservare <strong>1cP-LSD micro pellet<\/strong>?<\/h3>\n<p>Negozio <strong>1cP-LSD micro pellet<\/strong> in un <strong>luogo fresco e asciutto<\/strong> lontano dalla luce diretta del sole e conservarli in un ambiente <strong>contenitore ermetico<\/strong> per prevenire la degradazione.<\/p>\n<h3>Quali applicazioni di ricerca possono <strong>1cP-LSD micro pellet<\/strong> essere utilizzato per?<\/h3>\n<p><strong>1cP-LSD micro pellet<\/strong> sono comunemente utilizzati in <strong>ricerca neuroscientifica<\/strong>, <strong>studi farmacologici<\/strong>, e <strong>terapia psichedelica<\/strong> indagini.<\/p>\n<h3>Come posso trovare un fornitore affidabile per <strong>acquistare 1cP-LSD micro pellet online<\/strong>?<\/h3>\n<p>Cercate un fornitore che offra <strong>testato in laboratorio<\/strong> prodotti, ha recensioni positive da parte dei clienti e fornisce <strong>pagamento sicuro<\/strong> e <strong>spedizione discreta<\/strong> opzioni.<\/p>\n<hr \/>\n<h2><\/h2>","protected":false},"excerpt":{"rendered":"<p>Comprare 1cP-LSD micro pellet online? Ottenete micro pellet di 1cP-LSD (10mcg) di qualit\u00e0 superiore per la ricerca psichedelica avanzata. Spedizione rapida e sicura. Ordinate oggi stesso!<\/p>\n<p><strong>I nostri vantaggi: \ud83c\udf1f\u00a0<\/strong><br \/>\n<strong>Ordinato oggi = consegnato domani \ud83d\ude90\u00a0<\/strong><br \/>\n<strong>Spedizione anonima e discreta \u2705\u00a0<\/strong><br \/>\n<strong>Pagare facilmente con la criptovaluta \ud83d\udcb5\u00a0<\/strong><\/p>","protected":false},"featured_media":6126,"comment_status":"open","ping_status":"closed","template":"","meta":[],"product_brand":[],"product_cat":[133,130,25],"product_tag":[],"class_list":{"0":"post-6070","1":"product","2":"type-product","3":"status-publish","4":"has-post-thumbnail","6":"product_cat-lysergamides","7":"product_cat-pellets","8":"product_cat-research-chemicals","10":"first","11":"instock","12":"shipping-taxable","13":"purchasable","14":"product-type-variable"},"yoast_head":"<!-- This site is optimized with the Yoast SEO Premium plugin v25.1 (Yoast SEO v27.3) - https:\/\/yoast.com\/product\/yoast-seo-premium-wordpress\/ -->\n<title>Buy 1cP-LSD micro pellets online - Trippy Wizard NL<\/title>\n<meta name=\"description\" content=\"Buy 1cP-LSD micro pellets online? Get premium-quality 1cP-LSD micro pellets (10mcg) for advanced psychedelic research. Fast and secure shipping. Order today!\" \/>\n<meta name=\"robots\" content=\"index, follow, max-snippet:-1, max-image-preview:large, max-video-preview:-1\" \/>\n<link rel=\"canonical\" href=\"https:\/\/trippywizard.nl\/it\/prodotto\/1cp-lsd-micro-pellets-10mcg\/\" \/>\n<meta property=\"og:locale\" content=\"it_IT\" \/>\n<meta property=\"og:type\" content=\"article\" \/>\n<meta property=\"og:title\" content=\"1cP-LSD Micro Pellets \u2013 10mcg\" \/>\n<meta property=\"og:description\" content=\"Buy 1cP-LSD micro pellets online? Get premium-quality 1cP-LSD micro pellets (10mcg) for advanced psychedelic research. Fast and secure shipping. Order today!\" \/>\n<meta property=\"og:url\" content=\"https:\/\/trippywizard.nl\/it\/prodotto\/1cp-lsd-micro-pellets-10mcg\/\" \/>\n<meta property=\"og:site_name\" content=\"Trippy Wizard NL\" \/>\n<meta property=\"article:modified_time\" content=\"2025-05-22T10:32:10+00:00\" \/>\n<meta property=\"og:image\" content=\"https:\/\/trippywizard.nl\/wp-content\/uploads\/2025\/05\/1cP-LSD-Micro-Pellets.png\" \/>\n\t<meta property=\"og:image:width\" content=\"500\" \/>\n\t<meta property=\"og:image:height\" content=\"500\" \/>\n\t<meta property=\"og:image:type\" content=\"image\/png\" \/>\n<meta name=\"twitter:card\" content=\"summary_large_image\" \/>\n<meta name=\"twitter:label1\" content=\"Tempo di lettura stimato\" \/>\n\t<meta name=\"twitter:data1\" content=\"6 minuti\" \/>\n<script type=\"application\/ld+json\" class=\"yoast-schema-graph\">{\"@context\":\"https:\\\/\\\/schema.org\",\"@graph\":[{\"@type\":\"WebPage\",\"@id\":\"https:\\\/\\\/trippywizard.nl\\\/product\\\/1cp-lsd-micro-pellets-10mcg\\\/\",\"url\":\"https:\\\/\\\/trippywizard.nl\\\/product\\\/1cp-lsd-micro-pellets-10mcg\\\/\",\"name\":\"Buy 1cP-LSD micro pellets online - Trippy Wizard NL\",\"isPartOf\":{\"@id\":\"https:\\\/\\\/trippywizard.nl\\\/#website\"},\"primaryImageOfPage\":{\"@id\":\"https:\\\/\\\/trippywizard.nl\\\/product\\\/1cp-lsd-micro-pellets-10mcg\\\/#primaryimage\"},\"image\":{\"@id\":\"https:\\\/\\\/trippywizard.nl\\\/product\\\/1cp-lsd-micro-pellets-10mcg\\\/#primaryimage\"},\"thumbnailUrl\":\"https:\\\/\\\/trippywizard.nl\\\/wp-content\\\/uploads\\\/2025\\\/05\\\/1cP-LSD-Micro-Pellets.png\",\"datePublished\":\"2025-05-22T10:30:44+00:00\",\"dateModified\":\"2025-05-22T10:32:10+00:00\",\"description\":\"Buy 1cP-LSD micro pellets online? Get premium-quality 1cP-LSD micro pellets (10mcg) for advanced psychedelic research. Fast and secure shipping. Order today!\",\"breadcrumb\":{\"@id\":\"https:\\\/\\\/trippywizard.nl\\\/product\\\/1cp-lsd-micro-pellets-10mcg\\\/#breadcrumb\"},\"inLanguage\":\"it-IT\",\"potentialAction\":[{\"@type\":\"ReadAction\",\"target\":[\"https:\\\/\\\/trippywizard.nl\\\/product\\\/1cp-lsd-micro-pellets-10mcg\\\/\"]}]},{\"@type\":\"ImageObject\",\"inLanguage\":\"it-IT\",\"@id\":\"https:\\\/\\\/trippywizard.nl\\\/product\\\/1cp-lsd-micro-pellets-10mcg\\\/#primaryimage\",\"url\":\"https:\\\/\\\/trippywizard.nl\\\/wp-content\\\/uploads\\\/2025\\\/05\\\/1cP-LSD-Micro-Pellets.png\",\"contentUrl\":\"https:\\\/\\\/trippywizard.nl\\\/wp-content\\\/uploads\\\/2025\\\/05\\\/1cP-LSD-Micro-Pellets.png\",\"width\":500,\"height\":500},{\"@type\":\"BreadcrumbList\",\"@id\":\"https:\\\/\\\/trippywizard.nl\\\/product\\\/1cp-lsd-micro-pellets-10mcg\\\/#breadcrumb\",\"itemListElement\":[{\"@type\":\"ListItem\",\"position\":1,\"name\":\"Home\",\"item\":\"https:\\\/\\\/trippywizard.nl\\\/\"},{\"@type\":\"ListItem\",\"position\":2,\"name\":\"Shop\",\"item\":\"https:\\\/\\\/trippywizard.nl\\\/shop\\\/\"},{\"@type\":\"ListItem\",\"position\":3,\"name\":\"1cP-LSD Micro Pellets \u2013 10mcg\"}]},{\"@type\":\"WebSite\",\"@id\":\"https:\\\/\\\/trippywizard.nl\\\/#website\",\"url\":\"https:\\\/\\\/trippywizard.nl\\\/\",\"name\":\"trippywizard.nl\",\"description\":\"Your No.1 Research Chemical Shop \u2013 98.99%+ Pure, Lab-Tested Quality Online.\",\"publisher\":{\"@id\":\"https:\\\/\\\/trippywizard.nl\\\/#organization\"},\"potentialAction\":[{\"@type\":\"SearchAction\",\"target\":{\"@type\":\"EntryPoint\",\"urlTemplate\":\"https:\\\/\\\/trippywizard.nl\\\/?s={search_term_string}\"},\"query-input\":{\"@type\":\"PropertyValueSpecification\",\"valueRequired\":true,\"valueName\":\"search_term_string\"}}],\"inLanguage\":\"it-IT\"},{\"@type\":\"Organization\",\"@id\":\"https:\\\/\\\/trippywizard.nl\\\/#organization\",\"name\":\"trippywizard.nl\",\"url\":\"https:\\\/\\\/trippywizard.nl\\\/\",\"logo\":{\"@type\":\"ImageObject\",\"inLanguage\":\"it-IT\",\"@id\":\"https:\\\/\\\/trippywizard.nl\\\/#\\\/schema\\\/logo\\\/image\\\/\",\"url\":\"https:\\\/\\\/trippywizard.nl\\\/wp-content\\\/uploads\\\/2020\\\/06\\\/Screenshot_2025-07-15_032323-removebg-preview-e1752575212917.png\",\"contentUrl\":\"https:\\\/\\\/trippywizard.nl\\\/wp-content\\\/uploads\\\/2020\\\/06\\\/Screenshot_2025-07-15_032323-removebg-preview-e1752575212917.png\",\"width\":200,\"height\":49,\"caption\":\"trippywizard.nl\"},\"image\":{\"@id\":\"https:\\\/\\\/trippywizard.nl\\\/#\\\/schema\\\/logo\\\/image\\\/\"}}]}<\/script>\n<!-- \/ Yoast SEO Premium plugin. -->","yoast_head_json":{"title":"Acquistare 1cP-LSD micro pellet online - Trippy Wizard NL","description":"Comprare 1cP-LSD micro pellet online? Ottenete micro pellet di 1cP-LSD (10mcg) di qualit\u00e0 superiore per la ricerca psichedelica avanzata. Spedizione rapida e sicura. Ordinate oggi stesso!","robots":{"index":"index","follow":"follow","max-snippet":"max-snippet:-1","max-image-preview":"max-image-preview:large","max-video-preview":"max-video-preview:-1"},"canonical":"https:\/\/trippywizard.nl\/it\/prodotto\/1cp-lsd-micro-pellets-10mcg\/","og_locale":"it_IT","og_type":"article","og_title":"1cP-LSD Micro Pellets \u2013 10mcg","og_description":"Buy 1cP-LSD micro pellets online? Get premium-quality 1cP-LSD micro pellets (10mcg) for advanced psychedelic research. Fast and secure shipping. Order today!","og_url":"https:\/\/trippywizard.nl\/it\/prodotto\/1cp-lsd-micro-pellets-10mcg\/","og_site_name":"Trippy Wizard NL","article_modified_time":"2025-05-22T10:32:10+00:00","og_image":[{"width":500,"height":500,"url":"https:\/\/trippywizard.nl\/wp-content\/uploads\/2025\/05\/1cP-LSD-Micro-Pellets.png","type":"image\/png"}],"twitter_card":"summary_large_image","twitter_misc":{"Tempo di lettura stimato":"6 minuti"},"schema":{"@context":"https:\/\/schema.org","@graph":[{"@type":"WebPage","@id":"https:\/\/trippywizard.nl\/product\/1cp-lsd-micro-pellets-10mcg\/","url":"https:\/\/trippywizard.nl\/product\/1cp-lsd-micro-pellets-10mcg\/","name":"Acquistare 1cP-LSD micro pellet online - Trippy Wizard NL","isPartOf":{"@id":"https:\/\/trippywizard.nl\/#website"},"primaryImageOfPage":{"@id":"https:\/\/trippywizard.nl\/product\/1cp-lsd-micro-pellets-10mcg\/#primaryimage"},"image":{"@id":"https:\/\/trippywizard.nl\/product\/1cp-lsd-micro-pellets-10mcg\/#primaryimage"},"thumbnailUrl":"https:\/\/trippywizard.nl\/wp-content\/uploads\/2025\/05\/1cP-LSD-Micro-Pellets.png","datePublished":"2025-05-22T10:30:44+00:00","dateModified":"2025-05-22T10:32:10+00:00","description":"Comprare 1cP-LSD micro pellet online? Ottenete micro pellet di 1cP-LSD (10mcg) di qualit\u00e0 superiore per la ricerca psichedelica avanzata. Spedizione rapida e sicura. Ordinate oggi stesso!","breadcrumb":{"@id":"https:\/\/trippywizard.nl\/product\/1cp-lsd-micro-pellets-10mcg\/#breadcrumb"},"inLanguage":"it-IT","potentialAction":[{"@type":"ReadAction","target":["https:\/\/trippywizard.nl\/product\/1cp-lsd-micro-pellets-10mcg\/"]}]},{"@type":"ImageObject","inLanguage":"it-IT","@id":"https:\/\/trippywizard.nl\/product\/1cp-lsd-micro-pellets-10mcg\/#primaryimage","url":"https:\/\/trippywizard.nl\/wp-content\/uploads\/2025\/05\/1cP-LSD-Micro-Pellets.png","contentUrl":"https:\/\/trippywizard.nl\/wp-content\/uploads\/2025\/05\/1cP-LSD-Micro-Pellets.png","width":500,"height":500},{"@type":"BreadcrumbList","@id":"https:\/\/trippywizard.nl\/product\/1cp-lsd-micro-pellets-10mcg\/#breadcrumb","itemListElement":[{"@type":"ListItem","position":1,"name":"Home","item":"https:\/\/trippywizard.nl\/"},{"@type":"ListItem","position":2,"name":"Shop","item":"https:\/\/trippywizard.nl\/shop\/"},{"@type":"ListItem","position":3,"name":"1cP-LSD Micro Pellets \u2013 10mcg"}]},{"@type":"WebSite","@id":"https:\/\/trippywizard.nl\/#website","url":"https:\/\/trippywizard.nl\/","name":"trippywizard.nl","description":"Il vostro negozio di prodotti chimici per la ricerca numero 1 - 98,99%+ qualit\u00e0 pura e testata in laboratorio online.","publisher":{"@id":"https:\/\/trippywizard.nl\/#organization"},"potentialAction":[{"@type":"SearchAction","target":{"@type":"EntryPoint","urlTemplate":"https:\/\/trippywizard.nl\/?s={search_term_string}"},"query-input":{"@type":"PropertyValueSpecification","valueRequired":true,"valueName":"search_term_string"}}],"inLanguage":"it-IT"},{"@type":"Organization","@id":"https:\/\/trippywizard.nl\/#organization","name":"trippywizard.nl","url":"https:\/\/trippywizard.nl\/","logo":{"@type":"ImageObject","inLanguage":"it-IT","@id":"https:\/\/trippywizard.nl\/#\/schema\/logo\/image\/","url":"https:\/\/trippywizard.nl\/wp-content\/uploads\/2020\/06\/Screenshot_2025-07-15_032323-removebg-preview-e1752575212917.png","contentUrl":"https:\/\/trippywizard.nl\/wp-content\/uploads\/2020\/06\/Screenshot_2025-07-15_032323-removebg-preview-e1752575212917.png","width":200,"height":49,"caption":"trippywizard.nl"},"image":{"@id":"https:\/\/trippywizard.nl\/#\/schema\/logo\/image\/"}}]}},"jetpack_sharing_enabled":true,"_links":{"self":[{"href":"https:\/\/trippywizard.nl\/it\/wp-json\/wp\/v2\/product\/6070","targetHints":{"allow":["GET"]}}],"collection":[{"href":"https:\/\/trippywizard.nl\/it\/wp-json\/wp\/v2\/product"}],"about":[{"href":"https:\/\/trippywizard.nl\/it\/wp-json\/wp\/v2\/types\/product"}],"replies":[{"embeddable":true,"href":"https:\/\/trippywizard.nl\/it\/wp-json\/wp\/v2\/comments?post=6070"}],"version-history":[{"count":1,"href":"https:\/\/trippywizard.nl\/it\/wp-json\/wp\/v2\/product\/6070\/revisions"}],"predecessor-version":[{"id":6127,"href":"https:\/\/trippywizard.nl\/it\/wp-json\/wp\/v2\/product\/6070\/revisions\/6127"}],"wp:featuredmedia":[{"embeddable":true,"href":"https:\/\/trippywizard.nl\/it\/wp-json\/wp\/v2\/media\/6126"}],"wp:attachment":[{"href":"https:\/\/trippywizard.nl\/it\/wp-json\/wp\/v2\/media?parent=6070"}],"wp:term":[{"taxonomy":"product_brand","embeddable":true,"href":"https:\/\/trippywizard.nl\/it\/wp-json\/wp\/v2\/product_brand?post=6070"},{"taxonomy":"product_cat","embeddable":true,"href":"https:\/\/trippywizard.nl\/it\/wp-json\/wp\/v2\/product_cat?post=6070"},{"taxonomy":"product_tag","embeddable":true,"href":"https:\/\/trippywizard.nl\/it\/wp-json\/wp\/v2\/product_tag?post=6070"}],"curies":[{"name":"wp","href":"https:\/\/api.w.org\/{rel}","templated":true}]}}