{"id":1190,"date":"2024-07-01T03:35:17","date_gmt":"2024-07-01T03:35:17","guid":{"rendered":"https:\/\/trippywizard.nl\/?post_type=product&#038;p=1190"},"modified":"2025-06-06T06:35:42","modified_gmt":"2025-06-06T06:35:42","slug":"acquistare-2-mmc-online","status":"publish","type":"product","link":"https:\/\/trippywizard.nl\/it\/prodotto\/acquistare-2-mmc-online\/","title":{"rendered":"Acquista 2 MMC in polvere"},"content":{"rendered":"<h2><span style=\"font-size: 1.25rem;\">Comprare 2 MMC online: La vostra guida all'acquisto di 2-Methylmethcathinone<\/span><\/h2>\n<div id=\"rank-math-rich-snippet-wrapper\">\n<div class=\"rank-math-review-data\">\n<p>Se state pensando di acquistare 2 MMC (2-metilcatinone) online, probabilmente avete alcune domande sul processo, sui prezzi e sulle fonti affidabili. Questa guida affronta le domande pi\u00f9 frequenti e fornisce informazioni dettagliate su dove acquistare 2 MMC online in vari Paesi.<\/p>\n<h2><strong>Acquistare 2 MMC in polvere online?<\/strong><\/h2>\n<p>La polvere 2MMC \u00e8 il sostituto del vietato <a href=\"https:\/\/trippywizard.nl\/where-to-buy-3-mmc-online-in-france\/\">3MMC<\/a>. 2 L'MMC non \u00e8 ancora vietato, quindi \u00e8 possibile ordinarlo legalmente. Questo prodotto \u00e8 adatto solo per scopi di ricerca e non per il consumo umano. Gli ordini effettuati prima delle 16:30 vengono consegnati il giorno successivo. Offriamo anche cristalli e capsule di 2 MMC.<\/p>\n<div id=\"rank-math-rich-snippet-wrapper\">\n<h3 class=\"rank-math-title\">Acquistare la polvere di 2-MMC?<\/h3>\n<div class=\"rank-math-review-data\">\n<p>Acquistare la polvere 2-MMC in modo semplice e veloce su ABCParty. Gli ordini effettuati prima delle 17:00 saranno consegnati il giorno successivo. Offriamo anche cristalli e capsule di 2 MMC.<\/p>\n<\/div>\n<\/div>\n<h2>Che cos'\u00e8 2 MMC?<\/h2>\n<p><strong>MMC<\/strong> \u00e8 uno stimolante sintetico e un derivato di <a href=\"https:\/\/trippywizard.nl\/where-to-buy-2-mmc-crystal\/\">metacatena<\/a>\u00a0nota per i suoi effetti stimolanti ed euforizzanti. Viene spesso utilizzata nella ricerca e per scopi sperimentali.<\/p>\n<h2>Acquistare 2 MMC online \u00e8 legale?<\/h2>\n<p>La legalit\u00e0 dell'acquisto di 2 MMC online dipende dalle normative del vostro Paese. In molti luoghi, i prodotti chimici per la ricerca come l'MMC non sono controllati in modo specifico, ma possono rientrare in leggi pi\u00f9 ampie. Controllare sempre le normative locali per garantire la conformit\u00e0.<\/p>\n<h2>Come posso assicurarmi di acquistare da una fonte affidabile?<\/h2>\n<p>Per essere sicuri di acquistare da una fonte affidabile, cercate:<\/p>\n<ul>\n<li><strong>Recensioni dei venditori<\/strong>: Controllare il feedback e le valutazioni dei clienti.<\/li>\n<li><strong>Qualit\u00e0 del prodotto<\/strong>: Assicurarsi che il fornitore fornisca informazioni dettagliate sul prodotto.<\/li>\n<li><strong>Pagamento sicuro<\/strong>: Utilizzate fornitori che offrono opzioni di pagamento sicure.<\/li>\n<li><strong>Assistenza clienti<\/strong>: Scegliete fornitori con un servizio clienti reattivo.<\/li>\n<\/ul>\n<h2>Qual \u00e8 la fascia di prezzo per 2 MMC?<\/h2>\n<p>Il prezzo di 2 MMC pu\u00f2 variare in base al fornitore e alla quantit\u00e0 acquistata. Ecco una gamma generale di prezzi:<\/p>\n<table>\n<thead>\n<tr>\n<th>Venditore<\/th>\n<th>Prezzo (al grammo)<\/th>\n<\/tr>\n<\/thead>\n<tbody>\n<tr>\n<td>Vendita di prodotti chimici per la ricerca<\/td>\n<td>$50<\/td>\n<\/tr>\n<tr>\n<td>Emporio RC<\/td>\n<td>$55<\/td>\n<\/tr>\n<tr>\n<td>Magazzino chimico<\/td>\n<td>$45<\/td>\n<\/tr>\n<tr>\n<td>Chimica pura<\/td>\n<td>$60<\/td>\n<\/tr>\n<\/tbody>\n<\/table>\n<h2>Dove acquistare 2 MMC online<\/h2>\n<h2>Acquistare 2 MMC online nel Regno Unito<\/h2>\n<ul>\n<li><strong>Tana dei folletti<\/strong>: Goblins Den \u00e8 una fonte affidabile per l'acquisto di 2 MMC nel Regno Unito.<\/li>\n<li><strong>Vendita di prodotti chimici per la ricerca<\/strong>: <a href=\"https:\/\/trippywizard.nl\" target=\"_new\" rel=\"noopener\">Vendita di prodotti chimici per la ricerca<\/a> offre due MMC con varie opzioni e un servizio affidabile.<\/li>\n<li><strong>Emporio RC<\/strong>: RC Emporium \u00e8 noto per i suoi prodotti di qualit\u00e0 e le opzioni di spedizione nel Regno Unito.<\/li>\n<\/ul>\n<h2>Dove posso acquistare 2 MMC online negli Stati Uniti?<\/h2>\n<ul>\n<li><strong>Tana dei folletti<\/strong>: Goblins Den fornisce 2-MMC con opzioni di spedizione sicure in tutti gli Stati Uniti.<\/li>\n<li><strong>Vendita di prodotti chimici per la ricerca<\/strong>: <a href=\"https:\/\/trippywizard.nl\" target=\"_new\" rel=\"noopener\">Vendita di prodotti chimici per la ricerca<\/a>\u00a0Offre un'ampia gamma di prodotti chimici per la ricerca, tra cui 2 MMC.<\/li>\n<li><strong>Chimica pura<\/strong>: Pure Chem offre 2-MMC di alta qualit\u00e0 disponibili per i clienti statunitensi.<\/li>\n<\/ul>\n<h2>Acquistare 2 MMC online in Canada<\/h2>\n<ul>\n<li><strong>Tana dei folletti<\/strong>: Goblins Den \u00e8 disponibile per i clienti canadesi che cercano 2 MMC.<\/li>\n<li><strong>Magazzino chimico<\/strong>: Chemical Warehouse \u00e8 una fonte affidabile per 2 MMC con possibilit\u00e0 di spedizione in Canada.<\/li>\n<li><strong>Emporio RC<\/strong>: RC Emporium offre 2 MMC con consegna in Canada.<\/li>\n<\/ul>\n<h2>Acquistare 2 MMC online in Germania<\/h2>\n<ul>\n<li><strong>Tana dei folletti<\/strong>: Goblins Den \u00e8 una buona opzione per acquistare 2 MMC in Germania.<\/li>\n<li><strong>Vendita di prodotti chimici per la ricerca<\/strong>: <a href=\"https:\/\/trippywizard.nl\" target=\"_new\" rel=\"noopener\">Vendita di prodotti chimici per la ricerca<\/a> consente l'accesso a 2 MMC per gli acquirenti tedeschi.<\/li>\n<li><strong>Chimica pura<\/strong>: Pure Chem offre 2 MMC con spedizione affidabile in Germania.<\/li>\n<\/ul>\n<h2>Dove acquistare 2 MMC online in Belgio?<\/h2>\n<ul>\n<li><strong>Tana dei folletti<\/strong>: Goblins Den vende 2 MMC a clienti in Belgio.<\/li>\n<li><strong>Emporio RC<\/strong>: RC Emporium dispone di 2-MMC con opzioni per il Belgio.<\/li>\n<li><strong>Magazzino chimico<\/strong>: Il magazzino chimico \u00e8 disponibile per gli acquirenti belgi.<\/li>\n<\/ul>\n<h2>Dove posso acquistare 2 MMC online in Francia?<\/h2>\n<ul>\n<li><strong>Tana dei folletti<\/strong>: Goblins Den fornisce due MMC ai clienti in Francia.<\/li>\n<li><strong>Vendita di prodotti chimici per la ricerca<\/strong>: <a href=\"https:\/\/trippywizard.nl\" target=\"_new\" rel=\"noopener\">Vendita di prodotti chimici per la ricerca<\/a>: Accessibile ai clienti francesi che cercano 2 MMC.<\/li>\n<li><strong>Chimica pura<\/strong>: Pure Chem offre 2-MMC con spedizione in Francia.<\/li>\n<\/ul>\n<h2>Acquista <strong>2-metilcatinone<\/strong> Online in Italia<\/h2>\n<ul>\n<li><strong>Tana dei folletti<\/strong>: Goblins Den dispone di 2 MMC disponibili per i clienti italiani.<\/li>\n<li><strong>Magazzino chimico<\/strong>: Chemical Warehouse \u00e8 una fonte affidabile per 2 MMC in Italia.<\/li>\n<li><strong>Emporio RC<\/strong>: RC Emporium offre due MMC con possibilit\u00e0 di consegna in Italia.<\/li>\n<\/ul>\n<h2>Dove posso acquistare 2 MMC online in Spagna?<\/h2>\n<ul>\n<li><strong>Tana dei folletti<\/strong>: Goblins Den fornisce due MMC per i clienti spagnoli.<\/li>\n<li><strong>Vendita di prodotti chimici per la ricerca<\/strong>: <a href=\"https:\/\/trippywizard.nl\" target=\"_new\" rel=\"noopener\">Vendita di prodotti chimici per la ricerca<\/a>: Disponibile per chi si trova in Spagna.<\/li>\n<li><strong>Chimica pura<\/strong>: <a href=\"https:\/\/purechem.com\" target=\"_new\" rel=\"noopener\">Chimica pura<\/a> Caratteristiche 2-MMC con spedizione in Spagna.<\/li>\n<\/ul>\n<h2>Acquistare 2 MMC online in Australia<\/h2>\n<ul>\n<li><strong>Tana dei folletti<\/strong>: Goblins Den vende 2-MMC ai clienti australiani.<\/li>\n<li><strong>Emporio RC<\/strong>: RC Emporium fornisce due MMC con possibilit\u00e0 di spedizione in Australia.<\/li>\n<li><strong>Magazzino chimico<\/strong>: Chemical Warehouse offre 2-MMC con consegna in Australia.<br \/>\n<h2>Acquistare 2 MMC online: Consegna in giornata e imballaggio discreto<\/h2>\n<p>Se avete bisogno di <strong>2 MMC (2-metilcatinone)<\/strong> Molti venditori online offrono consegne in giornata e confezioni discrete. Ecco cosa c'\u00e8 da sapere:<\/p>\n<h3>Consegna in giornata<\/h3>\n<p><strong>Consegna in giornata<\/strong> garantisce che l'ordine arrivi il pi\u00f9 rapidamente possibile, spesso entro poche ore dall'acquisto. Questo servizio \u00e8 ideale per le esigenze urgenti ed \u00e8 disponibile presso alcuni fornitori. Assicuratevi che il fornitore scelto offra questa opzione e verificate le politiche di consegna specifiche e gli orari limite per l'elaborazione in giornata.<\/p>\n<h3>Imballaggio discreto<\/h3>\n<p><strong>Confezione discreta<\/strong> significa che il vostro ordine sar\u00e0 spedito in un imballaggio semplice e non contrassegnato per garantire la privacy e la sicurezza. Questo \u00e8 importante se si preferisce mantenere la riservatezza del proprio acquisto o se si hanno dubbi sulla privacy.<\/li>\n<\/ul>\n<hr \/>\n<p>Quando acquistate 2 MMC online, assicuratevi sempre di acquistare da una fonte affidabile, di rispettare le leggi locali e di dare priorit\u00e0 alla sicurezza nelle vostre transazioni.<\/p>\n<p class=\"gt-block\">\n<\/div>\n<\/div>","protected":false},"excerpt":{"rendered":"<div class=\"elementor-element elementor-element-d1d265a elementor-widget elementor-widget-text-editor is-mac\" data-id=\"d1d265a\" data-element_type=\"widget\" data-widget_type=\"text-editor.default\">\n<div class=\"elementor-widget-container\"><strong>Acquistare 2 MMC online<br \/>\nMarchio del prodotto:\u00a0<\/strong>2MMC<br \/>\n<strong>Prodotto in stock: in stock<\/strong><span style=\"font-size: 1rem;\">Spedizione gratuita sopra $50\u00a0<\/span><\/p>\n<\/div>\n<\/div>","protected":false},"featured_media":1194,"comment_status":"open","ping_status":"closed","template":"","meta":[],"product_brand":[],"product_cat":[15],"product_tag":[],"class_list":{"0":"post-1190","1":"product","2":"type-product","3":"status-publish","4":"has-post-thumbnail","6":"product_cat-order-research-chemicals-online","8":"first","9":"instock","10":"shipping-taxable","11":"purchasable","12":"product-type-variable"},"yoast_head":"<!-- This site is optimized with the Yoast SEO Premium plugin v25.1 (Yoast SEO v27.3) - https:\/\/yoast.com\/product\/yoast-seo-premium-wordpress\/ -->\n<title>Buy 2 MMC Powder - Trippy Wizard NL<\/title>\n<meta name=\"description\" content=\"Buy 2-MMC HCl (2-Methylmethcathinone Hydrochloride). available in Powder, Crystal, and Pellets forms at Research Chemicals For Sale\" \/>\n<meta name=\"robots\" content=\"index, follow, max-snippet:-1, max-image-preview:large, max-video-preview:-1\" \/>\n<link rel=\"canonical\" href=\"https:\/\/trippywizard.nl\/it\/prodotto\/acquistare-2-mmc-online\/\" \/>\n<meta property=\"og:locale\" content=\"it_IT\" \/>\n<meta property=\"og:type\" content=\"article\" \/>\n<meta property=\"og:title\" content=\"Buy 2 MMC Powder\" \/>\n<meta property=\"og:description\" content=\"Buy 2-MMC HCl (2-Methylmethcathinone Hydrochloride). available in Powder, Crystal, and Pellets forms at Research Chemicals For Sale\" \/>\n<meta property=\"og:url\" content=\"https:\/\/trippywizard.nl\/it\/prodotto\/acquistare-2-mmc-online\/\" \/>\n<meta property=\"og:site_name\" content=\"Trippy Wizard NL\" \/>\n<meta property=\"article:modified_time\" content=\"2025-06-06T06:35:42+00:00\" \/>\n<meta property=\"og:image\" content=\"https:\/\/trippywizard.nl\/wp-content\/uploads\/2024\/07\/2-mmc-poeder.jpg\" \/>\n\t<meta property=\"og:image:width\" content=\"590\" \/>\n\t<meta property=\"og:image:height\" content=\"600\" \/>\n\t<meta property=\"og:image:type\" content=\"image\/jpeg\" \/>\n<meta name=\"twitter:card\" content=\"summary_large_image\" \/>\n<meta name=\"twitter:label1\" content=\"Tempo di lettura stimato\" \/>\n\t<meta name=\"twitter:data1\" content=\"4 minuti\" \/>\n<script type=\"application\/ld+json\" class=\"yoast-schema-graph\">{\"@context\":\"https:\\\/\\\/schema.org\",\"@graph\":[{\"@type\":\"WebPage\",\"@id\":\"https:\\\/\\\/trippywizard.nl\\\/product\\\/buy-2-mmc-online\\\/\",\"url\":\"https:\\\/\\\/trippywizard.nl\\\/product\\\/buy-2-mmc-online\\\/\",\"name\":\"Buy 2 MMC Powder - Trippy Wizard NL\",\"isPartOf\":{\"@id\":\"https:\\\/\\\/trippywizard.nl\\\/#website\"},\"primaryImageOfPage\":{\"@id\":\"https:\\\/\\\/trippywizard.nl\\\/product\\\/buy-2-mmc-online\\\/#primaryimage\"},\"image\":{\"@id\":\"https:\\\/\\\/trippywizard.nl\\\/product\\\/buy-2-mmc-online\\\/#primaryimage\"},\"thumbnailUrl\":\"https:\\\/\\\/trippywizard.nl\\\/wp-content\\\/uploads\\\/2024\\\/07\\\/2-mmc-poeder.jpg\",\"datePublished\":\"2024-07-01T03:35:17+00:00\",\"dateModified\":\"2025-06-06T06:35:42+00:00\",\"description\":\"Buy 2-MMC HCl (2-Methylmethcathinone Hydrochloride). available in Powder, Crystal, and Pellets forms at Research Chemicals For Sale\",\"breadcrumb\":{\"@id\":\"https:\\\/\\\/trippywizard.nl\\\/product\\\/buy-2-mmc-online\\\/#breadcrumb\"},\"inLanguage\":\"it-IT\",\"potentialAction\":[{\"@type\":\"ReadAction\",\"target\":[\"https:\\\/\\\/trippywizard.nl\\\/product\\\/buy-2-mmc-online\\\/\"]}]},{\"@type\":\"ImageObject\",\"inLanguage\":\"it-IT\",\"@id\":\"https:\\\/\\\/trippywizard.nl\\\/product\\\/buy-2-mmc-online\\\/#primaryimage\",\"url\":\"https:\\\/\\\/trippywizard.nl\\\/wp-content\\\/uploads\\\/2024\\\/07\\\/2-mmc-poeder.jpg\",\"contentUrl\":\"https:\\\/\\\/trippywizard.nl\\\/wp-content\\\/uploads\\\/2024\\\/07\\\/2-mmc-poeder.jpg\",\"width\":590,\"height\":600,\"caption\":\"buy 2 mmc online, 2MMC for Sale\"},{\"@type\":\"BreadcrumbList\",\"@id\":\"https:\\\/\\\/trippywizard.nl\\\/product\\\/buy-2-mmc-online\\\/#breadcrumb\",\"itemListElement\":[{\"@type\":\"ListItem\",\"position\":1,\"name\":\"Home\",\"item\":\"https:\\\/\\\/trippywizard.nl\\\/\"},{\"@type\":\"ListItem\",\"position\":2,\"name\":\"Shop\",\"item\":\"https:\\\/\\\/trippywizard.nl\\\/shop\\\/\"},{\"@type\":\"ListItem\",\"position\":3,\"name\":\"Buy 2 MMC Powder\"}]},{\"@type\":\"WebSite\",\"@id\":\"https:\\\/\\\/trippywizard.nl\\\/#website\",\"url\":\"https:\\\/\\\/trippywizard.nl\\\/\",\"name\":\"trippywizard.nl\",\"description\":\"Your No.1 Research Chemical Shop \u2013 98.99%+ Pure, Lab-Tested Quality Online.\",\"publisher\":{\"@id\":\"https:\\\/\\\/trippywizard.nl\\\/#organization\"},\"potentialAction\":[{\"@type\":\"SearchAction\",\"target\":{\"@type\":\"EntryPoint\",\"urlTemplate\":\"https:\\\/\\\/trippywizard.nl\\\/?s={search_term_string}\"},\"query-input\":{\"@type\":\"PropertyValueSpecification\",\"valueRequired\":true,\"valueName\":\"search_term_string\"}}],\"inLanguage\":\"it-IT\"},{\"@type\":\"Organization\",\"@id\":\"https:\\\/\\\/trippywizard.nl\\\/#organization\",\"name\":\"trippywizard.nl\",\"url\":\"https:\\\/\\\/trippywizard.nl\\\/\",\"logo\":{\"@type\":\"ImageObject\",\"inLanguage\":\"it-IT\",\"@id\":\"https:\\\/\\\/trippywizard.nl\\\/#\\\/schema\\\/logo\\\/image\\\/\",\"url\":\"https:\\\/\\\/trippywizard.nl\\\/wp-content\\\/uploads\\\/2020\\\/06\\\/Screenshot_2025-07-15_032323-removebg-preview-e1752575212917.png\",\"contentUrl\":\"https:\\\/\\\/trippywizard.nl\\\/wp-content\\\/uploads\\\/2020\\\/06\\\/Screenshot_2025-07-15_032323-removebg-preview-e1752575212917.png\",\"width\":200,\"height\":49,\"caption\":\"trippywizard.nl\"},\"image\":{\"@id\":\"https:\\\/\\\/trippywizard.nl\\\/#\\\/schema\\\/logo\\\/image\\\/\"}}]}<\/script>\n<!-- \/ Yoast SEO Premium plugin. -->","yoast_head_json":{"title":"Acquista 2 MMC in polvere - Trippy Wizard NL","description":"Acquista 2-MMC HCl (2-metacatinone cloridrato). disponibile nelle forme polvere, cristallo e pellet presso Research Chemicals For Sale.","robots":{"index":"index","follow":"follow","max-snippet":"max-snippet:-1","max-image-preview":"max-image-preview:large","max-video-preview":"max-video-preview:-1"},"canonical":"https:\/\/trippywizard.nl\/it\/prodotto\/acquistare-2-mmc-online\/","og_locale":"it_IT","og_type":"article","og_title":"Buy 2 MMC Powder","og_description":"Buy 2-MMC HCl (2-Methylmethcathinone Hydrochloride). available in Powder, Crystal, and Pellets forms at Research Chemicals For Sale","og_url":"https:\/\/trippywizard.nl\/it\/prodotto\/acquistare-2-mmc-online\/","og_site_name":"Trippy Wizard NL","article_modified_time":"2025-06-06T06:35:42+00:00","og_image":[{"width":590,"height":600,"url":"https:\/\/trippywizard.nl\/wp-content\/uploads\/2024\/07\/2-mmc-poeder.jpg","type":"image\/jpeg"}],"twitter_card":"summary_large_image","twitter_misc":{"Tempo di lettura stimato":"4 minuti"},"schema":{"@context":"https:\/\/schema.org","@graph":[{"@type":"WebPage","@id":"https:\/\/trippywizard.nl\/product\/buy-2-mmc-online\/","url":"https:\/\/trippywizard.nl\/product\/buy-2-mmc-online\/","name":"Acquista 2 MMC in polvere - Trippy Wizard NL","isPartOf":{"@id":"https:\/\/trippywizard.nl\/#website"},"primaryImageOfPage":{"@id":"https:\/\/trippywizard.nl\/product\/buy-2-mmc-online\/#primaryimage"},"image":{"@id":"https:\/\/trippywizard.nl\/product\/buy-2-mmc-online\/#primaryimage"},"thumbnailUrl":"https:\/\/trippywizard.nl\/wp-content\/uploads\/2024\/07\/2-mmc-poeder.jpg","datePublished":"2024-07-01T03:35:17+00:00","dateModified":"2025-06-06T06:35:42+00:00","description":"Acquista 2-MMC HCl (2-metacatinone cloridrato). disponibile nelle forme polvere, cristallo e pellet presso Research Chemicals For Sale.","breadcrumb":{"@id":"https:\/\/trippywizard.nl\/product\/buy-2-mmc-online\/#breadcrumb"},"inLanguage":"it-IT","potentialAction":[{"@type":"ReadAction","target":["https:\/\/trippywizard.nl\/product\/buy-2-mmc-online\/"]}]},{"@type":"ImageObject","inLanguage":"it-IT","@id":"https:\/\/trippywizard.nl\/product\/buy-2-mmc-online\/#primaryimage","url":"https:\/\/trippywizard.nl\/wp-content\/uploads\/2024\/07\/2-mmc-poeder.jpg","contentUrl":"https:\/\/trippywizard.nl\/wp-content\/uploads\/2024\/07\/2-mmc-poeder.jpg","width":590,"height":600,"caption":"buy 2 mmc online, 2MMC for Sale"},{"@type":"BreadcrumbList","@id":"https:\/\/trippywizard.nl\/product\/buy-2-mmc-online\/#breadcrumb","itemListElement":[{"@type":"ListItem","position":1,"name":"Home","item":"https:\/\/trippywizard.nl\/"},{"@type":"ListItem","position":2,"name":"Shop","item":"https:\/\/trippywizard.nl\/shop\/"},{"@type":"ListItem","position":3,"name":"Buy 2 MMC Powder"}]},{"@type":"WebSite","@id":"https:\/\/trippywizard.nl\/#website","url":"https:\/\/trippywizard.nl\/","name":"trippywizard.nl","description":"Il vostro negozio di prodotti chimici per la ricerca numero 1 - 98,99%+ qualit\u00e0 pura e testata in laboratorio online.","publisher":{"@id":"https:\/\/trippywizard.nl\/#organization"},"potentialAction":[{"@type":"SearchAction","target":{"@type":"EntryPoint","urlTemplate":"https:\/\/trippywizard.nl\/?s={search_term_string}"},"query-input":{"@type":"PropertyValueSpecification","valueRequired":true,"valueName":"search_term_string"}}],"inLanguage":"it-IT"},{"@type":"Organization","@id":"https:\/\/trippywizard.nl\/#organization","name":"trippywizard.nl","url":"https:\/\/trippywizard.nl\/","logo":{"@type":"ImageObject","inLanguage":"it-IT","@id":"https:\/\/trippywizard.nl\/#\/schema\/logo\/image\/","url":"https:\/\/trippywizard.nl\/wp-content\/uploads\/2020\/06\/Screenshot_2025-07-15_032323-removebg-preview-e1752575212917.png","contentUrl":"https:\/\/trippywizard.nl\/wp-content\/uploads\/2020\/06\/Screenshot_2025-07-15_032323-removebg-preview-e1752575212917.png","width":200,"height":49,"caption":"trippywizard.nl"},"image":{"@id":"https:\/\/trippywizard.nl\/#\/schema\/logo\/image\/"}}]}},"jetpack_sharing_enabled":true,"_links":{"self":[{"href":"https:\/\/trippywizard.nl\/it\/wp-json\/wp\/v2\/product\/1190","targetHints":{"allow":["GET"]}}],"collection":[{"href":"https:\/\/trippywizard.nl\/it\/wp-json\/wp\/v2\/product"}],"about":[{"href":"https:\/\/trippywizard.nl\/it\/wp-json\/wp\/v2\/types\/product"}],"replies":[{"embeddable":true,"href":"https:\/\/trippywizard.nl\/it\/wp-json\/wp\/v2\/comments?post=1190"}],"version-history":[{"count":1,"href":"https:\/\/trippywizard.nl\/it\/wp-json\/wp\/v2\/product\/1190\/revisions"}],"predecessor-version":[{"id":1271,"href":"https:\/\/trippywizard.nl\/it\/wp-json\/wp\/v2\/product\/1190\/revisions\/1271"}],"wp:featuredmedia":[{"embeddable":true,"href":"https:\/\/trippywizard.nl\/it\/wp-json\/wp\/v2\/media\/1194"}],"wp:attachment":[{"href":"https:\/\/trippywizard.nl\/it\/wp-json\/wp\/v2\/media?parent=1190"}],"wp:term":[{"taxonomy":"product_brand","embeddable":true,"href":"https:\/\/trippywizard.nl\/it\/wp-json\/wp\/v2\/product_brand?post=1190"},{"taxonomy":"product_cat","embeddable":true,"href":"https:\/\/trippywizard.nl\/it\/wp-json\/wp\/v2\/product_cat?post=1190"},{"taxonomy":"product_tag","embeddable":true,"href":"https:\/\/trippywizard.nl\/it\/wp-json\/wp\/v2\/product_tag?post=1190"}],"curies":[{"name":"wp","href":"https:\/\/api.w.org\/{rel}","templated":true}]}}