{"id":6780,"date":"2025-05-22T10:39:23","date_gmt":"2025-05-22T10:39:23","guid":{"rendered":"https:\/\/trippywizard.nl\/?post_type=product&#038;p=6780"},"modified":"2025-05-22T10:39:57","modified_gmt":"2025-05-22T10:39:57","slug":"phenibut-hcl-powder-25-gram","status":"publish","type":"product","link":"https:\/\/trippywizard.nl\/fr\/product\/phenibut-hcl-powder-25-gram\/","title":{"rendered":"Phenibut HCl Poudre - 25 grammes"},"content":{"rendered":"<h2>Acheter Phenibut HCl Powder Online - 25 Grammes pour l'anxi\u00e9t\u00e9, le sommeil et l'am\u00e9lioration cognitive<\/h2>\n<h3>Introduction \u00e0 la poudre de Phenibut HCl<\/h3>\n<p><strong>Phenibut HCl Poudre<\/strong> est un puissant compos\u00e9 neuropsychotrope utilis\u00e9 pour ses propri\u00e9t\u00e9s anxiolytiques, stabilisatrices de l'humeur et am\u00e9lioratrices des facult\u00e9s cognitives. D\u00e9velopp\u00e9 \u00e0 l'origine en Russie, le ph\u00e9nibut est un d\u00e9riv\u00e9 du <strong>GABA<\/strong> (acide gamma-aminobutyrique) et agit principalement sur le syst\u00e8me nerveux central pour r\u00e9duire l'anxi\u00e9t\u00e9, am\u00e9liorer le sommeil et renforcer la clart\u00e9 mentale. Si vous cherchez \u00e0 <strong>acheter Phenibut HCl <a href=\"https:\/\/3mmckopen.com\/product\/buy-noopept-powder-online\/\">poudre en ligne<\/a><\/strong>Cet article vous guidera \u00e0 travers les propri\u00e9t\u00e9s chimiques, les avantages pour la sant\u00e9, les recommandations de dosage et les endroits o\u00f9 vous pouvez l'acheter aupr\u00e8s d'un fournisseur de confiance.<\/p>\n<h3>Propri\u00e9t\u00e9s chimiques du Phenibut HCl<\/h3>\n<ul>\n<li><strong>Nom IUPAC<\/strong>: Chlorhydrate d'acide amino-4-ph\u00e9nylbutano\u00efque<\/li>\n<li><strong>Formule mol\u00e9culaire<\/strong>: C10H14ClNO2<\/li>\n<li><strong>Poids mol\u00e9culaire<\/strong>: 215,68 g\/mol<\/li>\n<li><strong>Structure chimique<\/strong>: Phenibut HCl comporte un groupe ph\u00e9nyle ajout\u00e9 au GABA, ce qui lui permet de franchir la barri\u00e8re de l'ADN. <strong>barri\u00e8re h\u00e9mato-enc\u00e9phalique<\/strong> de mani\u00e8re plus efficace et en renfor\u00e7ant ses effets calmants et cognitifs.<\/li>\n<\/ul>\n<h3>Pharmacologie de la poudre de chlorhydrate de ph\u00e9nibut<\/h3>\n<p>Phenibut HCl agit en interagissant avec <strong>R\u00e9cepteurs GABA<\/strong>La vitamine C, essentielle \u00e0 la neurotransmission inhibitrice dans le cerveau, est un \u00e9l\u00e9ment essentiel de l'organisme.<\/p>\n<h4>M\u00e9canisme d'action<\/h4>\n<p>Le ph\u00e9nibut agit principalement en tant qu'agoniste au niveau du <strong>R\u00e9cepteurs GABA_B<\/strong>Il renforce les signaux inhibiteurs dans le cerveau et produit un effet calmant. Il a \u00e9galement un effet sur <strong>R\u00e9cepteurs GABA_A<\/strong> et <a href=\"https:\/\/3mmckopen.com\/product\/buy-6-apb-powder-online-netherlands\/\"><strong>lib\u00e9ration de dopamine<\/strong><\/a>qui contribuent \u00e0 son succ\u00e8s. <strong>anxiolytique<\/strong>, <strong>stabiliser l'humeur<\/strong>et <strong>am\u00e9lioration des facult\u00e9s cognitives<\/strong> effets.<\/p>\n<h4>Effets potentiels du chlorhydrate de ph\u00e9nibut<\/h4>\n<p>Les recherches et le retour d'information des utilisateurs sugg\u00e8rent que <strong>Phenibut HCl en poudre<\/strong> peut produire diff\u00e9rents effets :<\/p>\n<ul>\n<li><strong>Effets anxiolytiques<\/strong>: R\u00e9duit les sentiments de stress et d'anxi\u00e9t\u00e9.<\/li>\n<li><strong>Am\u00e9lioration cognitive<\/strong>: Am\u00e9liore la concentration, la clart\u00e9 et la r\u00e9tention de la m\u00e9moire.<\/li>\n<li><strong>Stabilisation de l'humeur<\/strong>: Att\u00e9nue les sympt\u00f4mes de la d\u00e9pression et favorise l'\u00e9quilibre \u00e9motionnel.<\/li>\n<li><strong>Am\u00e9lioration du sommeil<\/strong>: Am\u00e9liore la qualit\u00e9 du sommeil et aide les personnes souffrant d'insomnie ou de troubles du sommeil.<\/li>\n<li><strong>Neuroprotection<\/strong>: Peut favoriser la sant\u00e9 neuronale, r\u00e9duisant potentiellement le risque de d\u00e9clin cognitif.<\/li>\n<\/ul>\n<h3>Avantages pour la sant\u00e9 de la poudre de Phenibut HCl<\/h3>\n<p>Lorsque vous <strong>acheter Phenibut HCl poudre en ligne<\/strong>Vous ouvrez ainsi la porte \u00e0 plusieurs avantages potentiels :<\/p>\n<h4>1. <strong>Effets anxiolytiques<\/strong><\/h4>\n<p>Le Phenibut HCl est connu pour sa capacit\u00e9 \u00e0 r\u00e9duire la consommation d'alcool. <strong>l'anxi\u00e9t\u00e9<\/strong>. Il promeut une <strong>sentiment de calme<\/strong> et peut aider \u00e0 soulager le stress, l'anxi\u00e9t\u00e9 sociale et les troubles anxieux g\u00e9n\u00e9ralis\u00e9s.<\/p>\n<h4>2. <strong>Am\u00e9lioration cognitive<\/strong><\/h4>\n<p>De nombreux utilisateurs font \u00e9tat d'une augmentation des <strong>clart\u00e9 mentale<\/strong>, <strong>se focaliser<\/strong>et <strong>m\u00e9moire<\/strong> apr\u00e8s avoir pris du Phenibut HCl. Il est populaire parmi les \u00e9tudiants, les professionnels et les personnes cr\u00e9atives \u00e0 la recherche de b\u00e9n\u00e9fices cognitifs.<\/p>\n<h4>3. <strong>Stabilisation de l'humeur<\/strong><\/h4>\n<p>Le Phenibut HCl peut apporter <strong>stabiliser l'humeur<\/strong> les effets, en r\u00e9duisant <a href=\"https:\/\/3mmckopen.com\/product\/buy-2c-d-pellets-online\/\"><strong>d\u00e9pression<\/strong><\/a> et l'am\u00e9lioration du bien-\u00eatre \u00e9motionnel g\u00e9n\u00e9ral en modulant <strong>dopamine<\/strong> et <strong>s\u00e9rotonine<\/strong> niveaux.<\/p>\n<h4>4. <strong>Am\u00e9lioration du sommeil<\/strong><\/h4>\n<p>Pour les personnes qui luttent contre <strong>insomnie<\/strong>Le Phenibut HCl peut favoriser un sommeil plus profond et plus r\u00e9parateur. Il renforce la capacit\u00e9 naturelle de l'organisme \u00e0 se d\u00e9tendre, ce qui facilite l'endormissement et le maintien du sommeil.<\/p>\n<h4>5. <strong>Neuroprotection<\/strong><\/h4>\n<p>Certaines recherches sugg\u00e8rent que <strong>Ph\u00e9nibut HCl<\/strong> peut agir comme un <strong>neuroprotectrice<\/strong>Les aliments pour animaux sont des produits de base, qui contribuent \u00e0 pr\u00e9server la sant\u00e9 neuronale, ce qui peut avoir des effets b\u00e9n\u00e9fiques \u00e0 long terme sur les fonctions cognitives.<\/p>\n<h3>Posologie et administration de la poudre de chlorhydrate de ph\u00e9nibut<\/h3>\n<p>Le dosage typique de <strong>Phenibut HCl en poudre<\/strong> varie en fonction des besoins individuels et de la tol\u00e9rance. La dose journali\u00e8re recommand\u00e9e est g\u00e9n\u00e9ralement comprise entre <strong>250 mg \u00e0 750 mg<\/strong>divis\u00e9 en une \u00e0 trois doses.<\/p>\n<h4>Dosage recommand\u00e9 :<\/h4>\n<ul>\n<li><strong>Faible dose<\/strong>Le r\u00e9gime d'assurance-maladie : 250 mg \u00e0 500 mg par jour (id\u00e9al pour les d\u00e9butants).<\/li>\n<li><strong>Dose mod\u00e9r\u00e9e<\/strong>: 500mg \u00e0 750mg par jour (usage courant)<\/li>\n<li><strong>Dose \u00e9lev\u00e9e<\/strong>750 mg \u00e0 1 g par jour (pour les utilisateurs exp\u00e9riment\u00e9s)<\/li>\n<\/ul>\n<h3>Comment prendre la poudre de Phenibut HCl ?<\/h3>\n<p>La poudre de Phenibut HCl peut \u00eatre prise en la dissolvant dans de l'eau. <strong>l'eau<\/strong> ou tout autre <a href=\"https:\/\/3mmckopen.com\/product\/ketamine-powder\/\"><strong>boisson<\/strong><\/a>. A <strong>\u00e9chelle de milligrammes<\/strong> est fortement recommand\u00e9 pour un dosage pr\u00e9cis. Certains utilisateurs pr\u00e9f\u00e8rent <strong>administration sublinguale<\/strong>La poudre est plac\u00e9e sous la langue pour une absorption plus rapide.<\/p>\n<h3>S\u00e9curit\u00e9 et consid\u00e9rations<\/h3>\n<p>Tandis que <strong>Ph\u00e9nibut HCl<\/strong> est g\u00e9n\u00e9ralement bien tol\u00e9r\u00e9, il est important de l'utiliser de mani\u00e8re responsable. Une utilisation excessive ou des doses \u00e9lev\u00e9es peuvent entra\u00eener des effets secondaires tels que :<\/p>\n<ul>\n<li><strong>Vertiges<\/strong><\/li>\n<li><strong>Naus\u00e9es<\/strong><\/li>\n<li><strong>Maux de t\u00eate<\/strong><\/li>\n<li><strong>S\u00e9dation<\/strong><\/li>\n<\/ul>\n<p>Il est toujours pr\u00e9f\u00e9rable de commencer par un <strong>dose plus faible<\/strong> pour \u00e9valuer votre tol\u00e9rance. L'utilisation \u00e0 long terme doit \u00eatre envisag\u00e9e avec prudence afin d'\u00e9viter <strong>tol\u00e9rance<\/strong> ou <strong>d\u00e9pendance<\/strong>. Le ph\u00e9nibut devrait <strong>pas<\/strong> \u00eatre m\u00e9lang\u00e9s \u00e0 de l'alcool ou \u00e0 d'autres d\u00e9presseurs du syst\u00e8me nerveux central.<\/p>\n<h3>Applications de la recherche sur le chlorhydrate de ph\u00e9nibut<\/h3>\n<p>Le Phenibut HCl continue d'\u00eatre \u00e9tudi\u00e9 pour son potentiel dans plusieurs domaines, notamment :<\/p>\n<h4>1. <strong>R\u00e9duction de l'anxi\u00e9t\u00e9 et du stress<\/strong><\/h4>\n<p>La recherche \u00e9tudie l'efficacit\u00e9 du Phenibut HCl dans la r\u00e9duction de l'anxi\u00e9t\u00e9 dans des contextes cliniques et non cliniques.<\/p>\n<h4>2. <strong>Fonction cognitive<\/strong><\/h4>\n<p>Des \u00e9tudes explorent le potentiel d'am\u00e9lioration cognitive du Phenibut, en particulier en ce qui concerne <strong>m\u00e9moire<\/strong>, <strong>se focaliser<\/strong>et <strong>clart\u00e9 mentale<\/strong>.<\/p>\n<h4>3. <strong>Troubles du sommeil<\/strong><\/h4>\n<p>Le r\u00f4le du ph\u00e9nibut dans l'am\u00e9lioration de la qualit\u00e9 du sommeil, en particulier pour les personnes souffrant d'un trouble du sommeil. <strong>l'insomnie chronique<\/strong>est en cours de recherche.<\/p>\n<h4>4. <strong>Troubles de l'humeur<\/strong><\/h4>\n<p>La recherche se concentre sur le potentiel du ph\u00e9nibut pour le traitement des maladies infectieuses. <strong>d\u00e9pression<\/strong> et d'autres troubles de l'humeur.<\/p>\n<hr \/>\n<h3>O\u00f9 acheter Phenibut HCl Powder en ligne<\/h3>\n<p>Si vous cherchez \u00e0 <strong>acheter Phenibut HCl poudre en ligne<\/strong>Assurez-vous de choisir un <strong>fournisseur fiable<\/strong> qui garantit la qualit\u00e9 et la puret\u00e9. Voici quelques conseils pour trouver la meilleure source :<\/p>\n<ol>\n<li><strong>Fournisseurs r\u00e9put\u00e9s<\/strong>: Choisissez des fournisseurs ayant une <strong>bonne r\u00e9putation<\/strong> et des avis de clients v\u00e9rifi\u00e9s.<\/li>\n<li><strong>Tests en laboratoire par des tiers<\/strong>: S'assurer que le produit est <strong>test\u00e9 en laboratoire<\/strong> pour la puret\u00e9 et l'efficacit\u00e9.<\/li>\n<li><strong>Paiement s\u00e9curis\u00e9 et exp\u00e9dition discr\u00e8te<\/strong>: Recherchez des fournisseurs offrant <strong>options de paiement s\u00e9curis\u00e9<\/strong> et <strong>exp\u00e9dition discr\u00e8te<\/strong> pour la protection de la vie priv\u00e9e.<\/li>\n<\/ol>\n<p>Vous pouvez facilement acheter <strong>Phenibut HCl en poudre<\/strong> en diff\u00e9rentes quantit\u00e9s aupr\u00e8s de vendeurs en ligne bien \u00e9tablis, garantissant une livraison rapide et discr\u00e8te.<\/p>\n<hr \/>\n<h3>Comment acheter Phenibut HCl Powder en ligne<\/h3>\n<p>Achats <strong>Phenibut HCl poudre en ligne<\/strong> est simple et rapide. Suivez les \u00e9tapes suivantes :<\/p>\n<ol>\n<li><strong>Choisissez votre quantit\u00e9<\/strong>: S\u00e9lectionnez l'option <strong>25g<\/strong>, <strong>50g<\/strong>ou <strong>100g<\/strong> en fonction de vos besoins.<\/li>\n<li><strong>Ajouter au panier<\/strong>: Apr\u00e8s avoir s\u00e9lectionn\u00e9 la quantit\u00e9 souhait\u00e9e, ajoutez-la \u00e0 votre panier.<\/li>\n<li><strong>Passer \u00e0 la caisse<\/strong>: Saisissez vos coordonn\u00e9es de livraison et vos informations de paiement.<\/li>\n<li><strong>Confirmer et payer<\/strong>: Effectuez votre achat et attendez la confirmation.<\/li>\n<li><strong>Livraison<\/strong>: Votre commande sera exp\u00e9di\u00e9e directement \u00e0 votre adresse, g\u00e9n\u00e9ralement dans un d\u00e9lai de quelques jours ouvrables.<\/li>\n<\/ol>\n<hr \/>\n<h3>Tableau des prix pour Phenibut HCl Powder - 25 Grammes<\/h3>\n<table>\n<thead>\n<tr>\n<th>Quantit\u00e9<\/th>\n<th>Prix (USD)<\/th>\n<th>Prix r\u00e9duit<\/th>\n<\/tr>\n<\/thead>\n<tbody>\n<tr>\n<td><strong>25g<\/strong><\/td>\n<td>$40<\/td>\n<td>$36<\/td>\n<\/tr>\n<tr>\n<td><strong>50g<\/strong><\/td>\n<td>$75<\/td>\n<td>$68<\/td>\n<\/tr>\n<tr>\n<td><strong>100g<\/strong><\/td>\n<td>$140<\/td>\n<td>$130<\/td>\n<\/tr>\n<\/tbody>\n<\/table>\n<hr \/>\n<h3>Foire aux questions (FAQ)<\/h3>\n<h4>1. <strong>Quelle est la posologie recommand\u00e9e pour la poudre de Phenibut HCl ?<\/strong><\/h4>\n<p>Le <strong>dosage id\u00e9al<\/strong> de Phenibut HCl varie de <strong>250 mg \u00e0 750 mg<\/strong> par jour, en fonction de la tol\u00e9rance individuelle. Commencez par une dose plus faible pour \u00e9valuer votre r\u00e9action.<\/p>\n<h4>2. <strong>Comment dois-je prendre la poudre de Phenibut HCl ?<\/strong><\/h4>\n<p>La poudre de Phenibut HCl peut \u00eatre dissoute dans de l'eau. <strong>l'eau<\/strong> ou <strong>boissons<\/strong>. Certains pr\u00e9f\u00e8rent <strong>administration sublinguale<\/strong> pour une absorption plus rapide.<\/p>\n<h4>3. <strong>Le Phenibut HCl est-il s\u00fbr pour une utilisation \u00e0 long terme ?<\/strong><\/h4>\n<p><strong>Ph\u00e9nibut<\/strong> doit \u00eatre utilis\u00e9 avec prudence. L'utilisation \u00e0 long terme peut entra\u00eener <strong>tol\u00e9rance<\/strong> ou <strong>d\u00e9pendance<\/strong>Il est donc recommand\u00e9 de faire des pauses p\u00e9riodiques et d'utiliser l'appareil de mani\u00e8re responsable.<\/p>\n<h4>4. <strong>Le Phenibut HCl peut-il provoquer des effets secondaires ?<\/strong><\/h4>\n<p>Les effets secondaires les plus fr\u00e9quents sont les suivants <strong>vertiges<\/strong>, <strong>naus\u00e9es<\/strong>et <strong>maux de t\u00eate<\/strong>. Si vous ressentez des effets secondaires graves, arr\u00eatez d'utiliser le Phenibut et consultez un professionnel de la sant\u00e9.<\/p>\n<hr \/>\n<h3>Conclusion<\/h3>\n<p>Lorsque vous <strong>acheter Phenibut HCl poudre en ligne<\/strong>Gr\u00e2ce \u00e0 la prise d'une dose de 1 mg par jour, vous avez acc\u00e8s \u00e0 un suppl\u00e9ment polyvalent qui peut contribuer \u00e0 r\u00e9duire l'anxi\u00e9t\u00e9, \u00e0 am\u00e9liorer le sommeil et \u00e0 renforcer les performances cognitives. Avec un dosage ad\u00e9quat et une utilisation responsable, <strong>Phenibut HCl en poudre<\/strong> offre des avantages significatifs pour le bien-\u00eatre \u00e9motionnel et mental.<\/p>\n<p>&nbsp;<\/p>","protected":false},"excerpt":{"rendered":"<p>Achetez la poudre de Phenibut HCl en ligne pour soulager l'anxi\u00e9t\u00e9, stabiliser l'humeur, am\u00e9liorer les facult\u00e9s cognitives et mieux dormir. En savoir plus sur la posologie, les b\u00e9n\u00e9fices et o\u00f9 l'acheter au meilleur prix.<\/p>\n<p>Nos atouts : \ud83c\udf1f<br \/>\nCommand\u00e9 aujourd'hui = livr\u00e9 demain \ud83d\ude90<br \/>\nExp\u00e9dition anonyme et discr\u00e8te \u2705<br \/>\nPayer facilement avec des crypto-monnaies \ud83d\udcb5<\/p>","protected":false},"featured_media":6811,"comment_status":"open","ping_status":"closed","template":"","meta":[],"product_brand":[],"product_cat":[138,25],"product_tag":[],"class_list":{"0":"post-6780","1":"product","2":"type-product","3":"status-publish","4":"has-post-thumbnail","6":"product_cat-nootropics","7":"product_cat-research-chemicals","9":"first","10":"instock","11":"shipping-taxable","12":"purchasable","13":"product-type-variable"},"yoast_head":"<!-- This site is optimized with the Yoast SEO Premium plugin v25.1 (Yoast SEO v27.3) - https:\/\/yoast.com\/product\/yoast-seo-premium-wordpress\/ -->\n<title>Buy Phenibut HCl Powder Online - Trippy Wizard NL<\/title>\n<meta name=\"description\" content=\"Buy Phenibut HCl powder online for anxiety relief, mood stabilization, cognitive enhancement, and better sleep. Learn more about dosage, benefits, and where to buy it at the best prices.\" \/>\n<meta name=\"robots\" content=\"index, follow, max-snippet:-1, max-image-preview:large, max-video-preview:-1\" \/>\n<link rel=\"canonical\" href=\"https:\/\/trippywizard.nl\/fr\/product\/phenibut-hcl-powder-25-gram\/\" \/>\n<meta property=\"og:locale\" content=\"fr_FR\" \/>\n<meta property=\"og:type\" content=\"article\" \/>\n<meta property=\"og:title\" content=\"Phenibut HCl Powder \u2013 25 gram\" \/>\n<meta property=\"og:description\" content=\"Buy Phenibut HCl powder online for anxiety relief, mood stabilization, cognitive enhancement, and better sleep. Learn more about dosage, benefits, and where to buy it at the best prices.\" \/>\n<meta property=\"og:url\" content=\"https:\/\/trippywizard.nl\/fr\/product\/phenibut-hcl-powder-25-gram\/\" \/>\n<meta property=\"og:site_name\" content=\"Trippy Wizard NL\" \/>\n<meta property=\"article:modified_time\" content=\"2025-05-22T10:39:57+00:00\" \/>\n<meta property=\"og:image\" content=\"https:\/\/trippywizard.nl\/wp-content\/uploads\/2025\/05\/white-talc-powder-500x500-1-e1733899457327.webp\" \/>\n\t<meta property=\"og:image:width\" content=\"500\" \/>\n\t<meta property=\"og:image:height\" content=\"453\" \/>\n\t<meta property=\"og:image:type\" content=\"image\/webp\" \/>\n<meta name=\"twitter:card\" content=\"summary_large_image\" \/>\n<meta name=\"twitter:label1\" content=\"Dur\u00e9e de lecture estim\u00e9e\" \/>\n\t<meta name=\"twitter:data1\" content=\"5 minutes\" \/>\n<script type=\"application\/ld+json\" class=\"yoast-schema-graph\">{\"@context\":\"https:\\\/\\\/schema.org\",\"@graph\":[{\"@type\":\"WebPage\",\"@id\":\"https:\\\/\\\/trippywizard.nl\\\/product\\\/phenibut-hcl-powder-25-gram\\\/\",\"url\":\"https:\\\/\\\/trippywizard.nl\\\/product\\\/phenibut-hcl-powder-25-gram\\\/\",\"name\":\"Buy Phenibut HCl Powder Online - Trippy Wizard NL\",\"isPartOf\":{\"@id\":\"https:\\\/\\\/trippywizard.nl\\\/#website\"},\"primaryImageOfPage\":{\"@id\":\"https:\\\/\\\/trippywizard.nl\\\/product\\\/phenibut-hcl-powder-25-gram\\\/#primaryimage\"},\"image\":{\"@id\":\"https:\\\/\\\/trippywizard.nl\\\/product\\\/phenibut-hcl-powder-25-gram\\\/#primaryimage\"},\"thumbnailUrl\":\"https:\\\/\\\/trippywizard.nl\\\/wp-content\\\/uploads\\\/2025\\\/05\\\/white-talc-powder-500x500-1-e1733899457327.webp\",\"datePublished\":\"2025-05-22T10:39:23+00:00\",\"dateModified\":\"2025-05-22T10:39:57+00:00\",\"description\":\"Buy Phenibut HCl powder online for anxiety relief, mood stabilization, cognitive enhancement, and better sleep. Learn more about dosage, benefits, and where to buy it at the best prices.\",\"breadcrumb\":{\"@id\":\"https:\\\/\\\/trippywizard.nl\\\/product\\\/phenibut-hcl-powder-25-gram\\\/#breadcrumb\"},\"inLanguage\":\"fr-FR\",\"potentialAction\":[{\"@type\":\"ReadAction\",\"target\":[\"https:\\\/\\\/trippywizard.nl\\\/product\\\/phenibut-hcl-powder-25-gram\\\/\"]}]},{\"@type\":\"ImageObject\",\"inLanguage\":\"fr-FR\",\"@id\":\"https:\\\/\\\/trippywizard.nl\\\/product\\\/phenibut-hcl-powder-25-gram\\\/#primaryimage\",\"url\":\"https:\\\/\\\/trippywizard.nl\\\/wp-content\\\/uploads\\\/2025\\\/05\\\/white-talc-powder-500x500-1-e1733899457327.webp\",\"contentUrl\":\"https:\\\/\\\/trippywizard.nl\\\/wp-content\\\/uploads\\\/2025\\\/05\\\/white-talc-powder-500x500-1-e1733899457327.webp\",\"width\":500,\"height\":453},{\"@type\":\"BreadcrumbList\",\"@id\":\"https:\\\/\\\/trippywizard.nl\\\/product\\\/phenibut-hcl-powder-25-gram\\\/#breadcrumb\",\"itemListElement\":[{\"@type\":\"ListItem\",\"position\":1,\"name\":\"Home\",\"item\":\"https:\\\/\\\/trippywizard.nl\\\/\"},{\"@type\":\"ListItem\",\"position\":2,\"name\":\"Shop\",\"item\":\"https:\\\/\\\/trippywizard.nl\\\/shop\\\/\"},{\"@type\":\"ListItem\",\"position\":3,\"name\":\"Phenibut HCl Powder \u2013 25 gram\"}]},{\"@type\":\"WebSite\",\"@id\":\"https:\\\/\\\/trippywizard.nl\\\/#website\",\"url\":\"https:\\\/\\\/trippywizard.nl\\\/\",\"name\":\"trippywizard.nl\",\"description\":\"Your No.1 Research Chemical Shop \u2013 98.99%+ Pure, Lab-Tested Quality Online.\",\"publisher\":{\"@id\":\"https:\\\/\\\/trippywizard.nl\\\/#organization\"},\"potentialAction\":[{\"@type\":\"SearchAction\",\"target\":{\"@type\":\"EntryPoint\",\"urlTemplate\":\"https:\\\/\\\/trippywizard.nl\\\/?s={search_term_string}\"},\"query-input\":{\"@type\":\"PropertyValueSpecification\",\"valueRequired\":true,\"valueName\":\"search_term_string\"}}],\"inLanguage\":\"fr-FR\"},{\"@type\":\"Organization\",\"@id\":\"https:\\\/\\\/trippywizard.nl\\\/#organization\",\"name\":\"trippywizard.nl\",\"url\":\"https:\\\/\\\/trippywizard.nl\\\/\",\"logo\":{\"@type\":\"ImageObject\",\"inLanguage\":\"fr-FR\",\"@id\":\"https:\\\/\\\/trippywizard.nl\\\/#\\\/schema\\\/logo\\\/image\\\/\",\"url\":\"https:\\\/\\\/trippywizard.nl\\\/wp-content\\\/uploads\\\/2020\\\/06\\\/Screenshot_2025-07-15_032323-removebg-preview-e1752575212917.png\",\"contentUrl\":\"https:\\\/\\\/trippywizard.nl\\\/wp-content\\\/uploads\\\/2020\\\/06\\\/Screenshot_2025-07-15_032323-removebg-preview-e1752575212917.png\",\"width\":200,\"height\":49,\"caption\":\"trippywizard.nl\"},\"image\":{\"@id\":\"https:\\\/\\\/trippywizard.nl\\\/#\\\/schema\\\/logo\\\/image\\\/\"}}]}<\/script>\n<!-- \/ Yoast SEO Premium plugin. -->","yoast_head_json":{"title":"Acheter Phenibut HCl Powder Online - Trippy Wizard NL","description":"Achetez la poudre de Phenibut HCl en ligne pour soulager l'anxi\u00e9t\u00e9, stabiliser l'humeur, am\u00e9liorer les facult\u00e9s cognitives et mieux dormir. En savoir plus sur la posologie, les b\u00e9n\u00e9fices et o\u00f9 l'acheter au meilleur prix.","robots":{"index":"index","follow":"follow","max-snippet":"max-snippet:-1","max-image-preview":"max-image-preview:large","max-video-preview":"max-video-preview:-1"},"canonical":"https:\/\/trippywizard.nl\/fr\/product\/phenibut-hcl-powder-25-gram\/","og_locale":"fr_FR","og_type":"article","og_title":"Phenibut HCl Powder \u2013 25 gram","og_description":"Buy Phenibut HCl powder online for anxiety relief, mood stabilization, cognitive enhancement, and better sleep. Learn more about dosage, benefits, and where to buy it at the best prices.","og_url":"https:\/\/trippywizard.nl\/fr\/product\/phenibut-hcl-powder-25-gram\/","og_site_name":"Trippy Wizard NL","article_modified_time":"2025-05-22T10:39:57+00:00","og_image":[{"width":500,"height":453,"url":"https:\/\/trippywizard.nl\/wp-content\/uploads\/2025\/05\/white-talc-powder-500x500-1-e1733899457327.webp","type":"image\/webp"}],"twitter_card":"summary_large_image","twitter_misc":{"Dur\u00e9e de lecture estim\u00e9e":"5 minutes"},"schema":{"@context":"https:\/\/schema.org","@graph":[{"@type":"WebPage","@id":"https:\/\/trippywizard.nl\/product\/phenibut-hcl-powder-25-gram\/","url":"https:\/\/trippywizard.nl\/product\/phenibut-hcl-powder-25-gram\/","name":"Acheter Phenibut HCl Powder Online - Trippy Wizard NL","isPartOf":{"@id":"https:\/\/trippywizard.nl\/#website"},"primaryImageOfPage":{"@id":"https:\/\/trippywizard.nl\/product\/phenibut-hcl-powder-25-gram\/#primaryimage"},"image":{"@id":"https:\/\/trippywizard.nl\/product\/phenibut-hcl-powder-25-gram\/#primaryimage"},"thumbnailUrl":"https:\/\/trippywizard.nl\/wp-content\/uploads\/2025\/05\/white-talc-powder-500x500-1-e1733899457327.webp","datePublished":"2025-05-22T10:39:23+00:00","dateModified":"2025-05-22T10:39:57+00:00","description":"Achetez la poudre de Phenibut HCl en ligne pour soulager l'anxi\u00e9t\u00e9, stabiliser l'humeur, am\u00e9liorer les facult\u00e9s cognitives et mieux dormir. En savoir plus sur la posologie, les b\u00e9n\u00e9fices et o\u00f9 l'acheter au meilleur prix.","breadcrumb":{"@id":"https:\/\/trippywizard.nl\/product\/phenibut-hcl-powder-25-gram\/#breadcrumb"},"inLanguage":"fr-FR","potentialAction":[{"@type":"ReadAction","target":["https:\/\/trippywizard.nl\/product\/phenibut-hcl-powder-25-gram\/"]}]},{"@type":"ImageObject","inLanguage":"fr-FR","@id":"https:\/\/trippywizard.nl\/product\/phenibut-hcl-powder-25-gram\/#primaryimage","url":"https:\/\/trippywizard.nl\/wp-content\/uploads\/2025\/05\/white-talc-powder-500x500-1-e1733899457327.webp","contentUrl":"https:\/\/trippywizard.nl\/wp-content\/uploads\/2025\/05\/white-talc-powder-500x500-1-e1733899457327.webp","width":500,"height":453},{"@type":"BreadcrumbList","@id":"https:\/\/trippywizard.nl\/product\/phenibut-hcl-powder-25-gram\/#breadcrumb","itemListElement":[{"@type":"ListItem","position":1,"name":"Home","item":"https:\/\/trippywizard.nl\/"},{"@type":"ListItem","position":2,"name":"Shop","item":"https:\/\/trippywizard.nl\/shop\/"},{"@type":"ListItem","position":3,"name":"Phenibut HCl Powder \u2013 25 gram"}]},{"@type":"WebSite","@id":"https:\/\/trippywizard.nl\/#website","url":"https:\/\/trippywizard.nl\/","name":"trippywizard.nl","description":"Votre premier magasin de produits chimiques pour la recherche - 98.99%+ Qualit\u00e9 pure et test\u00e9e en laboratoire en ligne.","publisher":{"@id":"https:\/\/trippywizard.nl\/#organization"},"potentialAction":[{"@type":"SearchAction","target":{"@type":"EntryPoint","urlTemplate":"https:\/\/trippywizard.nl\/?s={search_term_string}"},"query-input":{"@type":"PropertyValueSpecification","valueRequired":true,"valueName":"search_term_string"}}],"inLanguage":"fr-FR"},{"@type":"Organization","@id":"https:\/\/trippywizard.nl\/#organization","name":"trippywizard.nl","url":"https:\/\/trippywizard.nl\/","logo":{"@type":"ImageObject","inLanguage":"fr-FR","@id":"https:\/\/trippywizard.nl\/#\/schema\/logo\/image\/","url":"https:\/\/trippywizard.nl\/wp-content\/uploads\/2020\/06\/Screenshot_2025-07-15_032323-removebg-preview-e1752575212917.png","contentUrl":"https:\/\/trippywizard.nl\/wp-content\/uploads\/2020\/06\/Screenshot_2025-07-15_032323-removebg-preview-e1752575212917.png","width":200,"height":49,"caption":"trippywizard.nl"},"image":{"@id":"https:\/\/trippywizard.nl\/#\/schema\/logo\/image\/"}}]}},"jetpack_sharing_enabled":true,"_links":{"self":[{"href":"https:\/\/trippywizard.nl\/fr\/wp-json\/wp\/v2\/product\/6780","targetHints":{"allow":["GET"]}}],"collection":[{"href":"https:\/\/trippywizard.nl\/fr\/wp-json\/wp\/v2\/product"}],"about":[{"href":"https:\/\/trippywizard.nl\/fr\/wp-json\/wp\/v2\/types\/product"}],"replies":[{"embeddable":true,"href":"https:\/\/trippywizard.nl\/fr\/wp-json\/wp\/v2\/comments?post=6780"}],"version-history":[{"count":1,"href":"https:\/\/trippywizard.nl\/fr\/wp-json\/wp\/v2\/product\/6780\/revisions"}],"predecessor-version":[{"id":6812,"href":"https:\/\/trippywizard.nl\/fr\/wp-json\/wp\/v2\/product\/6780\/revisions\/6812"}],"wp:featuredmedia":[{"embeddable":true,"href":"https:\/\/trippywizard.nl\/fr\/wp-json\/wp\/v2\/media\/6811"}],"wp:attachment":[{"href":"https:\/\/trippywizard.nl\/fr\/wp-json\/wp\/v2\/media?parent=6780"}],"wp:term":[{"taxonomy":"product_brand","embeddable":true,"href":"https:\/\/trippywizard.nl\/fr\/wp-json\/wp\/v2\/product_brand?post=6780"},{"taxonomy":"product_cat","embeddable":true,"href":"https:\/\/trippywizard.nl\/fr\/wp-json\/wp\/v2\/product_cat?post=6780"},{"taxonomy":"product_tag","embeddable":true,"href":"https:\/\/trippywizard.nl\/fr\/wp-json\/wp\/v2\/product_tag?post=6780"}],"curies":[{"name":"wp","href":"https:\/\/api.w.org\/{rel}","templated":true}]}}