{"id":322,"date":"2024-06-05T11:13:34","date_gmt":"2024-06-05T11:13:34","guid":{"rendered":"https:\/\/trippywizard.nl\/?post_type=product&#038;p=322"},"modified":"2024-06-05T11:14:59","modified_gmt":"2024-06-05T11:14:59","slug":"voidrealm-lsd-105mcg-x-100-blotter-tabs-pack","status":"publish","type":"product","link":"https:\/\/trippywizard.nl\/fr\/product\/voidrealm-lsd-105mcg-x-100-blotter-tabs-pack\/","title":{"rendered":"Voidrealm LSD 105mcg x 100 Comprim\u00e9s Blotter pack"},"content":{"rendered":"<h1 style=\"text-align: center;\">\u00a0QU'EST-CE QUE LE LSD ?<\/h1>\n<p>Acheter Voidrealm <a href=\"https:\/\/trippypharma.com\/product\/buy-lsd\/\"><strong><span style=\"color: #3366ff;\">LSD<\/span><\/strong><\/a>est un hallucinog\u00e8ne puissant qui pr\u00e9sente un fort potentiel d'abus et qui n'a actuellement aucune utilisation m\u00e9dicale accept\u00e9e dans les pays de l'Union europ\u00e9enne. <strong><a href=\"https:\/\/trippypharma.com\/product\/buy-a-pvp-crystal\/\">traitement<\/a><\/strong> aux \u00c9tats-Unis. QUELLE EST SON ORIGINE ? Le LSD est produit dans des laboratoires clandestins aux \u00c9tats-Unis. Quels sont les noms de rue courants ? Les noms courants du LSD sont les suivants : - Acide, Dots, Mellow Yellow et Window Pane.<\/p>\n<p>Voidrealm for Sale - blotter art fait par notre artiste et d\u00e9pos\u00e9 avec 105mcg de 99%+ pure Aztec <a href=\"https:\/\/trippypharma.com\/product\/ethylone\/\"><span style=\"color: #3366ff;\">Cristal de LSD<\/span><\/a>.<br \/>\nLe dosage original de 105 mcg est de retour.<br \/>\nLes feuilles de papier buvard sont de 8x8mm, \u00e9paisses et insipides. Acheter du LSD voidrealm en ligne.<\/p>\n<h2 style=\"text-align: center;\"><strong>Acheter <\/strong>Voidrealm LSD Online Dosage<\/h2>\n<p>0,5 - 1 hit - trip l\u00e9ger - moyen, suffisant pour que les d\u00e9butants ou les utilisateurs inexp\u00e9riment\u00e9s puissent se faire une id\u00e9e de ce qu'est le LSD. Vous ferez l'exp\u00e9rience d'une intensification des couleurs et des sons et d'un changement g\u00e9n\u00e9ral de conscience.<br \/>\n2 hits - trip moyen - fort, convenant \u00e0 la plupart des utilisateurs exp\u00e9riment\u00e9s. Les images peuvent \u00eatre fortes avec cette dose et vous pourriez avoir des probl\u00e8mes de communication avec les autres si vous \u00eates sensible.<br \/>\n3-4 hits - fort - un trip tr\u00e8s fort, si vous n'avez pas de tol\u00e9rance, mieux vaut rester dans un endroit s\u00fbr et se pr\u00e9parer \u00e0 s'enfoncer profond\u00e9ment dans votre esprit.<br \/>\n5 hits + - si vous prenez une telle dose, je suppose que vous savez vraiment ce que vous faites ? profitez de la lumi\u00e8re blanche.<\/p>\n<h3 class=\"fusion-responsive-typography-calculated\" style=\"text-align: center;\" data-fontsize=\"19\" data-lineheight=\"28.5px\">Effets secondaires du Voidrealm<\/h3>\n<ul>\n<li><a href=\"https:\/\/www.healthline.com\/health\/hallucinations#:~:text=Hallucinations%20are%20sensory%20experiences%20that,image%20that%20isn't%20real.\">Hallucination<\/a> est l'effet principal du LSD, le plus fr\u00e9quent chez les adolescents.<\/li>\n<li>Le sentiment de <a href=\"https:\/\/trippypharma.com\/product\/where-to-buy-reishi-mushroom\/\"><strong><span style=\"color: #3366ff;\">l'anxi\u00e9t\u00e9 <\/span><\/strong><\/a>est \u00e9galement un effet qui peut \u00eatre soign\u00e9 \u00e0 l'aide de m\u00e9dicaments normaux.<\/li>\n<\/ul>","protected":false},"excerpt":{"rendered":"<p>Voidrealm LSD 105mcg x 100 Comprim\u00e9s Blotter pack<\/p>","protected":false},"featured_media":378,"comment_status":"open","ping_status":"closed","template":"","meta":[],"product_brand":[],"product_cat":[25],"product_tag":[],"class_list":{"0":"post-322","1":"product","2":"type-product","3":"status-publish","4":"has-post-thumbnail","6":"product_cat-research-chemicals","8":"first","9":"instock","10":"shipping-taxable","11":"purchasable","12":"product-type-variable"},"yoast_head":"<!-- This site is optimized with the Yoast SEO Premium plugin v25.1 (Yoast SEO v27.3) - https:\/\/yoast.com\/product\/yoast-seo-premium-wordpress\/ -->\n<title>Buy Voidrealm LSD - Voidrealm For Sale Online | Trippy Wizard NL<\/title>\n<meta name=\"description\" content=\"Buy Voidrealm LSD In USA, Voidrealm LSD for sale in Serbia, where to buy Voidrealm LSD in Croatia ,Voidrealm LSD for sale in Ireland,\" \/>\n<meta name=\"robots\" content=\"index, follow, max-snippet:-1, max-image-preview:large, max-video-preview:-1\" \/>\n<link rel=\"canonical\" href=\"https:\/\/trippywizard.nl\/fr\/product\/voidrealm-lsd-105mcg-x-100-blotter-tabs-pack\/\" \/>\n<meta property=\"og:locale\" content=\"fr_FR\" \/>\n<meta property=\"og:type\" content=\"article\" \/>\n<meta property=\"og:title\" content=\"Voidrealm LSD 105mcg x 100 Blotter tabs pack\" \/>\n<meta property=\"og:description\" content=\"Buy Voidrealm LSD In USA, Voidrealm LSD for sale in Serbia, where to buy Voidrealm LSD in Croatia ,Voidrealm LSD for sale in Ireland,\" \/>\n<meta property=\"og:url\" content=\"https:\/\/trippywizard.nl\/fr\/product\/voidrealm-lsd-105mcg-x-100-blotter-tabs-pack\/\" \/>\n<meta property=\"og:site_name\" content=\"Trippy Wizard NL\" \/>\n<meta property=\"article:modified_time\" content=\"2024-06-05T11:14:59+00:00\" \/>\n<meta property=\"og:image\" content=\"https:\/\/trippywizard.nl\/wp-content\/uploads\/2024\/06\/u95rgrbi3ao21-1.jpg\" \/>\n\t<meta property=\"og:image:width\" content=\"504\" \/>\n\t<meta property=\"og:image:height\" content=\"672\" \/>\n\t<meta property=\"og:image:type\" content=\"image\/jpeg\" \/>\n<meta name=\"twitter:card\" content=\"summary_large_image\" \/>\n<meta name=\"twitter:label1\" content=\"Dur\u00e9e de lecture estim\u00e9e\" \/>\n\t<meta name=\"twitter:data1\" content=\"2 minutes\" \/>\n<script type=\"application\/ld+json\" class=\"yoast-schema-graph\">{\"@context\":\"https:\\\/\\\/schema.org\",\"@graph\":[{\"@type\":\"WebPage\",\"@id\":\"https:\\\/\\\/trippywizard.nl\\\/product\\\/voidrealm-lsd-105mcg-x-100-blotter-tabs-pack\\\/\",\"url\":\"https:\\\/\\\/trippywizard.nl\\\/product\\\/voidrealm-lsd-105mcg-x-100-blotter-tabs-pack\\\/\",\"name\":\"Buy Voidrealm LSD - Voidrealm For Sale Online | Trippy Wizard NL\",\"isPartOf\":{\"@id\":\"https:\\\/\\\/trippywizard.nl\\\/#website\"},\"primaryImageOfPage\":{\"@id\":\"https:\\\/\\\/trippywizard.nl\\\/product\\\/voidrealm-lsd-105mcg-x-100-blotter-tabs-pack\\\/#primaryimage\"},\"image\":{\"@id\":\"https:\\\/\\\/trippywizard.nl\\\/product\\\/voidrealm-lsd-105mcg-x-100-blotter-tabs-pack\\\/#primaryimage\"},\"thumbnailUrl\":\"https:\\\/\\\/trippywizard.nl\\\/wp-content\\\/uploads\\\/2024\\\/06\\\/u95rgrbi3ao21-1.jpg\",\"datePublished\":\"2024-06-05T11:13:34+00:00\",\"dateModified\":\"2024-06-05T11:14:59+00:00\",\"description\":\"Buy Voidrealm LSD In USA, Voidrealm LSD for sale in Serbia, where to buy Voidrealm LSD in Croatia ,Voidrealm LSD for sale in Ireland,\",\"breadcrumb\":{\"@id\":\"https:\\\/\\\/trippywizard.nl\\\/product\\\/voidrealm-lsd-105mcg-x-100-blotter-tabs-pack\\\/#breadcrumb\"},\"inLanguage\":\"fr-FR\",\"potentialAction\":[{\"@type\":\"ReadAction\",\"target\":[\"https:\\\/\\\/trippywizard.nl\\\/product\\\/voidrealm-lsd-105mcg-x-100-blotter-tabs-pack\\\/\"]}]},{\"@type\":\"ImageObject\",\"inLanguage\":\"fr-FR\",\"@id\":\"https:\\\/\\\/trippywizard.nl\\\/product\\\/voidrealm-lsd-105mcg-x-100-blotter-tabs-pack\\\/#primaryimage\",\"url\":\"https:\\\/\\\/trippywizard.nl\\\/wp-content\\\/uploads\\\/2024\\\/06\\\/u95rgrbi3ao21-1.jpg\",\"contentUrl\":\"https:\\\/\\\/trippywizard.nl\\\/wp-content\\\/uploads\\\/2024\\\/06\\\/u95rgrbi3ao21-1.jpg\",\"width\":504,\"height\":672},{\"@type\":\"BreadcrumbList\",\"@id\":\"https:\\\/\\\/trippywizard.nl\\\/product\\\/voidrealm-lsd-105mcg-x-100-blotter-tabs-pack\\\/#breadcrumb\",\"itemListElement\":[{\"@type\":\"ListItem\",\"position\":1,\"name\":\"Home\",\"item\":\"https:\\\/\\\/trippywizard.nl\\\/\"},{\"@type\":\"ListItem\",\"position\":2,\"name\":\"Shop\",\"item\":\"https:\\\/\\\/trippywizard.nl\\\/shop\\\/\"},{\"@type\":\"ListItem\",\"position\":3,\"name\":\"Voidrealm LSD 105mcg x 100 Blotter tabs pack\"}]},{\"@type\":\"WebSite\",\"@id\":\"https:\\\/\\\/trippywizard.nl\\\/#website\",\"url\":\"https:\\\/\\\/trippywizard.nl\\\/\",\"name\":\"trippywizard.nl\",\"description\":\"Your No.1 Research Chemical Shop \u2013 98.99%+ Pure, Lab-Tested Quality Online.\",\"publisher\":{\"@id\":\"https:\\\/\\\/trippywizard.nl\\\/#organization\"},\"potentialAction\":[{\"@type\":\"SearchAction\",\"target\":{\"@type\":\"EntryPoint\",\"urlTemplate\":\"https:\\\/\\\/trippywizard.nl\\\/?s={search_term_string}\"},\"query-input\":{\"@type\":\"PropertyValueSpecification\",\"valueRequired\":true,\"valueName\":\"search_term_string\"}}],\"inLanguage\":\"fr-FR\"},{\"@type\":\"Organization\",\"@id\":\"https:\\\/\\\/trippywizard.nl\\\/#organization\",\"name\":\"trippywizard.nl\",\"url\":\"https:\\\/\\\/trippywizard.nl\\\/\",\"logo\":{\"@type\":\"ImageObject\",\"inLanguage\":\"fr-FR\",\"@id\":\"https:\\\/\\\/trippywizard.nl\\\/#\\\/schema\\\/logo\\\/image\\\/\",\"url\":\"https:\\\/\\\/trippywizard.nl\\\/wp-content\\\/uploads\\\/2020\\\/06\\\/Screenshot_2025-07-15_032323-removebg-preview-e1752575212917.png\",\"contentUrl\":\"https:\\\/\\\/trippywizard.nl\\\/wp-content\\\/uploads\\\/2020\\\/06\\\/Screenshot_2025-07-15_032323-removebg-preview-e1752575212917.png\",\"width\":200,\"height\":49,\"caption\":\"trippywizard.nl\"},\"image\":{\"@id\":\"https:\\\/\\\/trippywizard.nl\\\/#\\\/schema\\\/logo\\\/image\\\/\"}}]}<\/script>\n<!-- \/ Yoast SEO Premium plugin. -->","yoast_head_json":{"title":"Acheter Voidrealm LSD - Voidrealm \u00e0 vendre en ligne | Trippy Wizard NL","description":"Acheter Voidrealm LSD aux Etats-Unis, Voidrealm LSD \u00e0 vendre en Serbie, o\u00f9 acheter Voidrealm LSD en Croatie, Voidrealm LSD \u00e0 vendre en Irlande,","robots":{"index":"index","follow":"follow","max-snippet":"max-snippet:-1","max-image-preview":"max-image-preview:large","max-video-preview":"max-video-preview:-1"},"canonical":"https:\/\/trippywizard.nl\/fr\/product\/voidrealm-lsd-105mcg-x-100-blotter-tabs-pack\/","og_locale":"fr_FR","og_type":"article","og_title":"Voidrealm LSD 105mcg x 100 Blotter tabs pack","og_description":"Buy Voidrealm LSD In USA, Voidrealm LSD for sale in Serbia, where to buy Voidrealm LSD in Croatia ,Voidrealm LSD for sale in Ireland,","og_url":"https:\/\/trippywizard.nl\/fr\/product\/voidrealm-lsd-105mcg-x-100-blotter-tabs-pack\/","og_site_name":"Trippy Wizard NL","article_modified_time":"2024-06-05T11:14:59+00:00","og_image":[{"width":504,"height":672,"url":"https:\/\/trippywizard.nl\/wp-content\/uploads\/2024\/06\/u95rgrbi3ao21-1.jpg","type":"image\/jpeg"}],"twitter_card":"summary_large_image","twitter_misc":{"Dur\u00e9e de lecture estim\u00e9e":"2 minutes"},"schema":{"@context":"https:\/\/schema.org","@graph":[{"@type":"WebPage","@id":"https:\/\/trippywizard.nl\/product\/voidrealm-lsd-105mcg-x-100-blotter-tabs-pack\/","url":"https:\/\/trippywizard.nl\/product\/voidrealm-lsd-105mcg-x-100-blotter-tabs-pack\/","name":"Acheter Voidrealm LSD - Voidrealm \u00e0 vendre en ligne | Trippy Wizard NL","isPartOf":{"@id":"https:\/\/trippywizard.nl\/#website"},"primaryImageOfPage":{"@id":"https:\/\/trippywizard.nl\/product\/voidrealm-lsd-105mcg-x-100-blotter-tabs-pack\/#primaryimage"},"image":{"@id":"https:\/\/trippywizard.nl\/product\/voidrealm-lsd-105mcg-x-100-blotter-tabs-pack\/#primaryimage"},"thumbnailUrl":"https:\/\/trippywizard.nl\/wp-content\/uploads\/2024\/06\/u95rgrbi3ao21-1.jpg","datePublished":"2024-06-05T11:13:34+00:00","dateModified":"2024-06-05T11:14:59+00:00","description":"Acheter Voidrealm LSD aux Etats-Unis, Voidrealm LSD \u00e0 vendre en Serbie, o\u00f9 acheter Voidrealm LSD en Croatie, Voidrealm LSD \u00e0 vendre en Irlande,","breadcrumb":{"@id":"https:\/\/trippywizard.nl\/product\/voidrealm-lsd-105mcg-x-100-blotter-tabs-pack\/#breadcrumb"},"inLanguage":"fr-FR","potentialAction":[{"@type":"ReadAction","target":["https:\/\/trippywizard.nl\/product\/voidrealm-lsd-105mcg-x-100-blotter-tabs-pack\/"]}]},{"@type":"ImageObject","inLanguage":"fr-FR","@id":"https:\/\/trippywizard.nl\/product\/voidrealm-lsd-105mcg-x-100-blotter-tabs-pack\/#primaryimage","url":"https:\/\/trippywizard.nl\/wp-content\/uploads\/2024\/06\/u95rgrbi3ao21-1.jpg","contentUrl":"https:\/\/trippywizard.nl\/wp-content\/uploads\/2024\/06\/u95rgrbi3ao21-1.jpg","width":504,"height":672},{"@type":"BreadcrumbList","@id":"https:\/\/trippywizard.nl\/product\/voidrealm-lsd-105mcg-x-100-blotter-tabs-pack\/#breadcrumb","itemListElement":[{"@type":"ListItem","position":1,"name":"Home","item":"https:\/\/trippywizard.nl\/"},{"@type":"ListItem","position":2,"name":"Shop","item":"https:\/\/trippywizard.nl\/shop\/"},{"@type":"ListItem","position":3,"name":"Voidrealm LSD 105mcg x 100 Blotter tabs pack"}]},{"@type":"WebSite","@id":"https:\/\/trippywizard.nl\/#website","url":"https:\/\/trippywizard.nl\/","name":"trippywizard.nl","description":"Votre premier magasin de produits chimiques pour la recherche - 98.99%+ Qualit\u00e9 pure et test\u00e9e en laboratoire en ligne.","publisher":{"@id":"https:\/\/trippywizard.nl\/#organization"},"potentialAction":[{"@type":"SearchAction","target":{"@type":"EntryPoint","urlTemplate":"https:\/\/trippywizard.nl\/?s={search_term_string}"},"query-input":{"@type":"PropertyValueSpecification","valueRequired":true,"valueName":"search_term_string"}}],"inLanguage":"fr-FR"},{"@type":"Organization","@id":"https:\/\/trippywizard.nl\/#organization","name":"trippywizard.nl","url":"https:\/\/trippywizard.nl\/","logo":{"@type":"ImageObject","inLanguage":"fr-FR","@id":"https:\/\/trippywizard.nl\/#\/schema\/logo\/image\/","url":"https:\/\/trippywizard.nl\/wp-content\/uploads\/2020\/06\/Screenshot_2025-07-15_032323-removebg-preview-e1752575212917.png","contentUrl":"https:\/\/trippywizard.nl\/wp-content\/uploads\/2020\/06\/Screenshot_2025-07-15_032323-removebg-preview-e1752575212917.png","width":200,"height":49,"caption":"trippywizard.nl"},"image":{"@id":"https:\/\/trippywizard.nl\/#\/schema\/logo\/image\/"}}]}},"jetpack_sharing_enabled":true,"_links":{"self":[{"href":"https:\/\/trippywizard.nl\/fr\/wp-json\/wp\/v2\/product\/322","targetHints":{"allow":["GET"]}}],"collection":[{"href":"https:\/\/trippywizard.nl\/fr\/wp-json\/wp\/v2\/product"}],"about":[{"href":"https:\/\/trippywizard.nl\/fr\/wp-json\/wp\/v2\/types\/product"}],"replies":[{"embeddable":true,"href":"https:\/\/trippywizard.nl\/fr\/wp-json\/wp\/v2\/comments?post=322"}],"version-history":[{"count":0,"href":"https:\/\/trippywizard.nl\/fr\/wp-json\/wp\/v2\/product\/322\/revisions"}],"wp:featuredmedia":[{"embeddable":true,"href":"https:\/\/trippywizard.nl\/fr\/wp-json\/wp\/v2\/media\/378"}],"wp:attachment":[{"href":"https:\/\/trippywizard.nl\/fr\/wp-json\/wp\/v2\/media?parent=322"}],"wp:term":[{"taxonomy":"product_brand","embeddable":true,"href":"https:\/\/trippywizard.nl\/fr\/wp-json\/wp\/v2\/product_brand?post=322"},{"taxonomy":"product_cat","embeddable":true,"href":"https:\/\/trippywizard.nl\/fr\/wp-json\/wp\/v2\/product_cat?post=322"},{"taxonomy":"product_tag","embeddable":true,"href":"https:\/\/trippywizard.nl\/fr\/wp-json\/wp\/v2\/product_tag?post=322"}],"curies":[{"name":"wp","href":"https:\/\/api.w.org\/{rel}","templated":true}]}}