{"id":307,"date":"2024-06-05T11:13:34","date_gmt":"2024-06-05T11:13:34","guid":{"rendered":"https:\/\/trippywizard.nl\/?post_type=product&#038;p=307"},"modified":"2025-05-22T11:25:42","modified_gmt":"2025-05-22T11:25:42","slug":"heroine-en-ligne","status":"publish","type":"product","link":"https:\/\/trippywizard.nl\/fr\/product\/heroine-en-ligne\/","title":{"rendered":"H\u00e9ro\u00efne en ligne"},"content":{"rendered":"<h1>Acheter de l'h\u00e9ro\u00efne en ligne<\/h1>\n<p>Acheter de l'h\u00e9ro\u00efne en ligne . Nous vendons la meilleure qualit\u00e9 d'h\u00e9ro\u00efne aux Etats-Unis, en Afghanistan, au Royaume-Uni, au Canada, en Australie et aux Etats-Unis.\u00a0<strong>Le monde<\/strong>\u00a0en g\u00e9n\u00e9ral. Pour les revendeurs, nous leur donnons la possibilit\u00e9 de commander de l'h\u00e9ro\u00efne en ligne en gros. Acheter de l'h\u00e9ro\u00efne en ligne maintenant.\u00a0<b>H\u00e9ro\u00efne<\/b>\u00e9galement connu sous le nom de\u00a0<b>diamorphine<\/b>\u00a0entre autres,<sup id=\"cite_ref-Heroin's_rINN_1-1\" class=\"reference\"><\/sup>\u00a0est un\u00a0<a href=\"https:\/\/en.wikipedia.org\/wiki\/Opioid\"><strong><span style=\"color: #00ccff;\">opio\u00efde<\/span><\/strong><\/a>\u00a0le plus souvent utilis\u00e9 comme drogue r\u00e9cr\u00e9ative pour ses effets euphorisants.<sup id=\"cite_ref-Drugs2014_2-1\" class=\"reference\"><\/sup> Il est utilis\u00e9 m\u00e9dicalement dans plusieurs pays pour soulager la douleur ou dans le cadre d'une th\u00e9rapie de remplacement des opio\u00efdes. Il est g\u00e9n\u00e9ralement injectable, le plus souvent dans une veine, mais il peut aussi \u00eatre fum\u00e9, sniff\u00e9 ou inhal\u00e9.<sup id=\"cite_ref-Drugs2014_2-2\" class=\"reference\"><\/sup><sup id=\"cite_ref-NIH2014_11-0\" class=\"reference\"><\/sup><sup id=\"cite_ref-12\" class=\"reference\"><\/sup>\u00a0L'apparition des effets est g\u00e9n\u00e9ralement rapide et dure quelques heures.<\/p>\n<h2><a href=\"https:\/\/trippypharma.com\/shop\/\"><em><strong><span style=\"color: #00ccff;\">Acheter de l'h\u00e9ro\u00efne en ligne aux \u00c9tats-Unis, au Royaume-Uni et dans le monde entier<\/span><\/strong><\/em><\/a><\/h2>\n<p>L'h\u00e9ro\u00efne est une drogue opio\u00efde synth\u00e9tis\u00e9e \u00e0 partir de la morphine, une substance naturelle, et d'un extrait de la gousse du pavot \u00e0 opium asiatique. L'h\u00e9ro\u00efne se pr\u00e9sente g\u00e9n\u00e9ralement sous la forme d'une poudre blanche ou brune ou d'une substance noire et collante, connue sous le nom de \"black tar heroin\" (h\u00e9ro\u00efne de goudron noir).<\/p>\n<p>En 2011, 4,2 millions d'Am\u00e9ricains \u00e2g\u00e9s de 12 ans ou plus (soit 1,6 %) avaient consomm\u00e9 de l'h\u00e9ro\u00efne au moins une fois dans leur vie.<\/p>\n<p>Environ 23 % des personnes qui consomment de l'h\u00e9ro\u00efne en deviennent d\u00e9pendantes.<\/p>\n<h3><strong>Acheter de l'h\u00e9ro\u00efne en ligne Comment utiliser l'h\u00e9ro\u00efne ?<\/strong><\/h3>\n<p>L'h\u00e9ro\u00efne peut \u00eatre inject\u00e9e, inhal\u00e9e ou consomm\u00e9e par sniff ou fum\u00e9e. Ces trois modes d'administration permettent \u00e0 la drogue d'atteindre tr\u00e8s rapidement le cerveau.<\/p>\n<p>&nbsp;<\/p>\n<h4 class=\"title\"><strong>Quels sont les traitements de l'h\u00e9ro\u00efnomanie ?<\/strong><\/h4>\n<p>Il existe une vari\u00e9t\u00e9 de traitements efficaces pour la d\u00e9pendance \u00e0 l'h\u00e9ro\u00efne, y compris des traitements comportementaux et pharmacologiques (m\u00e9dicaments). En outre, ces deux approches contribuent \u00e0 r\u00e9tablir un certain degr\u00e9 de normalit\u00e9 dans les fonctions c\u00e9r\u00e9brales et le comportement, ce qui se traduit par une augmentation des taux d'emploi et une diminution du risque d'infection par le VIH et d'autres maladies, ainsi que du risque de comportement criminel. D'o\u00f9 la vente d'h\u00e9ro\u00efne.<\/p>\n<h3><span id=\"Medical_uses\" class=\"mw-headline\">Utilisations m\u00e9dicales<\/span><\/h3>\n<p>Sous le nom g\u00e9n\u00e9rique de diamorphine, l'h\u00e9ro\u00efne est prescrite comme un m\u00e9dicament puissant.\u00a0<a title=\"Analg\u00e9sique\" href=\"https:\/\/en.wikipedia.org\/wiki\/Analgesic\">m\u00e9dicaments contre la douleur<\/a>\u00a0au Royaume-Uni, o\u00f9 il est administr\u00e9 par l'interm\u00e9diaire de l'Agence europ\u00e9enne pour la s\u00e9curit\u00e9 et la sant\u00e9 au travail (ESA).\u00a0<a title=\"Comprim\u00e9 (pharmacie)\" href=\"https:\/\/en.wikipedia.org\/wiki\/Tablet_(pharmacy)\">oral<\/a>Le m\u00e9dicament peut \u00eatre administr\u00e9 par voie sous-cutan\u00e9e, intramusculaire, intrath\u00e9cale, intranasale ou intraveineuse. Il peut \u00eatre prescrit pour le traitement de la douleur aigu\u00eb, par exemple en cas de traumatisme physique grave, d'infarctus du myocarde, de douleur post-chirurgicale et d'infection par le virus de l'immunod\u00e9ficience humaine.\u00a0<a title=\"Douleur chronique\" href=\"https:\/\/en.wikipedia.org\/wiki\/Chronic_pain\">douleur chronique<\/a>Dans d'autres pays, il est plus courant d'utiliser la morphine ou d'autres opio\u00efdes puissants dans ces situations. Dans d'autres pays, il est plus courant d'utiliser la morphine ou d'autres opio\u00efdes puissants dans ces situations. En 2004, le National Institute for Health and Clinical Excellence a publi\u00e9 des lignes directrices sur la gestion des c\u00e9sariennes, qui recommandent l'utilisation de la diamorphine intrath\u00e9cale ou \u00e9pidurale pour le traitement post-op\u00e9ratoire de la c\u00e9sarienne.\u00a0<a class=\"mw-redirect\" title=\"Soulagement de la douleur\" href=\"https:\/\/en.wikipedia.org\/wiki\/Pain_relief\">soulagement de la douleur<\/a>.<\/p>\n<h3>Vente d'h\u00e9ro\u00efne. En toute s\u00e9curit\u00e9<\/h3>\n<p>Pour les femmes ayant re\u00e7u des opio\u00efdes par voie intrath\u00e9cale, la fr\u00e9quence respiratoire doit \u00eatre observ\u00e9e au moins une fois par heure.<\/p>\n<p>scores de s\u00e9dation et de douleur pendant au moins 12 heures pour la diamorphine et 24 heures pour la morphine.<\/p>\n<p>La diamorphine \u00e9pidurale (2,5-5 mg) est une alternative appropri\u00e9e. Acheter de l'h\u00e9ro\u00efne en ligne<\/p>","protected":false},"excerpt":{"rendered":"<p>L'h\u00e9ro\u00efne est une drogue opio\u00efde utilis\u00e9e le plus souvent comme m\u00e9dicament r\u00e9cr\u00e9atif pour ses effets euphorisants. Sur le plan m\u00e9dical, elle est utilis\u00e9e dans plusieurs pays pour soulager la douleur ou dans le cadre d'une th\u00e9rapie de remplacement des opio\u00efdes.<\/p>\n<p>Formule mol\u00e9culaire : C21H23NO5<br \/>\nMasse moyenne : 369.411 Da<br \/>\nPoids mol\u00e9culaire : 369,4 g\/mol<br \/>\nMasse monoisotopique : 369,157623 Da<br \/>\nChemSpider ID : 4575379<\/p>","protected":false},"featured_media":341,"comment_status":"open","ping_status":"closed","template":"","meta":[],"product_brand":[],"product_cat":[25],"product_tag":[],"class_list":{"0":"post-307","1":"product","2":"type-product","3":"status-publish","4":"has-post-thumbnail","6":"product_cat-research-chemicals","8":"first","9":"instock","10":"shipping-taxable","11":"purchasable","12":"product-type-variable"},"yoast_head":"<!-- This site is optimized with the Yoast SEO Premium plugin v25.1 (Yoast SEO v27.3) - https:\/\/yoast.com\/product\/yoast-seo-premium-wordpress\/ -->\n<title>Buy Heroin Online | Where to buy Heroin Dark web | Buy Heroin USA<\/title>\n<meta name=\"description\" content=\"Buy Heroin Online is an opioid drug used as a medication for its euphoric effects. Medically it is used to relieve pain or in opioid replacement therapy.\" \/>\n<meta name=\"robots\" content=\"index, follow, max-snippet:-1, max-image-preview:large, max-video-preview:-1\" \/>\n<link rel=\"canonical\" href=\"https:\/\/trippywizard.nl\/fr\/product\/heroine-en-ligne\/\" \/>\n<meta property=\"og:locale\" content=\"fr_FR\" \/>\n<meta property=\"og:type\" content=\"article\" \/>\n<meta property=\"og:title\" content=\"Heroin Online\" \/>\n<meta property=\"og:description\" content=\"Buy Heroin Online is an opioid drug used as a medication for its euphoric effects. Medically it is used to relieve pain or in opioid replacement therapy.\" \/>\n<meta property=\"og:url\" content=\"https:\/\/trippywizard.nl\/fr\/product\/heroine-en-ligne\/\" \/>\n<meta property=\"og:site_name\" content=\"Trippy Wizard NL\" \/>\n<meta property=\"article:modified_time\" content=\"2025-05-22T11:25:42+00:00\" \/>\n<meta property=\"og:image\" content=\"https:\/\/trippywizard.nl\/wp-content\/uploads\/2024\/06\/fentaaaaaaaa-e1615883985437.png\" \/>\n\t<meta property=\"og:image:width\" content=\"220\" \/>\n\t<meta property=\"og:image:height\" content=\"220\" \/>\n\t<meta property=\"og:image:type\" content=\"image\/png\" \/>\n<meta name=\"twitter:card\" content=\"summary_large_image\" \/>\n<meta name=\"twitter:label1\" content=\"Dur\u00e9e de lecture estim\u00e9e\" \/>\n\t<meta name=\"twitter:data1\" content=\"2 minutes\" \/>\n<script type=\"application\/ld+json\" class=\"yoast-schema-graph\">{\"@context\":\"https:\\\/\\\/schema.org\",\"@graph\":[{\"@type\":\"WebPage\",\"@id\":\"https:\\\/\\\/trippywizard.nl\\\/product\\\/heroin-online\\\/\",\"url\":\"https:\\\/\\\/trippywizard.nl\\\/product\\\/heroin-online\\\/\",\"name\":\"Buy Heroin Online | Where to buy Heroin Dark web | Buy Heroin USA\",\"isPartOf\":{\"@id\":\"https:\\\/\\\/trippywizard.nl\\\/#website\"},\"primaryImageOfPage\":{\"@id\":\"https:\\\/\\\/trippywizard.nl\\\/product\\\/heroin-online\\\/#primaryimage\"},\"image\":{\"@id\":\"https:\\\/\\\/trippywizard.nl\\\/product\\\/heroin-online\\\/#primaryimage\"},\"thumbnailUrl\":\"https:\\\/\\\/trippywizard.nl\\\/wp-content\\\/uploads\\\/2024\\\/06\\\/fentaaaaaaaa-e1615883985437.png\",\"datePublished\":\"2024-06-05T11:13:34+00:00\",\"dateModified\":\"2025-05-22T11:25:42+00:00\",\"description\":\"Buy Heroin Online is an opioid drug used as a medication for its euphoric effects. Medically it is used to relieve pain or in opioid replacement therapy.\",\"breadcrumb\":{\"@id\":\"https:\\\/\\\/trippywizard.nl\\\/product\\\/heroin-online\\\/#breadcrumb\"},\"inLanguage\":\"fr-FR\",\"potentialAction\":[{\"@type\":\"ReadAction\",\"target\":[\"https:\\\/\\\/trippywizard.nl\\\/product\\\/heroin-online\\\/\"]}]},{\"@type\":\"ImageObject\",\"inLanguage\":\"fr-FR\",\"@id\":\"https:\\\/\\\/trippywizard.nl\\\/product\\\/heroin-online\\\/#primaryimage\",\"url\":\"https:\\\/\\\/trippywizard.nl\\\/wp-content\\\/uploads\\\/2024\\\/06\\\/fentaaaaaaaa-e1615883985437.png\",\"contentUrl\":\"https:\\\/\\\/trippywizard.nl\\\/wp-content\\\/uploads\\\/2024\\\/06\\\/fentaaaaaaaa-e1615883985437.png\",\"width\":220,\"height\":220,\"caption\":\"Buy amphetamine online\"},{\"@type\":\"BreadcrumbList\",\"@id\":\"https:\\\/\\\/trippywizard.nl\\\/product\\\/heroin-online\\\/#breadcrumb\",\"itemListElement\":[{\"@type\":\"ListItem\",\"position\":1,\"name\":\"Home\",\"item\":\"https:\\\/\\\/trippywizard.nl\\\/\"},{\"@type\":\"ListItem\",\"position\":2,\"name\":\"Shop\",\"item\":\"https:\\\/\\\/trippywizard.nl\\\/shop\\\/\"},{\"@type\":\"ListItem\",\"position\":3,\"name\":\"Heroin Online\"}]},{\"@type\":\"WebSite\",\"@id\":\"https:\\\/\\\/trippywizard.nl\\\/#website\",\"url\":\"https:\\\/\\\/trippywizard.nl\\\/\",\"name\":\"trippywizard.nl\",\"description\":\"Your No.1 Research Chemical Shop \u2013 98.99%+ Pure, Lab-Tested Quality Online.\",\"publisher\":{\"@id\":\"https:\\\/\\\/trippywizard.nl\\\/#organization\"},\"potentialAction\":[{\"@type\":\"SearchAction\",\"target\":{\"@type\":\"EntryPoint\",\"urlTemplate\":\"https:\\\/\\\/trippywizard.nl\\\/?s={search_term_string}\"},\"query-input\":{\"@type\":\"PropertyValueSpecification\",\"valueRequired\":true,\"valueName\":\"search_term_string\"}}],\"inLanguage\":\"fr-FR\"},{\"@type\":\"Organization\",\"@id\":\"https:\\\/\\\/trippywizard.nl\\\/#organization\",\"name\":\"trippywizard.nl\",\"url\":\"https:\\\/\\\/trippywizard.nl\\\/\",\"logo\":{\"@type\":\"ImageObject\",\"inLanguage\":\"fr-FR\",\"@id\":\"https:\\\/\\\/trippywizard.nl\\\/#\\\/schema\\\/logo\\\/image\\\/\",\"url\":\"https:\\\/\\\/trippywizard.nl\\\/wp-content\\\/uploads\\\/2020\\\/06\\\/Screenshot_2025-07-15_032323-removebg-preview-e1752575212917.png\",\"contentUrl\":\"https:\\\/\\\/trippywizard.nl\\\/wp-content\\\/uploads\\\/2020\\\/06\\\/Screenshot_2025-07-15_032323-removebg-preview-e1752575212917.png\",\"width\":200,\"height\":49,\"caption\":\"trippywizard.nl\"},\"image\":{\"@id\":\"https:\\\/\\\/trippywizard.nl\\\/#\\\/schema\\\/logo\\\/image\\\/\"}}]}<\/script>\n<!-- \/ Yoast SEO Premium plugin. -->","yoast_head_json":{"title":"Acheter de l'h\u00e9ro\u00efne en ligne | O\u00f9 acheter de l'h\u00e9ro\u00efne sur le dark web | Acheter de l'h\u00e9ro\u00efne aux USA","description":"Acheter de l'h\u00e9ro\u00efne en ligne est une drogue opio\u00efde utilis\u00e9e comme m\u00e9dicament pour ses effets euphorisants. Elle est utilis\u00e9e m\u00e9dicalement pour soulager la douleur ou dans le cadre d'une th\u00e9rapie de remplacement des opio\u00efdes.","robots":{"index":"index","follow":"follow","max-snippet":"max-snippet:-1","max-image-preview":"max-image-preview:large","max-video-preview":"max-video-preview:-1"},"canonical":"https:\/\/trippywizard.nl\/fr\/product\/heroine-en-ligne\/","og_locale":"fr_FR","og_type":"article","og_title":"Heroin Online","og_description":"Buy Heroin Online is an opioid drug used as a medication for its euphoric effects. Medically it is used to relieve pain or in opioid replacement therapy.","og_url":"https:\/\/trippywizard.nl\/fr\/product\/heroine-en-ligne\/","og_site_name":"Trippy Wizard NL","article_modified_time":"2025-05-22T11:25:42+00:00","og_image":[{"width":220,"height":220,"url":"https:\/\/trippywizard.nl\/wp-content\/uploads\/2024\/06\/fentaaaaaaaa-e1615883985437.png","type":"image\/png"}],"twitter_card":"summary_large_image","twitter_misc":{"Dur\u00e9e de lecture estim\u00e9e":"2 minutes"},"schema":{"@context":"https:\/\/schema.org","@graph":[{"@type":"WebPage","@id":"https:\/\/trippywizard.nl\/product\/heroin-online\/","url":"https:\/\/trippywizard.nl\/product\/heroin-online\/","name":"Acheter de l'h\u00e9ro\u00efne en ligne | O\u00f9 acheter de l'h\u00e9ro\u00efne sur le dark web | Acheter de l'h\u00e9ro\u00efne aux USA","isPartOf":{"@id":"https:\/\/trippywizard.nl\/#website"},"primaryImageOfPage":{"@id":"https:\/\/trippywizard.nl\/product\/heroin-online\/#primaryimage"},"image":{"@id":"https:\/\/trippywizard.nl\/product\/heroin-online\/#primaryimage"},"thumbnailUrl":"https:\/\/trippywizard.nl\/wp-content\/uploads\/2024\/06\/fentaaaaaaaa-e1615883985437.png","datePublished":"2024-06-05T11:13:34+00:00","dateModified":"2025-05-22T11:25:42+00:00","description":"Acheter de l'h\u00e9ro\u00efne en ligne est une drogue opio\u00efde utilis\u00e9e comme m\u00e9dicament pour ses effets euphorisants. Elle est utilis\u00e9e m\u00e9dicalement pour soulager la douleur ou dans le cadre d'une th\u00e9rapie de remplacement des opio\u00efdes.","breadcrumb":{"@id":"https:\/\/trippywizard.nl\/product\/heroin-online\/#breadcrumb"},"inLanguage":"fr-FR","potentialAction":[{"@type":"ReadAction","target":["https:\/\/trippywizard.nl\/product\/heroin-online\/"]}]},{"@type":"ImageObject","inLanguage":"fr-FR","@id":"https:\/\/trippywizard.nl\/product\/heroin-online\/#primaryimage","url":"https:\/\/trippywizard.nl\/wp-content\/uploads\/2024\/06\/fentaaaaaaaa-e1615883985437.png","contentUrl":"https:\/\/trippywizard.nl\/wp-content\/uploads\/2024\/06\/fentaaaaaaaa-e1615883985437.png","width":220,"height":220,"caption":"Buy amphetamine online"},{"@type":"BreadcrumbList","@id":"https:\/\/trippywizard.nl\/product\/heroin-online\/#breadcrumb","itemListElement":[{"@type":"ListItem","position":1,"name":"Home","item":"https:\/\/trippywizard.nl\/"},{"@type":"ListItem","position":2,"name":"Shop","item":"https:\/\/trippywizard.nl\/shop\/"},{"@type":"ListItem","position":3,"name":"Heroin Online"}]},{"@type":"WebSite","@id":"https:\/\/trippywizard.nl\/#website","url":"https:\/\/trippywizard.nl\/","name":"trippywizard.nl","description":"Votre premier magasin de produits chimiques pour la recherche - 98.99%+ Qualit\u00e9 pure et test\u00e9e en laboratoire en ligne.","publisher":{"@id":"https:\/\/trippywizard.nl\/#organization"},"potentialAction":[{"@type":"SearchAction","target":{"@type":"EntryPoint","urlTemplate":"https:\/\/trippywizard.nl\/?s={search_term_string}"},"query-input":{"@type":"PropertyValueSpecification","valueRequired":true,"valueName":"search_term_string"}}],"inLanguage":"fr-FR"},{"@type":"Organization","@id":"https:\/\/trippywizard.nl\/#organization","name":"trippywizard.nl","url":"https:\/\/trippywizard.nl\/","logo":{"@type":"ImageObject","inLanguage":"fr-FR","@id":"https:\/\/trippywizard.nl\/#\/schema\/logo\/image\/","url":"https:\/\/trippywizard.nl\/wp-content\/uploads\/2020\/06\/Screenshot_2025-07-15_032323-removebg-preview-e1752575212917.png","contentUrl":"https:\/\/trippywizard.nl\/wp-content\/uploads\/2020\/06\/Screenshot_2025-07-15_032323-removebg-preview-e1752575212917.png","width":200,"height":49,"caption":"trippywizard.nl"},"image":{"@id":"https:\/\/trippywizard.nl\/#\/schema\/logo\/image\/"}}]}},"jetpack_sharing_enabled":true,"_links":{"self":[{"href":"https:\/\/trippywizard.nl\/fr\/wp-json\/wp\/v2\/product\/307","targetHints":{"allow":["GET"]}}],"collection":[{"href":"https:\/\/trippywizard.nl\/fr\/wp-json\/wp\/v2\/product"}],"about":[{"href":"https:\/\/trippywizard.nl\/fr\/wp-json\/wp\/v2\/types\/product"}],"replies":[{"embeddable":true,"href":"https:\/\/trippywizard.nl\/fr\/wp-json\/wp\/v2\/comments?post=307"}],"version-history":[{"count":1,"href":"https:\/\/trippywizard.nl\/fr\/wp-json\/wp\/v2\/product\/307\/revisions"}],"predecessor-version":[{"id":6903,"href":"https:\/\/trippywizard.nl\/fr\/wp-json\/wp\/v2\/product\/307\/revisions\/6903"}],"wp:featuredmedia":[{"embeddable":true,"href":"https:\/\/trippywizard.nl\/fr\/wp-json\/wp\/v2\/media\/341"}],"wp:attachment":[{"href":"https:\/\/trippywizard.nl\/fr\/wp-json\/wp\/v2\/media?parent=307"}],"wp:term":[{"taxonomy":"product_brand","embeddable":true,"href":"https:\/\/trippywizard.nl\/fr\/wp-json\/wp\/v2\/product_brand?post=307"},{"taxonomy":"product_cat","embeddable":true,"href":"https:\/\/trippywizard.nl\/fr\/wp-json\/wp\/v2\/product_cat?post=307"},{"taxonomy":"product_tag","embeddable":true,"href":"https:\/\/trippywizard.nl\/fr\/wp-json\/wp\/v2\/product_tag?post=307"}],"curies":[{"name":"wp","href":"https:\/\/api.w.org\/{rel}","templated":true}]}}