{"id":1190,"date":"2024-07-01T03:35:17","date_gmt":"2024-07-01T03:35:17","guid":{"rendered":"https:\/\/trippywizard.nl\/?post_type=product&#038;p=1190"},"modified":"2025-06-06T06:35:42","modified_gmt":"2025-06-06T06:35:42","slug":"acheter-2-mmc-en-ligne","status":"publish","type":"product","link":"https:\/\/trippywizard.nl\/fr\/product\/acheter-2-mmc-en-ligne\/","title":{"rendered":"Acheter 2 MMC Powder"},"content":{"rendered":"<h2><span style=\"font-size: 1.25rem;\">Acheter 2 MMC en ligne : Votre guide pour l'achat de 2-M\u00e9thylm\u00e9thcathinone<\/span><\/h2>\n<div id=\"rank-math-rich-snippet-wrapper\">\n<div class=\"rank-math-review-data\">\n<p>Si vous envisagez d'acheter de la 2 MMC (2-M\u00e9thylm\u00e9thcathinone) en ligne, vous vous posez probablement des questions sur la proc\u00e9dure, le prix et les sources fiables. Ce guide r\u00e9pondra aux questions les plus fr\u00e9quemment pos\u00e9es et fournira des informations d\u00e9taill\u00e9es sur les lieux d'achat en ligne de la 2-M\u00e9thylm\u00e9thcathinone dans diff\u00e9rents pays.<\/p>\n<h2><strong>Acheter 2 MMC Powder en ligne ?<\/strong><\/h2>\n<p>La poudre 2MMC est le substitut de la poudre interdite. <a href=\"https:\/\/trippywizard.nl\/where-to-buy-3-mmc-online-in-france\/\">3MMC<\/a>. 2 La MMC n'est pas encore interdite, vous pouvez donc la commander en toute l\u00e9galit\u00e9. Ce produit ne convient qu'\u00e0 des fins de recherche et non \u00e0 la consommation humaine. Les commandes pass\u00e9es avant 16h30 sont livr\u00e9es le lendemain. Nous proposons \u00e9galement des cristaux et des g\u00e9lules de 2 MMC.<\/p>\n<div id=\"rank-math-rich-snippet-wrapper\">\n<h3 class=\"rank-math-title\">Acheter de la poudre de 2-MMC ?<\/h3>\n<div class=\"rank-math-review-data\">\n<p>Achetez facilement et rapidement de la poudre de 2-MMC chez ABCParty. Les commandes pass\u00e9es avant 17h00 seront livr\u00e9es le jour suivant. Nous proposons \u00e9galement des cristaux et des g\u00e9lules de 2-MMC.<\/p>\n<\/div>\n<\/div>\n<h2>Qu'est-ce que 2 MMC ?<\/h2>\n<p><strong>MMC<\/strong> est un stimulant synth\u00e9tique et un d\u00e9riv\u00e9 du <a href=\"https:\/\/trippywizard.nl\/where-to-buy-2-mmc-crystal\/\">m\u00e9thcathinone<\/a>\u00a0connue pour ses effets stimulants et euphorisants. Elle est souvent utilis\u00e9e dans la recherche et \u00e0 des fins exp\u00e9rimentales.<\/p>\n<h2>L'achat de 2 MMC en ligne est-il l\u00e9gal ?<\/h2>\n<p>La l\u00e9galit\u00e9 de l'achat de 2 MMC en ligne d\u00e9pend de la r\u00e9glementation de votre pays. Dans de nombreux pays, les produits chimiques destin\u00e9s \u00e0 la recherche, tels que la MMC, ne sont pas sp\u00e9cifiquement contr\u00f4l\u00e9s, mais peuvent relever de lois plus g\u00e9n\u00e9rales. V\u00e9rifiez toujours les r\u00e9glementations locales pour vous assurer de leur conformit\u00e9.<\/p>\n<h2>Comment puis-je m'assurer que j'ach\u00e8te aupr\u00e8s d'une source fiable ?<\/h2>\n<p>Pour vous assurer que vous achetez aupr\u00e8s d'une source r\u00e9put\u00e9e, recherchez les \u00e9l\u00e9ments suivants<\/p>\n<ul>\n<li><strong>Avis des vendeurs<\/strong>: V\u00e9rifiez les commentaires et les \u00e9valuations des clients.<\/li>\n<li><strong>Qualit\u00e9 des produits<\/strong>: S'assurer que le vendeur fournit des informations d\u00e9taill\u00e9es sur le produit.<\/li>\n<li><strong>Paiement s\u00e9curis\u00e9<\/strong>: Utilisez des fournisseurs qui proposent des options de paiement s\u00e9curis\u00e9es.<\/li>\n<li><strong>Soutien \u00e0 la client\u00e8le<\/strong>: Choisissez des fournisseurs dont le service client\u00e8le est r\u00e9actif.<\/li>\n<\/ul>\n<h2>Quelle est la fourchette de prix pour 2 MMC ?<\/h2>\n<p>Le prix de 2 MMC peut varier en fonction du vendeur et de la quantit\u00e9 achet\u00e9e. Voici une fourchette de prix g\u00e9n\u00e9rale :<\/p>\n<table>\n<thead>\n<tr>\n<th>Vendeur<\/th>\n<th>Prix (par gramme)<\/th>\n<\/tr>\n<\/thead>\n<tbody>\n<tr>\n<td>Produits chimiques de recherche \u00e0 vendre<\/td>\n<td>$50<\/td>\n<\/tr>\n<tr>\n<td>RC Emporium<\/td>\n<td>$55<\/td>\n<\/tr>\n<tr>\n<td>Entrep\u00f4t de produits chimiques<\/td>\n<td>$45<\/td>\n<\/tr>\n<tr>\n<td>Pure Chem<\/td>\n<td>$60<\/td>\n<\/tr>\n<\/tbody>\n<\/table>\n<h2>O\u00f9 acheter 2 MMC en ligne<\/h2>\n<h2>Acheter 2 MMC en ligne au Royaume-Uni<\/h2>\n<ul>\n<li><strong>Repaire des Gobelins<\/strong>: Goblins Den est une source fiable pour l'achat de 2 MMC au Royaume-Uni.<\/li>\n<li><strong>Produits chimiques de recherche \u00e0 vendre<\/strong>: <a href=\"https:\/\/trippywizard.nl\" target=\"_new\" rel=\"noopener\">Produits chimiques de recherche \u00e0 vendre<\/a> propose deux MMC avec diverses options et un service fiable.<\/li>\n<li><strong>RC Emporium<\/strong>: RC Emporium est connu pour ses produits de qualit\u00e9 et ses options de livraison au Royaume-Uni.<\/li>\n<\/ul>\n<h2>O\u00f9 puis-je acheter 2 MMC en ligne aux \u00c9tats-Unis ?<\/h2>\n<ul>\n<li><strong>Repaire des Gobelins<\/strong>: Goblins Den fournit \u00e0 2-MMC des options d'exp\u00e9dition s\u00e9curis\u00e9es \u00e0 travers les Etats-Unis.<\/li>\n<li><strong>Produits chimiques de recherche \u00e0 vendre<\/strong>: <a href=\"https:\/\/trippywizard.nl\" target=\"_new\" rel=\"noopener\">Produits chimiques de recherche \u00e0 vendre<\/a>\u00a0Offre une large gamme de produits chimiques pour la recherche, y compris 2 MMC.<\/li>\n<li><strong>Pure Chem<\/strong>: Pure Chem propose des 2-MMC de haute qualit\u00e9 pour les clients am\u00e9ricains.<\/li>\n<\/ul>\n<h2>Acheter 2 MMC en ligne au Canada<\/h2>\n<ul>\n<li><strong>Repaire des Gobelins<\/strong>: Goblins Den est disponible pour les clients canadiens \u00e0 la recherche de 2 MMC.<\/li>\n<li><strong>Entrep\u00f4t de produits chimiques<\/strong>: Chemical Warehouse est une source fiable pour 2 MMC avec des options d'exp\u00e9dition au Canada.<\/li>\n<li><strong>RC Emporium<\/strong>: RC Emporium propose 2 MMC avec livraison au Canada.<\/li>\n<\/ul>\n<h2>Acheter 2 MMC en ligne en Allemagne<\/h2>\n<ul>\n<li><strong>Repaire des Gobelins<\/strong>: Goblins Den est une bonne option pour l'achat de 2 MMC en Allemagne.<\/li>\n<li><strong>Produits chimiques de recherche \u00e0 vendre<\/strong>: <a href=\"https:\/\/trippywizard.nl\" target=\"_new\" rel=\"noopener\">Produits chimiques de recherche \u00e0 vendre<\/a> donne acc\u00e8s \u00e0 2 MMC pour les acheteurs allemands.<\/li>\n<li><strong>Pure Chem<\/strong>: Pure Chem propose 2 MMC avec une livraison fiable en Allemagne.<\/li>\n<\/ul>\n<h2>O\u00f9 peut-on acheter 2 MMC Online en Belgique ?<\/h2>\n<ul>\n<li><strong>Repaire des Gobelins<\/strong>: Goblins Den vend 2 MMC \u00e0 des clients en Belgique.<\/li>\n<li><strong>RC Emporium<\/strong>: RC Emporium propose 2-MMC avec des options pour la Belgique.<\/li>\n<li><strong>Entrep\u00f4t de produits chimiques<\/strong>: Chemical Warehouse est disponible pour les acheteurs belges.<\/li>\n<\/ul>\n<h2>O\u00f9 puis-je acheter 2 MMC en ligne en France ?<\/h2>\n<ul>\n<li><strong>Repaire des Gobelins<\/strong>: Goblins Den fournit deux MMC \u00e0 des clients en France.<\/li>\n<li><strong>Produits chimiques de recherche \u00e0 vendre<\/strong>: <a href=\"https:\/\/trippywizard.nl\" target=\"_new\" rel=\"noopener\">Produits chimiques de recherche \u00e0 vendre<\/a>: Accessible aux clients fran\u00e7ais recherchant 2 MMC.<\/li>\n<li><strong>Pure Chem<\/strong>: Pure Chem propose 2-MMC avec livraison en France.<\/li>\n<\/ul>\n<h2>Acheter <strong>2-M\u00e9thylm\u00e9thcathinone<\/strong> En ligne en Italie<\/h2>\n<ul>\n<li><strong>Repaire des Gobelins<\/strong>: Goblins Den propose 2 MMC disponibles pour les clients italiens.<\/li>\n<li><strong>Entrep\u00f4t de produits chimiques<\/strong>: Chemical Warehouse est une source fiable pour 2 MMC en Italie.<\/li>\n<li><strong>RC Emporium<\/strong>: RC Emporium propose deux MMC avec des options de livraison en Italie.<\/li>\n<\/ul>\n<h2>O\u00f9 puis-je acheter 2 MMC en ligne en Espagne ?<\/h2>\n<ul>\n<li><strong>Repaire des Gobelins<\/strong>: Goblins Den fournit deux MMC pour les clients espagnols.<\/li>\n<li><strong>Produits chimiques de recherche \u00e0 vendre<\/strong>: <a href=\"https:\/\/trippywizard.nl\" target=\"_new\" rel=\"noopener\">Produits chimiques de recherche \u00e0 vendre<\/a>: Disponible pour les personnes r\u00e9sidant en Espagne.<\/li>\n<li><strong>Pure Chem<\/strong>: <a href=\"https:\/\/purechem.com\" target=\"_new\" rel=\"noopener\">Pure Chem<\/a> Comprend 2-MMC avec livraison en Espagne.<\/li>\n<\/ul>\n<h2>Acheter 2 MMC en ligne en Australie<\/h2>\n<ul>\n<li><strong>Repaire des Gobelins<\/strong>: Goblins Den vend des 2-MMC aux clients australiens.<\/li>\n<li><strong>RC Emporium<\/strong>: RC Emporium propose deux MMC avec des options d'exp\u00e9dition vers l'Australie.<\/li>\n<li><strong>Entrep\u00f4t de produits chimiques<\/strong>: Chemical Warehouse propose 2-MMC avec livraison en Australie.<br \/>\n<h2>Acheter 2 MMC en ligne : Livraison le jour m\u00eame et emballage discret<\/h2>\n<p>Si vous avez besoin <strong>2 MMC (2-M\u00e9thylm\u00e9thcathinone)<\/strong> rapidement et discr\u00e8tement, de nombreux vendeurs en ligne proposent une livraison le jour m\u00eame et des options d'emballage discret. Voici ce qu'il faut savoir :<\/p>\n<h3>Livraison le jour m\u00eame<\/h3>\n<p><strong>Livraison le jour m\u00eame<\/strong> garantit que votre commande arrive le plus rapidement possible, souvent dans les quelques heures qui suivent l'achat. Ce service est id\u00e9al pour les besoins urgents et est disponible aupr\u00e8s de certains fournisseurs. Assurez-vous que le fournisseur que vous choisissez offre cette option et v\u00e9rifiez ses politiques de livraison sp\u00e9cifiques et les heures limites pour le traitement le jour m\u00eame.<\/p>\n<h3>Emballage discret<\/h3>\n<p><strong>Emballage discret<\/strong> signifie que votre commande sera exp\u00e9di\u00e9e dans un emballage ordinaire, non marqu\u00e9, afin de garantir la confidentialit\u00e9 et la s\u00e9curit\u00e9. Ceci est important si vous pr\u00e9f\u00e9rez garder votre achat confidentiel ou si vous avez des inqui\u00e9tudes concernant la vie priv\u00e9e.<\/li>\n<\/ul>\n<hr \/>\n<p>Lorsque vous achetez du 2 MMC en ligne, assurez-vous toujours que vous achetez aupr\u00e8s d'une source r\u00e9put\u00e9e, que vous respectez les lois locales et que vous donnez la priorit\u00e9 \u00e0 la s\u00e9curit\u00e9 dans vos transactions.<\/p>\n<p class=\"gt-block\">\n<\/div>\n<\/div>","protected":false},"excerpt":{"rendered":"<div class=\"elementor-element elementor-element-d1d265a elementor-widget elementor-widget-text-editor is-mac\" data-id=\"d1d265a\" data-element_type=\"widget\" data-widget_type=\"text-editor.default\">\n<div class=\"elementor-widget-container\"><strong>Acheter 2 MMC en ligne<br \/>\nMarque du produit :\u00a0<\/strong>2MMC<br \/>\n<strong>Produit en stock : en stock<\/strong><span style=\"font-size: 1rem;\">Livraison gratuite \u00e0 partir de $50\u00a0<\/span><\/p>\n<\/div>\n<\/div>","protected":false},"featured_media":1194,"comment_status":"open","ping_status":"closed","template":"","meta":[],"product_brand":[],"product_cat":[15],"product_tag":[],"class_list":{"0":"post-1190","1":"product","2":"type-product","3":"status-publish","4":"has-post-thumbnail","6":"product_cat-order-research-chemicals-online","8":"first","9":"instock","10":"shipping-taxable","11":"purchasable","12":"product-type-variable"},"yoast_head":"<!-- This site is optimized with the Yoast SEO Premium plugin v25.1 (Yoast SEO v27.3) - https:\/\/yoast.com\/product\/yoast-seo-premium-wordpress\/ -->\n<title>Buy 2 MMC Powder - Trippy Wizard NL<\/title>\n<meta name=\"description\" content=\"Buy 2-MMC HCl (2-Methylmethcathinone Hydrochloride). available in Powder, Crystal, and Pellets forms at Research Chemicals For Sale\" \/>\n<meta name=\"robots\" content=\"index, follow, max-snippet:-1, max-image-preview:large, max-video-preview:-1\" \/>\n<link rel=\"canonical\" href=\"https:\/\/trippywizard.nl\/fr\/product\/acheter-2-mmc-en-ligne\/\" \/>\n<meta property=\"og:locale\" content=\"fr_FR\" \/>\n<meta property=\"og:type\" content=\"article\" \/>\n<meta property=\"og:title\" content=\"Buy 2 MMC Powder\" \/>\n<meta property=\"og:description\" content=\"Buy 2-MMC HCl (2-Methylmethcathinone Hydrochloride). available in Powder, Crystal, and Pellets forms at Research Chemicals For Sale\" \/>\n<meta property=\"og:url\" content=\"https:\/\/trippywizard.nl\/fr\/product\/acheter-2-mmc-en-ligne\/\" \/>\n<meta property=\"og:site_name\" content=\"Trippy Wizard NL\" \/>\n<meta property=\"article:modified_time\" content=\"2025-06-06T06:35:42+00:00\" \/>\n<meta property=\"og:image\" content=\"https:\/\/trippywizard.nl\/wp-content\/uploads\/2024\/07\/2-mmc-poeder.jpg\" \/>\n\t<meta property=\"og:image:width\" content=\"590\" \/>\n\t<meta property=\"og:image:height\" content=\"600\" \/>\n\t<meta property=\"og:image:type\" content=\"image\/jpeg\" \/>\n<meta name=\"twitter:card\" content=\"summary_large_image\" \/>\n<meta name=\"twitter:label1\" content=\"Dur\u00e9e de lecture estim\u00e9e\" \/>\n\t<meta name=\"twitter:data1\" content=\"4 minutes\" \/>\n<script type=\"application\/ld+json\" class=\"yoast-schema-graph\">{\"@context\":\"https:\\\/\\\/schema.org\",\"@graph\":[{\"@type\":\"WebPage\",\"@id\":\"https:\\\/\\\/trippywizard.nl\\\/product\\\/buy-2-mmc-online\\\/\",\"url\":\"https:\\\/\\\/trippywizard.nl\\\/product\\\/buy-2-mmc-online\\\/\",\"name\":\"Buy 2 MMC Powder - Trippy Wizard NL\",\"isPartOf\":{\"@id\":\"https:\\\/\\\/trippywizard.nl\\\/#website\"},\"primaryImageOfPage\":{\"@id\":\"https:\\\/\\\/trippywizard.nl\\\/product\\\/buy-2-mmc-online\\\/#primaryimage\"},\"image\":{\"@id\":\"https:\\\/\\\/trippywizard.nl\\\/product\\\/buy-2-mmc-online\\\/#primaryimage\"},\"thumbnailUrl\":\"https:\\\/\\\/trippywizard.nl\\\/wp-content\\\/uploads\\\/2024\\\/07\\\/2-mmc-poeder.jpg\",\"datePublished\":\"2024-07-01T03:35:17+00:00\",\"dateModified\":\"2025-06-06T06:35:42+00:00\",\"description\":\"Buy 2-MMC HCl (2-Methylmethcathinone Hydrochloride). available in Powder, Crystal, and Pellets forms at Research Chemicals For Sale\",\"breadcrumb\":{\"@id\":\"https:\\\/\\\/trippywizard.nl\\\/product\\\/buy-2-mmc-online\\\/#breadcrumb\"},\"inLanguage\":\"fr-FR\",\"potentialAction\":[{\"@type\":\"ReadAction\",\"target\":[\"https:\\\/\\\/trippywizard.nl\\\/product\\\/buy-2-mmc-online\\\/\"]}]},{\"@type\":\"ImageObject\",\"inLanguage\":\"fr-FR\",\"@id\":\"https:\\\/\\\/trippywizard.nl\\\/product\\\/buy-2-mmc-online\\\/#primaryimage\",\"url\":\"https:\\\/\\\/trippywizard.nl\\\/wp-content\\\/uploads\\\/2024\\\/07\\\/2-mmc-poeder.jpg\",\"contentUrl\":\"https:\\\/\\\/trippywizard.nl\\\/wp-content\\\/uploads\\\/2024\\\/07\\\/2-mmc-poeder.jpg\",\"width\":590,\"height\":600,\"caption\":\"buy 2 mmc online, 2MMC for Sale\"},{\"@type\":\"BreadcrumbList\",\"@id\":\"https:\\\/\\\/trippywizard.nl\\\/product\\\/buy-2-mmc-online\\\/#breadcrumb\",\"itemListElement\":[{\"@type\":\"ListItem\",\"position\":1,\"name\":\"Home\",\"item\":\"https:\\\/\\\/trippywizard.nl\\\/\"},{\"@type\":\"ListItem\",\"position\":2,\"name\":\"Shop\",\"item\":\"https:\\\/\\\/trippywizard.nl\\\/shop\\\/\"},{\"@type\":\"ListItem\",\"position\":3,\"name\":\"Buy 2 MMC Powder\"}]},{\"@type\":\"WebSite\",\"@id\":\"https:\\\/\\\/trippywizard.nl\\\/#website\",\"url\":\"https:\\\/\\\/trippywizard.nl\\\/\",\"name\":\"trippywizard.nl\",\"description\":\"Your No.1 Research Chemical Shop \u2013 98.99%+ Pure, Lab-Tested Quality Online.\",\"publisher\":{\"@id\":\"https:\\\/\\\/trippywizard.nl\\\/#organization\"},\"potentialAction\":[{\"@type\":\"SearchAction\",\"target\":{\"@type\":\"EntryPoint\",\"urlTemplate\":\"https:\\\/\\\/trippywizard.nl\\\/?s={search_term_string}\"},\"query-input\":{\"@type\":\"PropertyValueSpecification\",\"valueRequired\":true,\"valueName\":\"search_term_string\"}}],\"inLanguage\":\"fr-FR\"},{\"@type\":\"Organization\",\"@id\":\"https:\\\/\\\/trippywizard.nl\\\/#organization\",\"name\":\"trippywizard.nl\",\"url\":\"https:\\\/\\\/trippywizard.nl\\\/\",\"logo\":{\"@type\":\"ImageObject\",\"inLanguage\":\"fr-FR\",\"@id\":\"https:\\\/\\\/trippywizard.nl\\\/#\\\/schema\\\/logo\\\/image\\\/\",\"url\":\"https:\\\/\\\/trippywizard.nl\\\/wp-content\\\/uploads\\\/2020\\\/06\\\/Screenshot_2025-07-15_032323-removebg-preview-e1752575212917.png\",\"contentUrl\":\"https:\\\/\\\/trippywizard.nl\\\/wp-content\\\/uploads\\\/2020\\\/06\\\/Screenshot_2025-07-15_032323-removebg-preview-e1752575212917.png\",\"width\":200,\"height\":49,\"caption\":\"trippywizard.nl\"},\"image\":{\"@id\":\"https:\\\/\\\/trippywizard.nl\\\/#\\\/schema\\\/logo\\\/image\\\/\"}}]}<\/script>\n<!-- \/ Yoast SEO Premium plugin. -->","yoast_head_json":{"title":"Acheter 2 MMC Powder - Trippy Wizard NL","description":"Acheter 2-MMC HCl (chlorhydrate de 2-m\u00e9thylm\u00e9thcathinone). Disponible sous forme de poudre, de cristaux et de pastilles chez Research Chemicals For Sale.","robots":{"index":"index","follow":"follow","max-snippet":"max-snippet:-1","max-image-preview":"max-image-preview:large","max-video-preview":"max-video-preview:-1"},"canonical":"https:\/\/trippywizard.nl\/fr\/product\/acheter-2-mmc-en-ligne\/","og_locale":"fr_FR","og_type":"article","og_title":"Buy 2 MMC Powder","og_description":"Buy 2-MMC HCl (2-Methylmethcathinone Hydrochloride). available in Powder, Crystal, and Pellets forms at Research Chemicals For Sale","og_url":"https:\/\/trippywizard.nl\/fr\/product\/acheter-2-mmc-en-ligne\/","og_site_name":"Trippy Wizard NL","article_modified_time":"2025-06-06T06:35:42+00:00","og_image":[{"width":590,"height":600,"url":"https:\/\/trippywizard.nl\/wp-content\/uploads\/2024\/07\/2-mmc-poeder.jpg","type":"image\/jpeg"}],"twitter_card":"summary_large_image","twitter_misc":{"Dur\u00e9e de lecture estim\u00e9e":"4 minutes"},"schema":{"@context":"https:\/\/schema.org","@graph":[{"@type":"WebPage","@id":"https:\/\/trippywizard.nl\/product\/buy-2-mmc-online\/","url":"https:\/\/trippywizard.nl\/product\/buy-2-mmc-online\/","name":"Acheter 2 MMC Powder - Trippy Wizard NL","isPartOf":{"@id":"https:\/\/trippywizard.nl\/#website"},"primaryImageOfPage":{"@id":"https:\/\/trippywizard.nl\/product\/buy-2-mmc-online\/#primaryimage"},"image":{"@id":"https:\/\/trippywizard.nl\/product\/buy-2-mmc-online\/#primaryimage"},"thumbnailUrl":"https:\/\/trippywizard.nl\/wp-content\/uploads\/2024\/07\/2-mmc-poeder.jpg","datePublished":"2024-07-01T03:35:17+00:00","dateModified":"2025-06-06T06:35:42+00:00","description":"Acheter 2-MMC HCl (chlorhydrate de 2-m\u00e9thylm\u00e9thcathinone). Disponible sous forme de poudre, de cristaux et de pastilles chez Research Chemicals For Sale.","breadcrumb":{"@id":"https:\/\/trippywizard.nl\/product\/buy-2-mmc-online\/#breadcrumb"},"inLanguage":"fr-FR","potentialAction":[{"@type":"ReadAction","target":["https:\/\/trippywizard.nl\/product\/buy-2-mmc-online\/"]}]},{"@type":"ImageObject","inLanguage":"fr-FR","@id":"https:\/\/trippywizard.nl\/product\/buy-2-mmc-online\/#primaryimage","url":"https:\/\/trippywizard.nl\/wp-content\/uploads\/2024\/07\/2-mmc-poeder.jpg","contentUrl":"https:\/\/trippywizard.nl\/wp-content\/uploads\/2024\/07\/2-mmc-poeder.jpg","width":590,"height":600,"caption":"buy 2 mmc online, 2MMC for Sale"},{"@type":"BreadcrumbList","@id":"https:\/\/trippywizard.nl\/product\/buy-2-mmc-online\/#breadcrumb","itemListElement":[{"@type":"ListItem","position":1,"name":"Home","item":"https:\/\/trippywizard.nl\/"},{"@type":"ListItem","position":2,"name":"Shop","item":"https:\/\/trippywizard.nl\/shop\/"},{"@type":"ListItem","position":3,"name":"Buy 2 MMC Powder"}]},{"@type":"WebSite","@id":"https:\/\/trippywizard.nl\/#website","url":"https:\/\/trippywizard.nl\/","name":"trippywizard.nl","description":"Votre premier magasin de produits chimiques pour la recherche - 98.99%+ Qualit\u00e9 pure et test\u00e9e en laboratoire en ligne.","publisher":{"@id":"https:\/\/trippywizard.nl\/#organization"},"potentialAction":[{"@type":"SearchAction","target":{"@type":"EntryPoint","urlTemplate":"https:\/\/trippywizard.nl\/?s={search_term_string}"},"query-input":{"@type":"PropertyValueSpecification","valueRequired":true,"valueName":"search_term_string"}}],"inLanguage":"fr-FR"},{"@type":"Organization","@id":"https:\/\/trippywizard.nl\/#organization","name":"trippywizard.nl","url":"https:\/\/trippywizard.nl\/","logo":{"@type":"ImageObject","inLanguage":"fr-FR","@id":"https:\/\/trippywizard.nl\/#\/schema\/logo\/image\/","url":"https:\/\/trippywizard.nl\/wp-content\/uploads\/2020\/06\/Screenshot_2025-07-15_032323-removebg-preview-e1752575212917.png","contentUrl":"https:\/\/trippywizard.nl\/wp-content\/uploads\/2020\/06\/Screenshot_2025-07-15_032323-removebg-preview-e1752575212917.png","width":200,"height":49,"caption":"trippywizard.nl"},"image":{"@id":"https:\/\/trippywizard.nl\/#\/schema\/logo\/image\/"}}]}},"jetpack_sharing_enabled":true,"_links":{"self":[{"href":"https:\/\/trippywizard.nl\/fr\/wp-json\/wp\/v2\/product\/1190","targetHints":{"allow":["GET"]}}],"collection":[{"href":"https:\/\/trippywizard.nl\/fr\/wp-json\/wp\/v2\/product"}],"about":[{"href":"https:\/\/trippywizard.nl\/fr\/wp-json\/wp\/v2\/types\/product"}],"replies":[{"embeddable":true,"href":"https:\/\/trippywizard.nl\/fr\/wp-json\/wp\/v2\/comments?post=1190"}],"version-history":[{"count":1,"href":"https:\/\/trippywizard.nl\/fr\/wp-json\/wp\/v2\/product\/1190\/revisions"}],"predecessor-version":[{"id":1271,"href":"https:\/\/trippywizard.nl\/fr\/wp-json\/wp\/v2\/product\/1190\/revisions\/1271"}],"wp:featuredmedia":[{"embeddable":true,"href":"https:\/\/trippywizard.nl\/fr\/wp-json\/wp\/v2\/media\/1194"}],"wp:attachment":[{"href":"https:\/\/trippywizard.nl\/fr\/wp-json\/wp\/v2\/media?parent=1190"}],"wp:term":[{"taxonomy":"product_brand","embeddable":true,"href":"https:\/\/trippywizard.nl\/fr\/wp-json\/wp\/v2\/product_brand?post=1190"},{"taxonomy":"product_cat","embeddable":true,"href":"https:\/\/trippywizard.nl\/fr\/wp-json\/wp\/v2\/product_cat?post=1190"},{"taxonomy":"product_tag","embeddable":true,"href":"https:\/\/trippywizard.nl\/fr\/wp-json\/wp\/v2\/product_tag?post=1190"}],"curies":[{"name":"wp","href":"https:\/\/api.w.org\/{rel}","templated":true}]}}