{"id":6780,"date":"2025-05-22T10:39:23","date_gmt":"2025-05-22T10:39:23","guid":{"rendered":"https:\/\/trippywizard.nl\/?post_type=product&#038;p=6780"},"modified":"2025-05-22T10:39:57","modified_gmt":"2025-05-22T10:39:57","slug":"phenibut-hcl-pulver-25-gramm","status":"publish","type":"product","link":"https:\/\/trippywizard.nl\/de\/produkt\/phenibut-hcl-pulver-25-gramm\/","title":{"rendered":"Phenibut HCl Pulver - 25 Gramm"},"content":{"rendered":"<h2>Phenibut HCl Pulver online kaufen - 25 Gramm f\u00fcr Angstzust\u00e4nde, Schlaf und kognitive Verbesserung<\/h2>\n<h3>Einf\u00fchrung in Phenibut HCl Pulver<\/h3>\n<p><strong>Phenibut HCl Pulver<\/strong> ist eine starke neuropsychotrope Substanz, die wegen ihrer angstl\u00f6senden, stimmungsstabilisierenden und kognitionsf\u00f6rdernden Eigenschaften verwendet wird. Urspr\u00fcnglich in Russland entwickelt, ist Phenibut ein Derivat von <strong>GABA<\/strong> (Gamma-Aminobutters\u00e4ure) und wirkt vor allem auf das zentrale Nervensystem, um \u00c4ngste zu reduzieren, den Schlaf zu verbessern und die geistige Klarheit zu erh\u00f6hen. Wenn Sie auf der Suche nach <strong>Phenibut HCl kaufen <a href=\"https:\/\/3mmckopen.com\/product\/buy-noopept-powder-online\/\">Pulver online<\/a><\/strong>In diesem Artikel erfahren Sie mehr \u00fcber die chemischen Eigenschaften, die gesundheitlichen Vorteile, Dosierungsempfehlungen und wo Sie es von einem vertrauensw\u00fcrdigen Anbieter kaufen k\u00f6nnen.<\/p>\n<h3>Chemische Eigenschaften von Phenibut HCl<\/h3>\n<ul>\n<li><strong>IUPAC Name<\/strong>: 4-Amino-3-phenylbutans\u00e4ure-Hydrochlorid<\/li>\n<li><strong>Molekulare Formel<\/strong>: C10H14ClNO2<\/li>\n<li><strong>Molekulargewicht<\/strong>: 215.68 g\/mol<\/li>\n<li><strong>Chemische Struktur<\/strong>: Phenibut HCl ist mit einer Phenylgruppe versehen, die an GABA angeh\u00e4ngt ist und es ihm erm\u00f6glicht, die <strong>Blut-Hirn-Schranke<\/strong> effektiver zu machen und seine beruhigende und kognitive Wirkung zu verst\u00e4rken.<\/li>\n<\/ul>\n<h3>Pharmakologie von Phenibut HCl Pulver<\/h3>\n<p>Phenibut HCl wirkt durch Wechselwirkung mit <strong>GABA-Rezeptoren<\/strong>, entscheidend f\u00fcr die hemmende Neurotransmission im Gehirn.<\/p>\n<h4>Mechanismus der Wirkung<\/h4>\n<p>Phenibut wirkt haupts\u00e4chlich als Agonist an <strong>GABA_B-Rezeptoren<\/strong>Es verst\u00e4rkt die hemmenden Signale im Gehirn und hat eine beruhigende Wirkung. Es hat auch eine gewisse Wirkung auf <strong>GABA_A-Rezeptoren<\/strong> und <a href=\"https:\/\/3mmckopen.com\/product\/buy-6-apb-powder-online-netherlands\/\"><strong>Dopaminaussch\u00fcttung<\/strong><\/a>, die zu seiner <strong>Anxiolytikum<\/strong>, <strong>Stimmungsstabilisierend<\/strong>, und <strong>kognitiv f\u00f6rdernd<\/strong> Auswirkungen.<\/p>\n<h4>M\u00f6gliche Wirkungen von Phenibut HCl<\/h4>\n<p>Forschung und Benutzerfeedback legen nahe, dass <strong>Phenibut HCl Pulver<\/strong> kann verschiedene Auswirkungen haben:<\/p>\n<ul>\n<li><strong>Anxiolytische Effekte<\/strong>: Reduziert das Gef\u00fchl von Stress und Angst.<\/li>\n<li><strong>Kognitive Verbesserung<\/strong>: Verbessert die Konzentration, die Klarheit und das Erinnerungsverm\u00f6gen.<\/li>\n<li><strong>Stimmungsstabilisierung<\/strong>: Lindert die Symptome von Depressionen und f\u00f6rdert das emotionale Gleichgewicht.<\/li>\n<li><strong>Verbesserter Schlaf<\/strong>: Verbessert die Schlafqualit\u00e4t und hilft Menschen mit Schlaflosigkeit oder gest\u00f6rtem Schlafverhalten.<\/li>\n<li><strong>Neuroprotektion<\/strong>: Kann die neuronale Gesundheit unterst\u00fctzen und m\u00f6glicherweise das Risiko eines kognitiven R\u00fcckgangs verringern.<\/li>\n<\/ul>\n<h3>Gesundheitliche Vorteile von Phenibut HCl-Pulver<\/h3>\n<p>Wenn Sie <strong>Phenibut HCl Pulver online kaufen<\/strong>\u00f6ffnen Sie die T\u00fcr zu mehreren potenziellen Vorteilen:<\/p>\n<h4>1. <strong>Anxiolytische Effekte<\/strong><\/h4>\n<p>Phenibut HCl ist bekannt f\u00fcr seine F\u00e4higkeit, die <strong>Angst<\/strong>. Es f\u00f6rdert eine <strong>Gef\u00fchl der Ruhe<\/strong> und kann helfen, Stress, soziale \u00c4ngste und generalisierte Angstzust\u00e4nde zu lindern.<\/p>\n<h4>2. <strong>Kognitive Verbesserung<\/strong><\/h4>\n<p>Viele Anwender berichten von einer erh\u00f6hten <strong>geistige Klarheit<\/strong>, <strong>Fokus<\/strong>, und <strong>Speicher<\/strong> nach der Einnahme von Phenibut HCl. Es ist beliebt bei Studenten, Berufst\u00e4tigen und kreativen Menschen, die kognitive Vorteile suchen.<\/p>\n<h4>3. <strong>Stimmungsstabilisierung<\/strong><\/h4>\n<p>Phenibut HCl kann Folgendes bewirken <strong>Stimmungsstabilisierend<\/strong> Effekte, Reduzierung <a href=\"https:\/\/3mmckopen.com\/product\/buy-2c-d-pellets-online\/\"><strong>Depression<\/strong><\/a> und Verbesserung des allgemeinen emotionalen Wohlbefindens durch Modulation <strong>Dopamin<\/strong> und <strong>Serotonin<\/strong> Ebenen.<\/p>\n<h4>4. <strong>Verbesserter Schlaf<\/strong><\/h4>\n<p>F\u00fcr Personen, die sich mit <strong>Schlaflosigkeit<\/strong>Phenibut HCl kann einen tieferen, erholsameren Schlaf f\u00f6rdern. Es verbessert die nat\u00fcrliche F\u00e4higkeit des K\u00f6rpers, sich zu entspannen, wodurch es leichter wird, einzuschlafen und durchzuschlafen.<\/p>\n<h4>5. <strong>Neuroprotektion<\/strong><\/h4>\n<p>Einige Untersuchungen legen nahe, dass <strong>Phenibut HCl<\/strong> kann als <strong>Neuroprotektivum<\/strong>und hilft, die neuronale Gesundheit zu erhalten, was sich langfristig positiv auf die kognitiven Funktionen auswirken kann.<\/p>\n<h3>Dosierung und Anwendung von Phenibut HCl Pulver<\/h3>\n<p>Die typische Dosierung von <strong>Phenibut HCl Pulver<\/strong> variiert je nach individuellem Bedarf und Vertr\u00e4glichkeit. Die empfohlene Tagesdosis reicht im Allgemeinen von <strong>250mg bis 750mg<\/strong>, aufgeteilt in ein bis drei Dosen.<\/p>\n<h4>Empfohlene Dosierung:<\/h4>\n<ul>\n<li><strong>Niedrige Dosis<\/strong>250mg bis 500mg pro Tag (ideal f\u00fcr Anf\u00e4nger)<\/li>\n<li><strong>M\u00e4\u00dfige Dosis<\/strong>: 500mg bis 750mg pro Tag (\u00fcblicher Gebrauch)<\/li>\n<li><strong>Hohe Dosis<\/strong>750mg bis 1g pro Tag (f\u00fcr erfahrene Anwender)<\/li>\n<\/ul>\n<h3>Wie man Phenibut HCl Pulver einnimmt<\/h3>\n<p>Phenibut HCl Pulver kann durch Aufl\u00f6sen in <strong>Wasser<\/strong> oder jede <a href=\"https:\/\/3mmckopen.com\/product\/ketamine-powder\/\"><strong>Getr\u00e4nk<\/strong><\/a>. A <strong>Milligramm-Skala<\/strong> wird f\u00fcr eine genaue Dosierung dringend empfohlen. Einige Benutzer bevorzugen <strong>sublinguale Verabreichung<\/strong>, bei dem das Pulver zur schnelleren Aufnahme unter die Zunge gelegt wird.<\/p>\n<h3>Sicherheit und \u00dcberlegungen<\/h3>\n<p>W\u00e4hrend <strong>Phenibut HCl<\/strong> im Allgemeinen gut vertr\u00e4glich ist, ist es wichtig, es verantwortungsbewusst zu verwenden. \u00dcberm\u00e4\u00dfiger Gebrauch oder hohe Dosen k\u00f6nnen zu Nebenwirkungen f\u00fchren, wie zum Beispiel:<\/p>\n<ul>\n<li><strong>Schwindelgef\u00fchl<\/strong><\/li>\n<li><strong>\u00dcbelkeit<\/strong><\/li>\n<li><strong>Kopfschmerzen<\/strong><\/li>\n<li><strong>Sedierung<\/strong><\/li>\n<\/ul>\n<p>Es ist immer am besten, mit einer <strong>niedrigere Dosis<\/strong> um Ihre Vertr\u00e4glichkeit zu beurteilen. Langfristige Einnahme sollte mit Vorsicht genossen werden, um Folgendes zu vermeiden <strong>Toleranz<\/strong> oder <strong>Abh\u00e4ngigkeit<\/strong>. Phenibut sollte <strong>nicht<\/strong> mit Alkohol oder anderen das zentrale Nervensystem d\u00e4mpfenden Mitteln gemischt werden.<\/p>\n<h3>Forschungsanwendungen von Phenibut HCl<\/h3>\n<p>Phenibut HCl wird weiterhin auf sein Potenzial in verschiedenen Bereichen untersucht, unter anderem:<\/p>\n<h4>1. <strong>Angst und Stressabbau<\/strong><\/h4>\n<p>Die Forschung untersucht die Wirksamkeit von Phenibut HCl bei der Verringerung von Angstzust\u00e4nden sowohl in klinischen als auch in nicht-klinischen Situationen.<\/p>\n<h4>2. <strong>Kognitive Funktion<\/strong><\/h4>\n<p>Studien erforschen das kognitionsf\u00f6rdernde Potenzial von Phenibut, insbesondere in Bezug auf <strong>Speicher<\/strong>, <strong>Fokus<\/strong>, und <strong>geistige Klarheit<\/strong>.<\/p>\n<h4>3. <strong>Schlafst\u00f6rungen<\/strong><\/h4>\n<p>Die Rolle von Phenibut bei der Verbesserung der Schlafqualit\u00e4t, insbesondere bei Personen mit <strong>chronische Schlaflosigkeit<\/strong>wird aktiv erforscht.<\/p>\n<h4>4. <strong>Gem\u00fctskrankheiten<\/strong><\/h4>\n<p>Die Forschung konzentriert sich auf das Potenzial von Phenibut zur Behandlung von <strong>Depression<\/strong> und andere Stimmungsst\u00f6rungen.<\/p>\n<hr \/>\n<h3>Wo Sie Phenibut HCl Pulver online kaufen k\u00f6nnen<\/h3>\n<p>Wenn Sie auf der Suche nach <strong>Phenibut HCl Pulver online kaufen<\/strong>stellen Sie sicher, dass Sie eine <strong>zuverl\u00e4ssiger Lieferant<\/strong> die Qualit\u00e4t und Reinheit garantiert. Hier finden Sie einige Tipps, um die beste Quelle zu finden:<\/p>\n<ol>\n<li><strong>Seri\u00f6se Lieferanten<\/strong>: W\u00e4hlen Sie Lieferanten mit einer <strong>guter Ruf<\/strong> und verifizierte Kundenrezensionen.<\/li>\n<li><strong>Labortests von Drittanbietern<\/strong>: Stellen Sie sicher, dass das Produkt <strong>Laborgepr\u00fcft<\/strong> f\u00fcr Reinheit und Potenz.<\/li>\n<li><strong>Sichere Zahlung und diskreter Versand<\/strong>: Suchen Sie nach Anbietern, die <strong>sichere Zahlungsoptionen<\/strong> und <strong>diskreter Versand<\/strong> f\u00fcr die Privatsph\u00e4re.<\/li>\n<\/ol>\n<p>Sie k\u00f6nnen ganz einfach kaufen <strong>Phenibut HCl Pulver<\/strong> in verschiedenen Mengen von etablierten Online-H\u00e4ndlern, die eine schnelle und diskrete Lieferung gew\u00e4hrleisten.<\/p>\n<hr \/>\n<h3>Wie Sie Phenibut HCl Pulver online kaufen<\/h3>\n<p>Einkaufen <strong>Phenibut HCl Pulver online kaufen<\/strong> ist schnell und einfach. Folgen Sie diesen Schritten:<\/p>\n<ol>\n<li><strong>W\u00e4hlen Sie Ihre Menge<\/strong>: W\u00e4hlen Sie die <strong>25g<\/strong>, <strong>50g<\/strong>, oder <strong>100g<\/strong> Optionen je nach Ihren Bed\u00fcrfnissen.<\/li>\n<li><strong>Zum Warenkorb hinzuf\u00fcgen<\/strong>: Nachdem Sie die gew\u00fcnschte Menge ausgew\u00e4hlt haben, legen Sie sie in Ihren Warenkorb.<\/li>\n<li><strong>Weiter zum Checkout<\/strong>: Geben Sie Ihre Versanddaten und Zahlungsinformationen ein.<\/li>\n<li><strong>Best\u00e4tigen und bezahlen<\/strong>: Schlie\u00dfen Sie Ihren Kauf ab und warten Sie auf die Best\u00e4tigung.<\/li>\n<li><strong>Lieferung<\/strong>: Ihre Bestellung wird direkt an Ihre Adresse versandt, in der Regel innerhalb weniger Arbeitstage.<\/li>\n<\/ol>\n<hr \/>\n<h3>Preistabelle f\u00fcr Phenibut HCl Pulver - 25 Gramm<\/h3>\n<table>\n<thead>\n<tr>\n<th>Menge<\/th>\n<th>Preis (USD)<\/th>\n<th>Rabattierter Preis<\/th>\n<\/tr>\n<\/thead>\n<tbody>\n<tr>\n<td><strong>25g<\/strong><\/td>\n<td>$40<\/td>\n<td>$36<\/td>\n<\/tr>\n<tr>\n<td><strong>50g<\/strong><\/td>\n<td>$75<\/td>\n<td>$68<\/td>\n<\/tr>\n<tr>\n<td><strong>100g<\/strong><\/td>\n<td>$140<\/td>\n<td>$130<\/td>\n<\/tr>\n<\/tbody>\n<\/table>\n<hr \/>\n<h3>H\u00e4ufig gestellte Fragen (FAQs)<\/h3>\n<h4>1. <strong>Wie hoch ist die empfohlene Dosierung f\u00fcr Phenibut HCl Pulver?<\/strong><\/h4>\n<p>Die <strong>ideale Dosierung<\/strong> von Phenibut HCl reicht von <strong>250mg bis 750mg<\/strong> pro Tag, je nach individueller Vertr\u00e4glichkeit. Beginnen Sie mit einer niedrigeren Dosis, um Ihre Reaktion abzusch\u00e4tzen.<\/p>\n<h4>2. <strong>Wie sollte ich Phenibut HCl Pulver einnehmen?<\/strong><\/h4>\n<p>Phenibut HCl-Pulver kann aufgel\u00f6st werden in <strong>Wasser<\/strong> oder <strong>Getr\u00e4nke<\/strong>. Einige bevorzugen <strong>sublinguale Verabreichung<\/strong> f\u00fcr eine schnellere Aufnahme.<\/p>\n<h4>3. <strong>Ist Phenibut HCl bei langfristiger Anwendung sicher?<\/strong><\/h4>\n<p><strong>Phenibut<\/strong> sollte nur mit Vorsicht verwendet werden. Langfristiger Gebrauch kann zu <strong>Toleranz<\/strong> oder <strong>Abh\u00e4ngigkeit<\/strong>Wir empfehlen daher regelm\u00e4\u00dfige Pausen und eine verantwortungsvolle Nutzung.<\/p>\n<h4>4. <strong>Kann Phenibut HCl Nebenwirkungen verursachen?<\/strong><\/h4>\n<p>H\u00e4ufige Nebenwirkungen sind <strong>Schwindelgef\u00fchl<\/strong>, <strong>\u00dcbelkeit<\/strong>, und <strong>Kopfschmerzen<\/strong>. Wenn Sie schwerwiegende Nebenwirkungen versp\u00fcren, beenden Sie die Einnahme von Phenibut und wenden Sie sich an einen Arzt.<\/p>\n<hr \/>\n<h3>Fazit<\/h3>\n<p>Wenn Sie <strong>Phenibut HCl Pulver online kaufen<\/strong>erhalten Sie Zugang zu einem vielseitigen Nahrungserg\u00e4nzungsmittel, das helfen kann, \u00c4ngste zu reduzieren, den Schlaf zu verbessern und die kognitive Leistungsf\u00e4higkeit zu steigern. Bei richtiger Dosierung und verantwortungsvollem Gebrauch, <strong>Phenibut HCl Pulver<\/strong> bietet erhebliche Vorteile f\u00fcr das emotionale und geistige Wohlbefinden.<\/p>\n<p>&nbsp;<\/p>","protected":false},"excerpt":{"rendered":"<p>Kaufen Sie Phenibut HCl Pulver online, um Angstzust\u00e4nde zu lindern, die Stimmung zu stabilisieren, die kognitiven F\u00e4higkeiten zu verbessern und besser zu schlafen. Erfahren Sie mehr \u00fcber die Dosierung, die Vorteile und wo Sie es zu den besten Preisen kaufen k\u00f6nnen.<\/p>\n<p>Unsere Vorteile: \ud83c\udf1f<br \/>\nHeute bestellt = morgen geliefert \ud83d\ude90.<br \/>\nAnonymer &amp; diskreter Versand \u2705<br \/>\nEinfach mit Krypto bezahlen \ud83d\udcb5.<\/p>","protected":false},"featured_media":6811,"comment_status":"open","ping_status":"closed","template":"","meta":[],"product_brand":[],"product_cat":[138,25],"product_tag":[],"class_list":{"0":"post-6780","1":"product","2":"type-product","3":"status-publish","4":"has-post-thumbnail","6":"product_cat-nootropics","7":"product_cat-research-chemicals","9":"first","10":"instock","11":"shipping-taxable","12":"purchasable","13":"product-type-variable"},"yoast_head":"<!-- This site is optimized with the Yoast SEO Premium plugin v25.1 (Yoast SEO v27.3) - https:\/\/yoast.com\/product\/yoast-seo-premium-wordpress\/ -->\n<title>Buy Phenibut HCl Powder Online - Trippy Wizard NL<\/title>\n<meta name=\"description\" content=\"Buy Phenibut HCl powder online for anxiety relief, mood stabilization, cognitive enhancement, and better sleep. Learn more about dosage, benefits, and where to buy it at the best prices.\" \/>\n<meta name=\"robots\" content=\"index, follow, max-snippet:-1, max-image-preview:large, max-video-preview:-1\" \/>\n<link rel=\"canonical\" href=\"https:\/\/trippywizard.nl\/de\/produkt\/phenibut-hcl-pulver-25-gramm\/\" \/>\n<meta property=\"og:locale\" content=\"de_DE\" \/>\n<meta property=\"og:type\" content=\"article\" \/>\n<meta property=\"og:title\" content=\"Phenibut HCl Powder \u2013 25 gram\" \/>\n<meta property=\"og:description\" content=\"Buy Phenibut HCl powder online for anxiety relief, mood stabilization, cognitive enhancement, and better sleep. Learn more about dosage, benefits, and where to buy it at the best prices.\" \/>\n<meta property=\"og:url\" content=\"https:\/\/trippywizard.nl\/de\/produkt\/phenibut-hcl-pulver-25-gramm\/\" \/>\n<meta property=\"og:site_name\" content=\"Trippy Wizard NL\" \/>\n<meta property=\"article:modified_time\" content=\"2025-05-22T10:39:57+00:00\" \/>\n<meta property=\"og:image\" content=\"https:\/\/trippywizard.nl\/wp-content\/uploads\/2025\/05\/white-talc-powder-500x500-1-e1733899457327.webp\" \/>\n\t<meta property=\"og:image:width\" content=\"500\" \/>\n\t<meta property=\"og:image:height\" content=\"453\" \/>\n\t<meta property=\"og:image:type\" content=\"image\/webp\" \/>\n<meta name=\"twitter:card\" content=\"summary_large_image\" \/>\n<meta name=\"twitter:label1\" content=\"Gesch\u00e4tzte Lesezeit\" \/>\n\t<meta name=\"twitter:data1\" content=\"5\u00a0Minuten\" \/>\n<script type=\"application\/ld+json\" class=\"yoast-schema-graph\">{\"@context\":\"https:\\\/\\\/schema.org\",\"@graph\":[{\"@type\":\"WebPage\",\"@id\":\"https:\\\/\\\/trippywizard.nl\\\/product\\\/phenibut-hcl-powder-25-gram\\\/\",\"url\":\"https:\\\/\\\/trippywizard.nl\\\/product\\\/phenibut-hcl-powder-25-gram\\\/\",\"name\":\"Buy Phenibut HCl Powder Online - Trippy Wizard NL\",\"isPartOf\":{\"@id\":\"https:\\\/\\\/trippywizard.nl\\\/#website\"},\"primaryImageOfPage\":{\"@id\":\"https:\\\/\\\/trippywizard.nl\\\/product\\\/phenibut-hcl-powder-25-gram\\\/#primaryimage\"},\"image\":{\"@id\":\"https:\\\/\\\/trippywizard.nl\\\/product\\\/phenibut-hcl-powder-25-gram\\\/#primaryimage\"},\"thumbnailUrl\":\"https:\\\/\\\/trippywizard.nl\\\/wp-content\\\/uploads\\\/2025\\\/05\\\/white-talc-powder-500x500-1-e1733899457327.webp\",\"datePublished\":\"2025-05-22T10:39:23+00:00\",\"dateModified\":\"2025-05-22T10:39:57+00:00\",\"description\":\"Buy Phenibut HCl powder online for anxiety relief, mood stabilization, cognitive enhancement, and better sleep. Learn more about dosage, benefits, and where to buy it at the best prices.\",\"breadcrumb\":{\"@id\":\"https:\\\/\\\/trippywizard.nl\\\/product\\\/phenibut-hcl-powder-25-gram\\\/#breadcrumb\"},\"inLanguage\":\"de\",\"potentialAction\":[{\"@type\":\"ReadAction\",\"target\":[\"https:\\\/\\\/trippywizard.nl\\\/product\\\/phenibut-hcl-powder-25-gram\\\/\"]}]},{\"@type\":\"ImageObject\",\"inLanguage\":\"de\",\"@id\":\"https:\\\/\\\/trippywizard.nl\\\/product\\\/phenibut-hcl-powder-25-gram\\\/#primaryimage\",\"url\":\"https:\\\/\\\/trippywizard.nl\\\/wp-content\\\/uploads\\\/2025\\\/05\\\/white-talc-powder-500x500-1-e1733899457327.webp\",\"contentUrl\":\"https:\\\/\\\/trippywizard.nl\\\/wp-content\\\/uploads\\\/2025\\\/05\\\/white-talc-powder-500x500-1-e1733899457327.webp\",\"width\":500,\"height\":453},{\"@type\":\"BreadcrumbList\",\"@id\":\"https:\\\/\\\/trippywizard.nl\\\/product\\\/phenibut-hcl-powder-25-gram\\\/#breadcrumb\",\"itemListElement\":[{\"@type\":\"ListItem\",\"position\":1,\"name\":\"Home\",\"item\":\"https:\\\/\\\/trippywizard.nl\\\/\"},{\"@type\":\"ListItem\",\"position\":2,\"name\":\"Shop\",\"item\":\"https:\\\/\\\/trippywizard.nl\\\/shop\\\/\"},{\"@type\":\"ListItem\",\"position\":3,\"name\":\"Phenibut HCl Powder \u2013 25 gram\"}]},{\"@type\":\"WebSite\",\"@id\":\"https:\\\/\\\/trippywizard.nl\\\/#website\",\"url\":\"https:\\\/\\\/trippywizard.nl\\\/\",\"name\":\"trippywizard.nl\",\"description\":\"Your No.1 Research Chemical Shop \u2013 98.99%+ Pure, Lab-Tested Quality Online.\",\"publisher\":{\"@id\":\"https:\\\/\\\/trippywizard.nl\\\/#organization\"},\"potentialAction\":[{\"@type\":\"SearchAction\",\"target\":{\"@type\":\"EntryPoint\",\"urlTemplate\":\"https:\\\/\\\/trippywizard.nl\\\/?s={search_term_string}\"},\"query-input\":{\"@type\":\"PropertyValueSpecification\",\"valueRequired\":true,\"valueName\":\"search_term_string\"}}],\"inLanguage\":\"de\"},{\"@type\":\"Organization\",\"@id\":\"https:\\\/\\\/trippywizard.nl\\\/#organization\",\"name\":\"trippywizard.nl\",\"url\":\"https:\\\/\\\/trippywizard.nl\\\/\",\"logo\":{\"@type\":\"ImageObject\",\"inLanguage\":\"de\",\"@id\":\"https:\\\/\\\/trippywizard.nl\\\/#\\\/schema\\\/logo\\\/image\\\/\",\"url\":\"https:\\\/\\\/trippywizard.nl\\\/wp-content\\\/uploads\\\/2020\\\/06\\\/Screenshot_2025-07-15_032323-removebg-preview-e1752575212917.png\",\"contentUrl\":\"https:\\\/\\\/trippywizard.nl\\\/wp-content\\\/uploads\\\/2020\\\/06\\\/Screenshot_2025-07-15_032323-removebg-preview-e1752575212917.png\",\"width\":200,\"height\":49,\"caption\":\"trippywizard.nl\"},\"image\":{\"@id\":\"https:\\\/\\\/trippywizard.nl\\\/#\\\/schema\\\/logo\\\/image\\\/\"}}]}<\/script>\n<!-- \/ Yoast SEO Premium plugin. -->","yoast_head_json":{"title":"Phenibut HCl-Pulver online kaufen - Trippy Wizard NL","description":"Kaufen Sie Phenibut HCl Pulver online, um Angstzust\u00e4nde zu lindern, die Stimmung zu stabilisieren, die kognitiven F\u00e4higkeiten zu verbessern und besser zu schlafen. Erfahren Sie mehr \u00fcber die Dosierung, die Vorteile und wo Sie es zu den besten Preisen kaufen k\u00f6nnen.","robots":{"index":"index","follow":"follow","max-snippet":"max-snippet:-1","max-image-preview":"max-image-preview:large","max-video-preview":"max-video-preview:-1"},"canonical":"https:\/\/trippywizard.nl\/de\/produkt\/phenibut-hcl-pulver-25-gramm\/","og_locale":"de_DE","og_type":"article","og_title":"Phenibut HCl Powder \u2013 25 gram","og_description":"Buy Phenibut HCl powder online for anxiety relief, mood stabilization, cognitive enhancement, and better sleep. Learn more about dosage, benefits, and where to buy it at the best prices.","og_url":"https:\/\/trippywizard.nl\/de\/produkt\/phenibut-hcl-pulver-25-gramm\/","og_site_name":"Trippy Wizard NL","article_modified_time":"2025-05-22T10:39:57+00:00","og_image":[{"width":500,"height":453,"url":"https:\/\/trippywizard.nl\/wp-content\/uploads\/2025\/05\/white-talc-powder-500x500-1-e1733899457327.webp","type":"image\/webp"}],"twitter_card":"summary_large_image","twitter_misc":{"Gesch\u00e4tzte Lesezeit":"5\u00a0Minuten"},"schema":{"@context":"https:\/\/schema.org","@graph":[{"@type":"WebPage","@id":"https:\/\/trippywizard.nl\/product\/phenibut-hcl-powder-25-gram\/","url":"https:\/\/trippywizard.nl\/product\/phenibut-hcl-powder-25-gram\/","name":"Phenibut HCl-Pulver online kaufen - Trippy Wizard NL","isPartOf":{"@id":"https:\/\/trippywizard.nl\/#website"},"primaryImageOfPage":{"@id":"https:\/\/trippywizard.nl\/product\/phenibut-hcl-powder-25-gram\/#primaryimage"},"image":{"@id":"https:\/\/trippywizard.nl\/product\/phenibut-hcl-powder-25-gram\/#primaryimage"},"thumbnailUrl":"https:\/\/trippywizard.nl\/wp-content\/uploads\/2025\/05\/white-talc-powder-500x500-1-e1733899457327.webp","datePublished":"2025-05-22T10:39:23+00:00","dateModified":"2025-05-22T10:39:57+00:00","description":"Kaufen Sie Phenibut HCl Pulver online, um Angstzust\u00e4nde zu lindern, die Stimmung zu stabilisieren, die kognitiven F\u00e4higkeiten zu verbessern und besser zu schlafen. Erfahren Sie mehr \u00fcber die Dosierung, die Vorteile und wo Sie es zu den besten Preisen kaufen k\u00f6nnen.","breadcrumb":{"@id":"https:\/\/trippywizard.nl\/product\/phenibut-hcl-powder-25-gram\/#breadcrumb"},"inLanguage":"de","potentialAction":[{"@type":"ReadAction","target":["https:\/\/trippywizard.nl\/product\/phenibut-hcl-powder-25-gram\/"]}]},{"@type":"ImageObject","inLanguage":"de","@id":"https:\/\/trippywizard.nl\/product\/phenibut-hcl-powder-25-gram\/#primaryimage","url":"https:\/\/trippywizard.nl\/wp-content\/uploads\/2025\/05\/white-talc-powder-500x500-1-e1733899457327.webp","contentUrl":"https:\/\/trippywizard.nl\/wp-content\/uploads\/2025\/05\/white-talc-powder-500x500-1-e1733899457327.webp","width":500,"height":453},{"@type":"BreadcrumbList","@id":"https:\/\/trippywizard.nl\/product\/phenibut-hcl-powder-25-gram\/#breadcrumb","itemListElement":[{"@type":"ListItem","position":1,"name":"Home","item":"https:\/\/trippywizard.nl\/"},{"@type":"ListItem","position":2,"name":"Shop","item":"https:\/\/trippywizard.nl\/shop\/"},{"@type":"ListItem","position":3,"name":"Phenibut HCl Powder \u2013 25 gram"}]},{"@type":"WebSite","@id":"https:\/\/trippywizard.nl\/#website","url":"https:\/\/trippywizard.nl\/","name":"trippywizard.nl","description":"Ihr Nr.1 Shop f\u00fcr Forschungschemikalien - 98.99%+ Reine, laborgepr\u00fcfte Qualit\u00e4t online.","publisher":{"@id":"https:\/\/trippywizard.nl\/#organization"},"potentialAction":[{"@type":"SearchAction","target":{"@type":"EntryPoint","urlTemplate":"https:\/\/trippywizard.nl\/?s={search_term_string}"},"query-input":{"@type":"PropertyValueSpecification","valueRequired":true,"valueName":"search_term_string"}}],"inLanguage":"de"},{"@type":"Organization","@id":"https:\/\/trippywizard.nl\/#organization","name":"trippywizard.nl","url":"https:\/\/trippywizard.nl\/","logo":{"@type":"ImageObject","inLanguage":"de","@id":"https:\/\/trippywizard.nl\/#\/schema\/logo\/image\/","url":"https:\/\/trippywizard.nl\/wp-content\/uploads\/2020\/06\/Screenshot_2025-07-15_032323-removebg-preview-e1752575212917.png","contentUrl":"https:\/\/trippywizard.nl\/wp-content\/uploads\/2020\/06\/Screenshot_2025-07-15_032323-removebg-preview-e1752575212917.png","width":200,"height":49,"caption":"trippywizard.nl"},"image":{"@id":"https:\/\/trippywizard.nl\/#\/schema\/logo\/image\/"}}]}},"jetpack_sharing_enabled":true,"_links":{"self":[{"href":"https:\/\/trippywizard.nl\/de\/wp-json\/wp\/v2\/product\/6780","targetHints":{"allow":["GET"]}}],"collection":[{"href":"https:\/\/trippywizard.nl\/de\/wp-json\/wp\/v2\/product"}],"about":[{"href":"https:\/\/trippywizard.nl\/de\/wp-json\/wp\/v2\/types\/product"}],"replies":[{"embeddable":true,"href":"https:\/\/trippywizard.nl\/de\/wp-json\/wp\/v2\/comments?post=6780"}],"version-history":[{"count":1,"href":"https:\/\/trippywizard.nl\/de\/wp-json\/wp\/v2\/product\/6780\/revisions"}],"predecessor-version":[{"id":6812,"href":"https:\/\/trippywizard.nl\/de\/wp-json\/wp\/v2\/product\/6780\/revisions\/6812"}],"wp:featuredmedia":[{"embeddable":true,"href":"https:\/\/trippywizard.nl\/de\/wp-json\/wp\/v2\/media\/6811"}],"wp:attachment":[{"href":"https:\/\/trippywizard.nl\/de\/wp-json\/wp\/v2\/media?parent=6780"}],"wp:term":[{"taxonomy":"product_brand","embeddable":true,"href":"https:\/\/trippywizard.nl\/de\/wp-json\/wp\/v2\/product_brand?post=6780"},{"taxonomy":"product_cat","embeddable":true,"href":"https:\/\/trippywizard.nl\/de\/wp-json\/wp\/v2\/product_cat?post=6780"},{"taxonomy":"product_tag","embeddable":true,"href":"https:\/\/trippywizard.nl\/de\/wp-json\/wp\/v2\/product_tag?post=6780"}],"curies":[{"name":"wp","href":"https:\/\/api.w.org\/{rel}","templated":true}]}}