{"id":4799,"date":"2025-05-15T16:23:23","date_gmt":"2025-05-15T16:23:23","guid":{"rendered":"https:\/\/trippywizard.nl\/?post_type=product&#038;p=4799"},"modified":"2025-05-15T17:05:11","modified_gmt":"2025-05-15T17:05:11","slug":"caluanie-muelear-oxidize-10l","status":"publish","type":"product","link":"https:\/\/trippywizard.nl\/de\/produkt\/caluanie-muelear-oxidize-10l\/","title":{"rendered":"Caluanie Muelear Oxidize 10L"},"content":{"rendered":"<h1 class=\"\" data-start=\"275\" data-end=\"344\">\ud83e\uddea Caluanie Muelear Oxidize 10L for Sale \u2013 Industrial Grade Solvent<\/h1>\n<p class=\"\" data-start=\"346\" data-end=\"655\">Looking to Buy Caluanie Muelear Oxidize 10L online \u00a0for industrial or research use? We offer <strong data-start=\"435\" data-end=\"469\">certified high-purity Caluanie<\/strong> in secure 10-liter containers, available for fast, legal shipping <strong data-start=\"536\" data-end=\"567\">across the USA and globally<\/strong>. Ideal for businesses in <strong data-start=\"593\" data-end=\"654\">metal treatment, solvent testing, and <a href=\"https:\/\/trippywizard.nl\/product\/caluanie-muelear-oxidize-1-5liter\/\">chemical processing<\/a><\/strong>.<\/p>\n<hr class=\"\" data-start=\"657\" data-end=\"660\" \/>\n<h2 class=\"\" data-start=\"662\" data-end=\"684\">\ud83d\udd0d Product Overview<\/h2>\n<ul data-start=\"686\" data-end=\"965\">\n<li class=\"\" data-start=\"686\" data-end=\"727\">\n<p class=\"\" data-start=\"688\" data-end=\"727\"><strong data-start=\"688\" data-end=\"699\">Product<\/strong>: Caluanie Muelear Oxidize<\/p>\n<\/li>\n<li class=\"\" data-start=\"728\" data-end=\"753\">\n<p class=\"\" data-start=\"730\" data-end=\"753\"><strong data-start=\"730\" data-end=\"740\">Volume<\/strong>: 10 Liters<\/p>\n<\/li>\n<li class=\"\" data-start=\"754\" data-end=\"797\">\n<p class=\"\" data-start=\"756\" data-end=\"797\"><strong data-start=\"756\" data-end=\"766\">Purity<\/strong>: Industrial\/Laboratory Grade<\/p>\n<\/li>\n<li class=\"\" data-start=\"798\" data-end=\"839\">\n<p class=\"\" data-start=\"800\" data-end=\"839\"><strong data-start=\"800\" data-end=\"814\">Appearance<\/strong>: Clear to amber liquid<\/p>\n<\/li>\n<li class=\"\" data-start=\"840\" data-end=\"894\">\n<p class=\"\" data-start=\"842\" data-end=\"894\"><strong data-start=\"842\" data-end=\"855\">Packaging<\/strong>: HDPE container with HAZMAT labeling<\/p>\n<\/li>\n<li class=\"\" data-start=\"895\" data-end=\"965\">\n<p class=\"\" data-start=\"897\" data-end=\"965\"><strong data-start=\"897\" data-end=\"904\">Use<\/strong>: For authorized industrial and laboratory professionals only<\/p>\n<\/li>\n<\/ul>\n<hr class=\"\" data-start=\"967\" data-end=\"970\" \/>\n<h2 class=\"\" data-start=\"972\" data-end=\"1005\">\ud83e\uddea Key Industrial Applications<\/h2>\n<ul data-start=\"1007\" data-end=\"1168\">\n<li class=\"\" data-start=\"1007\" data-end=\"1049\">\n<p class=\"\" data-start=\"1009\" data-end=\"1049\">Metal crushing, refining &amp; deformation<\/p>\n<\/li>\n<li class=\"\" data-start=\"1050\" data-end=\"1077\">\n<p class=\"\" data-start=\"1052\" data-end=\"1077\">Paint and resin removal<\/p>\n<\/li>\n<li class=\"\" data-start=\"1078\" data-end=\"1122\">\n<p class=\"\" data-start=\"1080\" data-end=\"1122\">Oxidation reactions in chemical research<\/p>\n<\/li>\n<li class=\"\" data-start=\"1123\" data-end=\"1168\">\n<p class=\"\" data-start=\"1125\" data-end=\"1168\">Durability and corrosion resistance testing<\/p>\n<\/li>\n<\/ul>\n<hr class=\"\" data-start=\"1170\" data-end=\"1173\" \/>\n<h2 class=\"\" data-start=\"1175\" data-end=\"1205\">\ud83d\udce6 Included with Your Order<\/h2>\n<ul data-start=\"1207\" data-end=\"1359\">\n<li class=\"\" data-start=\"1207\" data-end=\"1233\">\n<p class=\"\" data-start=\"1209\" data-end=\"1233\">\u2705 10L sealed container<\/p>\n<\/li>\n<li class=\"\" data-start=\"1234\" data-end=\"1277\">\n<p class=\"\" data-start=\"1236\" data-end=\"1277\">\u2705 <strong data-start=\"1238\" data-end=\"1246\">MSDS<\/strong> (Material Safety Data Sheet)<\/p>\n<\/li>\n<li class=\"\" data-start=\"1278\" data-end=\"1317\">\n<p class=\"\" data-start=\"1280\" data-end=\"1317\">\u2705 <strong data-start=\"1282\" data-end=\"1289\">COA<\/strong> (Certificate of Analysis)<\/p>\n<\/li>\n<li class=\"\" data-start=\"1318\" data-end=\"1359\">\n<p class=\"\" data-start=\"1320\" data-end=\"1359\">\u2705 HAZMAT-certified packaging &amp; labeling<\/p>\n<\/li>\n<\/ul>\n<hr class=\"\" data-start=\"1361\" data-end=\"1364\" \/>\n<h2>\u00a0Where to Buy Online in the USA<\/h2>\n<p class=\"\" data-start=\"1406\" data-end=\"1684\">We offer <strong data-start=\"1415\" data-end=\"1492\">Caluanie Muelear<a href=\"https:\/\/caluaniemuelearoxidizeshop.com\/\"> Oxidize 10L for online purchase<\/a> across the United States<\/strong> through verified industrial<a href=\"https:\/\/trippywizard.nl\/2mmc-chemical-structure-effects\/\"> chemical distribution<\/a> partners. Orders are shipped from domestic HAZMAT-approved warehouses, ensuring compliance with <strong data-start=\"1639\" data-end=\"1683\">U.S. transportation and safety standards<\/strong>.<\/p>\n<ul data-start=\"1686\" data-end=\"1865\">\n<li class=\"\" data-start=\"1686\" data-end=\"1742\">\n<p class=\"\" data-start=\"1688\" data-end=\"1742\">Direct online ordering available for U.S. businesses<\/p>\n<\/li>\n<li class=\"\" data-start=\"1743\" data-end=\"1769\">\n<p class=\"\" data-start=\"1745\" data-end=\"1769\">Secure payment methods<\/p>\n<\/li>\n<li class=\"\" data-start=\"1770\" data-end=\"1811\">\n<p class=\"\" data-start=\"1772\" data-end=\"1811\">Domestic shipping (2\u20137 business days)<\/p>\n<\/li>\n<li class=\"\" data-start=\"1812\" data-end=\"1865\">\n<p class=\"\" data-start=\"1814\" data-end=\"1865\">Full documentation provided for internal compliance<\/p>\n<\/li>\n<\/ul>\n<blockquote data-start=\"1867\" data-end=\"1941\">\n<p class=\"\" data-start=\"1869\" data-end=\"1941\">\u2705 Buy Caluanie Muelear Oxidize 10L online in the USA with fast, secure shipping and verified quality.<\/p>\n<\/blockquote>\n<hr class=\"\" data-start=\"1943\" data-end=\"1946\" \/>\n<h2 class=\"\" data-start=\"1948\" data-end=\"1995\">\ud83c\udf0d Buy Online \u2013 Worldwide Shipping Available<\/h2>\n<p class=\"\" data-start=\"1997\" data-end=\"2230\">We also support <strong data-start=\"2013\" data-end=\"2030\">global orders<\/strong> with <strong data-start=\"2036\" data-end=\"2058\">worldwide shipping<\/strong> to licensed businesses and research institutions. Whether you&#8217;re in Europe, Asia, the Middle East, or Latin America, our logistics network handles compliant delivery with:<\/p>\n<ul data-start=\"2232\" data-end=\"2407\">\n<li class=\"\" data-start=\"2232\" data-end=\"2278\">\n<p class=\"\" data-start=\"2234\" data-end=\"2278\"><strong data-start=\"2234\" data-end=\"2276\">Export permits &amp; customs documentation<\/strong><\/p>\n<\/li>\n<li class=\"\" data-start=\"2279\" data-end=\"2313\">\n<p class=\"\" data-start=\"2281\" data-end=\"2313\">HAZMAT international packaging<\/p>\n<\/li>\n<li class=\"\" data-start=\"2314\" data-end=\"2365\">\n<p class=\"\" data-start=\"2316\" data-end=\"2365\">Compliance with destination country regulations<\/p>\n<\/li>\n<li class=\"\" data-start=\"2366\" data-end=\"2407\">\n<p class=\"\" data-start=\"2368\" data-end=\"2407\">Timely air and freight shipping options<\/p>\n<\/li>\n<\/ul>\n<blockquote data-start=\"2409\" data-end=\"2496\">\n<p class=\"\" data-start=\"2411\" data-end=\"2496\">\u2705 Buy Caluanie Muelear Oxidize 10L online worldwide and receive professional, compliant delivery to your location.<\/p>\n<\/blockquote>\n<hr class=\"\" data-start=\"2498\" data-end=\"2501\" \/>\n<h2 class=\"\" data-start=\"2503\" data-end=\"2524\">\u2b50 Customer Reviews<\/h2>\n<blockquote data-start=\"2526\" data-end=\"2722\">\n<p class=\"\" data-start=\"2528\" data-end=\"2722\"><strong data-start=\"2528\" data-end=\"2677\">\u201cBest supplier we\u2019ve worked with. Product was well-packaged and cleared customs without any delays. Highly recommended for international buyers.\u201d<\/strong><br data-start=\"2677\" data-end=\"2680\" \/>\u2014 <em data-start=\"2684\" data-end=\"2722\">Marina D., R&amp;D Chemist (Netherlands)<\/em><\/p>\n<\/blockquote>\n<blockquote data-start=\"2724\" data-end=\"2867\">\n<p class=\"\" data-start=\"2726\" data-end=\"2867\"><strong data-start=\"2726\" data-end=\"2821\">\u201cExcellent USA service. 10L Caluanie arrived quickly and included all paperwork we needed.\u201d<\/strong><br data-start=\"2821\" data-end=\"2824\" \/>\u2014 <em data-start=\"2828\" data-end=\"2867\">James B., Technical Buyer (Ohio, USA)<\/em><\/p>\n<p data-start=\"2726\" data-end=\"2867\"><a href=\"https:\/\/caluaniemuelearoxidizeshop.com\/product\/buy-caluanie-muelear-oxidize-bulk-50l\/\">more reviews<\/a><\/p>\n<\/blockquote>\n<hr class=\"\" data-start=\"2869\" data-end=\"2872\" \/>\n<h2 class=\"\" data-start=\"2874\" data-end=\"2912\">\u2753 Frequently Asked Questions (FAQs)<\/h2>\n<p class=\"\" data-start=\"2914\" data-end=\"3039\"><strong data-start=\"2914\" data-end=\"2953\">Q: Can I buy this as an individual?<\/strong><br data-start=\"2953\" data-end=\"2956\" \/><strong data-start=\"2956\" data-end=\"2962\">A:<\/strong> No. This product is sold only to <strong data-start=\"2996\" data-end=\"3038\">verified industrial and research users<\/strong>.<\/p>\n<p class=\"\" data-start=\"3041\" data-end=\"3188\"><strong data-start=\"3041\" data-end=\"3086\">Q: Is this legal to import to my country?<\/strong><br data-start=\"3086\" data-end=\"3089\" \/><strong data-start=\"3089\" data-end=\"3095\">A:<\/strong> We comply with global chemical transport laws. Always check local HAZMAT import regulations.<\/p>\n<p class=\"\" data-start=\"3190\" data-end=\"3323\"><strong data-start=\"3190\" data-end=\"3225\">Q: How long does delivery take?<\/strong><br data-start=\"3225\" data-end=\"3228\" \/><strong data-start=\"3228\" data-end=\"3234\">A:<\/strong> U.S. orders: 2\u20137 business days. International: 5\u201312 business days, depending on customs.<\/p>\n<p class=\"\" data-start=\"3325\" data-end=\"3436\"><strong data-start=\"3325\" data-end=\"3358\">Q: Is documentation included?<\/strong><br data-start=\"3358\" data-end=\"3361\" \/><strong data-start=\"3361\" data-end=\"3367\">A:<\/strong> Yes. Each order includes a COA, MSDS, and shipping compliance forms.<\/p>\n<p class=\"\" data-start=\"3438\" data-end=\"3558\"><strong data-start=\"3438\" data-end=\"3494\">Q: Do you offer bulk pricing for multiple 10L units?<\/strong><br data-start=\"3494\" data-end=\"3497\" \/><strong data-start=\"3497\" data-end=\"3503\">A:<\/strong> Yes. Contact our sales team for a custom volume quote.<\/p>\n<hr class=\"\" data-start=\"3560\" data-end=\"3563\" \/>\n<p>\ud83d\udce6 Order Caluanie Muelear Oxidize 10L Today<\/p>\n<p class=\"\" data-start=\"3613\" data-end=\"3809\">Ready to purchase? Whether you&#8217;re in the <strong data-start=\"3654\" data-end=\"3682\">USA or ordering globally<\/strong>, we make it simple to <strong data-start=\"3705\" data-end=\"3744\">buy Caluanie Muelear Oxidize online<\/strong> with certified quality, full documentation, and secure shipping.<\/p>\n<blockquote data-start=\"3811\" data-end=\"3881\">\n<p class=\"\" data-start=\"3813\" data-end=\"3881\">\ud83d\udd17 [Buy Now \u2013 USA] | \ud83d\udd17 <a href=\"https:\/\/caluaniemuelearoxidizeshop.com\/shop\/\">[Buy Now \u2013 Worldwide]<\/a> | \ud83d\udce9 [<a href=\"https:\/\/caluaniemuelearoxidizeshop.com\/contact\/\">Request a Quote]<\/a><\/p>\n<\/blockquote>\n","protected":false},"excerpt":{"rendered":"<p>Caluanie Muelear for Sale<br \/>\n10L container size<br \/>\nStrong oxidizing agent<br \/>\nMade in the USA<\/p>","protected":false},"featured_media":4808,"comment_status":"open","ping_status":"closed","template":"","meta":[],"product_brand":[],"product_cat":[124],"product_tag":[],"class_list":{"0":"post-4799","1":"product","2":"type-product","3":"status-publish","4":"has-post-thumbnail","6":"product_cat-caluanie-muelear-oxidize","8":"first","9":"instock","10":"shipping-taxable","11":"purchasable","12":"product-type-simple"},"yoast_head":"<!-- This site is optimized with the Yoast SEO Premium plugin v25.1 (Yoast SEO v27.3) - https:\/\/yoast.com\/product\/yoast-seo-premium-wordpress\/ -->\n<title>Buy Caluanie Muelear Oxidize 10L online - Trippy Wizard NL<\/title>\n<meta name=\"description\" content=\"Buy Caluanie Muelear Oxidize 10L online with fast USA shipping and worldwide delivery. Industrial-grade solvent for metal processing and chemical use\" \/>\n<meta name=\"robots\" content=\"index, follow, max-snippet:-1, max-image-preview:large, max-video-preview:-1\" \/>\n<link rel=\"canonical\" href=\"https:\/\/trippywizard.nl\/de\/produkt\/caluanie-muelear-oxidize-10l\/\" \/>\n<meta property=\"og:locale\" content=\"de_DE\" \/>\n<meta property=\"og:type\" content=\"article\" \/>\n<meta property=\"og:title\" content=\"Caluanie Muelear Oxidize 10L\" \/>\n<meta property=\"og:description\" content=\"Buy Caluanie Muelear Oxidize 10L online with fast USA shipping and worldwide delivery. Industrial-grade solvent for metal processing and chemical use\" \/>\n<meta property=\"og:url\" content=\"https:\/\/trippywizard.nl\/de\/produkt\/caluanie-muelear-oxidize-10l\/\" \/>\n<meta property=\"og:site_name\" content=\"Trippy Wizard NL\" \/>\n<meta property=\"article:modified_time\" content=\"2025-05-15T17:05:11+00:00\" \/>\n<meta property=\"og:image\" content=\"https:\/\/trippywizard.nl\/wp-content\/uploads\/2025\/05\/caluanie-muelear-oxidize-10l-removebg-preview.jpg\" \/>\n\t<meta property=\"og:image:width\" content=\"500\" \/>\n\t<meta property=\"og:image:height\" content=\"500\" \/>\n\t<meta property=\"og:image:type\" content=\"image\/jpeg\" \/>\n<meta name=\"twitter:card\" content=\"summary_large_image\" \/>\n<meta name=\"twitter:label1\" content=\"Gesch\u00e4tzte Lesezeit\" \/>\n\t<meta name=\"twitter:data1\" content=\"2\u00a0Minuten\" \/>\n<script type=\"application\/ld+json\" class=\"yoast-schema-graph\">{\"@context\":\"https:\\\/\\\/schema.org\",\"@graph\":[{\"@type\":\"WebPage\",\"@id\":\"https:\\\/\\\/trippywizard.nl\\\/product\\\/caluanie-muelear-oxidize-10l\\\/\",\"url\":\"https:\\\/\\\/trippywizard.nl\\\/product\\\/caluanie-muelear-oxidize-10l\\\/\",\"name\":\"Buy Caluanie Muelear Oxidize 10L online - Trippy Wizard NL\",\"isPartOf\":{\"@id\":\"https:\\\/\\\/trippywizard.nl\\\/#website\"},\"primaryImageOfPage\":{\"@id\":\"https:\\\/\\\/trippywizard.nl\\\/product\\\/caluanie-muelear-oxidize-10l\\\/#primaryimage\"},\"image\":{\"@id\":\"https:\\\/\\\/trippywizard.nl\\\/product\\\/caluanie-muelear-oxidize-10l\\\/#primaryimage\"},\"thumbnailUrl\":\"https:\\\/\\\/trippywizard.nl\\\/wp-content\\\/uploads\\\/2025\\\/05\\\/caluanie-muelear-oxidize-10l-removebg-preview.jpg\",\"datePublished\":\"2025-05-15T16:23:23+00:00\",\"dateModified\":\"2025-05-15T17:05:11+00:00\",\"description\":\"Buy Caluanie Muelear Oxidize 10L online with fast USA shipping and worldwide delivery. Industrial-grade solvent for metal processing and chemical use\",\"breadcrumb\":{\"@id\":\"https:\\\/\\\/trippywizard.nl\\\/product\\\/caluanie-muelear-oxidize-10l\\\/#breadcrumb\"},\"inLanguage\":\"de\",\"potentialAction\":[{\"@type\":\"ReadAction\",\"target\":[\"https:\\\/\\\/trippywizard.nl\\\/product\\\/caluanie-muelear-oxidize-10l\\\/\"]}]},{\"@type\":\"ImageObject\",\"inLanguage\":\"de\",\"@id\":\"https:\\\/\\\/trippywizard.nl\\\/product\\\/caluanie-muelear-oxidize-10l\\\/#primaryimage\",\"url\":\"https:\\\/\\\/trippywizard.nl\\\/wp-content\\\/uploads\\\/2025\\\/05\\\/caluanie-muelear-oxidize-10l-removebg-preview.jpg\",\"contentUrl\":\"https:\\\/\\\/trippywizard.nl\\\/wp-content\\\/uploads\\\/2025\\\/05\\\/caluanie-muelear-oxidize-10l-removebg-preview.jpg\",\"width\":500,\"height\":500,\"caption\":\"Buy Caluanie Muelear Oxidize 10L online\"},{\"@type\":\"BreadcrumbList\",\"@id\":\"https:\\\/\\\/trippywizard.nl\\\/product\\\/caluanie-muelear-oxidize-10l\\\/#breadcrumb\",\"itemListElement\":[{\"@type\":\"ListItem\",\"position\":1,\"name\":\"Home\",\"item\":\"https:\\\/\\\/trippywizard.nl\\\/\"},{\"@type\":\"ListItem\",\"position\":2,\"name\":\"Shop\",\"item\":\"https:\\\/\\\/trippywizard.nl\\\/shop\\\/\"},{\"@type\":\"ListItem\",\"position\":3,\"name\":\"Caluanie Muelear Oxidize 10L\"}]},{\"@type\":\"WebSite\",\"@id\":\"https:\\\/\\\/trippywizard.nl\\\/#website\",\"url\":\"https:\\\/\\\/trippywizard.nl\\\/\",\"name\":\"trippywizard.nl\",\"description\":\"Your No.1 Research Chemical Shop \u2013 98.99%+ Pure, Lab-Tested Quality Online.\",\"publisher\":{\"@id\":\"https:\\\/\\\/trippywizard.nl\\\/#organization\"},\"potentialAction\":[{\"@type\":\"SearchAction\",\"target\":{\"@type\":\"EntryPoint\",\"urlTemplate\":\"https:\\\/\\\/trippywizard.nl\\\/?s={search_term_string}\"},\"query-input\":{\"@type\":\"PropertyValueSpecification\",\"valueRequired\":true,\"valueName\":\"search_term_string\"}}],\"inLanguage\":\"de\"},{\"@type\":\"Organization\",\"@id\":\"https:\\\/\\\/trippywizard.nl\\\/#organization\",\"name\":\"trippywizard.nl\",\"url\":\"https:\\\/\\\/trippywizard.nl\\\/\",\"logo\":{\"@type\":\"ImageObject\",\"inLanguage\":\"de\",\"@id\":\"https:\\\/\\\/trippywizard.nl\\\/#\\\/schema\\\/logo\\\/image\\\/\",\"url\":\"https:\\\/\\\/trippywizard.nl\\\/wp-content\\\/uploads\\\/2020\\\/06\\\/Screenshot_2025-07-15_032323-removebg-preview-e1752575212917.png\",\"contentUrl\":\"https:\\\/\\\/trippywizard.nl\\\/wp-content\\\/uploads\\\/2020\\\/06\\\/Screenshot_2025-07-15_032323-removebg-preview-e1752575212917.png\",\"width\":200,\"height\":49,\"caption\":\"trippywizard.nl\"},\"image\":{\"@id\":\"https:\\\/\\\/trippywizard.nl\\\/#\\\/schema\\\/logo\\\/image\\\/\"}}]}<\/script>\n<!-- \/ Yoast SEO Premium plugin. -->","yoast_head_json":{"title":"Buy Caluanie Muelear Oxidize 10L online - Trippy Wizard NL","description":"Buy Caluanie Muelear Oxidize 10L online with fast USA shipping and worldwide delivery. Industrial-grade solvent for metal processing and chemical use","robots":{"index":"index","follow":"follow","max-snippet":"max-snippet:-1","max-image-preview":"max-image-preview:large","max-video-preview":"max-video-preview:-1"},"canonical":"https:\/\/trippywizard.nl\/de\/produkt\/caluanie-muelear-oxidize-10l\/","og_locale":"de_DE","og_type":"article","og_title":"Caluanie Muelear Oxidize 10L","og_description":"Buy Caluanie Muelear Oxidize 10L online with fast USA shipping and worldwide delivery. Industrial-grade solvent for metal processing and chemical use","og_url":"https:\/\/trippywizard.nl\/de\/produkt\/caluanie-muelear-oxidize-10l\/","og_site_name":"Trippy Wizard NL","article_modified_time":"2025-05-15T17:05:11+00:00","og_image":[{"width":500,"height":500,"url":"https:\/\/trippywizard.nl\/wp-content\/uploads\/2025\/05\/caluanie-muelear-oxidize-10l-removebg-preview.jpg","type":"image\/jpeg"}],"twitter_card":"summary_large_image","twitter_misc":{"Gesch\u00e4tzte Lesezeit":"2\u00a0Minuten"},"schema":{"@context":"https:\/\/schema.org","@graph":[{"@type":"WebPage","@id":"https:\/\/trippywizard.nl\/product\/caluanie-muelear-oxidize-10l\/","url":"https:\/\/trippywizard.nl\/product\/caluanie-muelear-oxidize-10l\/","name":"Buy Caluanie Muelear Oxidize 10L online - Trippy Wizard NL","isPartOf":{"@id":"https:\/\/trippywizard.nl\/#website"},"primaryImageOfPage":{"@id":"https:\/\/trippywizard.nl\/product\/caluanie-muelear-oxidize-10l\/#primaryimage"},"image":{"@id":"https:\/\/trippywizard.nl\/product\/caluanie-muelear-oxidize-10l\/#primaryimage"},"thumbnailUrl":"https:\/\/trippywizard.nl\/wp-content\/uploads\/2025\/05\/caluanie-muelear-oxidize-10l-removebg-preview.jpg","datePublished":"2025-05-15T16:23:23+00:00","dateModified":"2025-05-15T17:05:11+00:00","description":"Buy Caluanie Muelear Oxidize 10L online with fast USA shipping and worldwide delivery. Industrial-grade solvent for metal processing and chemical use","breadcrumb":{"@id":"https:\/\/trippywizard.nl\/product\/caluanie-muelear-oxidize-10l\/#breadcrumb"},"inLanguage":"de","potentialAction":[{"@type":"ReadAction","target":["https:\/\/trippywizard.nl\/product\/caluanie-muelear-oxidize-10l\/"]}]},{"@type":"ImageObject","inLanguage":"de","@id":"https:\/\/trippywizard.nl\/product\/caluanie-muelear-oxidize-10l\/#primaryimage","url":"https:\/\/trippywizard.nl\/wp-content\/uploads\/2025\/05\/caluanie-muelear-oxidize-10l-removebg-preview.jpg","contentUrl":"https:\/\/trippywizard.nl\/wp-content\/uploads\/2025\/05\/caluanie-muelear-oxidize-10l-removebg-preview.jpg","width":500,"height":500,"caption":"Buy Caluanie Muelear Oxidize 10L online"},{"@type":"BreadcrumbList","@id":"https:\/\/trippywizard.nl\/product\/caluanie-muelear-oxidize-10l\/#breadcrumb","itemListElement":[{"@type":"ListItem","position":1,"name":"Home","item":"https:\/\/trippywizard.nl\/"},{"@type":"ListItem","position":2,"name":"Shop","item":"https:\/\/trippywizard.nl\/shop\/"},{"@type":"ListItem","position":3,"name":"Caluanie Muelear Oxidize 10L"}]},{"@type":"WebSite","@id":"https:\/\/trippywizard.nl\/#website","url":"https:\/\/trippywizard.nl\/","name":"trippywizard.nl","description":"Ihr Nr.1 Shop f\u00fcr Forschungschemikalien - 98.99%+ Reine, laborgepr\u00fcfte Qualit\u00e4t online.","publisher":{"@id":"https:\/\/trippywizard.nl\/#organization"},"potentialAction":[{"@type":"SearchAction","target":{"@type":"EntryPoint","urlTemplate":"https:\/\/trippywizard.nl\/?s={search_term_string}"},"query-input":{"@type":"PropertyValueSpecification","valueRequired":true,"valueName":"search_term_string"}}],"inLanguage":"de"},{"@type":"Organization","@id":"https:\/\/trippywizard.nl\/#organization","name":"trippywizard.nl","url":"https:\/\/trippywizard.nl\/","logo":{"@type":"ImageObject","inLanguage":"de","@id":"https:\/\/trippywizard.nl\/#\/schema\/logo\/image\/","url":"https:\/\/trippywizard.nl\/wp-content\/uploads\/2020\/06\/Screenshot_2025-07-15_032323-removebg-preview-e1752575212917.png","contentUrl":"https:\/\/trippywizard.nl\/wp-content\/uploads\/2020\/06\/Screenshot_2025-07-15_032323-removebg-preview-e1752575212917.png","width":200,"height":49,"caption":"trippywizard.nl"},"image":{"@id":"https:\/\/trippywizard.nl\/#\/schema\/logo\/image\/"}}]}},"jetpack_sharing_enabled":true,"_links":{"self":[{"href":"https:\/\/trippywizard.nl\/de\/wp-json\/wp\/v2\/product\/4799","targetHints":{"allow":["GET"]}}],"collection":[{"href":"https:\/\/trippywizard.nl\/de\/wp-json\/wp\/v2\/product"}],"about":[{"href":"https:\/\/trippywizard.nl\/de\/wp-json\/wp\/v2\/types\/product"}],"replies":[{"embeddable":true,"href":"https:\/\/trippywizard.nl\/de\/wp-json\/wp\/v2\/comments?post=4799"}],"version-history":[{"count":3,"href":"https:\/\/trippywizard.nl\/de\/wp-json\/wp\/v2\/product\/4799\/revisions"}],"predecessor-version":[{"id":4828,"href":"https:\/\/trippywizard.nl\/de\/wp-json\/wp\/v2\/product\/4799\/revisions\/4828"}],"wp:featuredmedia":[{"embeddable":true,"href":"https:\/\/trippywizard.nl\/de\/wp-json\/wp\/v2\/media\/4808"}],"wp:attachment":[{"href":"https:\/\/trippywizard.nl\/de\/wp-json\/wp\/v2\/media?parent=4799"}],"wp:term":[{"taxonomy":"product_brand","embeddable":true,"href":"https:\/\/trippywizard.nl\/de\/wp-json\/wp\/v2\/product_brand?post=4799"},{"taxonomy":"product_cat","embeddable":true,"href":"https:\/\/trippywizard.nl\/de\/wp-json\/wp\/v2\/product_cat?post=4799"},{"taxonomy":"product_tag","embeddable":true,"href":"https:\/\/trippywizard.nl\/de\/wp-json\/wp\/v2\/product_tag?post=4799"}],"curies":[{"name":"wp","href":"https:\/\/api.w.org\/{rel}","templated":true}]}}