{"id":4798,"date":"2025-05-15T16:23:23","date_gmt":"2025-05-15T16:23:23","guid":{"rendered":"https:\/\/trippywizard.nl\/?post_type=product&#038;p=4798"},"modified":"2025-05-15T17:14:40","modified_gmt":"2025-05-15T17:14:40","slug":"caluanie-muelear-oxidize-5l","status":"publish","type":"product","link":"https:\/\/trippywizard.nl\/de\/produkt\/caluanie-muelear-oxidize-5l\/","title":{"rendered":"Caluanie Muelear Oxidize 5L"},"content":{"rendered":"<h2 data-start=\"198\" data-end=\"255\">\ud83e\uddea Buy Mueller Oxidize Online\u2014Trusted Global Supplier<\/h2>\n<p class=\"\" data-start=\"257\" data-end=\"643\">Looking to <strong data-start=\"268\" data-end=\"298\">buy Mueller Oxidizer online<\/strong> for industrial or laboratory use? We are a verified supplier offering <strong data-start=\"369\" data-end=\"400\">high-purity Mueller Oxidize<\/strong> with <strong data-start=\"406\" data-end=\"452\"><a href=\"https:\/\/caluaniemuelearoxidizeshop.com\/product\/caluanie-muelear-oxidize-for-sale-online\/\">fast shipping<\/a> across the USA and worldwide<\/strong>. This powerful oxidizing agent is widely used in <strong data-start=\"502\" data-end=\"562\">metal processing, coating removal, and chemical research <\/strong>and is available in various container sizes for bulk or small-scale operations.<\/p>\n<hr class=\"\" data-start=\"645\" data-end=\"648\" \/>\n<h2 class=\"\" data-start=\"650\" data-end=\"680\">\ud83d\udd0d What Is Muelear Oxidize<\/h2>\n<p class=\"\" data-start=\"682\" data-end=\"836\"><strong data-start=\"682\" data-end=\"701\">Muelear Oxidize<\/strong> (often referred to as <em data-start=\"724\" data-end=\"750\">Caluanie Muelear Oxidize<\/em>) is a <a href=\"https:\/\/trippywizard.nl\/product\/caluanie-muelear-oxidize-100l\/\"><strong data-start=\"757\" data-end=\"811\">heavy-duty chemical solvent and oxidizing compound<\/strong><\/a>. It\u2019s primarily used to:<\/p>\n<ul data-start=\"838\" data-end=\"1057\">\n<li class=\"\" data-start=\"838\" data-end=\"883\">\n<p class=\"\" data-start=\"840\" data-end=\"883\"><strong data-start=\"840\" data-end=\"883\">Soften and break down metals and alloys<\/strong><\/p>\n<\/li>\n<li class=\"\" data-start=\"884\" data-end=\"936\">\n<p class=\"\" data-start=\"886\" data-end=\"936\"><strong data-start=\"886\" data-end=\"936\">Remove industrial paints, resins, and coatings<\/strong><\/p>\n<\/li>\n<li class=\"\" data-start=\"937\" data-end=\"996\">\n<p class=\"\" data-start=\"939\" data-end=\"996\"><strong data-start=\"939\" data-end=\"996\">Support oxidation and decomposition reactions in labs<\/strong><\/p>\n<\/li>\n<li class=\"\" data-start=\"997\" data-end=\"1057\">\n<p class=\"\" data-start=\"999\" data-end=\"1057\"><strong data-start=\"999\" data-end=\"1057\">Test material resistance under extreme <a href=\"https:\/\/caluaniemuelearoxidizeshop.com\/2025\/05\/07\/is-caluanie-muelear-oxidize-illegal\/\">chemical<\/a> stress<\/strong><\/p>\n<\/li>\n<\/ul>\n<hr class=\"\" data-start=\"1059\" data-end=\"1062\" \/>\n<h2>\ud83d\uded2 Why Buy Muelear Oxidize Online from Us?<\/h2>\n<ul data-start=\"1111\" data-end=\"1335\">\n<li class=\"\" data-start=\"1111\" data-end=\"1149\">\n<p class=\"\" data-start=\"1113\" data-end=\"1149\">\u2705 <strong data-start=\"1115\" data-end=\"1147\">Verified Industrial Supplier<\/strong><\/p>\n<\/li>\n<li class=\"\" data-start=\"1150\" data-end=\"1193\">\n<p class=\"\" data-start=\"1152\" data-end=\"1193\">\u2705 <strong data-start=\"1154\" data-end=\"1191\">Certified Quality with MSDS &amp; COA<\/strong><\/p>\n<\/li>\n<li class=\"\" data-start=\"1194\" data-end=\"1241\">\n<p class=\"\" data-start=\"1196\" data-end=\"1241\">\u2705 <strong data-start=\"1198\" data-end=\"1239\">Hazardous Material Compliant <a href=\"https:\/\/trippywizard.nl\/shipping\/\">Shipping<\/a><\/strong><\/p>\n<\/li>\n<li class=\"\" data-start=\"1242\" data-end=\"1291\">\n<p class=\"\" data-start=\"1244\" data-end=\"1291\">\u2705 <strong data-start=\"1246\" data-end=\"1289\">Bulk &amp; Small Quantity Options Available<\/strong><\/p>\n<\/li>\n<li class=\"\" data-start=\"1292\" data-end=\"1335\">\n<p class=\"\" data-start=\"1294\" data-end=\"1335\">\u2705 <strong data-start=\"1296\" data-end=\"1335\">Secure Payment &amp; Discreet Packaging<\/strong><\/p>\n<\/li>\n<\/ul>\n<p class=\"\" data-start=\"1337\" data-end=\"1511\">We make it easy and safe to purchase Muelear Oxidize through our streamlined online ordering system, ensuring you receive exactly what your operation needs, wherever you are.<\/p>\n<hr class=\"\" data-start=\"1513\" data-end=\"1516\" \/>\n<h2 class=\"\" data-start=\"1518\" data-end=\"1547\">Buy Muelear Oxidize online in the USA<\/h2>\n<p class=\"\" data-start=\"1549\" data-end=\"1590\">We offer <strong data-start=\"1558\" data-end=\"1584\">domestic U.S. shipping<\/strong> with:<\/p>\n<ul data-start=\"1592\" data-end=\"1776\">\n<li class=\"\" data-start=\"1592\" data-end=\"1629\">\n<p class=\"\" data-start=\"1594\" data-end=\"1629\">Fast delivery (2\u20137 business days)<\/p>\n<\/li>\n<li class=\"\" data-start=\"1630\" data-end=\"1675\">\n<p class=\"\" data-start=\"1632\" data-end=\"1675\">Shipment from HAZMAT-certified warehouses<\/p>\n<\/li>\n<li class=\"\" data-start=\"1676\" data-end=\"1719\">\n<p class=\"\" data-start=\"1678\" data-end=\"1719\">Full documentation included (COA, MSDS)<\/p>\n<\/li>\n<li class=\"\" data-start=\"1720\" data-end=\"1776\">\n<p class=\"\" data-start=\"1722\" data-end=\"1776\">Secure transactions &amp; verified U.S. logistics partners<\/p>\n<\/li>\n<\/ul>\n<blockquote data-start=\"1778\" data-end=\"1855\">\n<p class=\"\" data-start=\"1780\" data-end=\"1855\">\u2705 Buy Muelear Oxidize online with confidence from within the United States.<\/p>\n<\/blockquote>\n<hr class=\"\" data-start=\"1857\" data-end=\"1860\" \/>\n<h2 class=\"\" data-start=\"1862\" data-end=\"1896\">\ud83c\udf0d Buy Mueller Oxidize online with Worldwide Shipping Available<\/h2>\n<p class=\"\" data-start=\"1898\" data-end=\"2007\">International buyers can also <strong data-start=\"1928\" data-end=\"1982\">buy caluanie oxidize online with worldwide shipping<\/strong>. We support delivery to:<\/p>\n<ul data-start=\"2009\" data-end=\"2126\">\n<li class=\"\" data-start=\"2009\" data-end=\"2032\">\n<p class=\"\" data-start=\"2011\" data-end=\"2032\">\ud83c\uddec\ud83c\udde7 United Kingdom<\/p>\n<\/li>\n<li class=\"\" data-start=\"2033\" data-end=\"2048\">\n<p class=\"\" data-start=\"2035\" data-end=\"2048\">\ud83c\udde8\ud83c\udde6 Canada<\/p>\n<\/li>\n<li class=\"\" data-start=\"2049\" data-end=\"2061\">\n<p class=\"\" data-start=\"2051\" data-end=\"2061\">\ud83c\udde6\ud83c\uddea UAE<\/p>\n<\/li>\n<li class=\"\" data-start=\"2062\" data-end=\"2078\">\n<p class=\"\" data-start=\"2064\" data-end=\"2078\">\ud83c\udde9\ud83c\uddea Germany<\/p>\n<\/li>\n<li class=\"\" data-start=\"2079\" data-end=\"2097\">\n<p class=\"\" data-start=\"2081\" data-end=\"2097\">\ud83c\udde6\ud83c\uddfa Australia<\/p>\n<\/li>\n<li class=\"\" data-start=\"2098\" data-end=\"2126\">\n<p class=\"\" data-start=\"2100\" data-end=\"2126\">\ud83c\udf10 And many more countries<\/p>\n<\/li>\n<\/ul>\n<p class=\"\" data-start=\"2128\" data-end=\"2260\">All shipments are fully documented and packaged according to international hazardous material transport standards (IATA, ADR, IMDG).<\/p>\n<hr class=\"\" data-start=\"2262\" data-end=\"2265\" \/>\n<h2 class=\"\" data-start=\"2267\" data-end=\"2288\">\ud83d\udce6 Available Sizes<\/h2>\n<ul data-start=\"2290\" data-end=\"2391\">\n<li class=\"\" data-start=\"2290\" data-end=\"2330\">\n<p class=\"\" data-start=\"2292\" data-end=\"2330\">5 liters\u2014small lab or test batches<\/p>\n<\/li>\n<li class=\"\" data-start=\"2331\" data-end=\"2360\">\n<p class=\"\" data-start=\"2333\" data-end=\"2360\">10 Liters\u2014Mid-range use<\/p>\n<\/li>\n<li class=\"\" data-start=\"2361\" data-end=\"2391\">\n<p class=\"\" data-start=\"2363\" data-end=\"2391\">20 Liters+ \u2013 Industrial bulk<\/p>\n<\/li>\n<\/ul>\n<blockquote data-start=\"2393\" data-end=\"2486\">\n<p class=\"\" data-start=\"2395\" data-end=\"2486\">Need more than 20L? Contact us for <strong data-start=\"2430\" data-end=\"2485\">bulk order discounts and recurring supply contracts<\/strong>.<\/p>\n<\/blockquote>\n<hr class=\"\" data-start=\"2488\" data-end=\"2491\" \/>\n<h2 class=\"\" data-start=\"2493\" data-end=\"2515\">\u2b50 Customer Feedback<\/h2>\n<blockquote data-start=\"2517\" data-end=\"2692\">\n<p class=\"\" data-start=\"2519\" data-end=\"2692\">\u201cEasy transaction, fast delivery, and the product came with all necessary documentation. Highly recommend this supplier.\u201d<br data-start=\"2640\" data-end=\"2643\" \/>\u2014 <em data-start=\"2647\" data-end=\"2692\">Julian S., Industrial Chemist, Florida, USA<\/em><\/p>\n<\/blockquote>\n<blockquote data-start=\"2694\" data-end=\"2836\">\n<p class=\"\" data-start=\"2696\" data-end=\"2836\">\u201cOrdered from the UK. Cleared customs quickly and the packaging was very secure. Will order again.\u201d<br data-start=\"2795\" data-end=\"2798\" \/>\u2014 <em data-start=\"2802\" data-end=\"2836\">Freya T., Lab Operations, London<\/em><\/p>\n<\/blockquote>\n<hr class=\"\" data-start=\"2838\" data-end=\"2841\" \/>\n<h2 class=\"\" data-start=\"2843\" data-end=\"2881\">\u2753 Frequently Asked Questions (FAQs)<\/h2>\n<p class=\"\" data-start=\"2883\" data-end=\"3052\"><strong data-start=\"2883\" data-end=\"2932\">Q: Is it legal to buy caluanie oxidize online?<\/strong><br data-start=\"2932\" data-end=\"2935\" \/><strong data-start=\"2935\" data-end=\"2941\">A:<\/strong> Yes, for licensed industrial or research use. It may be regulated in some countries, so check your local laws.<\/p>\n<p class=\"\" data-start=\"3054\" data-end=\"3189\"><strong data-start=\"3054\" data-end=\"3087\">Q: Do you ship to my country?<\/strong><br data-start=\"3087\" data-end=\"3090\" \/><strong data-start=\"3090\" data-end=\"3096\">A:<\/strong> We ship globally. If your country accepts hazardous material imports, we can likely deliver.<\/p>\n<p class=\"\" data-start=\"3191\" data-end=\"3335\"><strong data-start=\"3191\" data-end=\"3226\">Q: What documents are provided?<\/strong><br data-start=\"3226\" data-end=\"3229\" \/><strong data-start=\"3229\" data-end=\"3235\">A:<\/strong> Every order includes a <strong data-start=\"3259\" data-end=\"3296\">Material Safety Data Sheet (MSDS)<\/strong> and <strong data-start=\"3301\" data-end=\"3334\">Certificate of Analysis (COA)<\/strong>.<\/p>\n<p class=\"\" data-start=\"3337\" data-end=\"3492\"><strong data-start=\"3337\" data-end=\"3383\">Q: Can I order without a business license?<\/strong><br data-start=\"3383\" data-end=\"3386\" \/><strong data-start=\"3386\" data-end=\"3392\">A:<\/strong> No. Only certified professionals, labs, or industrial operations can legally purchase this product.<\/p>\n<p class=\"\" data-start=\"3494\" data-end=\"3648\"><strong data-start=\"3494\" data-end=\"3544\">Q: Do you offer support for first-time buyers?<\/strong><br data-start=\"3544\" data-end=\"3547\" \/><strong data-start=\"3547\" data-end=\"3553\">A:<\/strong> Absolutely. Our team will guide you through the ordering, documentation, and shipping process.<\/p>\n<hr class=\"\" data-start=\"3650\" data-end=\"3653\" \/>\n<h2 class=\"\" data-start=\"3655\" data-end=\"3697\">\ud83d\udd17 Ready to Buy Mueller Oxidize Online?<\/h2>\n<p class=\"\" data-start=\"3699\" data-end=\"3862\">Whether you&#8217;re sourcing <strong data-start=\"3723\" data-end=\"3751\">Caluanie Muelear Oxidize<\/strong> for your lab or bulk quantities for industrial use, we provide safe, secure, and compliant delivery worldwide.<\/p>\n<blockquote data-start=\"3864\" data-end=\"3937\">\n<p class=\"\" data-start=\"3866\" data-end=\"3937\">\ud83d\uded2 [Buy Now \u2013 USA] | \ud83c\udf0d [Buy Now \u2013 Worldwide] | \ud83d\udce9 [Get a Custom Quote]<\/p>\n<\/blockquote>\n","protected":false},"excerpt":{"rendered":"<p>Where to Buy Caluanie Muelear<br \/>\n5L bottle size<br \/>\nHighly concentrated formula<br \/>\nSuitable for use on multiple surfaces<\/p>","protected":false},"featured_media":4806,"comment_status":"open","ping_status":"closed","template":"","meta":[],"product_brand":[],"product_cat":[124],"product_tag":[],"class_list":{"0":"post-4798","1":"product","2":"type-product","3":"status-publish","4":"has-post-thumbnail","6":"product_cat-caluanie-muelear-oxidize","8":"first","9":"instock","10":"shipping-taxable","11":"purchasable","12":"product-type-simple"},"yoast_head":"<!-- This site is optimized with the Yoast SEO Premium plugin v25.1 (Yoast SEO v27.3) - https:\/\/yoast.com\/product\/yoast-seo-premium-wordpress\/ -->\n<title>Buy Muelear Oxidize online - Trippy Wizard NL<\/title>\n<meta name=\"description\" content=\"Buy Muelear Oxidize online with verified quality and fast USA or international delivery. Industrial-grade solvent for metal treatment, lab oxidation, and more.\" \/>\n<meta name=\"robots\" content=\"index, follow, max-snippet:-1, max-image-preview:large, max-video-preview:-1\" \/>\n<link rel=\"canonical\" href=\"https:\/\/trippywizard.nl\/de\/produkt\/caluanie-muelear-oxidize-5l\/\" \/>\n<meta property=\"og:locale\" content=\"de_DE\" \/>\n<meta property=\"og:type\" content=\"article\" \/>\n<meta property=\"og:title\" content=\"Caluanie Muelear Oxidize 5L\" \/>\n<meta property=\"og:description\" content=\"Buy Muelear Oxidize online with verified quality and fast USA or international delivery. Industrial-grade solvent for metal treatment, lab oxidation, and more.\" \/>\n<meta property=\"og:url\" content=\"https:\/\/trippywizard.nl\/de\/produkt\/caluanie-muelear-oxidize-5l\/\" \/>\n<meta property=\"og:site_name\" content=\"Trippy Wizard NL\" \/>\n<meta property=\"article:modified_time\" content=\"2025-05-15T17:14:40+00:00\" \/>\n<meta property=\"og:image\" content=\"https:\/\/trippywizard.nl\/wp-content\/uploads\/2025\/05\/download-3.png\" \/>\n\t<meta property=\"og:image:width\" content=\"417\" \/>\n\t<meta property=\"og:image:height\" content=\"418\" \/>\n\t<meta property=\"og:image:type\" content=\"image\/png\" \/>\n<meta name=\"twitter:card\" content=\"summary_large_image\" \/>\n<meta name=\"twitter:label1\" content=\"Gesch\u00e4tzte Lesezeit\" \/>\n\t<meta name=\"twitter:data1\" content=\"3\u00a0Minuten\" \/>\n<script type=\"application\/ld+json\" class=\"yoast-schema-graph\">{\"@context\":\"https:\\\/\\\/schema.org\",\"@graph\":[{\"@type\":\"WebPage\",\"@id\":\"https:\\\/\\\/trippywizard.nl\\\/product\\\/caluanie-muelear-oxidize-5l\\\/\",\"url\":\"https:\\\/\\\/trippywizard.nl\\\/product\\\/caluanie-muelear-oxidize-5l\\\/\",\"name\":\"Buy Muelear Oxidize online - Trippy Wizard NL\",\"isPartOf\":{\"@id\":\"https:\\\/\\\/trippywizard.nl\\\/#website\"},\"primaryImageOfPage\":{\"@id\":\"https:\\\/\\\/trippywizard.nl\\\/product\\\/caluanie-muelear-oxidize-5l\\\/#primaryimage\"},\"image\":{\"@id\":\"https:\\\/\\\/trippywizard.nl\\\/product\\\/caluanie-muelear-oxidize-5l\\\/#primaryimage\"},\"thumbnailUrl\":\"https:\\\/\\\/trippywizard.nl\\\/wp-content\\\/uploads\\\/2025\\\/05\\\/download-3.png\",\"datePublished\":\"2025-05-15T16:23:23+00:00\",\"dateModified\":\"2025-05-15T17:14:40+00:00\",\"description\":\"Buy Muelear Oxidize online with verified quality and fast USA or international delivery. Industrial-grade solvent for metal treatment, lab oxidation, and more.\",\"breadcrumb\":{\"@id\":\"https:\\\/\\\/trippywizard.nl\\\/product\\\/caluanie-muelear-oxidize-5l\\\/#breadcrumb\"},\"inLanguage\":\"de\",\"potentialAction\":[{\"@type\":\"ReadAction\",\"target\":[\"https:\\\/\\\/trippywizard.nl\\\/product\\\/caluanie-muelear-oxidize-5l\\\/\"]}]},{\"@type\":\"ImageObject\",\"inLanguage\":\"de\",\"@id\":\"https:\\\/\\\/trippywizard.nl\\\/product\\\/caluanie-muelear-oxidize-5l\\\/#primaryimage\",\"url\":\"https:\\\/\\\/trippywizard.nl\\\/wp-content\\\/uploads\\\/2025\\\/05\\\/download-3.png\",\"contentUrl\":\"https:\\\/\\\/trippywizard.nl\\\/wp-content\\\/uploads\\\/2025\\\/05\\\/download-3.png\",\"width\":417,\"height\":418,\"caption\":\"Buy Muelear Oxidize online\"},{\"@type\":\"BreadcrumbList\",\"@id\":\"https:\\\/\\\/trippywizard.nl\\\/product\\\/caluanie-muelear-oxidize-5l\\\/#breadcrumb\",\"itemListElement\":[{\"@type\":\"ListItem\",\"position\":1,\"name\":\"Home\",\"item\":\"https:\\\/\\\/trippywizard.nl\\\/\"},{\"@type\":\"ListItem\",\"position\":2,\"name\":\"Shop\",\"item\":\"https:\\\/\\\/trippywizard.nl\\\/shop\\\/\"},{\"@type\":\"ListItem\",\"position\":3,\"name\":\"Caluanie Muelear Oxidize 5L\"}]},{\"@type\":\"WebSite\",\"@id\":\"https:\\\/\\\/trippywizard.nl\\\/#website\",\"url\":\"https:\\\/\\\/trippywizard.nl\\\/\",\"name\":\"trippywizard.nl\",\"description\":\"Your No.1 Research Chemical Shop \u2013 98.99%+ Pure, Lab-Tested Quality Online.\",\"publisher\":{\"@id\":\"https:\\\/\\\/trippywizard.nl\\\/#organization\"},\"potentialAction\":[{\"@type\":\"SearchAction\",\"target\":{\"@type\":\"EntryPoint\",\"urlTemplate\":\"https:\\\/\\\/trippywizard.nl\\\/?s={search_term_string}\"},\"query-input\":{\"@type\":\"PropertyValueSpecification\",\"valueRequired\":true,\"valueName\":\"search_term_string\"}}],\"inLanguage\":\"de\"},{\"@type\":\"Organization\",\"@id\":\"https:\\\/\\\/trippywizard.nl\\\/#organization\",\"name\":\"trippywizard.nl\",\"url\":\"https:\\\/\\\/trippywizard.nl\\\/\",\"logo\":{\"@type\":\"ImageObject\",\"inLanguage\":\"de\",\"@id\":\"https:\\\/\\\/trippywizard.nl\\\/#\\\/schema\\\/logo\\\/image\\\/\",\"url\":\"https:\\\/\\\/trippywizard.nl\\\/wp-content\\\/uploads\\\/2020\\\/06\\\/Screenshot_2025-07-15_032323-removebg-preview-e1752575212917.png\",\"contentUrl\":\"https:\\\/\\\/trippywizard.nl\\\/wp-content\\\/uploads\\\/2020\\\/06\\\/Screenshot_2025-07-15_032323-removebg-preview-e1752575212917.png\",\"width\":200,\"height\":49,\"caption\":\"trippywizard.nl\"},\"image\":{\"@id\":\"https:\\\/\\\/trippywizard.nl\\\/#\\\/schema\\\/logo\\\/image\\\/\"}}]}<\/script>\n<!-- \/ Yoast SEO Premium plugin. -->","yoast_head_json":{"title":"Buy Muelear Oxidize online - Trippy Wizard NL","description":"Buy Muelear Oxidize online with verified quality and fast USA or international delivery. Industrial-grade solvent for metal treatment, lab oxidation, and more.","robots":{"index":"index","follow":"follow","max-snippet":"max-snippet:-1","max-image-preview":"max-image-preview:large","max-video-preview":"max-video-preview:-1"},"canonical":"https:\/\/trippywizard.nl\/de\/produkt\/caluanie-muelear-oxidize-5l\/","og_locale":"de_DE","og_type":"article","og_title":"Caluanie Muelear Oxidize 5L","og_description":"Buy Muelear Oxidize online with verified quality and fast USA or international delivery. Industrial-grade solvent for metal treatment, lab oxidation, and more.","og_url":"https:\/\/trippywizard.nl\/de\/produkt\/caluanie-muelear-oxidize-5l\/","og_site_name":"Trippy Wizard NL","article_modified_time":"2025-05-15T17:14:40+00:00","og_image":[{"width":417,"height":418,"url":"https:\/\/trippywizard.nl\/wp-content\/uploads\/2025\/05\/download-3.png","type":"image\/png"}],"twitter_card":"summary_large_image","twitter_misc":{"Gesch\u00e4tzte Lesezeit":"3\u00a0Minuten"},"schema":{"@context":"https:\/\/schema.org","@graph":[{"@type":"WebPage","@id":"https:\/\/trippywizard.nl\/product\/caluanie-muelear-oxidize-5l\/","url":"https:\/\/trippywizard.nl\/product\/caluanie-muelear-oxidize-5l\/","name":"Buy Muelear Oxidize online - Trippy Wizard NL","isPartOf":{"@id":"https:\/\/trippywizard.nl\/#website"},"primaryImageOfPage":{"@id":"https:\/\/trippywizard.nl\/product\/caluanie-muelear-oxidize-5l\/#primaryimage"},"image":{"@id":"https:\/\/trippywizard.nl\/product\/caluanie-muelear-oxidize-5l\/#primaryimage"},"thumbnailUrl":"https:\/\/trippywizard.nl\/wp-content\/uploads\/2025\/05\/download-3.png","datePublished":"2025-05-15T16:23:23+00:00","dateModified":"2025-05-15T17:14:40+00:00","description":"Buy Muelear Oxidize online with verified quality and fast USA or international delivery. Industrial-grade solvent for metal treatment, lab oxidation, and more.","breadcrumb":{"@id":"https:\/\/trippywizard.nl\/product\/caluanie-muelear-oxidize-5l\/#breadcrumb"},"inLanguage":"de","potentialAction":[{"@type":"ReadAction","target":["https:\/\/trippywizard.nl\/product\/caluanie-muelear-oxidize-5l\/"]}]},{"@type":"ImageObject","inLanguage":"de","@id":"https:\/\/trippywizard.nl\/product\/caluanie-muelear-oxidize-5l\/#primaryimage","url":"https:\/\/trippywizard.nl\/wp-content\/uploads\/2025\/05\/download-3.png","contentUrl":"https:\/\/trippywizard.nl\/wp-content\/uploads\/2025\/05\/download-3.png","width":417,"height":418,"caption":"Buy Muelear Oxidize online"},{"@type":"BreadcrumbList","@id":"https:\/\/trippywizard.nl\/product\/caluanie-muelear-oxidize-5l\/#breadcrumb","itemListElement":[{"@type":"ListItem","position":1,"name":"Home","item":"https:\/\/trippywizard.nl\/"},{"@type":"ListItem","position":2,"name":"Shop","item":"https:\/\/trippywizard.nl\/shop\/"},{"@type":"ListItem","position":3,"name":"Caluanie Muelear Oxidize 5L"}]},{"@type":"WebSite","@id":"https:\/\/trippywizard.nl\/#website","url":"https:\/\/trippywizard.nl\/","name":"trippywizard.nl","description":"Ihr Nr.1 Shop f\u00fcr Forschungschemikalien - 98.99%+ Reine, laborgepr\u00fcfte Qualit\u00e4t online.","publisher":{"@id":"https:\/\/trippywizard.nl\/#organization"},"potentialAction":[{"@type":"SearchAction","target":{"@type":"EntryPoint","urlTemplate":"https:\/\/trippywizard.nl\/?s={search_term_string}"},"query-input":{"@type":"PropertyValueSpecification","valueRequired":true,"valueName":"search_term_string"}}],"inLanguage":"de"},{"@type":"Organization","@id":"https:\/\/trippywizard.nl\/#organization","name":"trippywizard.nl","url":"https:\/\/trippywizard.nl\/","logo":{"@type":"ImageObject","inLanguage":"de","@id":"https:\/\/trippywizard.nl\/#\/schema\/logo\/image\/","url":"https:\/\/trippywizard.nl\/wp-content\/uploads\/2020\/06\/Screenshot_2025-07-15_032323-removebg-preview-e1752575212917.png","contentUrl":"https:\/\/trippywizard.nl\/wp-content\/uploads\/2020\/06\/Screenshot_2025-07-15_032323-removebg-preview-e1752575212917.png","width":200,"height":49,"caption":"trippywizard.nl"},"image":{"@id":"https:\/\/trippywizard.nl\/#\/schema\/logo\/image\/"}}]}},"jetpack_sharing_enabled":true,"_links":{"self":[{"href":"https:\/\/trippywizard.nl\/de\/wp-json\/wp\/v2\/product\/4798","targetHints":{"allow":["GET"]}}],"collection":[{"href":"https:\/\/trippywizard.nl\/de\/wp-json\/wp\/v2\/product"}],"about":[{"href":"https:\/\/trippywizard.nl\/de\/wp-json\/wp\/v2\/types\/product"}],"replies":[{"embeddable":true,"href":"https:\/\/trippywizard.nl\/de\/wp-json\/wp\/v2\/comments?post=4798"}],"version-history":[{"count":3,"href":"https:\/\/trippywizard.nl\/de\/wp-json\/wp\/v2\/product\/4798\/revisions"}],"predecessor-version":[{"id":4830,"href":"https:\/\/trippywizard.nl\/de\/wp-json\/wp\/v2\/product\/4798\/revisions\/4830"}],"wp:featuredmedia":[{"embeddable":true,"href":"https:\/\/trippywizard.nl\/de\/wp-json\/wp\/v2\/media\/4806"}],"wp:attachment":[{"href":"https:\/\/trippywizard.nl\/de\/wp-json\/wp\/v2\/media?parent=4798"}],"wp:term":[{"taxonomy":"product_brand","embeddable":true,"href":"https:\/\/trippywizard.nl\/de\/wp-json\/wp\/v2\/product_brand?post=4798"},{"taxonomy":"product_cat","embeddable":true,"href":"https:\/\/trippywizard.nl\/de\/wp-json\/wp\/v2\/product_cat?post=4798"},{"taxonomy":"product_tag","embeddable":true,"href":"https:\/\/trippywizard.nl\/de\/wp-json\/wp\/v2\/product_tag?post=4798"}],"curies":[{"name":"wp","href":"https:\/\/api.w.org\/{rel}","templated":true}]}}