{"id":322,"date":"2024-06-05T11:13:34","date_gmt":"2024-06-05T11:13:34","guid":{"rendered":"https:\/\/trippywizard.nl\/?post_type=product&#038;p=322"},"modified":"2024-06-05T11:14:59","modified_gmt":"2024-06-05T11:14:59","slug":"voidrealm-lsd-105mcg-x-100-blotter-tabs-pack","status":"publish","type":"product","link":"https:\/\/trippywizard.nl\/de\/produkt\/voidrealm-lsd-105mcg-x-100-blotter-tabs-pack\/","title":{"rendered":"Voidrealm LSD 105mcg x 100 Blotter Tabs Packung"},"content":{"rendered":"<h1 style=\"text-align: center;\">\u00a0WAS IST LSD?<\/h1>\n<p>Voidrealm kaufen <a href=\"https:\/\/trippypharma.com\/product\/buy-lsd\/\"><strong><span style=\"color: #3366ff;\">LSD<\/span><\/strong><\/a>ist ein starkes Halluzinogen, das ein hohes Missbrauchspotenzial aufweist und derzeit keine anerkannte medizinische Verwendung in <strong><a href=\"https:\/\/trippypharma.com\/product\/buy-a-pvp-crystal\/\">Behandlung<\/a><\/strong> in den Vereinigten Staaten. WOHER STAMMT ES? LSD wird in geheimen Labors in den Vereinigten Staaten hergestellt. Was sind g\u00e4ngige Stra\u00dfennamen? G\u00e4ngige Namen f\u00fcr LSD sind: - Acid, Dots, Mellow Yellow und Window Pane.<\/p>\n<p>Voidrealm zu verkaufen - Blotter Art von unserem K\u00fcnstler gemacht und mit 105mcg von 99%+ reinem Aztec gelegt <a href=\"https:\/\/trippypharma.com\/product\/ethylone\/\"><span style=\"color: #3366ff;\">LSD-Kristall<\/span><\/a>.<br \/>\nDie urspr\u00fcngliche Dosierung von 105mcg ist zur\u00fcck.<br \/>\nDie Blotter Tabs sind 8x8mm gro\u00df, dick und geschmacksneutral. Voidrealm LSD online kaufen.<\/p>\n<h2 style=\"text-align: center;\"><strong>Kaufen <\/strong>Voidrealm LSD Online Dosierung<\/h2>\n<p>0,5 - 1 Zug - leichter bis mittlerer Trip, genug f\u00fcr Anf\u00e4nger oder unerfahrene Nutzer, um ein grundlegendes Gef\u00fchl daf\u00fcr zu bekommen, was LSD ist. Sie werden eine Verst\u00e4rkung von Farben und Kl\u00e4ngen und eine allgemeine Bewusstseinsver\u00e4nderung erleben.<br \/>\n2 Hits - mittelstarker - starker Trip, geeignet f\u00fcr die meisten erfahrenen Konsumenten. Die visuellen Eindr\u00fccke k\u00f6nnen bei dieser Dosis sehr stark sein und Sie k\u00f6nnten einige Probleme mit der Kommunikation mit anderen haben, wenn Sie empfindlich sind.<br \/>\n3-4 Hits - stark - ein sehr starker Trip, wenn Sie keine Toleranz haben, bleiben Sie besser an einem sicheren Ort und bereiten Sie sich darauf vor, tief in Ihrem Geist zu versinken<br \/>\n5 Treffer + - nun, wenn Sie eine solche Dosis nehmen, nehme ich an, dass Sie wirklich wissen, was Sie tun ? genie\u00dfen Sie das wei\u00dfe Licht.<\/p>\n<h3 class=\"fusion-responsive-typography-calculated\" style=\"text-align: center;\" data-fontsize=\"19\" data-lineheight=\"28.5px\">Nebeneffekte von Voidrealm<\/h3>\n<ul>\n<li><a href=\"https:\/\/www.healthline.com\/health\/hallucinations#:~:text=Hallucinations%20are%20sensory%20experiences%20that,image%20that%20isn't%20real.\">Halluzination<\/a> ist die Hauptwirkung von LSD, die bei Jugendlichen am h\u00e4ufigsten vorkommt.<\/li>\n<li>Das Gef\u00fchl von <a href=\"https:\/\/trippypharma.com\/product\/where-to-buy-reishi-mushroom\/\"><strong><span style=\"color: #3366ff;\">Angst <\/span><\/strong><\/a>ist auch eine Wirkung, die mit Hilfe von normalen Medikamenten geheilt werden kann.<\/li>\n<\/ul>","protected":false},"excerpt":{"rendered":"<p>Voidrealm LSD 105mcg x 100 Blotter Tabs Packung<\/p>","protected":false},"featured_media":378,"comment_status":"open","ping_status":"closed","template":"","meta":[],"product_brand":[],"product_cat":[25],"product_tag":[],"class_list":{"0":"post-322","1":"product","2":"type-product","3":"status-publish","4":"has-post-thumbnail","6":"product_cat-research-chemicals","8":"first","9":"instock","10":"shipping-taxable","11":"purchasable","12":"product-type-variable"},"yoast_head":"<!-- This site is optimized with the Yoast SEO Premium plugin v25.1 (Yoast SEO v27.3) - https:\/\/yoast.com\/product\/yoast-seo-premium-wordpress\/ -->\n<title>Buy Voidrealm LSD - Voidrealm For Sale Online | Trippy Wizard NL<\/title>\n<meta name=\"description\" content=\"Buy Voidrealm LSD In USA, Voidrealm LSD for sale in Serbia, where to buy Voidrealm LSD in Croatia ,Voidrealm LSD for sale in Ireland,\" \/>\n<meta name=\"robots\" content=\"index, follow, max-snippet:-1, max-image-preview:large, max-video-preview:-1\" \/>\n<link rel=\"canonical\" href=\"https:\/\/trippywizard.nl\/de\/produkt\/voidrealm-lsd-105mcg-x-100-blotter-tabs-pack\/\" \/>\n<meta property=\"og:locale\" content=\"de_DE\" \/>\n<meta property=\"og:type\" content=\"article\" \/>\n<meta property=\"og:title\" content=\"Voidrealm LSD 105mcg x 100 Blotter tabs pack\" \/>\n<meta property=\"og:description\" content=\"Buy Voidrealm LSD In USA, Voidrealm LSD for sale in Serbia, where to buy Voidrealm LSD in Croatia ,Voidrealm LSD for sale in Ireland,\" \/>\n<meta property=\"og:url\" content=\"https:\/\/trippywizard.nl\/de\/produkt\/voidrealm-lsd-105mcg-x-100-blotter-tabs-pack\/\" \/>\n<meta property=\"og:site_name\" content=\"Trippy Wizard NL\" \/>\n<meta property=\"article:modified_time\" content=\"2024-06-05T11:14:59+00:00\" \/>\n<meta property=\"og:image\" content=\"https:\/\/trippywizard.nl\/wp-content\/uploads\/2024\/06\/u95rgrbi3ao21-1.jpg\" \/>\n\t<meta property=\"og:image:width\" content=\"504\" \/>\n\t<meta property=\"og:image:height\" content=\"672\" \/>\n\t<meta property=\"og:image:type\" content=\"image\/jpeg\" \/>\n<meta name=\"twitter:card\" content=\"summary_large_image\" \/>\n<meta name=\"twitter:label1\" content=\"Gesch\u00e4tzte Lesezeit\" \/>\n\t<meta name=\"twitter:data1\" content=\"2\u00a0Minuten\" \/>\n<script type=\"application\/ld+json\" class=\"yoast-schema-graph\">{\"@context\":\"https:\\\/\\\/schema.org\",\"@graph\":[{\"@type\":\"WebPage\",\"@id\":\"https:\\\/\\\/trippywizard.nl\\\/product\\\/voidrealm-lsd-105mcg-x-100-blotter-tabs-pack\\\/\",\"url\":\"https:\\\/\\\/trippywizard.nl\\\/product\\\/voidrealm-lsd-105mcg-x-100-blotter-tabs-pack\\\/\",\"name\":\"Buy Voidrealm LSD - Voidrealm For Sale Online | Trippy Wizard NL\",\"isPartOf\":{\"@id\":\"https:\\\/\\\/trippywizard.nl\\\/#website\"},\"primaryImageOfPage\":{\"@id\":\"https:\\\/\\\/trippywizard.nl\\\/product\\\/voidrealm-lsd-105mcg-x-100-blotter-tabs-pack\\\/#primaryimage\"},\"image\":{\"@id\":\"https:\\\/\\\/trippywizard.nl\\\/product\\\/voidrealm-lsd-105mcg-x-100-blotter-tabs-pack\\\/#primaryimage\"},\"thumbnailUrl\":\"https:\\\/\\\/trippywizard.nl\\\/wp-content\\\/uploads\\\/2024\\\/06\\\/u95rgrbi3ao21-1.jpg\",\"datePublished\":\"2024-06-05T11:13:34+00:00\",\"dateModified\":\"2024-06-05T11:14:59+00:00\",\"description\":\"Buy Voidrealm LSD In USA, Voidrealm LSD for sale in Serbia, where to buy Voidrealm LSD in Croatia ,Voidrealm LSD for sale in Ireland,\",\"breadcrumb\":{\"@id\":\"https:\\\/\\\/trippywizard.nl\\\/product\\\/voidrealm-lsd-105mcg-x-100-blotter-tabs-pack\\\/#breadcrumb\"},\"inLanguage\":\"de\",\"potentialAction\":[{\"@type\":\"ReadAction\",\"target\":[\"https:\\\/\\\/trippywizard.nl\\\/product\\\/voidrealm-lsd-105mcg-x-100-blotter-tabs-pack\\\/\"]}]},{\"@type\":\"ImageObject\",\"inLanguage\":\"de\",\"@id\":\"https:\\\/\\\/trippywizard.nl\\\/product\\\/voidrealm-lsd-105mcg-x-100-blotter-tabs-pack\\\/#primaryimage\",\"url\":\"https:\\\/\\\/trippywizard.nl\\\/wp-content\\\/uploads\\\/2024\\\/06\\\/u95rgrbi3ao21-1.jpg\",\"contentUrl\":\"https:\\\/\\\/trippywizard.nl\\\/wp-content\\\/uploads\\\/2024\\\/06\\\/u95rgrbi3ao21-1.jpg\",\"width\":504,\"height\":672},{\"@type\":\"BreadcrumbList\",\"@id\":\"https:\\\/\\\/trippywizard.nl\\\/product\\\/voidrealm-lsd-105mcg-x-100-blotter-tabs-pack\\\/#breadcrumb\",\"itemListElement\":[{\"@type\":\"ListItem\",\"position\":1,\"name\":\"Home\",\"item\":\"https:\\\/\\\/trippywizard.nl\\\/\"},{\"@type\":\"ListItem\",\"position\":2,\"name\":\"Shop\",\"item\":\"https:\\\/\\\/trippywizard.nl\\\/shop\\\/\"},{\"@type\":\"ListItem\",\"position\":3,\"name\":\"Voidrealm LSD 105mcg x 100 Blotter tabs pack\"}]},{\"@type\":\"WebSite\",\"@id\":\"https:\\\/\\\/trippywizard.nl\\\/#website\",\"url\":\"https:\\\/\\\/trippywizard.nl\\\/\",\"name\":\"trippywizard.nl\",\"description\":\"Your No.1 Research Chemical Shop \u2013 98.99%+ Pure, Lab-Tested Quality Online.\",\"publisher\":{\"@id\":\"https:\\\/\\\/trippywizard.nl\\\/#organization\"},\"potentialAction\":[{\"@type\":\"SearchAction\",\"target\":{\"@type\":\"EntryPoint\",\"urlTemplate\":\"https:\\\/\\\/trippywizard.nl\\\/?s={search_term_string}\"},\"query-input\":{\"@type\":\"PropertyValueSpecification\",\"valueRequired\":true,\"valueName\":\"search_term_string\"}}],\"inLanguage\":\"de\"},{\"@type\":\"Organization\",\"@id\":\"https:\\\/\\\/trippywizard.nl\\\/#organization\",\"name\":\"trippywizard.nl\",\"url\":\"https:\\\/\\\/trippywizard.nl\\\/\",\"logo\":{\"@type\":\"ImageObject\",\"inLanguage\":\"de\",\"@id\":\"https:\\\/\\\/trippywizard.nl\\\/#\\\/schema\\\/logo\\\/image\\\/\",\"url\":\"https:\\\/\\\/trippywizard.nl\\\/wp-content\\\/uploads\\\/2020\\\/06\\\/Screenshot_2025-07-15_032323-removebg-preview-e1752575212917.png\",\"contentUrl\":\"https:\\\/\\\/trippywizard.nl\\\/wp-content\\\/uploads\\\/2020\\\/06\\\/Screenshot_2025-07-15_032323-removebg-preview-e1752575212917.png\",\"width\":200,\"height\":49,\"caption\":\"trippywizard.nl\"},\"image\":{\"@id\":\"https:\\\/\\\/trippywizard.nl\\\/#\\\/schema\\\/logo\\\/image\\\/\"}}]}<\/script>\n<!-- \/ Yoast SEO Premium plugin. -->","yoast_head_json":{"title":"Voidrealm LSD kaufen - Voidrealm Online zu verkaufen | Trippy Wizard NL","description":"Kaufen Sie Voidrealm LSD in den USA, Voidrealm LSD zu verkaufen in Serbien, wo kann man Voidrealm LSD in Kroatien kaufen, Voidrealm LSD zu verkaufen in Irland,","robots":{"index":"index","follow":"follow","max-snippet":"max-snippet:-1","max-image-preview":"max-image-preview:large","max-video-preview":"max-video-preview:-1"},"canonical":"https:\/\/trippywizard.nl\/de\/produkt\/voidrealm-lsd-105mcg-x-100-blotter-tabs-pack\/","og_locale":"de_DE","og_type":"article","og_title":"Voidrealm LSD 105mcg x 100 Blotter tabs pack","og_description":"Buy Voidrealm LSD In USA, Voidrealm LSD for sale in Serbia, where to buy Voidrealm LSD in Croatia ,Voidrealm LSD for sale in Ireland,","og_url":"https:\/\/trippywizard.nl\/de\/produkt\/voidrealm-lsd-105mcg-x-100-blotter-tabs-pack\/","og_site_name":"Trippy Wizard NL","article_modified_time":"2024-06-05T11:14:59+00:00","og_image":[{"width":504,"height":672,"url":"https:\/\/trippywizard.nl\/wp-content\/uploads\/2024\/06\/u95rgrbi3ao21-1.jpg","type":"image\/jpeg"}],"twitter_card":"summary_large_image","twitter_misc":{"Gesch\u00e4tzte Lesezeit":"2\u00a0Minuten"},"schema":{"@context":"https:\/\/schema.org","@graph":[{"@type":"WebPage","@id":"https:\/\/trippywizard.nl\/product\/voidrealm-lsd-105mcg-x-100-blotter-tabs-pack\/","url":"https:\/\/trippywizard.nl\/product\/voidrealm-lsd-105mcg-x-100-blotter-tabs-pack\/","name":"Voidrealm LSD kaufen - Voidrealm Online zu verkaufen | Trippy Wizard NL","isPartOf":{"@id":"https:\/\/trippywizard.nl\/#website"},"primaryImageOfPage":{"@id":"https:\/\/trippywizard.nl\/product\/voidrealm-lsd-105mcg-x-100-blotter-tabs-pack\/#primaryimage"},"image":{"@id":"https:\/\/trippywizard.nl\/product\/voidrealm-lsd-105mcg-x-100-blotter-tabs-pack\/#primaryimage"},"thumbnailUrl":"https:\/\/trippywizard.nl\/wp-content\/uploads\/2024\/06\/u95rgrbi3ao21-1.jpg","datePublished":"2024-06-05T11:13:34+00:00","dateModified":"2024-06-05T11:14:59+00:00","description":"Kaufen Sie Voidrealm LSD in den USA, Voidrealm LSD zu verkaufen in Serbien, wo kann man Voidrealm LSD in Kroatien kaufen, Voidrealm LSD zu verkaufen in Irland,","breadcrumb":{"@id":"https:\/\/trippywizard.nl\/product\/voidrealm-lsd-105mcg-x-100-blotter-tabs-pack\/#breadcrumb"},"inLanguage":"de","potentialAction":[{"@type":"ReadAction","target":["https:\/\/trippywizard.nl\/product\/voidrealm-lsd-105mcg-x-100-blotter-tabs-pack\/"]}]},{"@type":"ImageObject","inLanguage":"de","@id":"https:\/\/trippywizard.nl\/product\/voidrealm-lsd-105mcg-x-100-blotter-tabs-pack\/#primaryimage","url":"https:\/\/trippywizard.nl\/wp-content\/uploads\/2024\/06\/u95rgrbi3ao21-1.jpg","contentUrl":"https:\/\/trippywizard.nl\/wp-content\/uploads\/2024\/06\/u95rgrbi3ao21-1.jpg","width":504,"height":672},{"@type":"BreadcrumbList","@id":"https:\/\/trippywizard.nl\/product\/voidrealm-lsd-105mcg-x-100-blotter-tabs-pack\/#breadcrumb","itemListElement":[{"@type":"ListItem","position":1,"name":"Home","item":"https:\/\/trippywizard.nl\/"},{"@type":"ListItem","position":2,"name":"Shop","item":"https:\/\/trippywizard.nl\/shop\/"},{"@type":"ListItem","position":3,"name":"Voidrealm LSD 105mcg x 100 Blotter tabs pack"}]},{"@type":"WebSite","@id":"https:\/\/trippywizard.nl\/#website","url":"https:\/\/trippywizard.nl\/","name":"trippywizard.nl","description":"Ihr Nr.1 Shop f\u00fcr Forschungschemikalien - 98.99%+ Reine, laborgepr\u00fcfte Qualit\u00e4t online.","publisher":{"@id":"https:\/\/trippywizard.nl\/#organization"},"potentialAction":[{"@type":"SearchAction","target":{"@type":"EntryPoint","urlTemplate":"https:\/\/trippywizard.nl\/?s={search_term_string}"},"query-input":{"@type":"PropertyValueSpecification","valueRequired":true,"valueName":"search_term_string"}}],"inLanguage":"de"},{"@type":"Organization","@id":"https:\/\/trippywizard.nl\/#organization","name":"trippywizard.nl","url":"https:\/\/trippywizard.nl\/","logo":{"@type":"ImageObject","inLanguage":"de","@id":"https:\/\/trippywizard.nl\/#\/schema\/logo\/image\/","url":"https:\/\/trippywizard.nl\/wp-content\/uploads\/2020\/06\/Screenshot_2025-07-15_032323-removebg-preview-e1752575212917.png","contentUrl":"https:\/\/trippywizard.nl\/wp-content\/uploads\/2020\/06\/Screenshot_2025-07-15_032323-removebg-preview-e1752575212917.png","width":200,"height":49,"caption":"trippywizard.nl"},"image":{"@id":"https:\/\/trippywizard.nl\/#\/schema\/logo\/image\/"}}]}},"jetpack_sharing_enabled":true,"_links":{"self":[{"href":"https:\/\/trippywizard.nl\/de\/wp-json\/wp\/v2\/product\/322","targetHints":{"allow":["GET"]}}],"collection":[{"href":"https:\/\/trippywizard.nl\/de\/wp-json\/wp\/v2\/product"}],"about":[{"href":"https:\/\/trippywizard.nl\/de\/wp-json\/wp\/v2\/types\/product"}],"replies":[{"embeddable":true,"href":"https:\/\/trippywizard.nl\/de\/wp-json\/wp\/v2\/comments?post=322"}],"version-history":[{"count":0,"href":"https:\/\/trippywizard.nl\/de\/wp-json\/wp\/v2\/product\/322\/revisions"}],"wp:featuredmedia":[{"embeddable":true,"href":"https:\/\/trippywizard.nl\/de\/wp-json\/wp\/v2\/media\/378"}],"wp:attachment":[{"href":"https:\/\/trippywizard.nl\/de\/wp-json\/wp\/v2\/media?parent=322"}],"wp:term":[{"taxonomy":"product_brand","embeddable":true,"href":"https:\/\/trippywizard.nl\/de\/wp-json\/wp\/v2\/product_brand?post=322"},{"taxonomy":"product_cat","embeddable":true,"href":"https:\/\/trippywizard.nl\/de\/wp-json\/wp\/v2\/product_cat?post=322"},{"taxonomy":"product_tag","embeddable":true,"href":"https:\/\/trippywizard.nl\/de\/wp-json\/wp\/v2\/product_tag?post=322"}],"curies":[{"name":"wp","href":"https:\/\/api.w.org\/{rel}","templated":true}]}}