{"id":320,"date":"2024-06-05T11:13:34","date_gmt":"2024-06-05T11:13:34","guid":{"rendered":"https:\/\/trippywizard.nl\/?post_type=product&#038;p=320"},"modified":"2025-07-10T05:30:37","modified_gmt":"2025-07-10T05:30:37","slug":"buy-ghb-online","status":"publish","type":"product","link":"https:\/\/trippywizard.nl\/de\/produkt\/buy-ghb-online\/","title":{"rendered":"ghb online kaufen"},"content":{"rendered":"<h1 style=\"text-align: center;\">GHB online kaufen<\/h1>\n<p>GHB-Pulver online kaufen. GHB (Gamma-Hydroxybutyrat) ist ein Stoffwechselprodukt, das als Rauschmittel fungiert. <a href=\"https:\/\/trippypharma.com\/product\/buprenorphine\/\"><span style=\"color: #0000ff;\">Beruhigungsmittel<\/span><\/a> zum zentralen Nervensystem, was bedeutet, dass es als Entspannungsmittel wirkt. GHB wird synthetisiert, wenn die Nahrung abgebaut und in Energie f\u00fcr unsere Zellen umgewandelt wird. Es ist ein nat\u00fcrliches Produkt des menschlichen Stoffwechsels. Das wei\u00dfe Pulver (<a href=\"https:\/\/trippypharma.com\/product\/am-2201-powder\/\"><span style=\"color: #0000ff;\">GHB-Pulver<\/span><\/a>), \u00e4hnlich wie Kochsalz, und klare Fl\u00fcssigkeit (<a href=\"https:\/\/trippypharma.com\/product\/ketamine-powder\/\"><span style=\"color: #0000ff;\"><strong>GHB Fl\u00fcssig)<\/strong><\/span><\/a> kommerziell gehandelte GHB wird k\u00fcnstlich synthetisiert. Au\u00dferdem sind GHB-Fl\u00fcssigkeit und GHB-Pillen erh\u00e4ltlich.<\/p>\n<h2 style=\"text-align: center;\"><strong>Gamma Hydroxybutyrat kaufen\u00a0<\/strong><\/h2>\n<p>Genauer gesagt, GHB oder Gamma <a href=\"https:\/\/en.wikipedia.org\/wiki\/Beta-Hydroxybutyric_acid\">Hydroxybutyrat<\/a> ist eine im Labor hergestellte psychoaktive Droge, die die Wirkung von GABA-Neurotransmittern nachahmen soll. Es wird mit Hilfe der nat\u00fcrlichen Fermentation hergestellt und ist in geringen Mengen in einigen Weinen und Bieren enthalten. Im sp\u00e4ten 20. Jahrhundert war es ein Nahrungserg\u00e4nzungsmittel, das beim Abnehmen und bei der Erholung half. Der Verzehr f\u00fcr den Menschen wurde jedoch aufgrund der durch Spurenverunreinigungen verursachten Syndrome verboten. Man kann GHB kaufen, um die pharmakologische Wirkung dieser Substanz zu erforschen und zu analysieren.<\/p>\n<p>Wir ermutigen Menschen mit wissenschaftlichem Hintergrund, bahnbrechende Studien \u00fcber eine breite Palette der von uns angebotenen Chemikalien durchzuf\u00fchren. Unsere GHB-Droge zum Verkauf ist bekannt f\u00fcr ihre Konsistenz, Reinheit und Qualit\u00e4t. Bestellen Sie noch heute und lassen Sie sich Ihr Paket diskret liefern.<\/p>\n<h3 style=\"text-align: center;\">Wir sind Ihr ultimatives Gesch\u00e4ft, um GHB online zu kaufen<\/h3>\n<p>Eingeschr\u00e4nkte Substanzen sind in den meisten L\u00e4ndern schwer zu bekommen, und Sie m\u00fcssen m\u00f6glicherweise sogar mit rechtlichen Konsequenzen f\u00fcr illegale K\u00e4ufe rechnen. Im Gegensatz zu anderen Anbietern ist A1 Researchers ein lizenzierter Vertreiber von <a href=\"https:\/\/trippypharma.com\/prescription-drug-prices\/\"><span style=\"color: #0000ff;\">Forschungschemikalien<\/span><\/a>. Sie k\u00f6nnen Gamma-Hydroxybutyrat online in unserem Shop kaufen, ohne Papierkram zu erledigen. Die Zufriedenheit unserer Kunden ist das Hauptziel unserer Organisation, und wir geben immer unser Bestes, um unsere Versprechen zu halten. Wir sind nicht nur ein Einzelh\u00e4ndler, sondern auch ein Berater f\u00fcr diejenigen, die auf der Suche nach Orientierung sind. Unsere Experten verf\u00fcgen \u00fcber fundierte Erfahrungen auf diesem Gebiet. Wir sind rund um die Uhr erreichbar, so dass Sie sich jederzeit mit uns in Verbindung setzen k\u00f6nnen.<\/p>\n<h3 style=\"text-align: center;\">Ist GHB anders als GBL?<\/h3>\n<ul>\n<li>GHB kann leicht aus GBL hergestellt werden, das in der Regel in Plastikflaschen verkauft wird, die manchmal beschriftet, aber oft nicht gekennzeichnet sind.<\/li>\n<li>Au\u00dferdem werden GHB und GBL meist in fl\u00fcssiger Form oral eingenommen; das Pulver wird in der Regel nicht geschnorrt, sondern in Fl\u00fcssigkeit aufgel\u00f6st.<\/li>\n<li>Schlucken: eine kleine Kappe liefert eine 'durchschnittliche' Dosis. Es kann bis zu einer Stunde dauern, bis die Wirkung voll eintritt.<\/li>\n<li>GBL wird im K\u00f6rper in GHB umgewandelt, erscheint in der gleichen fl\u00fcssigen Form und hat die gleiche Wirkung wie GHB.<\/li>\n<\/ul>","protected":false},"excerpt":{"rendered":"<p><em>GHB online kaufen<\/em>\u00a0von prometheuslabs.co. G\u00fcnstigste Kosten aller Zeiten. Erh\u00e4ltlich als hochreines GHB-Pulver, Fl\u00fcssigkeit und Tabletten. Kein Rezept erforderlich. Diskrete Verpackung<\/p>","protected":false},"featured_media":373,"comment_status":"open","ping_status":"closed","template":"","meta":[],"product_brand":[],"product_cat":[25],"product_tag":[],"class_list":{"0":"post-320","1":"product","2":"type-product","3":"status-publish","4":"has-post-thumbnail","6":"product_cat-research-chemicals","8":"first","9":"instock","10":"shipping-taxable","11":"purchasable","12":"product-type-variable"},"yoast_head":"<!-- This site is optimized with the Yoast SEO Premium plugin v25.1 (Yoast SEO v27.3) - https:\/\/yoast.com\/product\/yoast-seo-premium-wordpress\/ -->\n<title>Buy ghb online- Ghb For Sale - Buy Gamma Hydroxybutyrate online<\/title>\n<meta name=\"description\" content=\"buy gamma hydroxybutyrate online, Buy ghb online in Canada. Available high purity , ghb online pruchase in Ireland , how to buy ghb in UK\" \/>\n<meta name=\"robots\" content=\"index, follow, max-snippet:-1, max-image-preview:large, max-video-preview:-1\" \/>\n<link rel=\"canonical\" href=\"https:\/\/trippywizard.nl\/de\/produkt\/buy-ghb-online\/\" \/>\n<meta property=\"og:locale\" content=\"de_DE\" \/>\n<meta property=\"og:type\" content=\"article\" \/>\n<meta property=\"og:title\" content=\"Buy ghb online\" \/>\n<meta property=\"og:description\" content=\"buy gamma hydroxybutyrate online, Buy ghb online in Canada. Available high purity , ghb online pruchase in Ireland , how to buy ghb in UK\" \/>\n<meta property=\"og:url\" content=\"https:\/\/trippywizard.nl\/de\/produkt\/buy-ghb-online\/\" \/>\n<meta property=\"og:site_name\" content=\"Trippy Wizard NL\" \/>\n<meta property=\"article:modified_time\" content=\"2025-07-10T05:30:37+00:00\" \/>\n<meta property=\"og:image\" content=\"https:\/\/trippywizard.nl\/wp-content\/uploads\/2024\/06\/oxycodone-powder.jpg\" \/>\n\t<meta property=\"og:image:width\" content=\"300\" \/>\n\t<meta property=\"og:image:height\" content=\"300\" \/>\n\t<meta property=\"og:image:type\" content=\"image\/jpeg\" \/>\n<meta name=\"twitter:card\" content=\"summary_large_image\" \/>\n<meta name=\"twitter:label1\" content=\"Gesch\u00e4tzte Lesezeit\" \/>\n\t<meta name=\"twitter:data1\" content=\"2\u00a0Minuten\" \/>\n<script type=\"application\/ld+json\" class=\"yoast-schema-graph\">{\"@context\":\"https:\\\/\\\/schema.org\",\"@graph\":[{\"@type\":\"WebPage\",\"@id\":\"https:\\\/\\\/trippywizard.nl\\\/product\\\/buy-ghb-online\\\/\",\"url\":\"https:\\\/\\\/trippywizard.nl\\\/product\\\/buy-ghb-online\\\/\",\"name\":\"Buy ghb online- Ghb For Sale - Buy Gamma Hydroxybutyrate online\",\"isPartOf\":{\"@id\":\"https:\\\/\\\/trippywizard.nl\\\/#website\"},\"primaryImageOfPage\":{\"@id\":\"https:\\\/\\\/trippywizard.nl\\\/product\\\/buy-ghb-online\\\/#primaryimage\"},\"image\":{\"@id\":\"https:\\\/\\\/trippywizard.nl\\\/product\\\/buy-ghb-online\\\/#primaryimage\"},\"thumbnailUrl\":\"https:\\\/\\\/trippywizard.nl\\\/wp-content\\\/uploads\\\/2024\\\/06\\\/oxycodone-powder.jpg\",\"datePublished\":\"2024-06-05T11:13:34+00:00\",\"dateModified\":\"2025-07-10T05:30:37+00:00\",\"description\":\"buy gamma hydroxybutyrate online, Buy ghb online in Canada. Available high purity , ghb online pruchase in Ireland , how to buy ghb in UK\",\"breadcrumb\":{\"@id\":\"https:\\\/\\\/trippywizard.nl\\\/product\\\/buy-ghb-online\\\/#breadcrumb\"},\"inLanguage\":\"de\",\"potentialAction\":[{\"@type\":\"ReadAction\",\"target\":[\"https:\\\/\\\/trippywizard.nl\\\/product\\\/buy-ghb-online\\\/\"]}]},{\"@type\":\"ImageObject\",\"inLanguage\":\"de\",\"@id\":\"https:\\\/\\\/trippywizard.nl\\\/product\\\/buy-ghb-online\\\/#primaryimage\",\"url\":\"https:\\\/\\\/trippywizard.nl\\\/wp-content\\\/uploads\\\/2024\\\/06\\\/oxycodone-powder.jpg\",\"contentUrl\":\"https:\\\/\\\/trippywizard.nl\\\/wp-content\\\/uploads\\\/2024\\\/06\\\/oxycodone-powder.jpg\",\"width\":300,\"height\":300},{\"@type\":\"BreadcrumbList\",\"@id\":\"https:\\\/\\\/trippywizard.nl\\\/product\\\/buy-ghb-online\\\/#breadcrumb\",\"itemListElement\":[{\"@type\":\"ListItem\",\"position\":1,\"name\":\"Home\",\"item\":\"https:\\\/\\\/trippywizard.nl\\\/\"},{\"@type\":\"ListItem\",\"position\":2,\"name\":\"Shop\",\"item\":\"https:\\\/\\\/trippywizard.nl\\\/shop\\\/\"},{\"@type\":\"ListItem\",\"position\":3,\"name\":\"Buy ghb online\"}]},{\"@type\":\"WebSite\",\"@id\":\"https:\\\/\\\/trippywizard.nl\\\/#website\",\"url\":\"https:\\\/\\\/trippywizard.nl\\\/\",\"name\":\"trippywizard.nl\",\"description\":\"Your No.1 Research Chemical Shop \u2013 98.99%+ Pure, Lab-Tested Quality Online.\",\"publisher\":{\"@id\":\"https:\\\/\\\/trippywizard.nl\\\/#organization\"},\"potentialAction\":[{\"@type\":\"SearchAction\",\"target\":{\"@type\":\"EntryPoint\",\"urlTemplate\":\"https:\\\/\\\/trippywizard.nl\\\/?s={search_term_string}\"},\"query-input\":{\"@type\":\"PropertyValueSpecification\",\"valueRequired\":true,\"valueName\":\"search_term_string\"}}],\"inLanguage\":\"de\"},{\"@type\":\"Organization\",\"@id\":\"https:\\\/\\\/trippywizard.nl\\\/#organization\",\"name\":\"trippywizard.nl\",\"url\":\"https:\\\/\\\/trippywizard.nl\\\/\",\"logo\":{\"@type\":\"ImageObject\",\"inLanguage\":\"de\",\"@id\":\"https:\\\/\\\/trippywizard.nl\\\/#\\\/schema\\\/logo\\\/image\\\/\",\"url\":\"https:\\\/\\\/trippywizard.nl\\\/wp-content\\\/uploads\\\/2020\\\/06\\\/Screenshot_2025-07-15_032323-removebg-preview-e1752575212917.png\",\"contentUrl\":\"https:\\\/\\\/trippywizard.nl\\\/wp-content\\\/uploads\\\/2020\\\/06\\\/Screenshot_2025-07-15_032323-removebg-preview-e1752575212917.png\",\"width\":200,\"height\":49,\"caption\":\"trippywizard.nl\"},\"image\":{\"@id\":\"https:\\\/\\\/trippywizard.nl\\\/#\\\/schema\\\/logo\\\/image\\\/\"}}]}<\/script>\n<!-- \/ Yoast SEO Premium plugin. -->","yoast_head_json":{"title":"Buy ghb online- Ghb For Sale - Buy Gamma Hydroxybutyrate online","description":"buy gamma hydroxybutyrate online, Buy ghb online in Canada. Available high purity , ghb online pruchase in Ireland , how to buy ghb in UK","robots":{"index":"index","follow":"follow","max-snippet":"max-snippet:-1","max-image-preview":"max-image-preview:large","max-video-preview":"max-video-preview:-1"},"canonical":"https:\/\/trippywizard.nl\/de\/produkt\/buy-ghb-online\/","og_locale":"de_DE","og_type":"article","og_title":"Buy ghb online","og_description":"buy gamma hydroxybutyrate online, Buy ghb online in Canada. Available high purity , ghb online pruchase in Ireland , how to buy ghb in UK","og_url":"https:\/\/trippywizard.nl\/de\/produkt\/buy-ghb-online\/","og_site_name":"Trippy Wizard NL","article_modified_time":"2025-07-10T05:30:37+00:00","og_image":[{"width":300,"height":300,"url":"https:\/\/trippywizard.nl\/wp-content\/uploads\/2024\/06\/oxycodone-powder.jpg","type":"image\/jpeg"}],"twitter_card":"summary_large_image","twitter_misc":{"Gesch\u00e4tzte Lesezeit":"2\u00a0Minuten"},"schema":{"@context":"https:\/\/schema.org","@graph":[{"@type":"WebPage","@id":"https:\/\/trippywizard.nl\/product\/buy-ghb-online\/","url":"https:\/\/trippywizard.nl\/product\/buy-ghb-online\/","name":"Buy ghb online- Ghb For Sale - Buy Gamma Hydroxybutyrate online","isPartOf":{"@id":"https:\/\/trippywizard.nl\/#website"},"primaryImageOfPage":{"@id":"https:\/\/trippywizard.nl\/product\/buy-ghb-online\/#primaryimage"},"image":{"@id":"https:\/\/trippywizard.nl\/product\/buy-ghb-online\/#primaryimage"},"thumbnailUrl":"https:\/\/trippywizard.nl\/wp-content\/uploads\/2024\/06\/oxycodone-powder.jpg","datePublished":"2024-06-05T11:13:34+00:00","dateModified":"2025-07-10T05:30:37+00:00","description":"buy gamma hydroxybutyrate online, Buy ghb online in Canada. Available high purity , ghb online pruchase in Ireland , how to buy ghb in UK","breadcrumb":{"@id":"https:\/\/trippywizard.nl\/product\/buy-ghb-online\/#breadcrumb"},"inLanguage":"de","potentialAction":[{"@type":"ReadAction","target":["https:\/\/trippywizard.nl\/product\/buy-ghb-online\/"]}]},{"@type":"ImageObject","inLanguage":"de","@id":"https:\/\/trippywizard.nl\/product\/buy-ghb-online\/#primaryimage","url":"https:\/\/trippywizard.nl\/wp-content\/uploads\/2024\/06\/oxycodone-powder.jpg","contentUrl":"https:\/\/trippywizard.nl\/wp-content\/uploads\/2024\/06\/oxycodone-powder.jpg","width":300,"height":300},{"@type":"BreadcrumbList","@id":"https:\/\/trippywizard.nl\/product\/buy-ghb-online\/#breadcrumb","itemListElement":[{"@type":"ListItem","position":1,"name":"Home","item":"https:\/\/trippywizard.nl\/"},{"@type":"ListItem","position":2,"name":"Shop","item":"https:\/\/trippywizard.nl\/shop\/"},{"@type":"ListItem","position":3,"name":"Buy ghb online"}]},{"@type":"WebSite","@id":"https:\/\/trippywizard.nl\/#website","url":"https:\/\/trippywizard.nl\/","name":"trippywizard.nl","description":"Ihr Nr.1 Shop f\u00fcr Forschungschemikalien - 98.99%+ Reine, laborgepr\u00fcfte Qualit\u00e4t online.","publisher":{"@id":"https:\/\/trippywizard.nl\/#organization"},"potentialAction":[{"@type":"SearchAction","target":{"@type":"EntryPoint","urlTemplate":"https:\/\/trippywizard.nl\/?s={search_term_string}"},"query-input":{"@type":"PropertyValueSpecification","valueRequired":true,"valueName":"search_term_string"}}],"inLanguage":"de"},{"@type":"Organization","@id":"https:\/\/trippywizard.nl\/#organization","name":"trippywizard.nl","url":"https:\/\/trippywizard.nl\/","logo":{"@type":"ImageObject","inLanguage":"de","@id":"https:\/\/trippywizard.nl\/#\/schema\/logo\/image\/","url":"https:\/\/trippywizard.nl\/wp-content\/uploads\/2020\/06\/Screenshot_2025-07-15_032323-removebg-preview-e1752575212917.png","contentUrl":"https:\/\/trippywizard.nl\/wp-content\/uploads\/2020\/06\/Screenshot_2025-07-15_032323-removebg-preview-e1752575212917.png","width":200,"height":49,"caption":"trippywizard.nl"},"image":{"@id":"https:\/\/trippywizard.nl\/#\/schema\/logo\/image\/"}}]}},"jetpack_sharing_enabled":true,"_links":{"self":[{"href":"https:\/\/trippywizard.nl\/de\/wp-json\/wp\/v2\/product\/320","targetHints":{"allow":["GET"]}}],"collection":[{"href":"https:\/\/trippywizard.nl\/de\/wp-json\/wp\/v2\/product"}],"about":[{"href":"https:\/\/trippywizard.nl\/de\/wp-json\/wp\/v2\/types\/product"}],"replies":[{"embeddable":true,"href":"https:\/\/trippywizard.nl\/de\/wp-json\/wp\/v2\/comments?post=320"}],"version-history":[{"count":0,"href":"https:\/\/trippywizard.nl\/de\/wp-json\/wp\/v2\/product\/320\/revisions"}],"wp:featuredmedia":[{"embeddable":true,"href":"https:\/\/trippywizard.nl\/de\/wp-json\/wp\/v2\/media\/373"}],"wp:attachment":[{"href":"https:\/\/trippywizard.nl\/de\/wp-json\/wp\/v2\/media?parent=320"}],"wp:term":[{"taxonomy":"product_brand","embeddable":true,"href":"https:\/\/trippywizard.nl\/de\/wp-json\/wp\/v2\/product_brand?post=320"},{"taxonomy":"product_cat","embeddable":true,"href":"https:\/\/trippywizard.nl\/de\/wp-json\/wp\/v2\/product_cat?post=320"},{"taxonomy":"product_tag","embeddable":true,"href":"https:\/\/trippywizard.nl\/de\/wp-json\/wp\/v2\/product_tag?post=320"}],"curies":[{"name":"wp","href":"https:\/\/api.w.org\/{rel}","templated":true}]}}