{"id":305,"date":"2024-06-05T11:13:34","date_gmt":"2024-06-05T11:13:34","guid":{"rendered":"https:\/\/trippywizard.nl\/?post_type=product&#038;p=305"},"modified":"2024-06-05T11:14:46","modified_gmt":"2024-06-05T11:14:46","slug":"crystal-meth-methylamphetamine","status":"publish","type":"product","link":"https:\/\/trippywizard.nl\/de\/produkt\/crystal-meth-methylamphetamine\/","title":{"rendered":"Crystal Meth (Methylamphetamin)"},"content":{"rendered":"<h1>Was ist Methamphetamin?<\/h1>\n<p>Meth online kaufen Methamphetamin oder (N-Methylamphetamin), im Volksmund auch bekannt als (Crystal Meth), ist ein starkes, hochgradig s\u00fcchtig machendes <a href=\"https:\/\/en.wikipedia.org\/wiki\/Stimulant\"><span style=\"color: #00ff00;\">Aufputschmittel<\/span> <\/a>die das zentrale Nervensystem beeinflusst. Auch Crystal Meth ist eine Form der Droge, die wie Glasscherben oder gl\u00e4nzende, bl\u00e4ulich-wei\u00dfe Felsen aussieht. Es \u00e4hnelt chemisch dem Amphetamin, einem Medikament zur Behandlung der Aufmerksamkeitsdefizit-\/Hyperaktivit\u00e4tsst\u00f6rung (ADHS) und der Narkolepsie, einer Schlafst\u00f6rung. <a href=\"https:\/\/trippypharma.com\/shop\/\"><span style=\"color: #3366ff;\">Meth online kaufen Kaufen Sie noch heute bei Trippy Pharma\u00a0<\/span><\/a><\/p>\n<p>Andere gebr\u00e4uchliche Namen f\u00fcr Methamphetamin sind Blue, Crystal, Ice, Meth und Speed.<\/p>\n<h2><strong><span style=\"color: #000000;\">Menschen k\u00f6nnen Crystal Meth einnehmen, indem sie:<\/span><\/strong><\/h2>\n<ul>\n<li>Rauchen<\/li>\n<li>Schlucken (Pille)<\/li>\n<li>Schn\u00fcffeln<\/li>\n<li>Injektion des in Wasser\/Alkohol aufgel\u00f6sten Pulvers<\/li>\n<\/ul>\n<p>Abgesehen davon, dass der \"Rausch\" der Droge schnell einsetzt und schnell wieder abklingt, nehmen die Menschen oft wiederholte Dosen nach dem Muster \"Saufen und Absturz\" ein.  In einigen F\u00e4llen nehmen Menschen Methamphetamin in einer Form des Saufens ein, die als \"Run\" bekannt ist. Sie verzichten auf Essen und Schlaf und nehmen die Droge alle paar Stunden bis zu mehreren Tagen lang.<br \/>\nIn Addition Wie wirkt sich Methamphetamin auf das Gehirn aus?<\/p>\n<p>Au\u00dferdem erh\u00f6ht es die Menge der nat\u00fcrlichen Chemikalie Dopamin im Gehirn. Dopamin ist an der Bewegung des K\u00f6rpers, der Motivation und der Verst\u00e4rkung von belohnenden Verhaltensweisen beteiligt. Die F\u00e4higkeit der Droge, schnell hohe Mengen an Dopamin in den Belohnungsbereichen des Gehirns freizusetzen, verst\u00e4rkt das Verhalten beim Drogenkonsum und f\u00fchrt dazu, dass der Konsument diese Erfahrung wiederholen m\u00f6chte.<\/p>\n<h3>Meth online kaufen<\/h3>\n<h3><strong><span style=\"color: #000000;\">Methamphetamin-Nebenwirkungen<\/span><\/strong><\/h3>\n<p>Auch die Einnahme selbst kleiner Mengen Methamphetamin kann zu vielen der gleichen gesundheitlichen Auswirkungen f\u00fchren wie die anderer Stimulanzien, wie Kokain oder Amphetamine. Dazu geh\u00f6ren:<\/p>\n<p>1- Erh\u00f6hte Wachsamkeit und k\u00f6rperliche Aktivit\u00e4t<br \/>\n2- Verminderter Appetit<br \/>\n3- Schnelleres Atmen<br \/>\n4- Schnelles und\/oder unregelm\u00e4\u00dfiges Herzklopfen<br \/>\n5- Erh\u00f6hter Blutdruck und K\u00f6rpertemperatur<\/p>\n<div>\n<h4>Wie funktioniert Crystal Meth?<\/h4>\n<div>Dementsprechend erh\u00f6ht Crystal Meth die Menge des Neurotransmitters Dopamin, was zu hohen Konzentrationen dieser Chemikalie im Gehirn f\u00fchrt. Dopamin ist an der Belohnung, der Motivation, dem Lustempfinden und der Motorik beteiligt. Die F\u00e4higkeit von Methamphetamin, Dopamin schnell in den Belohnungsregionen des Gehirns freizusetzen, erzeugt den euphorischen \"Rausch\" oder \"Flash\", den viele Konsumenten erleben. Wiederholter Methamphetaminkonsum kann leicht zu einer chronischen, r\u00fcckf\u00e4lligen Krankheit f\u00fchren, die durch zwanghafte Drogensuche und -konsum gekennzeichnet ist.<\/div>\n<div>\n<h5>Wo Sie Crystal Meth online kaufen k\u00f6nnen<\/h5>\n<p>Kaufen Sie deshalb Crystal Meth online bei Trippy Pharma und Sie haben die Garantie. Damit Sie von einer sicheren Lieferung profitieren k\u00f6nnen.<br \/>\nCRYSTAL-METH ist hochwertige Forschung, die jetzt vor allem aus den USA, Mexiko und Brasilien kommt.<\/p>\n<p>Auch mit der M\u00f6glichkeit der sicheren Lieferung und haben keine Nebenwirkungen mit ihm verbunden. es ist 99% rein und kann nat\u00fcrlich geraucht werden. Es wird h\u00e4ufig von Leuten aus den USA, Europa und einigen Teilen Asiens verwendet. Wir liefern jede Woche unz\u00e4hlige Kilogramm, was zeigt, dass unsere Qualit\u00e4t die Nummer eins auf dem Markt ist. In den letzten Jahren ist die Nachfrage nach Meth rapide gestiegen, was aber nicht bedeutet, dass wir nicht auch in kleinen Mengen liefern.<\/p>\n<p>&nbsp;<\/p>\n<\/div>\n<\/div>","protected":false},"excerpt":{"rendered":"<div class=\"wDYxhc\" lang=\"en-CM\" data-md=\"50\" data-hveid=\"CBEQAA\" data-ved=\"2ahUKEwjarrC-wLDvAhWSC-wKHR5kCSkQkCkwDHoECBEQAA\">\n<div class=\"PZPZlf hb8SAc\" data-attrid=\"description\" data-hveid=\"CBEQAQ\" data-ved=\"2ahUKEwjarrC-wLDvAhWSC-wKHR5kCSkQziAoADAMegQIERAB\">\n<div>\n<div class=\"kno-rdesc\">Methamphetamin ist ein starkes Stimulans f\u00fcr das zentrale Nervensystem, das haupts\u00e4chlich als Freizeitdroge und seltener als Zweitlinientherapie f\u00fcr Aufmerksamkeitsdefizit-Hyperaktivit\u00e4tsst\u00f6rungen und Fettleibigkeit verwendet wird. Wikipedia<\/div>\n<\/div>\n<\/div>\n<\/div>\n<div class=\"wDYxhc\" lang=\"en-CM\" data-attrid=\"kc:\/chemistry\/chemical_compound:formula\" data-md=\"1001\" data-hveid=\"CBgQAA\" data-ved=\"2ahUKEwjarrC-wLDvAhWSC-wKHR5kCSkQkCkwDXoECBgQAA\">\n<div class=\"Z1hOCe\">\n<div class=\"zloOqf PZPZlf\" data-ved=\"2ahUKEwjarrC-wLDvAhWSC-wKHR5kCSkQyxMoADANegQIGBAB\"><span class=\"GRkHZd w8qArf\">Formel:\u00a0<\/span><span class=\"Eq0J8 LrzXr kno-fv\">C<sub>10<\/sub>H<sub>15<\/sub>N<\/span><\/div>\n<\/div>\n<\/div>\n<div class=\"wDYxhc\" lang=\"en-CM\" data-attrid=\"ss:\/webfacts:other_name\" data-md=\"1001\" data-hveid=\"CBcQAA\" data-ved=\"2ahUKEwjarrC-wLDvAhWSC-wKHR5kCSkQkCkwDnoECBcQAA\">\n<div class=\"Z1hOCe\">\n<div class=\"zloOqf PZPZlf\" data-ved=\"2ahUKEwjarrC-wLDvAhWSC-wKHR5kCSkQyxMoADAOegQIFxAB\">\n<div class=\"rVusze\"><span class=\"GRkHZd w8qArf\">Andere Namen:\u00a0<\/span><span class=\"Eq0J8 LrzXr kno-fv\">N-Methylamphetamin, N,\u03b1-Dimethylphenethylamin, Desoxyephedrin<\/span><\/div>\n<\/div>\n<\/div>\n<\/div>\n<div class=\"wDYxhc\" lang=\"en-CM\" data-attrid=\"ss:\/webfacts:durat_of_action\" data-md=\"1001\" data-hveid=\"CBYQAA\" data-ved=\"2ahUKEwjarrC-wLDvAhWSC-wKHR5kCSkQkCkwD3oECBYQAA\">\n<div class=\"Z1hOCe\">\n<div class=\"zloOqf PZPZlf\" data-ved=\"2ahUKEwjarrC-wLDvAhWSC-wKHR5kCSkQyxMoADAPegQIFhAB\">\n<div class=\"rVusze\"><span class=\"GRkHZd w8qArf\">Dauer der Wirkung:\u00a0<\/span><span class=\"Eq0J8 LrzXr kno-fv\">10-20 Stunden<\/span><\/div>\n<\/div>\n<\/div>\n<\/div>\n<div class=\"wDYxhc\" lang=\"en-CM\" data-attrid=\"ss:\/webfacts:onset_of_action\" data-md=\"1001\" data-hveid=\"CBMQAA\" data-ved=\"2ahUKEwjarrC-wLDvAhWSC-wKHR5kCSkQkCkwEHoECBMQAA\">\n<div class=\"Z1hOCe\">\n<div class=\"zloOqf PZPZlf\" data-ved=\"2ahUKEwjarrC-wLDvAhWSC-wKHR5kCSkQyxMoADAQegQIExAB\">\n<div class=\"rVusze\"><span class=\"GRkHZd w8qArf\">Beginn der Wirkung:\u00a0<\/span><span class=\"Eq0J8 LrzXr kno-fv\">Schnell<\/span><\/div>\n<\/div>\n<\/div>\n<\/div>\n<div class=\"wDYxhc\" lang=\"en-CM\" data-attrid=\"ss:\/webfacts:boil_point\" data-md=\"1001\" data-hveid=\"CBIQAA\" data-ved=\"2ahUKEwjarrC-wLDvAhWSC-wKHR5kCSkQkCkwEXoECBIQAA\">\n<div class=\"Z1hOCe\">\n<div class=\"zloOqf PZPZlf\" data-ved=\"2ahUKEwjarrC-wLDvAhWSC-wKHR5kCSkQyxMoADARegQIEhAB\">\n<div class=\"rVusze\"><span class=\"GRkHZd w8qArf\">Siedepunkt:\u00a0<\/span><span class=\"Eq0J8 LrzXr kno-fv\">212 \u00b0C (414 \u00b0F) bei 760 mmHg<\/span><\/div>\n<\/div>\n<\/div>\n<\/div>\n<div class=\"wDYxhc\" lang=\"en-CM\" data-attrid=\"ss:\/webfacts:elimin_halflif\" data-md=\"1001\" data-hveid=\"CBUQAA\" data-ved=\"2ahUKEwjarrC-wLDvAhWSC-wKHR5kCSkQkCkwEnoECBUQAA\">\n<div class=\"Z1hOCe\">\n<div class=\"zloOqf PZPZlf\" data-ved=\"2ahUKEwjarrC-wLDvAhWSC-wKHR5kCSkQyxMoADASegQIFRAB\">\n<div class=\"rVusze\"><span class=\"GRkHZd w8qArf\">Eliminationshalbwertszeit:\u00a0<\/span><span class=\"Eq0J8 LrzXr kno-fv\">5-30 Stunden<\/span><\/div>\n<\/div>\n<\/div>\n<\/div>\n<div class=\"wDYxhc\" lang=\"en-CM\" data-attrid=\"ss:\/webfacts:bioavail\" data-md=\"1001\" data-hveid=\"CBQQAA\" data-ved=\"2ahUKEwjarrC-wLDvAhWSC-wKHR5kCSkQkCkwE3oECBQQAA\">\n<div class=\"Z1hOCe\">\n<div class=\"zloOqf PZPZlf\" data-ved=\"2ahUKEwjarrC-wLDvAhWSC-wKHR5kCSkQyxMoADATegQIFBAB\">\n<div class=\"rVusze\"><span class=\"GRkHZd w8qArf\">Bioverf\u00fcgbarkeit:\u00a0<\/span><span class=\"Eq0J8 LrzXr kno-fv\">Oral: 70%; IV: 100%<\/span><\/div>\n<\/div>\n<\/div>\n<\/div>","protected":false},"featured_media":337,"comment_status":"open","ping_status":"closed","template":"","meta":[],"product_brand":[],"product_cat":[25],"product_tag":[],"class_list":{"0":"post-305","1":"product","2":"type-product","3":"status-publish","4":"has-post-thumbnail","6":"product_cat-research-chemicals","8":"first","9":"instock","10":"shipping-taxable","11":"purchasable","12":"product-type-variable"},"yoast_head":"<!-- This site is optimized with the Yoast SEO Premium plugin v25.1 (Yoast SEO v27.3) - https:\/\/yoast.com\/product\/yoast-seo-premium-wordpress\/ -->\n<title>buy meth online | Buy Crystal meth in Uk | Buy Crystal meth in Us<\/title>\n<meta name=\"description\" content=\"Crystal Meth is a stimulant mainly used as a recreational drug. where to buy meth online in Us , Buy Crystal Meth in Australia\" \/>\n<meta name=\"robots\" content=\"index, follow, max-snippet:-1, max-image-preview:large, max-video-preview:-1\" \/>\n<link rel=\"canonical\" href=\"https:\/\/trippywizard.nl\/de\/produkt\/crystal-meth-methylamphetamine\/\" \/>\n<meta property=\"og:locale\" content=\"de_DE\" \/>\n<meta property=\"og:type\" content=\"article\" \/>\n<meta property=\"og:title\" content=\"Crystal Meth (methylamphetamine)\" \/>\n<meta property=\"og:description\" content=\"Crystal Meth is a stimulant mainly used as a recreational drug. where to buy meth online in Us , Buy Crystal Meth in Australia\" \/>\n<meta property=\"og:url\" content=\"https:\/\/trippywizard.nl\/de\/produkt\/crystal-meth-methylamphetamine\/\" \/>\n<meta property=\"og:site_name\" content=\"Trippy Wizard NL\" \/>\n<meta property=\"article:modified_time\" content=\"2024-06-05T11:14:46+00:00\" \/>\n<meta property=\"og:image\" content=\"https:\/\/trippywizard.nl\/wp-content\/uploads\/2024\/06\/1600.jpg\" \/>\n\t<meta property=\"og:image:width\" content=\"700\" \/>\n\t<meta property=\"og:image:height\" content=\"420\" \/>\n\t<meta property=\"og:image:type\" content=\"image\/jpeg\" \/>\n<meta name=\"twitter:card\" content=\"summary_large_image\" \/>\n<meta name=\"twitter:label1\" content=\"Gesch\u00e4tzte Lesezeit\" \/>\n\t<meta name=\"twitter:data1\" content=\"3\u00a0Minuten\" \/>\n<script type=\"application\/ld+json\" class=\"yoast-schema-graph\">{\"@context\":\"https:\\\/\\\/schema.org\",\"@graph\":[{\"@type\":\"WebPage\",\"@id\":\"https:\\\/\\\/trippywizard.nl\\\/product\\\/crystal-meth-methylamphetamine\\\/\",\"url\":\"https:\\\/\\\/trippywizard.nl\\\/product\\\/crystal-meth-methylamphetamine\\\/\",\"name\":\"buy meth online | Buy Crystal meth in Uk | Buy Crystal meth in Us\",\"isPartOf\":{\"@id\":\"https:\\\/\\\/trippywizard.nl\\\/#website\"},\"primaryImageOfPage\":{\"@id\":\"https:\\\/\\\/trippywizard.nl\\\/product\\\/crystal-meth-methylamphetamine\\\/#primaryimage\"},\"image\":{\"@id\":\"https:\\\/\\\/trippywizard.nl\\\/product\\\/crystal-meth-methylamphetamine\\\/#primaryimage\"},\"thumbnailUrl\":\"https:\\\/\\\/trippywizard.nl\\\/wp-content\\\/uploads\\\/2024\\\/06\\\/1600.jpg\",\"datePublished\":\"2024-06-05T11:13:34+00:00\",\"dateModified\":\"2024-06-05T11:14:46+00:00\",\"description\":\"Crystal Meth is a stimulant mainly used as a recreational drug. where to buy meth online in Us , Buy Crystal Meth in Australia\",\"breadcrumb\":{\"@id\":\"https:\\\/\\\/trippywizard.nl\\\/product\\\/crystal-meth-methylamphetamine\\\/#breadcrumb\"},\"inLanguage\":\"de\",\"potentialAction\":[{\"@type\":\"ReadAction\",\"target\":[\"https:\\\/\\\/trippywizard.nl\\\/product\\\/crystal-meth-methylamphetamine\\\/\"]}]},{\"@type\":\"ImageObject\",\"inLanguage\":\"de\",\"@id\":\"https:\\\/\\\/trippywizard.nl\\\/product\\\/crystal-meth-methylamphetamine\\\/#primaryimage\",\"url\":\"https:\\\/\\\/trippywizard.nl\\\/wp-content\\\/uploads\\\/2024\\\/06\\\/1600.jpg\",\"contentUrl\":\"https:\\\/\\\/trippywizard.nl\\\/wp-content\\\/uploads\\\/2024\\\/06\\\/1600.jpg\",\"width\":700,\"height\":420},{\"@type\":\"BreadcrumbList\",\"@id\":\"https:\\\/\\\/trippywizard.nl\\\/product\\\/crystal-meth-methylamphetamine\\\/#breadcrumb\",\"itemListElement\":[{\"@type\":\"ListItem\",\"position\":1,\"name\":\"Home\",\"item\":\"https:\\\/\\\/trippywizard.nl\\\/\"},{\"@type\":\"ListItem\",\"position\":2,\"name\":\"Shop\",\"item\":\"https:\\\/\\\/trippywizard.nl\\\/shop\\\/\"},{\"@type\":\"ListItem\",\"position\":3,\"name\":\"Crystal Meth (methylamphetamine)\"}]},{\"@type\":\"WebSite\",\"@id\":\"https:\\\/\\\/trippywizard.nl\\\/#website\",\"url\":\"https:\\\/\\\/trippywizard.nl\\\/\",\"name\":\"trippywizard.nl\",\"description\":\"Your No.1 Research Chemical Shop \u2013 98.99%+ Pure, Lab-Tested Quality Online.\",\"publisher\":{\"@id\":\"https:\\\/\\\/trippywizard.nl\\\/#organization\"},\"potentialAction\":[{\"@type\":\"SearchAction\",\"target\":{\"@type\":\"EntryPoint\",\"urlTemplate\":\"https:\\\/\\\/trippywizard.nl\\\/?s={search_term_string}\"},\"query-input\":{\"@type\":\"PropertyValueSpecification\",\"valueRequired\":true,\"valueName\":\"search_term_string\"}}],\"inLanguage\":\"de\"},{\"@type\":\"Organization\",\"@id\":\"https:\\\/\\\/trippywizard.nl\\\/#organization\",\"name\":\"trippywizard.nl\",\"url\":\"https:\\\/\\\/trippywizard.nl\\\/\",\"logo\":{\"@type\":\"ImageObject\",\"inLanguage\":\"de\",\"@id\":\"https:\\\/\\\/trippywizard.nl\\\/#\\\/schema\\\/logo\\\/image\\\/\",\"url\":\"https:\\\/\\\/trippywizard.nl\\\/wp-content\\\/uploads\\\/2020\\\/06\\\/Screenshot_2025-07-15_032323-removebg-preview-e1752575212917.png\",\"contentUrl\":\"https:\\\/\\\/trippywizard.nl\\\/wp-content\\\/uploads\\\/2020\\\/06\\\/Screenshot_2025-07-15_032323-removebg-preview-e1752575212917.png\",\"width\":200,\"height\":49,\"caption\":\"trippywizard.nl\"},\"image\":{\"@id\":\"https:\\\/\\\/trippywizard.nl\\\/#\\\/schema\\\/logo\\\/image\\\/\"}}]}<\/script>\n<!-- \/ Yoast SEO Premium plugin. -->","yoast_head_json":{"title":"buy meth online | Buy Crystal meth in Uk | Buy Crystal meth in Us","description":"Crystal Meth is a stimulant mainly used as a recreational drug. where to buy meth online in Us , Buy Crystal Meth in Australia","robots":{"index":"index","follow":"follow","max-snippet":"max-snippet:-1","max-image-preview":"max-image-preview:large","max-video-preview":"max-video-preview:-1"},"canonical":"https:\/\/trippywizard.nl\/de\/produkt\/crystal-meth-methylamphetamine\/","og_locale":"de_DE","og_type":"article","og_title":"Crystal Meth (methylamphetamine)","og_description":"Crystal Meth is a stimulant mainly used as a recreational drug. where to buy meth online in Us , Buy Crystal Meth in Australia","og_url":"https:\/\/trippywizard.nl\/de\/produkt\/crystal-meth-methylamphetamine\/","og_site_name":"Trippy Wizard NL","article_modified_time":"2024-06-05T11:14:46+00:00","og_image":[{"width":700,"height":420,"url":"https:\/\/trippywizard.nl\/wp-content\/uploads\/2024\/06\/1600.jpg","type":"image\/jpeg"}],"twitter_card":"summary_large_image","twitter_misc":{"Gesch\u00e4tzte Lesezeit":"3\u00a0Minuten"},"schema":{"@context":"https:\/\/schema.org","@graph":[{"@type":"WebPage","@id":"https:\/\/trippywizard.nl\/product\/crystal-meth-methylamphetamine\/","url":"https:\/\/trippywizard.nl\/product\/crystal-meth-methylamphetamine\/","name":"buy meth online | Buy Crystal meth in Uk | Buy Crystal meth in Us","isPartOf":{"@id":"https:\/\/trippywizard.nl\/#website"},"primaryImageOfPage":{"@id":"https:\/\/trippywizard.nl\/product\/crystal-meth-methylamphetamine\/#primaryimage"},"image":{"@id":"https:\/\/trippywizard.nl\/product\/crystal-meth-methylamphetamine\/#primaryimage"},"thumbnailUrl":"https:\/\/trippywizard.nl\/wp-content\/uploads\/2024\/06\/1600.jpg","datePublished":"2024-06-05T11:13:34+00:00","dateModified":"2024-06-05T11:14:46+00:00","description":"Crystal Meth is a stimulant mainly used as a recreational drug. where to buy meth online in Us , Buy Crystal Meth in Australia","breadcrumb":{"@id":"https:\/\/trippywizard.nl\/product\/crystal-meth-methylamphetamine\/#breadcrumb"},"inLanguage":"de","potentialAction":[{"@type":"ReadAction","target":["https:\/\/trippywizard.nl\/product\/crystal-meth-methylamphetamine\/"]}]},{"@type":"ImageObject","inLanguage":"de","@id":"https:\/\/trippywizard.nl\/product\/crystal-meth-methylamphetamine\/#primaryimage","url":"https:\/\/trippywizard.nl\/wp-content\/uploads\/2024\/06\/1600.jpg","contentUrl":"https:\/\/trippywizard.nl\/wp-content\/uploads\/2024\/06\/1600.jpg","width":700,"height":420},{"@type":"BreadcrumbList","@id":"https:\/\/trippywizard.nl\/product\/crystal-meth-methylamphetamine\/#breadcrumb","itemListElement":[{"@type":"ListItem","position":1,"name":"Home","item":"https:\/\/trippywizard.nl\/"},{"@type":"ListItem","position":2,"name":"Shop","item":"https:\/\/trippywizard.nl\/shop\/"},{"@type":"ListItem","position":3,"name":"Crystal Meth (methylamphetamine)"}]},{"@type":"WebSite","@id":"https:\/\/trippywizard.nl\/#website","url":"https:\/\/trippywizard.nl\/","name":"trippywizard.nl","description":"Ihr Nr.1 Shop f\u00fcr Forschungschemikalien - 98.99%+ Reine, laborgepr\u00fcfte Qualit\u00e4t online.","publisher":{"@id":"https:\/\/trippywizard.nl\/#organization"},"potentialAction":[{"@type":"SearchAction","target":{"@type":"EntryPoint","urlTemplate":"https:\/\/trippywizard.nl\/?s={search_term_string}"},"query-input":{"@type":"PropertyValueSpecification","valueRequired":true,"valueName":"search_term_string"}}],"inLanguage":"de"},{"@type":"Organization","@id":"https:\/\/trippywizard.nl\/#organization","name":"trippywizard.nl","url":"https:\/\/trippywizard.nl\/","logo":{"@type":"ImageObject","inLanguage":"de","@id":"https:\/\/trippywizard.nl\/#\/schema\/logo\/image\/","url":"https:\/\/trippywizard.nl\/wp-content\/uploads\/2020\/06\/Screenshot_2025-07-15_032323-removebg-preview-e1752575212917.png","contentUrl":"https:\/\/trippywizard.nl\/wp-content\/uploads\/2020\/06\/Screenshot_2025-07-15_032323-removebg-preview-e1752575212917.png","width":200,"height":49,"caption":"trippywizard.nl"},"image":{"@id":"https:\/\/trippywizard.nl\/#\/schema\/logo\/image\/"}}]}},"jetpack_sharing_enabled":true,"_links":{"self":[{"href":"https:\/\/trippywizard.nl\/de\/wp-json\/wp\/v2\/product\/305","targetHints":{"allow":["GET"]}}],"collection":[{"href":"https:\/\/trippywizard.nl\/de\/wp-json\/wp\/v2\/product"}],"about":[{"href":"https:\/\/trippywizard.nl\/de\/wp-json\/wp\/v2\/types\/product"}],"replies":[{"embeddable":true,"href":"https:\/\/trippywizard.nl\/de\/wp-json\/wp\/v2\/comments?post=305"}],"version-history":[{"count":0,"href":"https:\/\/trippywizard.nl\/de\/wp-json\/wp\/v2\/product\/305\/revisions"}],"wp:featuredmedia":[{"embeddable":true,"href":"https:\/\/trippywizard.nl\/de\/wp-json\/wp\/v2\/media\/337"}],"wp:attachment":[{"href":"https:\/\/trippywizard.nl\/de\/wp-json\/wp\/v2\/media?parent=305"}],"wp:term":[{"taxonomy":"product_brand","embeddable":true,"href":"https:\/\/trippywizard.nl\/de\/wp-json\/wp\/v2\/product_brand?post=305"},{"taxonomy":"product_cat","embeddable":true,"href":"https:\/\/trippywizard.nl\/de\/wp-json\/wp\/v2\/product_cat?post=305"},{"taxonomy":"product_tag","embeddable":true,"href":"https:\/\/trippywizard.nl\/de\/wp-json\/wp\/v2\/product_tag?post=305"}],"curies":[{"name":"wp","href":"https:\/\/api.w.org\/{rel}","templated":true}]}}